{"id":6909,"date":"2025-04-11T15:21:06","date_gmt":"2025-04-11T12:21:06","guid":{"rendered":"https:\/\/mouldsart.com\/?post_type=product&#038;p=6909"},"modified":"2025-06-03T14:30:50","modified_gmt":"2025-06-03T11:30:50","slug":"l-wall-mold-140","status":"publish","type":"product","link":"https:\/\/mouldsart.com\/pl\/produkt\/l-forma-scienna-140\/","title":{"rendered":"Du\u017ca forma do blok\u00f3w \u015bciennych 140"},"content":{"rendered":"<div data-elementor-type=\"product-post\" data-elementor-id=\"6909\" class=\"elementor elementor-6909\" data-elementor-post-type=\"product\">\n\t\t\t\t<div class=\"elementor-element elementor-element-2d02e3e e-flex e-con-boxed e-con e-parent\" data-id=\"2d02e3e\" data-element_type=\"container\" data-e-type=\"container\">\n\t\t\t\t\t<div class=\"e-con-inner\">\n\t\t<div class=\"elementor-element elementor-element-b481e1e e-con-full e-flex e-con e-child\" data-id=\"b481e1e\" data-element_type=\"container\" data-e-type=\"container\">\n\t\t\t\t<div class=\"elementor-element elementor-element-2371a312 elementor-widget elementor-widget-text-editor\" data-id=\"2371a312\" data-element_type=\"widget\" data-e-type=\"widget\" data-widget_type=\"text-editor.default\">\n\t\t\t\t<div class=\"elementor-widget-container\">\n\t\t\t\t\t\t\t\t\t<p><strong>Cechy produktu<\/strong><\/p><ul><li>Wysoko\u015b\u0107: 140 cm<\/li><li>Szeroko\u015b\u0107: 50 cm;<\/li><li>G\u0142\u0119boko\u015b\u0107 podstawy: 60 cm;<\/li><\/ul><p>\u015aciana L przeznaczona jest do szybkiego i \u0142atwego wznoszenia \u015bcian betonowych<\/p>\t\t\t\t\t\t\t\t<\/div>\n\t\t\t\t<\/div>\n\t\t\t\t<\/div>\n\t\t<div class=\"elementor-element elementor-element-7f77e3c e-con-full e-flex e-con e-child\" data-id=\"7f77e3c\" data-element_type=\"container\" data-e-type=\"container\">\n\t\t\t\t<div class=\"elementor-element elementor-element-2d9e596 elementor-widget elementor-widget-image\" data-id=\"2d9e596\" data-element_type=\"widget\" data-e-type=\"widget\" data-widget_type=\"image.default\">\n\t\t\t\t<div class=\"elementor-widget-container\">\n\t\t\t\t\t\t\t\t\t\t\t\t\t\t\t<img fetchpriority=\"high\" decoding=\"async\" width=\"1024\" height=\"576\" src=\"https:\/\/i0.wp.com\/mouldsart.com\/wp-content\/uploads\/2025\/04\/RenderUgolok2000.0000-5-scaled.jpeg?fit=1024%2C576&amp;ssl=1\" class=\"attachment-large size-large wp-image-7740\" alt=\"\" srcset=\"https:\/\/i0.wp.com\/mouldsart.com\/wp-content\/uploads\/2025\/04\/RenderUgolok2000.0000-5-scaled.jpeg?w=2560&amp;ssl=1 2560w, https:\/\/i0.wp.com\/mouldsart.com\/wp-content\/uploads\/2025\/04\/RenderUgolok2000.0000-5-scaled.jpeg?resize=300%2C169&amp;ssl=1 300w, https:\/\/i0.wp.com\/mouldsart.com\/wp-content\/uploads\/2025\/04\/RenderUgolok2000.0000-5-scaled.jpeg?resize=1024%2C576&amp;ssl=1 1024w, https:\/\/i0.wp.com\/mouldsart.com\/wp-content\/uploads\/2025\/04\/RenderUgolok2000.0000-5-scaled.jpeg?resize=768%2C432&amp;ssl=1 768w, https:\/\/i0.wp.com\/mouldsart.com\/wp-content\/uploads\/2025\/04\/RenderUgolok2000.0000-5-scaled.jpeg?resize=1536%2C864&amp;ssl=1 1536w, https:\/\/i0.wp.com\/mouldsart.com\/wp-content\/uploads\/2025\/04\/RenderUgolok2000.0000-5-scaled.jpeg?resize=2048%2C1152&amp;ssl=1 2048w, https:\/\/i0.wp.com\/mouldsart.com\/wp-content\/uploads\/2025\/04\/RenderUgolok2000.0000-5-scaled.jpeg?resize=18%2C10&amp;ssl=1 18w, https:\/\/i0.wp.com\/mouldsart.com\/wp-content\/uploads\/2025\/04\/RenderUgolok2000.0000-5-scaled.jpeg?resize=700%2C394&amp;ssl=1 700w, https:\/\/i0.wp.com\/mouldsart.com\/wp-content\/uploads\/2025\/04\/RenderUgolok2000.0000-5-scaled.jpeg?w=2280&amp;ssl=1 2280w\" sizes=\"(max-width: 1024px) 100vw, 1024px\" \/>\t\t\t\t\t\t\t\t\t\t\t\t\t\t\t<\/div>\n\t\t\t\t<\/div>\n\t\t\t\t<\/div>\n\t\t\t\t\t<\/div>\n\t\t\t\t<\/div>\n\t\t\t\t<\/div>","protected":false},"excerpt":{"rendered":"<p>Cechy produktu Wysoko\u015b\u0107: 140 cm Szeroko\u015b\u0107: 50 cm; G\u0142\u0119boko\u015b\u0107 podstawy: 60 cm; \u015aciana L przeznaczona jest do szybkiego i \u0142atwego wznoszenia \u015bcian betonowych<\/p>","protected":false},"featured_media":6901,"template":"","meta":{"_kad_post_transparent":"default","_kad_post_title":"","_kad_post_layout":"default","_kad_post_sidebar_id":"","_kad_post_content_style":"default","_kad_post_vertical_padding":"default","_kad_post_feature":"","_kad_post_feature_position":"","_kad_post_header":false,"_kad_post_footer":false},"product_brand":[],"product_cat":[93],"product_tag":[],"class_list":{"0":"post-6909","1":"product","2":"type-product","3":"status-publish","4":"has-post-thumbnail","6":"product_cat-retaining-walls","7":"pa_assignment-concrete","8":"pa_material-fiberglass-metal","10":"first","11":"instock","12":"shipping-taxable","13":"product-type-simple","14":"entry","15":"content-bg","16":"loop-entry"},"acf":[],"yoast_head":"<!-- This site is optimized with the Yoast SEO plugin v23.1 - https:\/\/yoast.com\/wordpress\/plugins\/seo\/ -->\n<title>Wall block mold H1400 mm - large concrete block molds for sale<\/title>\n<meta name=\"description\" content=\"\u27a1\ufe0f The mold is made of high quality material. It is intended for serial production. Delivery throughout Europe \ud83c\udf0d Customer support in working with molds\" \/>\n<meta name=\"robots\" content=\"index, follow, max-snippet:-1, max-image-preview:large, max-video-preview:-1\" \/>\n<link rel=\"canonical\" href=\"https:\/\/mouldsart.com\/pl\/produkt\/l-forma-scienna-140\/\" \/>\n<meta property=\"og:locale\" content=\"pl_PL\" \/>\n<meta property=\"og:type\" content=\"article\" \/>\n<meta property=\"og:title\" content=\"Wall block mold H1400 mm - large concrete block molds for sale\" \/>\n<meta property=\"og:description\" content=\"\u27a1\ufe0f The mold is made of high quality material. It is intended for serial production. Delivery throughout Europe \ud83c\udf0d Customer support in working with molds\" \/>\n<meta property=\"og:url\" content=\"https:\/\/mouldsart.com\/pl\/produkt\/l-forma-scienna-140\/\" \/>\n<meta property=\"article:publisher\" content=\"https:\/\/www.facebook.com\/pc.vivat\" \/>\n<meta property=\"article:modified_time\" content=\"2025-06-03T11:30:50+00:00\" \/>\n<meta property=\"og:image\" content=\"https:\/\/mouldsart.com\/wp-content\/uploads\/2025\/04\/1400.jpg\" \/>\n\t<meta property=\"og:image:width\" content=\"1080\" \/>\n\t<meta property=\"og:image:height\" content=\"1080\" \/>\n\t<meta property=\"og:image:type\" content=\"image\/jpeg\" \/>\n<meta name=\"twitter:card\" content=\"summary_large_image\" \/>\n<script type=\"application\/ld+json\" class=\"yoast-schema-graph\">{\"@context\":\"https:\/\/schema.org\",\"@graph\":[{\"@type\":\"WebPage\",\"@id\":\"https:\/\/mouldsart.com\/product\/l-wall-mold-140\/\",\"url\":\"https:\/\/mouldsart.com\/product\/l-wall-mold-140\/\",\"name\":\"Wall block mold H1400 mm - large concrete block molds for sale\",\"isPartOf\":{\"@id\":\"https:\/\/mouldsart.com\/#website\"},\"primaryImageOfPage\":{\"@id\":\"https:\/\/mouldsart.com\/product\/l-wall-mold-140\/#primaryimage\"},\"image\":{\"@id\":\"https:\/\/mouldsart.com\/product\/l-wall-mold-140\/#primaryimage\"},\"thumbnailUrl\":\"https:\/\/i0.wp.com\/mouldsart.com\/wp-content\/uploads\/2025\/04\/1400.jpg?fit=1080%2C1080&ssl=1\",\"datePublished\":\"2025-04-11T12:21:06+00:00\",\"dateModified\":\"2025-06-03T11:30:50+00:00\",\"description\":\"\u27a1\ufe0f The mold is made of high quality material. It is intended for serial production. Delivery throughout Europe \ud83c\udf0d Customer support in working with molds\",\"breadcrumb\":{\"@id\":\"https:\/\/mouldsart.com\/product\/l-wall-mold-140\/#breadcrumb\"},\"inLanguage\":\"pl-PL\",\"potentialAction\":[{\"@type\":\"ReadAction\",\"target\":[\"https:\/\/mouldsart.com\/product\/l-wall-mold-140\/\"]}]},{\"@type\":\"ImageObject\",\"inLanguage\":\"pl-PL\",\"@id\":\"https:\/\/mouldsart.com\/product\/l-wall-mold-140\/#primaryimage\",\"url\":\"https:\/\/i0.wp.com\/mouldsart.com\/wp-content\/uploads\/2025\/04\/1400.jpg?fit=1080%2C1080&ssl=1\",\"contentUrl\":\"https:\/\/i0.wp.com\/mouldsart.com\/wp-content\/uploads\/2025\/04\/1400.jpg?fit=1080%2C1080&ssl=1\",\"width\":1080,\"height\":1080},{\"@type\":\"BreadcrumbList\",\"@id\":\"https:\/\/mouldsart.com\/product\/l-wall-mold-140\/#breadcrumb\",\"itemListElement\":[{\"@type\":\"ListItem\",\"position\":1,\"name\":\"\u0413\u043b\u0430\u0432\u043d\u0430\u044f \u0441\u0442\u0440\u0430\u043d\u0438\u0446\u0430\",\"item\":\"https:\/\/mouldsart.com\/\"},{\"@type\":\"ListItem\",\"position\":2,\"name\":\"Vivat Company Moulds\",\"item\":\"https:\/\/mouldsart.com\/shop\/\"},{\"@type\":\"ListItem\",\"position\":3,\"name\":\"Large wall block mold 140\"}]},{\"@type\":\"WebSite\",\"@id\":\"https:\/\/mouldsart.com\/#website\",\"url\":\"https:\/\/mouldsart.com\/\",\"name\":\"Moulds\",\"description\":\"\",\"publisher\":{\"@id\":\"https:\/\/mouldsart.com\/#organization\"},\"potentialAction\":[{\"@type\":\"SearchAction\",\"target\":{\"@type\":\"EntryPoint\",\"urlTemplate\":\"https:\/\/mouldsart.com\/?s={search_term_string}\"},\"query-input\":\"required name=search_term_string\"}],\"inLanguage\":\"pl-PL\"},{\"@type\":\"Organization\",\"@id\":\"https:\/\/mouldsart.com\/#organization\",\"name\":\"Vivat\",\"url\":\"https:\/\/mouldsart.com\/\",\"logo\":{\"@type\":\"ImageObject\",\"inLanguage\":\"pl-PL\",\"@id\":\"https:\/\/mouldsart.com\/#\/schema\/logo\/image\/\",\"url\":\"https:\/\/i0.wp.com\/mouldsart.com\/wp-content\/uploads\/2025\/05\/cropped-logo1.png?fit=1080%2C558&ssl=1\",\"contentUrl\":\"https:\/\/i0.wp.com\/mouldsart.com\/wp-content\/uploads\/2025\/05\/cropped-logo1.png?fit=1080%2C558&ssl=1\",\"width\":1080,\"height\":558,\"caption\":\"Vivat\"},\"image\":{\"@id\":\"https:\/\/mouldsart.com\/#\/schema\/logo\/image\/\"},\"sameAs\":[\"https:\/\/www.facebook.com\/pc.vivat\",\"https:\/\/www.instagram.com\/pc_vivat\/\"]}]}<\/script>\n<!-- \/ Yoast SEO plugin. -->","yoast_head_json":{"title":"Forma do bloczk\u00f3w \u015bciennych H1400 mm - du\u017ce formy do bloczk\u00f3w betonowych na sprzeda\u017c","description":"\u27a1\ufe0f Forma wykonana jest z wysokiej jako\u015bci materia\u0142u. Przeznaczona jest do produkcji seryjnej. Dostawa na terenie ca\u0142ej Europy \ud83c\udf0d Wsparcie klienta w zakresie pracy z formami","robots":{"index":"index","follow":"follow","max-snippet":"max-snippet:-1","max-image-preview":"max-image-preview:large","max-video-preview":"max-video-preview:-1"},"canonical":"https:\/\/mouldsart.com\/pl\/produkt\/l-forma-scienna-140\/","og_locale":"pl_PL","og_type":"article","og_title":"Wall block mold H1400 mm - large concrete block molds for sale","og_description":"\u27a1\ufe0f The mold is made of high quality material. It is intended for serial production. Delivery throughout Europe \ud83c\udf0d Customer support in working with molds","og_url":"https:\/\/mouldsart.com\/pl\/produkt\/l-forma-scienna-140\/","article_publisher":"https:\/\/www.facebook.com\/pc.vivat","article_modified_time":"2025-06-03T11:30:50+00:00","og_image":[{"width":1080,"height":1080,"url":"https:\/\/mouldsart.com\/wp-content\/uploads\/2025\/04\/1400.jpg","type":"image\/jpeg"}],"twitter_card":"summary_large_image","schema":{"@context":"https:\/\/schema.org","@graph":[{"@type":"WebPage","@id":"https:\/\/mouldsart.com\/product\/l-wall-mold-140\/","url":"https:\/\/mouldsart.com\/product\/l-wall-mold-140\/","name":"Forma do bloczk\u00f3w \u015bciennych H1400 mm - du\u017ce formy do bloczk\u00f3w betonowych na sprzeda\u017c","isPartOf":{"@id":"https:\/\/mouldsart.com\/#website"},"primaryImageOfPage":{"@id":"https:\/\/mouldsart.com\/product\/l-wall-mold-140\/#primaryimage"},"image":{"@id":"https:\/\/mouldsart.com\/product\/l-wall-mold-140\/#primaryimage"},"thumbnailUrl":"https:\/\/i0.wp.com\/mouldsart.com\/wp-content\/uploads\/2025\/04\/1400.jpg?fit=1080%2C1080&ssl=1","datePublished":"2025-04-11T12:21:06+00:00","dateModified":"2025-06-03T11:30:50+00:00","description":"\u27a1\ufe0f Forma wykonana jest z wysokiej jako\u015bci materia\u0142u. Przeznaczona jest do produkcji seryjnej. Dostawa na terenie ca\u0142ej Europy \ud83c\udf0d Wsparcie klienta w zakresie pracy z formami","breadcrumb":{"@id":"https:\/\/mouldsart.com\/product\/l-wall-mold-140\/#breadcrumb"},"inLanguage":"pl-PL","potentialAction":[{"@type":"ReadAction","target":["https:\/\/mouldsart.com\/product\/l-wall-mold-140\/"]}]},{"@type":"ImageObject","inLanguage":"pl-PL","@id":"https:\/\/mouldsart.com\/product\/l-wall-mold-140\/#primaryimage","url":"https:\/\/i0.wp.com\/mouldsart.com\/wp-content\/uploads\/2025\/04\/1400.jpg?fit=1080%2C1080&ssl=1","contentUrl":"https:\/\/i0.wp.com\/mouldsart.com\/wp-content\/uploads\/2025\/04\/1400.jpg?fit=1080%2C1080&ssl=1","width":1080,"height":1080},{"@type":"BreadcrumbList","@id":"https:\/\/mouldsart.com\/product\/l-wall-mold-140\/#breadcrumb","itemListElement":[{"@type":"ListItem","position":1,"name":"\u0413\u043b\u0430\u0432\u043d\u0430\u044f \u0441\u0442\u0440\u0430\u043d\u0438\u0446\u0430","item":"https:\/\/mouldsart.com\/"},{"@type":"ListItem","position":2,"name":"Vivat Company Moulds","item":"https:\/\/mouldsart.com\/shop\/"},{"@type":"ListItem","position":3,"name":"Large wall block mold 140"}]},{"@type":"WebSite","@id":"https:\/\/mouldsart.com\/#website","url":"https:\/\/mouldsart.com\/","name":"Formy","description":"","publisher":{"@id":"https:\/\/mouldsart.com\/#organization"},"potentialAction":[{"@type":"SearchAction","target":{"@type":"EntryPoint","urlTemplate":"https:\/\/mouldsart.com\/?s={search_term_string}"},"query-input":"required name=search_term_string"}],"inLanguage":"pl-PL"},{"@type":"Organization","@id":"https:\/\/mouldsart.com\/#organization","name":"\u017by\u0107","url":"https:\/\/mouldsart.com\/","logo":{"@type":"ImageObject","inLanguage":"pl-PL","@id":"https:\/\/mouldsart.com\/#\/schema\/logo\/image\/","url":"https:\/\/i0.wp.com\/mouldsart.com\/wp-content\/uploads\/2025\/05\/cropped-logo1.png?fit=1080%2C558&ssl=1","contentUrl":"https:\/\/i0.wp.com\/mouldsart.com\/wp-content\/uploads\/2025\/05\/cropped-logo1.png?fit=1080%2C558&ssl=1","width":1080,"height":558,"caption":"Vivat"},"image":{"@id":"https:\/\/mouldsart.com\/#\/schema\/logo\/image\/"},"sameAs":["https:\/\/www.facebook.com\/pc.vivat","https:\/\/www.instagram.com\/pc_vivat\/"]}]}},"jetpack_sharing_enabled":true,"_links":{"self":[{"href":"https:\/\/mouldsart.com\/pl\/wp-json\/wp\/v2\/product\/6909","targetHints":{"allow":["GET"]}}],"collection":[{"href":"https:\/\/mouldsart.com\/pl\/wp-json\/wp\/v2\/product"}],"about":[{"href":"https:\/\/mouldsart.com\/pl\/wp-json\/wp\/v2\/types\/product"}],"version-history":[{"count":9,"href":"https:\/\/mouldsart.com\/pl\/wp-json\/wp\/v2\/product\/6909\/revisions"}],"predecessor-version":[{"id":7746,"href":"https:\/\/mouldsart.com\/pl\/wp-json\/wp\/v2\/product\/6909\/revisions\/7746"}],"wp:featuredmedia":[{"embeddable":true,"href":"https:\/\/mouldsart.com\/pl\/wp-json\/wp\/v2\/media\/6901"}],"wp:attachment":[{"href":"https:\/\/mouldsart.com\/pl\/wp-json\/wp\/v2\/media?parent=6909"}],"wp:term":[{"taxonomy":"product_brand","embeddable":true,"href":"https:\/\/mouldsart.com\/pl\/wp-json\/wp\/v2\/product_brand?post=6909"},{"taxonomy":"product_cat","embeddable":true,"href":"https:\/\/mouldsart.com\/pl\/wp-json\/wp\/v2\/product_cat?post=6909"},{"taxonomy":"product_tag","embeddable":true,"href":"https:\/\/mouldsart.com\/pl\/wp-json\/wp\/v2\/product_tag?post=6909"}],"curies":[{"name":"wp","href":"https:\/\/api.w.org\/{rel}","templated":true}]}}