{"id":6888,"date":"2025-04-09T10:33:56","date_gmt":"2025-04-09T07:33:56","guid":{"rendered":"https:\/\/mouldsart.com\/?post_type=product&#038;p=6888"},"modified":"2025-05-02T14:55:41","modified_gmt":"2025-05-02T11:55:41","slug":"block-l4-mold","status":"publish","type":"product","link":"https:\/\/mouldsart.com\/pl\/produkt\/blok-l4-forma\/","title":{"rendered":"Forma do bloczk\u00f3w muru oporowego L4"},"content":{"rendered":"<div data-elementor-type=\"product-post\" data-elementor-id=\"6888\" class=\"elementor elementor-6888\" data-elementor-post-type=\"product\">\n\t\t\t\t<div class=\"elementor-element elementor-element-6c2ba3b e-flex e-con-boxed e-con e-parent\" data-id=\"6c2ba3b\" data-element_type=\"container\" data-e-type=\"container\">\n\t\t\t\t\t<div class=\"e-con-inner\">\n\t\t\t\t<div class=\"elementor-element elementor-element-2371a312 elementor-widget elementor-widget-text-editor\" data-id=\"2371a312\" data-element_type=\"widget\" data-e-type=\"widget\" data-widget_type=\"text-editor.default\">\n\t\t\t\t<div class=\"elementor-widget-container\">\n\t\t\t\t\t\t\t\t\t<p><strong>Cechy produktu<\/strong><\/p>\n<ul>\n<li>Wysoko\u015b\u0107: 100 cm<\/li>\n<li>Szeroko\u015b\u0107: 50 cm;<\/li>\n<li>G\u0142\u0119boko\u015b\u0107 podstawy: 50 cm;<\/li>\n<li>Waga: 145 kg<\/li>\n<\/ul>\n<div><em>Masa produktu oparta na = 2300 kg\/m3<\/em><\/div>\n<p>Blok w kszta\u0142cie litery L spe\u0142nia wiele funkcji, z kt\u00f3rych g\u0142\u00f3wn\u0105 jest wznoszenie schodkowych elewacji. S\u0142u\u017cy do tworzenia klomb\u00f3w, kaskadowych przej\u015b\u0107 w krajobrazie.<\/p>\t\t\t\t\t\t\t\t<\/div>\n\t\t\t\t<\/div>\n\t\t\t\t\t<\/div>\n\t\t\t\t<\/div>\n\t\t\t\t<\/div>","protected":false},"excerpt":{"rendered":"<p>Cechy produktu Wysoko\u015b\u0107: 100 cm Szeroko\u015b\u0107: 50 cm; G\u0142\u0119boko\u015b\u0107 podstawy: 50 cm; Waga: 145 kg Waga produktu na podstawie = 2300 kg\/m3 Blok w kszta\u0142cie litery L spe\u0142nia wiele funkcji, z kt\u00f3rych g\u0142\u00f3wn\u0105 jest wznoszenie schodkowych elewacji. S\u0142u\u017cy do tworzenia klomb\u00f3w, kaskadowych przej\u015b\u0107 w krajobrazie.<\/p>","protected":false},"featured_media":6889,"template":"","meta":{"_kad_post_transparent":"default","_kad_post_title":"","_kad_post_layout":"default","_kad_post_sidebar_id":"","_kad_post_content_style":"default","_kad_post_vertical_padding":"default","_kad_post_feature":"","_kad_post_feature_position":"","_kad_post_header":false,"_kad_post_footer":false},"product_brand":[],"product_cat":[93],"product_tag":[],"class_list":{"0":"post-6888","1":"product","2":"type-product","3":"status-publish","4":"has-post-thumbnail","6":"product_cat-retaining-walls","7":"pa_assignment-concrete","8":"pa_material-fiberglass-metal","10":"first","11":"instock","12":"shipping-taxable","13":"purchasable","14":"product-type-simple","15":"entry","16":"content-bg","17":"loop-entry"},"acf":[],"yoast_head":"<!-- This site is optimized with the Yoast SEO plugin v23.1 - https:\/\/yoast.com\/wordpress\/plugins\/seo\/ -->\n<title>Retaining wall block mold for sale - Molds from manufacturer Vivat<\/title>\n<meta name=\"description\" content=\"The mold is made of high quality material. It is intended for serial production. Delivery throughout Europe \ud83c\udf0d Customer support in working with molds \u2705\" \/>\n<meta name=\"robots\" content=\"index, follow, max-snippet:-1, max-image-preview:large, max-video-preview:-1\" \/>\n<link rel=\"canonical\" href=\"https:\/\/mouldsart.com\/pl\/produkt\/blok-l4-forma\/\" \/>\n<meta property=\"og:locale\" content=\"pl_PL\" \/>\n<meta property=\"og:type\" content=\"article\" \/>\n<meta property=\"og:title\" content=\"Retaining wall block mold for sale - Molds from manufacturer Vivat\" \/>\n<meta property=\"og:description\" content=\"The mold is made of high quality material. It is intended for serial production. Delivery throughout Europe \ud83c\udf0d Customer support in working with molds \u2705\" \/>\n<meta property=\"og:url\" content=\"https:\/\/mouldsart.com\/pl\/produkt\/blok-l4-forma\/\" \/>\n<meta property=\"article:publisher\" content=\"https:\/\/www.facebook.com\/pc.vivat\" \/>\n<meta property=\"article:modified_time\" content=\"2025-05-02T11:55:41+00:00\" \/>\n<meta property=\"og:image\" content=\"https:\/\/mouldsart.com\/wp-content\/uploads\/2025\/04\/blok4.jpg\" \/>\n\t<meta property=\"og:image:width\" content=\"1080\" \/>\n\t<meta property=\"og:image:height\" content=\"1080\" \/>\n\t<meta property=\"og:image:type\" content=\"image\/jpeg\" \/>\n<meta name=\"twitter:card\" content=\"summary_large_image\" \/>\n<meta name=\"twitter:label1\" content=\"Szacowany czas czytania\" \/>\n\t<meta name=\"twitter:data1\" content=\"1 minuta\" \/>\n<script type=\"application\/ld+json\" class=\"yoast-schema-graph\">{\"@context\":\"https:\/\/schema.org\",\"@graph\":[{\"@type\":\"WebPage\",\"@id\":\"https:\/\/mouldsart.com\/product\/block-l4-mold\/\",\"url\":\"https:\/\/mouldsart.com\/product\/block-l4-mold\/\",\"name\":\"Retaining wall block mold for sale - Molds from manufacturer Vivat\",\"isPartOf\":{\"@id\":\"https:\/\/mouldsart.com\/#website\"},\"primaryImageOfPage\":{\"@id\":\"https:\/\/mouldsart.com\/product\/block-l4-mold\/#primaryimage\"},\"image\":{\"@id\":\"https:\/\/mouldsart.com\/product\/block-l4-mold\/#primaryimage\"},\"thumbnailUrl\":\"https:\/\/i0.wp.com\/mouldsart.com\/wp-content\/uploads\/2025\/04\/blok4.jpg?fit=1080%2C1080&ssl=1\",\"datePublished\":\"2025-04-09T07:33:56+00:00\",\"dateModified\":\"2025-05-02T11:55:41+00:00\",\"description\":\"The mold is made of high quality material. It is intended for serial production. Delivery throughout Europe \ud83c\udf0d Customer support in working with molds \u2705\",\"breadcrumb\":{\"@id\":\"https:\/\/mouldsart.com\/product\/block-l4-mold\/#breadcrumb\"},\"inLanguage\":\"pl-PL\",\"potentialAction\":[{\"@type\":\"ReadAction\",\"target\":[\"https:\/\/mouldsart.com\/product\/block-l4-mold\/\"]}]},{\"@type\":\"ImageObject\",\"inLanguage\":\"pl-PL\",\"@id\":\"https:\/\/mouldsart.com\/product\/block-l4-mold\/#primaryimage\",\"url\":\"https:\/\/i0.wp.com\/mouldsart.com\/wp-content\/uploads\/2025\/04\/blok4.jpg?fit=1080%2C1080&ssl=1\",\"contentUrl\":\"https:\/\/i0.wp.com\/mouldsart.com\/wp-content\/uploads\/2025\/04\/blok4.jpg?fit=1080%2C1080&ssl=1\",\"width\":1080,\"height\":1080},{\"@type\":\"BreadcrumbList\",\"@id\":\"https:\/\/mouldsart.com\/product\/block-l4-mold\/#breadcrumb\",\"itemListElement\":[{\"@type\":\"ListItem\",\"position\":1,\"name\":\"\u0413\u043b\u0430\u0432\u043d\u0430\u044f \u0441\u0442\u0440\u0430\u043d\u0438\u0446\u0430\",\"item\":\"https:\/\/mouldsart.com\/\"},{\"@type\":\"ListItem\",\"position\":2,\"name\":\"Vivat Company Moulds\",\"item\":\"https:\/\/mouldsart.com\/shop\/\"},{\"@type\":\"ListItem\",\"position\":3,\"name\":\"Retaining wall block mold L4\"}]},{\"@type\":\"WebSite\",\"@id\":\"https:\/\/mouldsart.com\/#website\",\"url\":\"https:\/\/mouldsart.com\/\",\"name\":\"Moulds\",\"description\":\"\",\"publisher\":{\"@id\":\"https:\/\/mouldsart.com\/#organization\"},\"potentialAction\":[{\"@type\":\"SearchAction\",\"target\":{\"@type\":\"EntryPoint\",\"urlTemplate\":\"https:\/\/mouldsart.com\/?s={search_term_string}\"},\"query-input\":\"required name=search_term_string\"}],\"inLanguage\":\"pl-PL\"},{\"@type\":\"Organization\",\"@id\":\"https:\/\/mouldsart.com\/#organization\",\"name\":\"Vivat\",\"url\":\"https:\/\/mouldsart.com\/\",\"logo\":{\"@type\":\"ImageObject\",\"inLanguage\":\"pl-PL\",\"@id\":\"https:\/\/mouldsart.com\/#\/schema\/logo\/image\/\",\"url\":\"https:\/\/i0.wp.com\/mouldsart.com\/wp-content\/uploads\/2025\/05\/cropped-logo1.png?fit=1080%2C558&ssl=1\",\"contentUrl\":\"https:\/\/i0.wp.com\/mouldsart.com\/wp-content\/uploads\/2025\/05\/cropped-logo1.png?fit=1080%2C558&ssl=1\",\"width\":1080,\"height\":558,\"caption\":\"Vivat\"},\"image\":{\"@id\":\"https:\/\/mouldsart.com\/#\/schema\/logo\/image\/\"},\"sameAs\":[\"https:\/\/www.facebook.com\/pc.vivat\",\"https:\/\/www.instagram.com\/pc_vivat\/\"]}]}<\/script>\n<!-- \/ Yoast SEO plugin. -->","yoast_head_json":{"title":"Formy do mur\u00f3w oporowych na sprzeda\u017c - Formy od producenta Vivat","description":"Forma wykonana jest z wysokiej jako\u015bci materia\u0142u. Przeznaczona jest do produkcji seryjnej. Dostawa na terenie ca\u0142ej Europy \ud83c\udf0d Wsparcie klienta w pracy z formami \u2705","robots":{"index":"index","follow":"follow","max-snippet":"max-snippet:-1","max-image-preview":"max-image-preview:large","max-video-preview":"max-video-preview:-1"},"canonical":"https:\/\/mouldsart.com\/pl\/produkt\/blok-l4-forma\/","og_locale":"pl_PL","og_type":"article","og_title":"Retaining wall block mold for sale - Molds from manufacturer Vivat","og_description":"The mold is made of high quality material. It is intended for serial production. Delivery throughout Europe \ud83c\udf0d Customer support in working with molds \u2705","og_url":"https:\/\/mouldsart.com\/pl\/produkt\/blok-l4-forma\/","article_publisher":"https:\/\/www.facebook.com\/pc.vivat","article_modified_time":"2025-05-02T11:55:41+00:00","og_image":[{"width":1080,"height":1080,"url":"https:\/\/mouldsart.com\/wp-content\/uploads\/2025\/04\/blok4.jpg","type":"image\/jpeg"}],"twitter_card":"summary_large_image","twitter_misc":{"Szacowany czas czytania":"1 minuta"},"schema":{"@context":"https:\/\/schema.org","@graph":[{"@type":"WebPage","@id":"https:\/\/mouldsart.com\/product\/block-l4-mold\/","url":"https:\/\/mouldsart.com\/product\/block-l4-mold\/","name":"Formy do mur\u00f3w oporowych na sprzeda\u017c - Formy od producenta Vivat","isPartOf":{"@id":"https:\/\/mouldsart.com\/#website"},"primaryImageOfPage":{"@id":"https:\/\/mouldsart.com\/product\/block-l4-mold\/#primaryimage"},"image":{"@id":"https:\/\/mouldsart.com\/product\/block-l4-mold\/#primaryimage"},"thumbnailUrl":"https:\/\/i0.wp.com\/mouldsart.com\/wp-content\/uploads\/2025\/04\/blok4.jpg?fit=1080%2C1080&ssl=1","datePublished":"2025-04-09T07:33:56+00:00","dateModified":"2025-05-02T11:55:41+00:00","description":"Forma wykonana jest z wysokiej jako\u015bci materia\u0142u. Przeznaczona jest do produkcji seryjnej. Dostawa na terenie ca\u0142ej Europy \ud83c\udf0d Wsparcie klienta w pracy z formami \u2705","breadcrumb":{"@id":"https:\/\/mouldsart.com\/product\/block-l4-mold\/#breadcrumb"},"inLanguage":"pl-PL","potentialAction":[{"@type":"ReadAction","target":["https:\/\/mouldsart.com\/product\/block-l4-mold\/"]}]},{"@type":"ImageObject","inLanguage":"pl-PL","@id":"https:\/\/mouldsart.com\/product\/block-l4-mold\/#primaryimage","url":"https:\/\/i0.wp.com\/mouldsart.com\/wp-content\/uploads\/2025\/04\/blok4.jpg?fit=1080%2C1080&ssl=1","contentUrl":"https:\/\/i0.wp.com\/mouldsart.com\/wp-content\/uploads\/2025\/04\/blok4.jpg?fit=1080%2C1080&ssl=1","width":1080,"height":1080},{"@type":"BreadcrumbList","@id":"https:\/\/mouldsart.com\/product\/block-l4-mold\/#breadcrumb","itemListElement":[{"@type":"ListItem","position":1,"name":"\u0413\u043b\u0430\u0432\u043d\u0430\u044f \u0441\u0442\u0440\u0430\u043d\u0438\u0446\u0430","item":"https:\/\/mouldsart.com\/"},{"@type":"ListItem","position":2,"name":"Vivat Company Moulds","item":"https:\/\/mouldsart.com\/shop\/"},{"@type":"ListItem","position":3,"name":"Retaining wall block mold L4"}]},{"@type":"WebSite","@id":"https:\/\/mouldsart.com\/#website","url":"https:\/\/mouldsart.com\/","name":"Formy","description":"","publisher":{"@id":"https:\/\/mouldsart.com\/#organization"},"potentialAction":[{"@type":"SearchAction","target":{"@type":"EntryPoint","urlTemplate":"https:\/\/mouldsart.com\/?s={search_term_string}"},"query-input":"required name=search_term_string"}],"inLanguage":"pl-PL"},{"@type":"Organization","@id":"https:\/\/mouldsart.com\/#organization","name":"\u017by\u0107","url":"https:\/\/mouldsart.com\/","logo":{"@type":"ImageObject","inLanguage":"pl-PL","@id":"https:\/\/mouldsart.com\/#\/schema\/logo\/image\/","url":"https:\/\/i0.wp.com\/mouldsart.com\/wp-content\/uploads\/2025\/05\/cropped-logo1.png?fit=1080%2C558&ssl=1","contentUrl":"https:\/\/i0.wp.com\/mouldsart.com\/wp-content\/uploads\/2025\/05\/cropped-logo1.png?fit=1080%2C558&ssl=1","width":1080,"height":558,"caption":"Vivat"},"image":{"@id":"https:\/\/mouldsart.com\/#\/schema\/logo\/image\/"},"sameAs":["https:\/\/www.facebook.com\/pc.vivat","https:\/\/www.instagram.com\/pc_vivat\/"]}]}},"jetpack_sharing_enabled":true,"_links":{"self":[{"href":"https:\/\/mouldsart.com\/pl\/wp-json\/wp\/v2\/product\/6888","targetHints":{"allow":["GET"]}}],"collection":[{"href":"https:\/\/mouldsart.com\/pl\/wp-json\/wp\/v2\/product"}],"about":[{"href":"https:\/\/mouldsart.com\/pl\/wp-json\/wp\/v2\/types\/product"}],"version-history":[{"count":6,"href":"https:\/\/mouldsart.com\/pl\/wp-json\/wp\/v2\/product\/6888\/revisions"}],"predecessor-version":[{"id":7038,"href":"https:\/\/mouldsart.com\/pl\/wp-json\/wp\/v2\/product\/6888\/revisions\/7038"}],"wp:featuredmedia":[{"embeddable":true,"href":"https:\/\/mouldsart.com\/pl\/wp-json\/wp\/v2\/media\/6889"}],"wp:attachment":[{"href":"https:\/\/mouldsart.com\/pl\/wp-json\/wp\/v2\/media?parent=6888"}],"wp:term":[{"taxonomy":"product_brand","embeddable":true,"href":"https:\/\/mouldsart.com\/pl\/wp-json\/wp\/v2\/product_brand?post=6888"},{"taxonomy":"product_cat","embeddable":true,"href":"https:\/\/mouldsart.com\/pl\/wp-json\/wp\/v2\/product_cat?post=6888"},{"taxonomy":"product_tag","embeddable":true,"href":"https:\/\/mouldsart.com\/pl\/wp-json\/wp\/v2\/product_tag?post=6888"}],"curies":[{"name":"wp","href":"https:\/\/api.w.org\/{rel}","templated":true}]}}