{"id":3730,"date":"2023-10-25T12:22:09","date_gmt":"2023-10-25T09:22:09","guid":{"rendered":"https:\/\/mouldsart.com\/?post_type=product&#038;p=3730"},"modified":"2024-06-19T09:26:21","modified_gmt":"2024-06-19T06:26:21","slug":"fountain-pool-large-mould-art-43","status":"publish","type":"product","link":"https:\/\/mouldsart.com\/pl\/produkt\/fontanna-basen-duza-forma-sztuka-43\/","title":{"rendered":"Basen fontannowy (du\u017cy) forma art.43"},"content":{"rendered":"<div data-elementor-type=\"product-post\" data-elementor-id=\"3730\" class=\"elementor elementor-3730\" data-elementor-post-type=\"product\">\n\t\t\t\t<div class=\"elementor-element elementor-element-c27d6bc e-flex e-con-boxed e-con e-parent\" data-id=\"c27d6bc\" data-element_type=\"container\" data-e-type=\"container\">\n\t\t\t\t\t<div class=\"e-con-inner\">\n\t\t<div class=\"elementor-element elementor-element-f6101ad e-con-full e-flex e-con e-child\" data-id=\"f6101ad\" data-element_type=\"container\" data-e-type=\"container\">\n\t\t\t\t<div class=\"elementor-element elementor-element-2371a312 elementor-widget elementor-widget-text-editor\" data-id=\"2371a312\" data-element_type=\"widget\" data-e-type=\"widget\" data-widget_type=\"text-editor.default\">\n\t\t\t\t<div class=\"elementor-widget-container\">\n\t\t\t\t\t\t\t\t\t<p><strong>Cechy produktu<\/strong><\/p>\n<ul>\n<li>\u015arednica wewn\u0119trzna basenu: 300 cm<\/li>\n<li>\u015arednica basenu na zewn\u0105trz: 420 cm<\/li>\n<\/ul>\n<ul>\n<li>Wysoko\u015b\u0107: 40 cm<\/li>\n<li>Waga: 2770 kg<\/li>\n<\/ul>\t\t\t\t\t\t\t\t<\/div>\n\t\t\t\t<\/div>\n\t\t\t\t<\/div>\n\t\t<div class=\"elementor-element elementor-element-4736bee e-con-full e-flex e-con e-child\" data-id=\"4736bee\" data-element_type=\"container\" data-e-type=\"container\">\n\t\t\t\t<div class=\"elementor-element elementor-element-24fff4f elementor-widget elementor-widget-text-editor\" data-id=\"24fff4f\" data-element_type=\"widget\" data-e-type=\"widget\" data-widget_type=\"text-editor.default\">\n\t\t\t\t<div class=\"elementor-widget-container\">\n\t\t\t\t\t\t\t\t\t<p><strong style=\"text-align: var(--text-align); color: var(--global-palette5); font-family: var(--global-body-font-family);\">Dlaczego warto wybra\u0107 nasze formy z w\u0142\u00f3kna szklanego:<\/strong><\/p>\n<p><strong>\u0141atwo\u015b\u0107 u\u017cytkowania:<\/strong>&nbsp;Formy s\u0105 wykonane z uwzgl\u0119dnieniem wszystkich cech produkcyjnych, a praca z nimi jest \u0142atwa i wygodna.<\/p>\n<p><strong>Solidny i trwa\u0142y<\/strong>:Formy wykonane z wysokiej jako\u015bci w\u0142\u00f3kna szklanego gwarantuj\u0105 d\u0142ug\u0105 \u017cywotno\u015b\u0107.<\/p>\n<p><strong>Jako\u015b\u0107 produktu ko\u0144cowego:<\/strong>&nbsp;Wykorzystuj\u0105c nasze formy, stworzysz produkt o doskona\u0142ej jako\u015bci i atrakcyjnym wygl\u0105dzie.<\/p>\n<p><strong>Wsparcie profesjonalne:<\/strong>&nbsp;Nasz zesp\u00f3\u0142 s\u0142u\u017cy pomoc\u0105 na ka\u017cdym etapie projektu \u2013 pocz\u0105wszy od wyboru formy, a\u017c po wsparcie przez ca\u0142y okres jej u\u017cytkowania.&nbsp;<\/p>\t\t\t\t\t\t\t\t<\/div>\n\t\t\t\t<\/div>\n\t\t\t\t<\/div>\n\t\t\t\t\t<\/div>\n\t\t\t\t<\/div>\n\t\t\t\t<\/div>","protected":false},"excerpt":{"rendered":"<p>Cechy produktu \u015arednica wewn\u0119trzna basenu: 300 cm \u015arednica zewn\u0119trzna basenu: 420 cm Wysoko\u015b\u0107: 40 cm Waga: 2770 kg Dlaczego warto wybra\u0107 nasze formy z w\u0142\u00f3kna szklanego: \u0141atwo\u015b\u0107 u\u017cytkowania: Formy s\u0105 wykonane z uwzgl\u0119dnieniem wszystkich cech produkcyjnych i s\u0105 \u0142atwe i wygodne w u\u017cyciu. Solidne i trwa\u0142e: Wykonane z wysokiej jako\u015bci w\u0142\u00f3kna szklanego, formy s\u0105 gwarantowane\u2026<\/p>","protected":false},"featured_media":3732,"template":"","meta":{"_kad_post_transparent":"default","_kad_post_title":"","_kad_post_layout":"default","_kad_post_sidebar_id":"","_kad_post_content_style":"default","_kad_post_vertical_padding":"default","_kad_post_feature":"","_kad_post_feature_position":"","_kad_post_header":false,"_kad_post_footer":false},"product_brand":[],"product_cat":[58],"product_tag":[],"class_list":{"0":"post-3730","1":"product","2":"type-product","3":"status-publish","4":"has-post-thumbnail","6":"product_cat-fountains","8":"first","9":"instock","10":"shipping-taxable","11":"product-type-simple","12":"entry","13":"content-bg","14":"loop-entry"},"acf":[],"yoast_head":"<!-- This site is optimized with the Yoast SEO plugin v23.1 - https:\/\/yoast.com\/wordpress\/plugins\/seo\/ -->\n<title>Fountain pool Mould art.43 - Outdoor water fountains molds FOR SALE<\/title>\n<meta name=\"description\" content=\"\u2705 Product size: large. Details: \u2714&quot;Pearl&quot;. Mould material: fiberglass \u2795polyurethane \u2795metal. Concrete fountain moulds by \u26a1Rockside\u26a1. Delivery across Europe\ud83c\udf0d.\" \/>\n<meta name=\"robots\" content=\"index, follow, max-snippet:-1, max-image-preview:large, max-video-preview:-1\" \/>\n<link rel=\"canonical\" href=\"https:\/\/mouldsart.com\/pl\/produkt\/fontanna-basen-duza-forma-sztuka-43\/\" \/>\n<meta property=\"og:locale\" content=\"pl_PL\" \/>\n<meta property=\"og:type\" content=\"article\" \/>\n<meta property=\"og:title\" content=\"Fountain pool Mould art.43 - Outdoor water fountains molds FOR SALE\" \/>\n<meta property=\"og:description\" content=\"\u2705 Product size: large. Details: \u2714&quot;Pearl&quot;. Mould material: fiberglass \u2795polyurethane \u2795metal. Concrete fountain moulds by \u26a1Rockside\u26a1. Delivery across Europe\ud83c\udf0d.\" \/>\n<meta property=\"og:url\" content=\"https:\/\/mouldsart.com\/pl\/produkt\/fontanna-basen-duza-forma-sztuka-43\/\" \/>\n<meta property=\"article:publisher\" content=\"https:\/\/www.facebook.com\/pc.vivat\" \/>\n<meta property=\"article:modified_time\" content=\"2024-06-19T06:26:21+00:00\" \/>\n<meta property=\"og:image\" content=\"https:\/\/mouldsart.com\/wp-content\/uploads\/2023\/10\/43.jpg\" \/>\n\t<meta property=\"og:image:width\" content=\"1080\" \/>\n\t<meta property=\"og:image:height\" content=\"1080\" \/>\n\t<meta property=\"og:image:type\" content=\"image\/jpeg\" \/>\n<meta name=\"twitter:card\" content=\"summary_large_image\" \/>\n<meta name=\"twitter:label1\" content=\"Szacowany czas czytania\" \/>\n\t<meta name=\"twitter:data1\" content=\"1 minuta\" \/>\n<script type=\"application\/ld+json\" class=\"yoast-schema-graph\">{\"@context\":\"https:\/\/schema.org\",\"@graph\":[{\"@type\":\"WebPage\",\"@id\":\"https:\/\/mouldsart.com\/product\/fountain-pool-large-mould-art-43\/\",\"url\":\"https:\/\/mouldsart.com\/product\/fountain-pool-large-mould-art-43\/\",\"name\":\"Fountain pool Mould art.43 - Outdoor water fountains molds FOR SALE\",\"isPartOf\":{\"@id\":\"https:\/\/mouldsart.com\/#website\"},\"primaryImageOfPage\":{\"@id\":\"https:\/\/mouldsart.com\/product\/fountain-pool-large-mould-art-43\/#primaryimage\"},\"image\":{\"@id\":\"https:\/\/mouldsart.com\/product\/fountain-pool-large-mould-art-43\/#primaryimage\"},\"thumbnailUrl\":\"https:\/\/i0.wp.com\/mouldsart.com\/wp-content\/uploads\/2023\/10\/43.jpg?fit=1080%2C1080&ssl=1\",\"datePublished\":\"2023-10-25T09:22:09+00:00\",\"dateModified\":\"2024-06-19T06:26:21+00:00\",\"description\":\"\u2705 Product size: large. Details: \u2714\\\"Pearl\\\". Mould material: fiberglass \u2795polyurethane \u2795metal. Concrete fountain moulds by \u26a1Rockside\u26a1. Delivery across Europe\ud83c\udf0d.\",\"breadcrumb\":{\"@id\":\"https:\/\/mouldsart.com\/product\/fountain-pool-large-mould-art-43\/#breadcrumb\"},\"inLanguage\":\"pl-PL\",\"potentialAction\":[{\"@type\":\"ReadAction\",\"target\":[\"https:\/\/mouldsart.com\/product\/fountain-pool-large-mould-art-43\/\"]}]},{\"@type\":\"ImageObject\",\"inLanguage\":\"pl-PL\",\"@id\":\"https:\/\/mouldsart.com\/product\/fountain-pool-large-mould-art-43\/#primaryimage\",\"url\":\"https:\/\/i0.wp.com\/mouldsart.com\/wp-content\/uploads\/2023\/10\/43.jpg?fit=1080%2C1080&ssl=1\",\"contentUrl\":\"https:\/\/i0.wp.com\/mouldsart.com\/wp-content\/uploads\/2023\/10\/43.jpg?fit=1080%2C1080&ssl=1\",\"width\":1080,\"height\":1080,\"caption\":\"Large fountain pool art. 43\"},{\"@type\":\"BreadcrumbList\",\"@id\":\"https:\/\/mouldsart.com\/product\/fountain-pool-large-mould-art-43\/#breadcrumb\",\"itemListElement\":[{\"@type\":\"ListItem\",\"position\":1,\"name\":\"\u0413\u043b\u0430\u0432\u043d\u0430\u044f \u0441\u0442\u0440\u0430\u043d\u0438\u0446\u0430\",\"item\":\"https:\/\/mouldsart.com\/\"},{\"@type\":\"ListItem\",\"position\":2,\"name\":\"Vivat Company Moulds\",\"item\":\"https:\/\/mouldsart.com\/shop\/\"},{\"@type\":\"ListItem\",\"position\":3,\"name\":\"Fountain pool (large) mould art.43\"}]},{\"@type\":\"WebSite\",\"@id\":\"https:\/\/mouldsart.com\/#website\",\"url\":\"https:\/\/mouldsart.com\/\",\"name\":\"Moulds\",\"description\":\"\",\"publisher\":{\"@id\":\"https:\/\/mouldsart.com\/#organization\"},\"potentialAction\":[{\"@type\":\"SearchAction\",\"target\":{\"@type\":\"EntryPoint\",\"urlTemplate\":\"https:\/\/mouldsart.com\/?s={search_term_string}\"},\"query-input\":\"required name=search_term_string\"}],\"inLanguage\":\"pl-PL\"},{\"@type\":\"Organization\",\"@id\":\"https:\/\/mouldsart.com\/#organization\",\"name\":\"Vivat\",\"url\":\"https:\/\/mouldsart.com\/\",\"logo\":{\"@type\":\"ImageObject\",\"inLanguage\":\"pl-PL\",\"@id\":\"https:\/\/mouldsart.com\/#\/schema\/logo\/image\/\",\"url\":\"https:\/\/i0.wp.com\/mouldsart.com\/wp-content\/uploads\/2025\/05\/cropped-logo1.png?fit=1080%2C558&ssl=1\",\"contentUrl\":\"https:\/\/i0.wp.com\/mouldsart.com\/wp-content\/uploads\/2025\/05\/cropped-logo1.png?fit=1080%2C558&ssl=1\",\"width\":1080,\"height\":558,\"caption\":\"Vivat\"},\"image\":{\"@id\":\"https:\/\/mouldsart.com\/#\/schema\/logo\/image\/\"},\"sameAs\":[\"https:\/\/www.facebook.com\/pc.vivat\",\"https:\/\/www.instagram.com\/pc_vivat\/\"]}]}<\/script>\n<!-- \/ Yoast SEO plugin. -->","yoast_head_json":{"title":"Fontanna basenowa Mould art.43 - Formy do fontann zewn\u0119trznych NA SPRZEDA\u017b","description":"\u2705 Rozmiar produktu: du\u017cy. Szczeg\u00f3\u0142y: \u2714&quot;Per\u0142a&quot;. Materia\u0142 formy: w\u0142\u00f3kno szklane \u2795poliuretan \u2795metal. Formy do fontann betonowych od \u26a1Rockside\u26a1. Dostawa w ca\u0142ej Europie\ud83c\udf0d.","robots":{"index":"index","follow":"follow","max-snippet":"max-snippet:-1","max-image-preview":"max-image-preview:large","max-video-preview":"max-video-preview:-1"},"canonical":"https:\/\/mouldsart.com\/pl\/produkt\/fontanna-basen-duza-forma-sztuka-43\/","og_locale":"pl_PL","og_type":"article","og_title":"Fountain pool Mould art.43 - Outdoor water fountains molds FOR SALE","og_description":"\u2705 Product size: large. Details: \u2714\"Pearl\". Mould material: fiberglass \u2795polyurethane \u2795metal. Concrete fountain moulds by \u26a1Rockside\u26a1. Delivery across Europe\ud83c\udf0d.","og_url":"https:\/\/mouldsart.com\/pl\/produkt\/fontanna-basen-duza-forma-sztuka-43\/","article_publisher":"https:\/\/www.facebook.com\/pc.vivat","article_modified_time":"2024-06-19T06:26:21+00:00","og_image":[{"width":1080,"height":1080,"url":"https:\/\/mouldsart.com\/wp-content\/uploads\/2023\/10\/43.jpg","type":"image\/jpeg"}],"twitter_card":"summary_large_image","twitter_misc":{"Szacowany czas czytania":"1 minuta"},"schema":{"@context":"https:\/\/schema.org","@graph":[{"@type":"WebPage","@id":"https:\/\/mouldsart.com\/product\/fountain-pool-large-mould-art-43\/","url":"https:\/\/mouldsart.com\/product\/fountain-pool-large-mould-art-43\/","name":"Fontanna basenowa Mould art.43 - Formy do fontann zewn\u0119trznych NA SPRZEDA\u017b","isPartOf":{"@id":"https:\/\/mouldsart.com\/#website"},"primaryImageOfPage":{"@id":"https:\/\/mouldsart.com\/product\/fountain-pool-large-mould-art-43\/#primaryimage"},"image":{"@id":"https:\/\/mouldsart.com\/product\/fountain-pool-large-mould-art-43\/#primaryimage"},"thumbnailUrl":"https:\/\/i0.wp.com\/mouldsart.com\/wp-content\/uploads\/2023\/10\/43.jpg?fit=1080%2C1080&ssl=1","datePublished":"2023-10-25T09:22:09+00:00","dateModified":"2024-06-19T06:26:21+00:00","description":"\u2705 Rozmiar produktu: du\u017cy. Szczeg\u00f3\u0142y: \u2714&quot;Per\u0142a&quot;. Materia\u0142 formy: w\u0142\u00f3kno szklane \u2795poliuretan \u2795metal. Formy do fontann betonowych od \u26a1Rockside\u26a1. Dostawa w ca\u0142ej Europie\ud83c\udf0d.","breadcrumb":{"@id":"https:\/\/mouldsart.com\/product\/fountain-pool-large-mould-art-43\/#breadcrumb"},"inLanguage":"pl-PL","potentialAction":[{"@type":"ReadAction","target":["https:\/\/mouldsart.com\/product\/fountain-pool-large-mould-art-43\/"]}]},{"@type":"ImageObject","inLanguage":"pl-PL","@id":"https:\/\/mouldsart.com\/product\/fountain-pool-large-mould-art-43\/#primaryimage","url":"https:\/\/i0.wp.com\/mouldsart.com\/wp-content\/uploads\/2023\/10\/43.jpg?fit=1080%2C1080&ssl=1","contentUrl":"https:\/\/i0.wp.com\/mouldsart.com\/wp-content\/uploads\/2023\/10\/43.jpg?fit=1080%2C1080&ssl=1","width":1080,"height":1080,"caption":"Large fountain pool art. 43"},{"@type":"BreadcrumbList","@id":"https:\/\/mouldsart.com\/product\/fountain-pool-large-mould-art-43\/#breadcrumb","itemListElement":[{"@type":"ListItem","position":1,"name":"\u0413\u043b\u0430\u0432\u043d\u0430\u044f \u0441\u0442\u0440\u0430\u043d\u0438\u0446\u0430","item":"https:\/\/mouldsart.com\/"},{"@type":"ListItem","position":2,"name":"Vivat Company Moulds","item":"https:\/\/mouldsart.com\/shop\/"},{"@type":"ListItem","position":3,"name":"Fountain pool (large) mould art.43"}]},{"@type":"WebSite","@id":"https:\/\/mouldsart.com\/#website","url":"https:\/\/mouldsart.com\/","name":"Formy","description":"","publisher":{"@id":"https:\/\/mouldsart.com\/#organization"},"potentialAction":[{"@type":"SearchAction","target":{"@type":"EntryPoint","urlTemplate":"https:\/\/mouldsart.com\/?s={search_term_string}"},"query-input":"required name=search_term_string"}],"inLanguage":"pl-PL"},{"@type":"Organization","@id":"https:\/\/mouldsart.com\/#organization","name":"\u017by\u0107","url":"https:\/\/mouldsart.com\/","logo":{"@type":"ImageObject","inLanguage":"pl-PL","@id":"https:\/\/mouldsart.com\/#\/schema\/logo\/image\/","url":"https:\/\/i0.wp.com\/mouldsart.com\/wp-content\/uploads\/2025\/05\/cropped-logo1.png?fit=1080%2C558&ssl=1","contentUrl":"https:\/\/i0.wp.com\/mouldsart.com\/wp-content\/uploads\/2025\/05\/cropped-logo1.png?fit=1080%2C558&ssl=1","width":1080,"height":558,"caption":"Vivat"},"image":{"@id":"https:\/\/mouldsart.com\/#\/schema\/logo\/image\/"},"sameAs":["https:\/\/www.facebook.com\/pc.vivat","https:\/\/www.instagram.com\/pc_vivat\/"]}]}},"jetpack_sharing_enabled":true,"_links":{"self":[{"href":"https:\/\/mouldsart.com\/pl\/wp-json\/wp\/v2\/product\/3730","targetHints":{"allow":["GET"]}}],"collection":[{"href":"https:\/\/mouldsart.com\/pl\/wp-json\/wp\/v2\/product"}],"about":[{"href":"https:\/\/mouldsart.com\/pl\/wp-json\/wp\/v2\/types\/product"}],"version-history":[{"count":6,"href":"https:\/\/mouldsart.com\/pl\/wp-json\/wp\/v2\/product\/3730\/revisions"}],"predecessor-version":[{"id":5428,"href":"https:\/\/mouldsart.com\/pl\/wp-json\/wp\/v2\/product\/3730\/revisions\/5428"}],"wp:featuredmedia":[{"embeddable":true,"href":"https:\/\/mouldsart.com\/pl\/wp-json\/wp\/v2\/media\/3732"}],"wp:attachment":[{"href":"https:\/\/mouldsart.com\/pl\/wp-json\/wp\/v2\/media?parent=3730"}],"wp:term":[{"taxonomy":"product_brand","embeddable":true,"href":"https:\/\/mouldsart.com\/pl\/wp-json\/wp\/v2\/product_brand?post=3730"},{"taxonomy":"product_cat","embeddable":true,"href":"https:\/\/mouldsart.com\/pl\/wp-json\/wp\/v2\/product_cat?post=3730"},{"taxonomy":"product_tag","embeddable":true,"href":"https:\/\/mouldsart.com\/pl\/wp-json\/wp\/v2\/product_tag?post=3730"}],"curies":[{"name":"wp","href":"https:\/\/api.w.org\/{rel}","templated":true}]}}