{"id":3690,"date":"2023-10-25T10:43:19","date_gmt":"2023-10-25T07:43:19","guid":{"rendered":"https:\/\/mouldsart.com\/?post_type=product&#038;p=3690"},"modified":"2024-06-18T12:29:24","modified_gmt":"2024-06-18T09:29:24","slug":"fountain-mould-art-38","status":"publish","type":"product","link":"https:\/\/mouldsart.com\/pl\/produkt\/fountain-mould-art-38\/","title":{"rendered":"Forma do fontanny art.38"},"content":{"rendered":"<div data-elementor-type=\"product-post\" data-elementor-id=\"3690\" class=\"elementor elementor-3690\" data-elementor-post-type=\"product\">\n\t\t\t\t<div class=\"elementor-element elementor-element-03f8386 e-flex e-con-boxed e-con e-parent\" data-id=\"03f8386\" data-element_type=\"container\" data-e-type=\"container\">\n\t\t\t\t\t<div class=\"e-con-inner\">\n\t\t<div class=\"elementor-element elementor-element-b17e2d6 e-con-full e-flex e-con e-child\" data-id=\"b17e2d6\" data-element_type=\"container\" data-e-type=\"container\">\n\t\t\t\t<div class=\"elementor-element elementor-element-2371a312 elementor-widget__width-initial elementor-widget elementor-widget-text-editor\" data-id=\"2371a312\" data-element_type=\"widget\" data-e-type=\"widget\" data-widget_type=\"text-editor.default\">\n\t\t\t\t<div class=\"elementor-widget-container\">\n\t\t\t\t\t\t\t\t\t<p><strong>Cechy produktu<\/strong><\/p><ul><li>Ma\u0142a miska: 47 cm;<\/li><li>Du\u017ca miska: 83 cm;<\/li><li>Wysoko\u015b\u0107: 165 cm<\/li><li>Waga: 201 kg<\/li><\/ul>\t\t\t\t\t\t\t\t<\/div>\n\t\t\t\t<\/div>\n\t\t\t\t<div class=\"elementor-element elementor-element-24fff4f elementor-widget elementor-widget-text-editor\" data-id=\"24fff4f\" data-element_type=\"widget\" data-e-type=\"widget\" data-widget_type=\"text-editor.default\">\n\t\t\t\t<div class=\"elementor-widget-container\">\n\t\t\t\t\t\t\t\t\t<p>Nasze formy do fontann z w\u0142\u00f3kna szklanego s\u0105 idealnym rozwi\u0105zaniem do tworzenia wykwintnych i funkcjonalnych fontann. Zestaw form umo\u017cliwia stworzenie prefabrykowanej fontanny.\u00a0<\/p><p><strong>Dlaczego warto wybra\u0107 nasze formy z w\u0142\u00f3kna szklanego:<\/strong><\/p><p><strong>\u0141atwo\u015b\u0107 u\u017cytkowania:<\/strong>\u00a0Formy s\u0105 wykonywane z uwzgl\u0119dnieniem wszystkich cech produkcyjnych, a praca z nimi jest \u0142atwa i wygodna.<\/p><p><strong>Solidny i trwa\u0142y<\/strong>:Wykonane z wysokiej jako\u015bci w\u0142\u00f3kna szklanego formy s\u0105 gwarancj\u0105 d\u0142ugiej \u017cywotno\u015bci.<\/p><p><strong>Jako\u015b\u0107 produktu ko\u0144cowego:<\/strong>\u00a0Wykorzystuj\u0105c nasze formy, stworzysz fontann\u0119 o doskona\u0142ej jako\u015bci i atrakcyjnym wygl\u0105dzie.<\/p><p><strong>Wsparcie profesjonalne:<\/strong>\u00a0Nasz zesp\u00f3\u0142 s\u0142u\u017cy pomoc\u0105 na ka\u017cdym etapie projektu \u2013 pocz\u0105wszy od wyboru formy, a\u017c po wsparcie przez ca\u0142y okres jej u\u017cytkowania.\u00a0<\/p>\t\t\t\t\t\t\t\t<\/div>\n\t\t\t\t<\/div>\n\t\t\t\t<\/div>\n\t\t<div class=\"elementor-element elementor-element-e7494ea e-con-full e-flex e-con e-child\" data-id=\"e7494ea\" data-element_type=\"container\" data-e-type=\"container\">\n\t\t\t\t<div class=\"elementor-element elementor-element-b510229 elementor-arrows-position-inside elementor-pagination-position-outside elementor-widget elementor-widget-image-carousel\" data-id=\"b510229\" data-element_type=\"widget\" data-e-type=\"widget\" data-settings=\"{&quot;slides_to_show&quot;:&quot;1&quot;,&quot;navigation&quot;:&quot;both&quot;,&quot;autoplay&quot;:&quot;yes&quot;,&quot;pause_on_hover&quot;:&quot;yes&quot;,&quot;pause_on_interaction&quot;:&quot;yes&quot;,&quot;autoplay_speed&quot;:5000,&quot;infinite&quot;:&quot;yes&quot;,&quot;effect&quot;:&quot;slide&quot;,&quot;speed&quot;:500}\" data-widget_type=\"image-carousel.default\">\n\t\t\t\t<div class=\"elementor-widget-container\">\n\t\t\t\t\t\t\t<div class=\"elementor-image-carousel-wrapper swiper\" role=\"region\" aria-roledescription=\"carousel\" aria-label=\"Karuzela obraz\u00f3w\" dir=\"ltr\">\n\t\t\t<div class=\"elementor-image-carousel swiper-wrapper\" aria-live=\"off\">\n\t\t\t\t\t\t\t\t<div class=\"swiper-slide\" role=\"group\" aria-roledescription=\"slide\" aria-label=\"1 z 1\"><figure class=\"swiper-slide-inner\"><img decoding=\"async\" class=\"swiper-slide-image\" src=\"https:\/\/i0.wp.com\/mouldsart.com\/wp-content\/uploads\/2023\/10\/fountain-frogs-38.jpg?fit=583%2C1024&amp;ssl=1\" alt=\"\u017caby fontannowe 38\" \/><\/figure><\/div>\t\t\t<\/div>\n\t\t\t\t\t<\/div>\n\t\t\t\t\t\t<\/div>\n\t\t\t\t<\/div>\n\t\t\t\t<\/div>\n\t\t\t\t\t<\/div>\n\t\t\t\t<\/div>\n\t\t\t\t<\/div>","protected":false},"excerpt":{"rendered":"<p>Cechy produktu Ma\u0142a misa: 47 cm; Du\u017ca misa: 83 cm; Wysoko\u015b\u0107: 165 cm Waga: 201 kg Nasze formy do fontann z w\u0142\u00f3kna szklanego s\u0105 idealnym rozwi\u0105zaniem do tworzenia wykwintnych i funkcjonalnych fontann. Zestaw form umo\u017cliwia stworzenie gotowej fontanny. Dlaczego warto wybra\u0107 nasze formy z w\u0142\u00f3kna szklanego: \u0141atwo\u015b\u0107 u\u017cytkowania: Formy s\u0105 wykonane ze wszystkich materia\u0142\u00f3w\u2026<\/p>","protected":false},"featured_media":3692,"template":"","meta":{"_kad_post_transparent":"default","_kad_post_title":"","_kad_post_layout":"default","_kad_post_sidebar_id":"","_kad_post_content_style":"default","_kad_post_vertical_padding":"default","_kad_post_feature":"","_kad_post_feature_position":"","_kad_post_header":false,"_kad_post_footer":false},"product_brand":[],"product_cat":[58],"product_tag":[],"class_list":{"0":"post-3690","1":"product","2":"type-product","3":"status-publish","4":"has-post-thumbnail","6":"product_cat-fountains","8":"first","9":"instock","10":"shipping-taxable","11":"product-type-simple","12":"entry","13":"content-bg","14":"loop-entry"},"acf":[],"yoast_head":"<!-- This site is optimized with the Yoast SEO plugin v23.1 - https:\/\/yoast.com\/wordpress\/plugins\/seo\/ -->\n<title>Fountain Mould art.38 - Outdoor water fountain molds for sale<\/title>\n<meta name=\"description\" content=\"\u2705 Product&#039; set description: 2\ufe0f\u20e3 tiers; \u2716a pool; \u2714 the top &quot;Frogs&quot;. Concrete fountain moulds by \u26a1Rockside\u26a1. Delivery throughout Europe\ud83c\udf0d.\" \/>\n<meta name=\"robots\" content=\"index, follow, max-snippet:-1, max-image-preview:large, max-video-preview:-1\" \/>\n<link rel=\"canonical\" href=\"https:\/\/mouldsart.com\/pl\/produkt\/fountain-mould-art-38\/\" \/>\n<meta property=\"og:locale\" content=\"pl_PL\" \/>\n<meta property=\"og:type\" content=\"article\" \/>\n<meta property=\"og:title\" content=\"Fountain Mould art.38 - Outdoor water fountain molds for sale\" \/>\n<meta property=\"og:description\" content=\"\u2705 Product&#039; set description: 2\ufe0f\u20e3 tiers; \u2716a pool; \u2714 the top &quot;Frogs&quot;. Concrete fountain moulds by \u26a1Rockside\u26a1. Delivery throughout Europe\ud83c\udf0d.\" \/>\n<meta property=\"og:url\" content=\"https:\/\/mouldsart.com\/pl\/produkt\/fountain-mould-art-38\/\" \/>\n<meta property=\"article:publisher\" content=\"https:\/\/www.facebook.com\/pc.vivat\" \/>\n<meta property=\"article:modified_time\" content=\"2024-06-18T09:29:24+00:00\" \/>\n<meta property=\"og:image\" content=\"https:\/\/mouldsart.com\/wp-content\/uploads\/2023\/10\/38.jpg\" \/>\n\t<meta property=\"og:image:width\" content=\"1080\" \/>\n\t<meta property=\"og:image:height\" content=\"1080\" \/>\n\t<meta property=\"og:image:type\" content=\"image\/jpeg\" \/>\n<meta name=\"twitter:card\" content=\"summary_large_image\" \/>\n<meta name=\"twitter:label1\" content=\"Szacowany czas czytania\" \/>\n\t<meta name=\"twitter:data1\" content=\"1 minuta\" \/>\n<script type=\"application\/ld+json\" class=\"yoast-schema-graph\">{\"@context\":\"https:\/\/schema.org\",\"@graph\":[{\"@type\":\"WebPage\",\"@id\":\"https:\/\/mouldsart.com\/product\/fountain-mould-art-38\/\",\"url\":\"https:\/\/mouldsart.com\/product\/fountain-mould-art-38\/\",\"name\":\"Fountain Mould art.38 - Outdoor water fountain molds for sale\",\"isPartOf\":{\"@id\":\"https:\/\/mouldsart.com\/#website\"},\"primaryImageOfPage\":{\"@id\":\"https:\/\/mouldsart.com\/product\/fountain-mould-art-38\/#primaryimage\"},\"image\":{\"@id\":\"https:\/\/mouldsart.com\/product\/fountain-mould-art-38\/#primaryimage\"},\"thumbnailUrl\":\"https:\/\/i0.wp.com\/mouldsart.com\/wp-content\/uploads\/2023\/10\/38.jpg?fit=1080%2C1080&ssl=1\",\"datePublished\":\"2023-10-25T07:43:19+00:00\",\"dateModified\":\"2024-06-18T09:29:24+00:00\",\"description\":\"\u2705 Product' set description: 2\ufe0f\u20e3 tiers; \u2716a pool; \u2714 the top \\\"Frogs\\\". Concrete fountain moulds by \u26a1Rockside\u26a1. Delivery throughout Europe\ud83c\udf0d.\",\"breadcrumb\":{\"@id\":\"https:\/\/mouldsart.com\/product\/fountain-mould-art-38\/#breadcrumb\"},\"inLanguage\":\"pl-PL\",\"potentialAction\":[{\"@type\":\"ReadAction\",\"target\":[\"https:\/\/mouldsart.com\/product\/fountain-mould-art-38\/\"]}]},{\"@type\":\"ImageObject\",\"inLanguage\":\"pl-PL\",\"@id\":\"https:\/\/mouldsart.com\/product\/fountain-mould-art-38\/#primaryimage\",\"url\":\"https:\/\/i0.wp.com\/mouldsart.com\/wp-content\/uploads\/2023\/10\/38.jpg?fit=1080%2C1080&ssl=1\",\"contentUrl\":\"https:\/\/i0.wp.com\/mouldsart.com\/wp-content\/uploads\/2023\/10\/38.jpg?fit=1080%2C1080&ssl=1\",\"width\":1080,\"height\":1080},{\"@type\":\"BreadcrumbList\",\"@id\":\"https:\/\/mouldsart.com\/product\/fountain-mould-art-38\/#breadcrumb\",\"itemListElement\":[{\"@type\":\"ListItem\",\"position\":1,\"name\":\"\u0413\u043b\u0430\u0432\u043d\u0430\u044f \u0441\u0442\u0440\u0430\u043d\u0438\u0446\u0430\",\"item\":\"https:\/\/mouldsart.com\/\"},{\"@type\":\"ListItem\",\"position\":2,\"name\":\"Vivat Company Moulds\",\"item\":\"https:\/\/mouldsart.com\/shop\/\"},{\"@type\":\"ListItem\",\"position\":3,\"name\":\"Fountain mould art.38\"}]},{\"@type\":\"WebSite\",\"@id\":\"https:\/\/mouldsart.com\/#website\",\"url\":\"https:\/\/mouldsart.com\/\",\"name\":\"Moulds\",\"description\":\"\",\"publisher\":{\"@id\":\"https:\/\/mouldsart.com\/#organization\"},\"potentialAction\":[{\"@type\":\"SearchAction\",\"target\":{\"@type\":\"EntryPoint\",\"urlTemplate\":\"https:\/\/mouldsart.com\/?s={search_term_string}\"},\"query-input\":\"required name=search_term_string\"}],\"inLanguage\":\"pl-PL\"},{\"@type\":\"Organization\",\"@id\":\"https:\/\/mouldsart.com\/#organization\",\"name\":\"Vivat\",\"url\":\"https:\/\/mouldsart.com\/\",\"logo\":{\"@type\":\"ImageObject\",\"inLanguage\":\"pl-PL\",\"@id\":\"https:\/\/mouldsart.com\/#\/schema\/logo\/image\/\",\"url\":\"https:\/\/i0.wp.com\/mouldsart.com\/wp-content\/uploads\/2025\/05\/cropped-logo1.png?fit=1080%2C558&ssl=1\",\"contentUrl\":\"https:\/\/i0.wp.com\/mouldsart.com\/wp-content\/uploads\/2025\/05\/cropped-logo1.png?fit=1080%2C558&ssl=1\",\"width\":1080,\"height\":558,\"caption\":\"Vivat\"},\"image\":{\"@id\":\"https:\/\/mouldsart.com\/#\/schema\/logo\/image\/\"},\"sameAs\":[\"https:\/\/www.facebook.com\/pc.vivat\",\"https:\/\/www.instagram.com\/pc_vivat\/\"]}]}<\/script>\n<!-- \/ Yoast SEO plugin. -->","yoast_head_json":{"title":"Forma do fontanny art.38 - Formy do fontann zewn\u0119trznych na sprzeda\u017c","description":"\u2705 Opis zestawu produkt\u00f3w: 2\ufe0f\u20e3 poziomy; \u2716basen; \u2714 g\u00f3rne \u201e\u017baby\u201d. Formy do betonowych fontann od \u26a1Rockside\u26a1. Dostawa w ca\u0142ej Europie\ud83c\udf0d.","robots":{"index":"index","follow":"follow","max-snippet":"max-snippet:-1","max-image-preview":"max-image-preview:large","max-video-preview":"max-video-preview:-1"},"canonical":"https:\/\/mouldsart.com\/pl\/produkt\/fountain-mould-art-38\/","og_locale":"pl_PL","og_type":"article","og_title":"Fountain Mould art.38 - Outdoor water fountain molds for sale","og_description":"\u2705 Product' set description: 2\ufe0f\u20e3 tiers; \u2716a pool; \u2714 the top \"Frogs\". Concrete fountain moulds by \u26a1Rockside\u26a1. Delivery throughout Europe\ud83c\udf0d.","og_url":"https:\/\/mouldsart.com\/pl\/produkt\/fountain-mould-art-38\/","article_publisher":"https:\/\/www.facebook.com\/pc.vivat","article_modified_time":"2024-06-18T09:29:24+00:00","og_image":[{"width":1080,"height":1080,"url":"https:\/\/mouldsart.com\/wp-content\/uploads\/2023\/10\/38.jpg","type":"image\/jpeg"}],"twitter_card":"summary_large_image","twitter_misc":{"Szacowany czas czytania":"1 minuta"},"schema":{"@context":"https:\/\/schema.org","@graph":[{"@type":"WebPage","@id":"https:\/\/mouldsart.com\/product\/fountain-mould-art-38\/","url":"https:\/\/mouldsart.com\/product\/fountain-mould-art-38\/","name":"Forma do fontanny art.38 - Formy do fontann zewn\u0119trznych na sprzeda\u017c","isPartOf":{"@id":"https:\/\/mouldsart.com\/#website"},"primaryImageOfPage":{"@id":"https:\/\/mouldsart.com\/product\/fountain-mould-art-38\/#primaryimage"},"image":{"@id":"https:\/\/mouldsart.com\/product\/fountain-mould-art-38\/#primaryimage"},"thumbnailUrl":"https:\/\/i0.wp.com\/mouldsart.com\/wp-content\/uploads\/2023\/10\/38.jpg?fit=1080%2C1080&ssl=1","datePublished":"2023-10-25T07:43:19+00:00","dateModified":"2024-06-18T09:29:24+00:00","description":"\u2705 Opis zestawu produkt\u00f3w: 2\ufe0f\u20e3 poziomy; \u2716basen; \u2714 g\u00f3rne \u201e\u017baby\u201d. Formy do betonowych fontann od \u26a1Rockside\u26a1. Dostawa w ca\u0142ej Europie\ud83c\udf0d.","breadcrumb":{"@id":"https:\/\/mouldsart.com\/product\/fountain-mould-art-38\/#breadcrumb"},"inLanguage":"pl-PL","potentialAction":[{"@type":"ReadAction","target":["https:\/\/mouldsart.com\/product\/fountain-mould-art-38\/"]}]},{"@type":"ImageObject","inLanguage":"pl-PL","@id":"https:\/\/mouldsart.com\/product\/fountain-mould-art-38\/#primaryimage","url":"https:\/\/i0.wp.com\/mouldsart.com\/wp-content\/uploads\/2023\/10\/38.jpg?fit=1080%2C1080&ssl=1","contentUrl":"https:\/\/i0.wp.com\/mouldsart.com\/wp-content\/uploads\/2023\/10\/38.jpg?fit=1080%2C1080&ssl=1","width":1080,"height":1080},{"@type":"BreadcrumbList","@id":"https:\/\/mouldsart.com\/product\/fountain-mould-art-38\/#breadcrumb","itemListElement":[{"@type":"ListItem","position":1,"name":"\u0413\u043b\u0430\u0432\u043d\u0430\u044f \u0441\u0442\u0440\u0430\u043d\u0438\u0446\u0430","item":"https:\/\/mouldsart.com\/"},{"@type":"ListItem","position":2,"name":"Vivat Company Moulds","item":"https:\/\/mouldsart.com\/shop\/"},{"@type":"ListItem","position":3,"name":"Fountain mould art.38"}]},{"@type":"WebSite","@id":"https:\/\/mouldsart.com\/#website","url":"https:\/\/mouldsart.com\/","name":"Formy","description":"","publisher":{"@id":"https:\/\/mouldsart.com\/#organization"},"potentialAction":[{"@type":"SearchAction","target":{"@type":"EntryPoint","urlTemplate":"https:\/\/mouldsart.com\/?s={search_term_string}"},"query-input":"required name=search_term_string"}],"inLanguage":"pl-PL"},{"@type":"Organization","@id":"https:\/\/mouldsart.com\/#organization","name":"\u017by\u0107","url":"https:\/\/mouldsart.com\/","logo":{"@type":"ImageObject","inLanguage":"pl-PL","@id":"https:\/\/mouldsart.com\/#\/schema\/logo\/image\/","url":"https:\/\/i0.wp.com\/mouldsart.com\/wp-content\/uploads\/2025\/05\/cropped-logo1.png?fit=1080%2C558&ssl=1","contentUrl":"https:\/\/i0.wp.com\/mouldsart.com\/wp-content\/uploads\/2025\/05\/cropped-logo1.png?fit=1080%2C558&ssl=1","width":1080,"height":558,"caption":"Vivat"},"image":{"@id":"https:\/\/mouldsart.com\/#\/schema\/logo\/image\/"},"sameAs":["https:\/\/www.facebook.com\/pc.vivat","https:\/\/www.instagram.com\/pc_vivat\/"]}]}},"jetpack_sharing_enabled":true,"_links":{"self":[{"href":"https:\/\/mouldsart.com\/pl\/wp-json\/wp\/v2\/product\/3690","targetHints":{"allow":["GET"]}}],"collection":[{"href":"https:\/\/mouldsart.com\/pl\/wp-json\/wp\/v2\/product"}],"about":[{"href":"https:\/\/mouldsart.com\/pl\/wp-json\/wp\/v2\/types\/product"}],"version-history":[{"count":6,"href":"https:\/\/mouldsart.com\/pl\/wp-json\/wp\/v2\/product\/3690\/revisions"}],"predecessor-version":[{"id":5417,"href":"https:\/\/mouldsart.com\/pl\/wp-json\/wp\/v2\/product\/3690\/revisions\/5417"}],"wp:featuredmedia":[{"embeddable":true,"href":"https:\/\/mouldsart.com\/pl\/wp-json\/wp\/v2\/media\/3692"}],"wp:attachment":[{"href":"https:\/\/mouldsart.com\/pl\/wp-json\/wp\/v2\/media?parent=3690"}],"wp:term":[{"taxonomy":"product_brand","embeddable":true,"href":"https:\/\/mouldsart.com\/pl\/wp-json\/wp\/v2\/product_brand?post=3690"},{"taxonomy":"product_cat","embeddable":true,"href":"https:\/\/mouldsart.com\/pl\/wp-json\/wp\/v2\/product_cat?post=3690"},{"taxonomy":"product_tag","embeddable":true,"href":"https:\/\/mouldsart.com\/pl\/wp-json\/wp\/v2\/product_tag?post=3690"}],"curies":[{"name":"wp","href":"https:\/\/api.w.org\/{rel}","templated":true}]}}