{"id":3628,"date":"2023-10-25T09:38:23","date_gmt":"2023-10-25T06:38:23","guid":{"rendered":"https:\/\/mouldsart.com\/?post_type=product&#038;p=3628"},"modified":"2024-06-18T12:15:32","modified_gmt":"2024-06-18T09:15:32","slug":"fountain-mould-art-31","status":"publish","type":"product","link":"https:\/\/mouldsart.com\/pl\/produkt\/sztuka-formy-fontannowej-31\/","title":{"rendered":"Forma do fontanny art.31"},"content":{"rendered":"<div data-elementor-type=\"product-post\" data-elementor-id=\"3628\" class=\"elementor elementor-3628\" data-elementor-post-type=\"product\">\n\t\t\t\t<div class=\"elementor-element elementor-element-03f8386 e-flex e-con-boxed e-con e-parent\" data-id=\"03f8386\" data-element_type=\"container\" data-e-type=\"container\">\n\t\t\t\t\t<div class=\"e-con-inner\">\n\t\t<div class=\"elementor-element elementor-element-b17e2d6 e-con-full e-flex e-con e-child\" data-id=\"b17e2d6\" data-element_type=\"container\" data-e-type=\"container\">\n\t\t\t\t<div class=\"elementor-element elementor-element-2371a312 elementor-widget__width-initial elementor-widget elementor-widget-text-editor\" data-id=\"2371a312\" data-element_type=\"widget\" data-e-type=\"widget\" data-widget_type=\"text-editor.default\">\n\t\t\t\t<div class=\"elementor-widget-container\">\n\t\t\t\t\t\t\t\t\t<p><strong>Cechy produktu<\/strong><\/p>\n<ul>\n<li>\u015arednica miski nr 1: 50 cm<\/li>\n<li>\u015arednica miski nr 3: 96 cm<\/li><li>\u015arednica miski nr 4: 130 cm<\/li>\n<li>Wysoko\u015b\u0107: 170 cm<\/li>\n<li>Waga: 489 kg<\/li>\n<\/ul>\t\t\t\t\t\t\t\t<\/div>\n\t\t\t\t<\/div>\n\t\t\t\t<\/div>\n\t\t<div class=\"elementor-element elementor-element-e7494ea e-con-full e-flex e-con e-child\" data-id=\"e7494ea\" data-element_type=\"container\" data-e-type=\"container\">\n\t\t\t\t<div class=\"elementor-element elementor-element-24fff4f elementor-widget elementor-widget-text-editor\" data-id=\"24fff4f\" data-element_type=\"widget\" data-e-type=\"widget\" data-widget_type=\"text-editor.default\">\n\t\t\t\t<div class=\"elementor-widget-container\">\n\t\t\t\t\t\t\t\t\t<p>Nasze formy do fontann z w\u0142\u00f3kna szklanego s\u0105 idealnym rozwi\u0105zaniem do tworzenia wykwintnych i funkcjonalnych fontann. Zestaw form umo\u017cliwia stworzenie prefabrykowanej fontanny.\u00a0<\/p><p><strong>Dlaczego warto wybra\u0107 nasze formy z w\u0142\u00f3kna szklanego:<\/strong><\/p><p><strong>\u0141atwo\u015b\u0107 u\u017cytkowania:<\/strong>\u00a0Formy s\u0105 wykonywane z uwzgl\u0119dnieniem wszystkich cech produkcyjnych, a praca z nimi jest \u0142atwa i wygodna.<\/p><p><strong>Solidny i trwa\u0142y<\/strong>:Wykonane z wysokiej jako\u015bci w\u0142\u00f3kna szklanego formy s\u0105 gwarancj\u0105 d\u0142ugiej \u017cywotno\u015bci.<\/p><p><strong>Jako\u015b\u0107 produktu ko\u0144cowego:<\/strong>\u00a0Wykorzystuj\u0105c nasze formy, stworzysz fontann\u0119 o doskona\u0142ej jako\u015bci i atrakcyjnym wygl\u0105dzie.<\/p><p><strong>Wsparcie profesjonalne:<\/strong>\u00a0Nasz zesp\u00f3\u0142 s\u0142u\u017cy pomoc\u0105 na ka\u017cdym etapie projektu \u2013 pocz\u0105wszy od wyboru formy, a\u017c po wsparcie przez ca\u0142y okres jej u\u017cytkowania.\u00a0<\/p>\t\t\t\t\t\t\t\t<\/div>\n\t\t\t\t<\/div>\n\t\t\t\t<\/div>\n\t\t\t\t\t<\/div>\n\t\t\t\t<\/div>\n\t\t\t\t<\/div>","protected":false},"excerpt":{"rendered":"<p>Cechy produktu \u015arednica misy nr 1: 50 cm \u015arednica misy nr 3: 96 cm \u015arednica misy nr 4: 130 cm Wysoko\u015b\u0107: 170 cm Waga: 489 kg Nasze formy do fontann z w\u0142\u00f3kna szklanego to idealne rozwi\u0105zanie do tworzenia wykwintnych i funkcjonalnych fontann. Zestaw form umo\u017cliwia stworzenie gotowej fontanny. Dlaczego warto wybra\u0107 nasze formy do fontann z w\u0142\u00f3kna szklanego\u2026<\/p>","protected":false},"featured_media":3629,"template":"","meta":{"_kad_post_transparent":"default","_kad_post_title":"","_kad_post_layout":"default","_kad_post_sidebar_id":"","_kad_post_content_style":"default","_kad_post_vertical_padding":"default","_kad_post_feature":"","_kad_post_feature_position":"","_kad_post_header":false,"_kad_post_footer":false},"product_brand":[],"product_cat":[58],"product_tag":[],"class_list":{"0":"post-3628","1":"product","2":"type-product","3":"status-publish","4":"has-post-thumbnail","6":"product_cat-fountains","8":"first","9":"instock","10":"shipping-taxable","11":"product-type-simple","12":"entry","13":"content-bg","14":"loop-entry"},"acf":[],"yoast_head":"<!-- This site is optimized with the Yoast SEO plugin v23.1 - https:\/\/yoast.com\/wordpress\/plugins\/seo\/ -->\n<title>Fountain Mould art.31 - Fountain molds manufacturer<\/title>\n<meta name=\"description\" content=\"\u2705 Product&#039; set description: 3\ufe0f\u20e3 tiers; \u2716a pool; \u2714 the small sculpture &quot;Doves&quot;. Concrete fountain moulds by \u26a1Rockside\u26a1. Delivery throughout Europe\ud83c\udf0d.\" \/>\n<meta name=\"robots\" content=\"index, follow, max-snippet:-1, max-image-preview:large, max-video-preview:-1\" \/>\n<link rel=\"canonical\" href=\"https:\/\/mouldsart.com\/pl\/produkt\/sztuka-formy-fontannowej-31\/\" \/>\n<meta property=\"og:locale\" content=\"pl_PL\" \/>\n<meta property=\"og:type\" content=\"article\" \/>\n<meta property=\"og:title\" content=\"Fountain Mould art.31 - Fountain molds manufacturer\" \/>\n<meta property=\"og:description\" content=\"\u2705 Product&#039; set description: 3\ufe0f\u20e3 tiers; \u2716a pool; \u2714 the small sculpture &quot;Doves&quot;. Concrete fountain moulds by \u26a1Rockside\u26a1. Delivery throughout Europe\ud83c\udf0d.\" \/>\n<meta property=\"og:url\" content=\"https:\/\/mouldsart.com\/pl\/produkt\/sztuka-formy-fontannowej-31\/\" \/>\n<meta property=\"article:publisher\" content=\"https:\/\/www.facebook.com\/pc.vivat\" \/>\n<meta property=\"article:modified_time\" content=\"2024-06-18T09:15:32+00:00\" \/>\n<meta property=\"og:image\" content=\"https:\/\/mouldsart.com\/wp-content\/uploads\/2023\/10\/Fountain-art.-31.jpg\" \/>\n\t<meta property=\"og:image:width\" content=\"1080\" \/>\n\t<meta property=\"og:image:height\" content=\"1080\" \/>\n\t<meta property=\"og:image:type\" content=\"image\/jpeg\" \/>\n<meta name=\"twitter:card\" content=\"summary_large_image\" \/>\n<meta name=\"twitter:label1\" content=\"Szacowany czas czytania\" \/>\n\t<meta name=\"twitter:data1\" content=\"1 minuta\" \/>\n<script type=\"application\/ld+json\" class=\"yoast-schema-graph\">{\"@context\":\"https:\/\/schema.org\",\"@graph\":[{\"@type\":\"WebPage\",\"@id\":\"https:\/\/mouldsart.com\/product\/fountain-mould-art-31\/\",\"url\":\"https:\/\/mouldsart.com\/product\/fountain-mould-art-31\/\",\"name\":\"Fountain Mould art.31 - Fountain molds manufacturer\",\"isPartOf\":{\"@id\":\"https:\/\/mouldsart.com\/#website\"},\"primaryImageOfPage\":{\"@id\":\"https:\/\/mouldsart.com\/product\/fountain-mould-art-31\/#primaryimage\"},\"image\":{\"@id\":\"https:\/\/mouldsart.com\/product\/fountain-mould-art-31\/#primaryimage\"},\"thumbnailUrl\":\"https:\/\/i0.wp.com\/mouldsart.com\/wp-content\/uploads\/2023\/10\/Fountain-art.-31.jpg?fit=1080%2C1080&ssl=1\",\"datePublished\":\"2023-10-25T06:38:23+00:00\",\"dateModified\":\"2024-06-18T09:15:32+00:00\",\"description\":\"\u2705 Product' set description: 3\ufe0f\u20e3 tiers; \u2716a pool; \u2714 the small sculpture \\\"Doves\\\". Concrete fountain moulds by \u26a1Rockside\u26a1. Delivery throughout Europe\ud83c\udf0d.\",\"breadcrumb\":{\"@id\":\"https:\/\/mouldsart.com\/product\/fountain-mould-art-31\/#breadcrumb\"},\"inLanguage\":\"pl-PL\",\"potentialAction\":[{\"@type\":\"ReadAction\",\"target\":[\"https:\/\/mouldsart.com\/product\/fountain-mould-art-31\/\"]}]},{\"@type\":\"ImageObject\",\"inLanguage\":\"pl-PL\",\"@id\":\"https:\/\/mouldsart.com\/product\/fountain-mould-art-31\/#primaryimage\",\"url\":\"https:\/\/i0.wp.com\/mouldsart.com\/wp-content\/uploads\/2023\/10\/Fountain-art.-31.jpg?fit=1080%2C1080&ssl=1\",\"contentUrl\":\"https:\/\/i0.wp.com\/mouldsart.com\/wp-content\/uploads\/2023\/10\/Fountain-art.-31.jpg?fit=1080%2C1080&ssl=1\",\"width\":1080,\"height\":1080},{\"@type\":\"BreadcrumbList\",\"@id\":\"https:\/\/mouldsart.com\/product\/fountain-mould-art-31\/#breadcrumb\",\"itemListElement\":[{\"@type\":\"ListItem\",\"position\":1,\"name\":\"\u0413\u043b\u0430\u0432\u043d\u0430\u044f \u0441\u0442\u0440\u0430\u043d\u0438\u0446\u0430\",\"item\":\"https:\/\/mouldsart.com\/\"},{\"@type\":\"ListItem\",\"position\":2,\"name\":\"Vivat Company Moulds\",\"item\":\"https:\/\/mouldsart.com\/shop\/\"},{\"@type\":\"ListItem\",\"position\":3,\"name\":\"Fountain mould art.31\"}]},{\"@type\":\"WebSite\",\"@id\":\"https:\/\/mouldsart.com\/#website\",\"url\":\"https:\/\/mouldsart.com\/\",\"name\":\"Moulds\",\"description\":\"\",\"publisher\":{\"@id\":\"https:\/\/mouldsart.com\/#organization\"},\"potentialAction\":[{\"@type\":\"SearchAction\",\"target\":{\"@type\":\"EntryPoint\",\"urlTemplate\":\"https:\/\/mouldsart.com\/?s={search_term_string}\"},\"query-input\":\"required name=search_term_string\"}],\"inLanguage\":\"pl-PL\"},{\"@type\":\"Organization\",\"@id\":\"https:\/\/mouldsart.com\/#organization\",\"name\":\"Vivat\",\"url\":\"https:\/\/mouldsart.com\/\",\"logo\":{\"@type\":\"ImageObject\",\"inLanguage\":\"pl-PL\",\"@id\":\"https:\/\/mouldsart.com\/#\/schema\/logo\/image\/\",\"url\":\"https:\/\/i0.wp.com\/mouldsart.com\/wp-content\/uploads\/2025\/05\/cropped-logo1.png?fit=1080%2C558&ssl=1\",\"contentUrl\":\"https:\/\/i0.wp.com\/mouldsart.com\/wp-content\/uploads\/2025\/05\/cropped-logo1.png?fit=1080%2C558&ssl=1\",\"width\":1080,\"height\":558,\"caption\":\"Vivat\"},\"image\":{\"@id\":\"https:\/\/mouldsart.com\/#\/schema\/logo\/image\/\"},\"sameAs\":[\"https:\/\/www.facebook.com\/pc.vivat\",\"https:\/\/www.instagram.com\/pc_vivat\/\"]}]}<\/script>\n<!-- \/ Yoast SEO plugin. -->","yoast_head_json":{"title":"Forma do fontann art.31 - Producent form do fontann","description":"\u2705 Opis zestawu produkt\u00f3w: 3\ufe0f\u20e3 poziomy; \u2716basen; \u2714 ma\u0142a rze\u017aba \u201eGo\u0142\u0119bie\u201d. Formy do betonowych fontann od \u26a1Rockside\u26a1. Dostawa w ca\u0142ej Europie\ud83c\udf0d.","robots":{"index":"index","follow":"follow","max-snippet":"max-snippet:-1","max-image-preview":"max-image-preview:large","max-video-preview":"max-video-preview:-1"},"canonical":"https:\/\/mouldsart.com\/pl\/produkt\/sztuka-formy-fontannowej-31\/","og_locale":"pl_PL","og_type":"article","og_title":"Fountain Mould art.31 - Fountain molds manufacturer","og_description":"\u2705 Product' set description: 3\ufe0f\u20e3 tiers; \u2716a pool; \u2714 the small sculpture \"Doves\". Concrete fountain moulds by \u26a1Rockside\u26a1. Delivery throughout Europe\ud83c\udf0d.","og_url":"https:\/\/mouldsart.com\/pl\/produkt\/sztuka-formy-fontannowej-31\/","article_publisher":"https:\/\/www.facebook.com\/pc.vivat","article_modified_time":"2024-06-18T09:15:32+00:00","og_image":[{"width":1080,"height":1080,"url":"https:\/\/mouldsart.com\/wp-content\/uploads\/2023\/10\/Fountain-art.-31.jpg","type":"image\/jpeg"}],"twitter_card":"summary_large_image","twitter_misc":{"Szacowany czas czytania":"1 minuta"},"schema":{"@context":"https:\/\/schema.org","@graph":[{"@type":"WebPage","@id":"https:\/\/mouldsart.com\/product\/fountain-mould-art-31\/","url":"https:\/\/mouldsart.com\/product\/fountain-mould-art-31\/","name":"Forma do fontann art.31 - Producent form do fontann","isPartOf":{"@id":"https:\/\/mouldsart.com\/#website"},"primaryImageOfPage":{"@id":"https:\/\/mouldsart.com\/product\/fountain-mould-art-31\/#primaryimage"},"image":{"@id":"https:\/\/mouldsart.com\/product\/fountain-mould-art-31\/#primaryimage"},"thumbnailUrl":"https:\/\/i0.wp.com\/mouldsart.com\/wp-content\/uploads\/2023\/10\/Fountain-art.-31.jpg?fit=1080%2C1080&ssl=1","datePublished":"2023-10-25T06:38:23+00:00","dateModified":"2024-06-18T09:15:32+00:00","description":"\u2705 Opis zestawu produkt\u00f3w: 3\ufe0f\u20e3 poziomy; \u2716basen; \u2714 ma\u0142a rze\u017aba \u201eGo\u0142\u0119bie\u201d. Formy do betonowych fontann od \u26a1Rockside\u26a1. Dostawa w ca\u0142ej Europie\ud83c\udf0d.","breadcrumb":{"@id":"https:\/\/mouldsart.com\/product\/fountain-mould-art-31\/#breadcrumb"},"inLanguage":"pl-PL","potentialAction":[{"@type":"ReadAction","target":["https:\/\/mouldsart.com\/product\/fountain-mould-art-31\/"]}]},{"@type":"ImageObject","inLanguage":"pl-PL","@id":"https:\/\/mouldsart.com\/product\/fountain-mould-art-31\/#primaryimage","url":"https:\/\/i0.wp.com\/mouldsart.com\/wp-content\/uploads\/2023\/10\/Fountain-art.-31.jpg?fit=1080%2C1080&ssl=1","contentUrl":"https:\/\/i0.wp.com\/mouldsart.com\/wp-content\/uploads\/2023\/10\/Fountain-art.-31.jpg?fit=1080%2C1080&ssl=1","width":1080,"height":1080},{"@type":"BreadcrumbList","@id":"https:\/\/mouldsart.com\/product\/fountain-mould-art-31\/#breadcrumb","itemListElement":[{"@type":"ListItem","position":1,"name":"\u0413\u043b\u0430\u0432\u043d\u0430\u044f \u0441\u0442\u0440\u0430\u043d\u0438\u0446\u0430","item":"https:\/\/mouldsart.com\/"},{"@type":"ListItem","position":2,"name":"Vivat Company Moulds","item":"https:\/\/mouldsart.com\/shop\/"},{"@type":"ListItem","position":3,"name":"Fountain mould art.31"}]},{"@type":"WebSite","@id":"https:\/\/mouldsart.com\/#website","url":"https:\/\/mouldsart.com\/","name":"Formy","description":"","publisher":{"@id":"https:\/\/mouldsart.com\/#organization"},"potentialAction":[{"@type":"SearchAction","target":{"@type":"EntryPoint","urlTemplate":"https:\/\/mouldsart.com\/?s={search_term_string}"},"query-input":"required name=search_term_string"}],"inLanguage":"pl-PL"},{"@type":"Organization","@id":"https:\/\/mouldsart.com\/#organization","name":"\u017by\u0107","url":"https:\/\/mouldsart.com\/","logo":{"@type":"ImageObject","inLanguage":"pl-PL","@id":"https:\/\/mouldsart.com\/#\/schema\/logo\/image\/","url":"https:\/\/i0.wp.com\/mouldsart.com\/wp-content\/uploads\/2025\/05\/cropped-logo1.png?fit=1080%2C558&ssl=1","contentUrl":"https:\/\/i0.wp.com\/mouldsart.com\/wp-content\/uploads\/2025\/05\/cropped-logo1.png?fit=1080%2C558&ssl=1","width":1080,"height":558,"caption":"Vivat"},"image":{"@id":"https:\/\/mouldsart.com\/#\/schema\/logo\/image\/"},"sameAs":["https:\/\/www.facebook.com\/pc.vivat","https:\/\/www.instagram.com\/pc_vivat\/"]}]}},"jetpack_sharing_enabled":true,"_links":{"self":[{"href":"https:\/\/mouldsart.com\/pl\/wp-json\/wp\/v2\/product\/3628","targetHints":{"allow":["GET"]}}],"collection":[{"href":"https:\/\/mouldsart.com\/pl\/wp-json\/wp\/v2\/product"}],"about":[{"href":"https:\/\/mouldsart.com\/pl\/wp-json\/wp\/v2\/types\/product"}],"version-history":[{"count":5,"href":"https:\/\/mouldsart.com\/pl\/wp-json\/wp\/v2\/product\/3628\/revisions"}],"predecessor-version":[{"id":5404,"href":"https:\/\/mouldsart.com\/pl\/wp-json\/wp\/v2\/product\/3628\/revisions\/5404"}],"wp:featuredmedia":[{"embeddable":true,"href":"https:\/\/mouldsart.com\/pl\/wp-json\/wp\/v2\/media\/3629"}],"wp:attachment":[{"href":"https:\/\/mouldsart.com\/pl\/wp-json\/wp\/v2\/media?parent=3628"}],"wp:term":[{"taxonomy":"product_brand","embeddable":true,"href":"https:\/\/mouldsart.com\/pl\/wp-json\/wp\/v2\/product_brand?post=3628"},{"taxonomy":"product_cat","embeddable":true,"href":"https:\/\/mouldsart.com\/pl\/wp-json\/wp\/v2\/product_cat?post=3628"},{"taxonomy":"product_tag","embeddable":true,"href":"https:\/\/mouldsart.com\/pl\/wp-json\/wp\/v2\/product_tag?post=3628"}],"curies":[{"name":"wp","href":"https:\/\/api.w.org\/{rel}","templated":true}]}}