{"id":2791,"date":"2023-10-19T11:02:01","date_gmt":"2023-10-19T08:02:01","guid":{"rendered":"https:\/\/mouldsart.com\/?post_type=product&#038;p=2791"},"modified":"2025-05-14T10:11:22","modified_gmt":"2025-05-14T07:11:22","slug":"parking-bollard-mould","status":"publish","type":"product","link":"https:\/\/mouldsart.com\/pl\/produkt\/forma-slupka-parkingowego\/","title":{"rendered":"S\u0142upek parkingowy nr 1 forma"},"content":{"rendered":"<div data-elementor-type=\"product-post\" data-elementor-id=\"2791\" class=\"elementor elementor-2791\" data-elementor-post-type=\"product\">\n\t\t\t\t<div class=\"elementor-element elementor-element-749ae54 e-flex e-con-boxed e-con e-parent\" data-id=\"749ae54\" data-element_type=\"container\" data-e-type=\"container\">\n\t\t\t\t\t<div class=\"e-con-inner\">\n\t\t<div class=\"elementor-element elementor-element-bf97e47 e-con-full e-flex e-con e-child\" data-id=\"bf97e47\" data-element_type=\"container\" data-e-type=\"container\">\n\t\t\t\t<div class=\"elementor-element elementor-element-2371a312 elementor-widget elementor-widget-text-editor\" data-id=\"2371a312\" data-element_type=\"widget\" data-e-type=\"widget\" data-widget_type=\"text-editor.default\">\n\t\t\t\t<div class=\"elementor-widget-container\">\n\t\t\t\t\t\t\t\t\t<p><strong>Cechy produktu<\/strong><\/p><ul><li>Wysoko\u015b\u0107: 50 cm<\/li><li>\u015arednica: 25 cm<\/li><li>Waga: 50 kg<\/li><\/ul><p>S\u0142upek parkingowy to niezawodny i praktyczny produkt s\u0142u\u017c\u0105cy do ograniczania dost\u0119pu do miejsc parkingowych i ochrony pieszych. Jest to niezawodne i trwa\u0142e rozwi\u0105zanie zapewniaj\u0105ce porz\u0105dek na parkingu.<\/p>\t\t\t\t\t\t\t\t<\/div>\n\t\t\t\t<\/div>\n\t\t\t\t<\/div>\n\t\t\t\t\t<\/div>\n\t\t\t\t<\/div>\n\t\t\t\t<\/div>","protected":false},"excerpt":{"rendered":"<p>Cechy produktu Wysoko\u015b\u0107: 50 cm \u015arednica: 25 cm Waga: 50 kg S\u0142upek parkingowy to niezawodny i praktyczny produkt s\u0142u\u017c\u0105cy do ograniczania dost\u0119pu do miejsc parkingowych i ochrony pieszych. Jest to niezawodne i trwa\u0142e rozwi\u0105zanie zapewniaj\u0105ce porz\u0105dek na parkingu.<\/p>","protected":false},"featured_media":2792,"template":"","meta":{"_kad_post_transparent":"default","_kad_post_title":"","_kad_post_layout":"default","_kad_post_sidebar_id":"","_kad_post_content_style":"default","_kad_post_vertical_padding":"default","_kad_post_feature":"","_kad_post_feature_position":"","_kad_post_header":false,"_kad_post_footer":false},"product_brand":[],"product_cat":[73],"product_tag":[],"class_list":{"0":"post-2791","1":"product","2":"type-product","3":"status-publish","4":"has-post-thumbnail","6":"product_cat-parking-elements","7":"pa_assignment-concrete","8":"pa_assignment-plaster","9":"pa_material-fiberglass-metal","11":"first","12":"instock","13":"shipping-taxable","14":"purchasable","15":"product-type-simple","16":"entry","17":"content-bg","18":"loop-entry"},"acf":[],"yoast_head":"<!-- This site is optimized with the Yoast SEO plugin v23.1 - https:\/\/yoast.com\/wordpress\/plugins\/seo\/ -->\n<title>Parking bollard \u21161 mould - Concrete parking blocks molds for sale<\/title>\n<meta name=\"description\" content=\"Product Features: \u2714height - 50 cm; \u2714diameter -25 cm. \u27a1Mould material: fiberglass \u2795 metal. \u2705 Assignment: concrete or plaster. The manufacturer - Ukraine \ud83d\udc99\ud83d\udc9b.\" \/>\n<meta name=\"robots\" content=\"index, follow, max-snippet:-1, max-image-preview:large, max-video-preview:-1\" \/>\n<link rel=\"canonical\" href=\"https:\/\/mouldsart.com\/pl\/produkt\/forma-slupka-parkingowego\/\" \/>\n<meta property=\"og:locale\" content=\"pl_PL\" \/>\n<meta property=\"og:type\" content=\"article\" \/>\n<meta property=\"og:title\" content=\"Parking bollard \u21161 mould - Concrete parking blocks molds for sale\" \/>\n<meta property=\"og:description\" content=\"Product Features: \u2714height - 50 cm; \u2714diameter -25 cm. \u27a1Mould material: fiberglass \u2795 metal. \u2705 Assignment: concrete or plaster. The manufacturer - Ukraine \ud83d\udc99\ud83d\udc9b.\" \/>\n<meta property=\"og:url\" content=\"https:\/\/mouldsart.com\/pl\/produkt\/forma-slupka-parkingowego\/\" \/>\n<meta property=\"article:publisher\" content=\"https:\/\/www.facebook.com\/pc.vivat\" \/>\n<meta property=\"article:modified_time\" content=\"2025-05-14T07:11:22+00:00\" \/>\n<meta property=\"og:image\" content=\"https:\/\/mouldsart.com\/wp-content\/uploads\/2023\/10\/Parking-bollard-Rockside.png\" \/>\n\t<meta property=\"og:image:width\" content=\"800\" \/>\n\t<meta property=\"og:image:height\" content=\"800\" \/>\n\t<meta property=\"og:image:type\" content=\"image\/png\" \/>\n<meta name=\"twitter:card\" content=\"summary_large_image\" \/>\n<meta name=\"twitter:label1\" content=\"Szacowany czas czytania\" \/>\n\t<meta name=\"twitter:data1\" content=\"1 minuta\" \/>\n<script type=\"application\/ld+json\" class=\"yoast-schema-graph\">{\"@context\":\"https:\/\/schema.org\",\"@graph\":[{\"@type\":\"WebPage\",\"@id\":\"https:\/\/mouldsart.com\/product\/parking-bollard-mould\/\",\"url\":\"https:\/\/mouldsart.com\/product\/parking-bollard-mould\/\",\"name\":\"Parking bollard \u21161 mould - Concrete parking blocks molds for sale\",\"isPartOf\":{\"@id\":\"https:\/\/mouldsart.com\/#website\"},\"primaryImageOfPage\":{\"@id\":\"https:\/\/mouldsart.com\/product\/parking-bollard-mould\/#primaryimage\"},\"image\":{\"@id\":\"https:\/\/mouldsart.com\/product\/parking-bollard-mould\/#primaryimage\"},\"thumbnailUrl\":\"https:\/\/i0.wp.com\/mouldsart.com\/wp-content\/uploads\/2023\/10\/Parking-bollard-Rockside.png?fit=800%2C800&ssl=1\",\"datePublished\":\"2023-10-19T08:02:01+00:00\",\"dateModified\":\"2025-05-14T07:11:22+00:00\",\"description\":\"Product Features: \u2714height - 50 cm; \u2714diameter -25 cm. \u27a1Mould material: fiberglass \u2795 metal. \u2705 Assignment: concrete or plaster. The manufacturer - Ukraine \ud83d\udc99\ud83d\udc9b.\",\"breadcrumb\":{\"@id\":\"https:\/\/mouldsart.com\/product\/parking-bollard-mould\/#breadcrumb\"},\"inLanguage\":\"pl-PL\",\"potentialAction\":[{\"@type\":\"ReadAction\",\"target\":[\"https:\/\/mouldsart.com\/product\/parking-bollard-mould\/\"]}]},{\"@type\":\"ImageObject\",\"inLanguage\":\"pl-PL\",\"@id\":\"https:\/\/mouldsart.com\/product\/parking-bollard-mould\/#primaryimage\",\"url\":\"https:\/\/i0.wp.com\/mouldsart.com\/wp-content\/uploads\/2023\/10\/Parking-bollard-Rockside.png?fit=800%2C800&ssl=1\",\"contentUrl\":\"https:\/\/i0.wp.com\/mouldsart.com\/wp-content\/uploads\/2023\/10\/Parking-bollard-Rockside.png?fit=800%2C800&ssl=1\",\"width\":800,\"height\":800},{\"@type\":\"BreadcrumbList\",\"@id\":\"https:\/\/mouldsart.com\/product\/parking-bollard-mould\/#breadcrumb\",\"itemListElement\":[{\"@type\":\"ListItem\",\"position\":1,\"name\":\"\u0413\u043b\u0430\u0432\u043d\u0430\u044f \u0441\u0442\u0440\u0430\u043d\u0438\u0446\u0430\",\"item\":\"https:\/\/mouldsart.com\/\"},{\"@type\":\"ListItem\",\"position\":2,\"name\":\"Vivat Company Moulds\",\"item\":\"https:\/\/mouldsart.com\/shop\/\"},{\"@type\":\"ListItem\",\"position\":3,\"name\":\"Parking bollard \u21161 mould\"}]},{\"@type\":\"WebSite\",\"@id\":\"https:\/\/mouldsart.com\/#website\",\"url\":\"https:\/\/mouldsart.com\/\",\"name\":\"Moulds\",\"description\":\"\",\"publisher\":{\"@id\":\"https:\/\/mouldsart.com\/#organization\"},\"potentialAction\":[{\"@type\":\"SearchAction\",\"target\":{\"@type\":\"EntryPoint\",\"urlTemplate\":\"https:\/\/mouldsart.com\/?s={search_term_string}\"},\"query-input\":\"required name=search_term_string\"}],\"inLanguage\":\"pl-PL\"},{\"@type\":\"Organization\",\"@id\":\"https:\/\/mouldsart.com\/#organization\",\"name\":\"Vivat\",\"url\":\"https:\/\/mouldsart.com\/\",\"logo\":{\"@type\":\"ImageObject\",\"inLanguage\":\"pl-PL\",\"@id\":\"https:\/\/mouldsart.com\/#\/schema\/logo\/image\/\",\"url\":\"https:\/\/i0.wp.com\/mouldsart.com\/wp-content\/uploads\/2025\/05\/cropped-logo1.png?fit=1080%2C558&ssl=1\",\"contentUrl\":\"https:\/\/i0.wp.com\/mouldsart.com\/wp-content\/uploads\/2025\/05\/cropped-logo1.png?fit=1080%2C558&ssl=1\",\"width\":1080,\"height\":558,\"caption\":\"Vivat\"},\"image\":{\"@id\":\"https:\/\/mouldsart.com\/#\/schema\/logo\/image\/\"},\"sameAs\":[\"https:\/\/www.facebook.com\/pc.vivat\",\"https:\/\/www.instagram.com\/pc_vivat\/\"]}]}<\/script>\n<!-- \/ Yoast SEO plugin. -->","yoast_head_json":{"title":"Forma s\u0142upka parkingowego nr 1 - Formy do betonowych blok\u00f3w parkingowych na sprzeda\u017c","description":"Cechy produktu: \u2714wysoko\u015b\u0107 - 50 cm; \u2714\u015brednica -25 cm. \u27a1Materia\u0142 formy: w\u0142\u00f3kno szklane \u2795 metal. \u2705 Przeznaczenie: beton lub tynk. Producent - Ukraina \ud83d\udc99\ud83d\udc9b.","robots":{"index":"index","follow":"follow","max-snippet":"max-snippet:-1","max-image-preview":"max-image-preview:large","max-video-preview":"max-video-preview:-1"},"canonical":"https:\/\/mouldsart.com\/pl\/produkt\/forma-slupka-parkingowego\/","og_locale":"pl_PL","og_type":"article","og_title":"Parking bollard \u21161 mould - Concrete parking blocks molds for sale","og_description":"Product Features: \u2714height - 50 cm; \u2714diameter -25 cm. \u27a1Mould material: fiberglass \u2795 metal. \u2705 Assignment: concrete or plaster. The manufacturer - Ukraine \ud83d\udc99\ud83d\udc9b.","og_url":"https:\/\/mouldsart.com\/pl\/produkt\/forma-slupka-parkingowego\/","article_publisher":"https:\/\/www.facebook.com\/pc.vivat","article_modified_time":"2025-05-14T07:11:22+00:00","og_image":[{"width":800,"height":800,"url":"https:\/\/mouldsart.com\/wp-content\/uploads\/2023\/10\/Parking-bollard-Rockside.png","type":"image\/png"}],"twitter_card":"summary_large_image","twitter_misc":{"Szacowany czas czytania":"1 minuta"},"schema":{"@context":"https:\/\/schema.org","@graph":[{"@type":"WebPage","@id":"https:\/\/mouldsart.com\/product\/parking-bollard-mould\/","url":"https:\/\/mouldsart.com\/product\/parking-bollard-mould\/","name":"Forma s\u0142upka parkingowego nr 1 - Formy do betonowych blok\u00f3w parkingowych na sprzeda\u017c","isPartOf":{"@id":"https:\/\/mouldsart.com\/#website"},"primaryImageOfPage":{"@id":"https:\/\/mouldsart.com\/product\/parking-bollard-mould\/#primaryimage"},"image":{"@id":"https:\/\/mouldsart.com\/product\/parking-bollard-mould\/#primaryimage"},"thumbnailUrl":"https:\/\/i0.wp.com\/mouldsart.com\/wp-content\/uploads\/2023\/10\/Parking-bollard-Rockside.png?fit=800%2C800&ssl=1","datePublished":"2023-10-19T08:02:01+00:00","dateModified":"2025-05-14T07:11:22+00:00","description":"Cechy produktu: \u2714wysoko\u015b\u0107 - 50 cm; \u2714\u015brednica -25 cm. \u27a1Materia\u0142 formy: w\u0142\u00f3kno szklane \u2795 metal. \u2705 Przeznaczenie: beton lub tynk. Producent - Ukraina \ud83d\udc99\ud83d\udc9b.","breadcrumb":{"@id":"https:\/\/mouldsart.com\/product\/parking-bollard-mould\/#breadcrumb"},"inLanguage":"pl-PL","potentialAction":[{"@type":"ReadAction","target":["https:\/\/mouldsart.com\/product\/parking-bollard-mould\/"]}]},{"@type":"ImageObject","inLanguage":"pl-PL","@id":"https:\/\/mouldsart.com\/product\/parking-bollard-mould\/#primaryimage","url":"https:\/\/i0.wp.com\/mouldsart.com\/wp-content\/uploads\/2023\/10\/Parking-bollard-Rockside.png?fit=800%2C800&ssl=1","contentUrl":"https:\/\/i0.wp.com\/mouldsart.com\/wp-content\/uploads\/2023\/10\/Parking-bollard-Rockside.png?fit=800%2C800&ssl=1","width":800,"height":800},{"@type":"BreadcrumbList","@id":"https:\/\/mouldsart.com\/product\/parking-bollard-mould\/#breadcrumb","itemListElement":[{"@type":"ListItem","position":1,"name":"\u0413\u043b\u0430\u0432\u043d\u0430\u044f \u0441\u0442\u0440\u0430\u043d\u0438\u0446\u0430","item":"https:\/\/mouldsart.com\/"},{"@type":"ListItem","position":2,"name":"Vivat Company Moulds","item":"https:\/\/mouldsart.com\/shop\/"},{"@type":"ListItem","position":3,"name":"Parking bollard \u21161 mould"}]},{"@type":"WebSite","@id":"https:\/\/mouldsart.com\/#website","url":"https:\/\/mouldsart.com\/","name":"Formy","description":"","publisher":{"@id":"https:\/\/mouldsart.com\/#organization"},"potentialAction":[{"@type":"SearchAction","target":{"@type":"EntryPoint","urlTemplate":"https:\/\/mouldsart.com\/?s={search_term_string}"},"query-input":"required name=search_term_string"}],"inLanguage":"pl-PL"},{"@type":"Organization","@id":"https:\/\/mouldsart.com\/#organization","name":"\u017by\u0107","url":"https:\/\/mouldsart.com\/","logo":{"@type":"ImageObject","inLanguage":"pl-PL","@id":"https:\/\/mouldsart.com\/#\/schema\/logo\/image\/","url":"https:\/\/i0.wp.com\/mouldsart.com\/wp-content\/uploads\/2025\/05\/cropped-logo1.png?fit=1080%2C558&ssl=1","contentUrl":"https:\/\/i0.wp.com\/mouldsart.com\/wp-content\/uploads\/2025\/05\/cropped-logo1.png?fit=1080%2C558&ssl=1","width":1080,"height":558,"caption":"Vivat"},"image":{"@id":"https:\/\/mouldsart.com\/#\/schema\/logo\/image\/"},"sameAs":["https:\/\/www.facebook.com\/pc.vivat","https:\/\/www.instagram.com\/pc_vivat\/"]}]}},"jetpack_sharing_enabled":true,"_links":{"self":[{"href":"https:\/\/mouldsart.com\/pl\/wp-json\/wp\/v2\/product\/2791","targetHints":{"allow":["GET"]}}],"collection":[{"href":"https:\/\/mouldsart.com\/pl\/wp-json\/wp\/v2\/product"}],"about":[{"href":"https:\/\/mouldsart.com\/pl\/wp-json\/wp\/v2\/types\/product"}],"version-history":[{"count":17,"href":"https:\/\/mouldsart.com\/pl\/wp-json\/wp\/v2\/product\/2791\/revisions"}],"predecessor-version":[{"id":7541,"href":"https:\/\/mouldsart.com\/pl\/wp-json\/wp\/v2\/product\/2791\/revisions\/7541"}],"wp:featuredmedia":[{"embeddable":true,"href":"https:\/\/mouldsart.com\/pl\/wp-json\/wp\/v2\/media\/2792"}],"wp:attachment":[{"href":"https:\/\/mouldsart.com\/pl\/wp-json\/wp\/v2\/media?parent=2791"}],"wp:term":[{"taxonomy":"product_brand","embeddable":true,"href":"https:\/\/mouldsart.com\/pl\/wp-json\/wp\/v2\/product_brand?post=2791"},{"taxonomy":"product_cat","embeddable":true,"href":"https:\/\/mouldsart.com\/pl\/wp-json\/wp\/v2\/product_cat?post=2791"},{"taxonomy":"product_tag","embeddable":true,"href":"https:\/\/mouldsart.com\/pl\/wp-json\/wp\/v2\/product_tag?post=2791"}],"curies":[{"name":"wp","href":"https:\/\/api.w.org\/{rel}","templated":true}]}}