{"id":2765,"date":"2023-10-19T10:29:38","date_gmt":"2023-10-19T07:29:38","guid":{"rendered":"https:\/\/mouldsart.com\/?post_type=product&#038;p=2765"},"modified":"2025-04-03T14:57:29","modified_gmt":"2025-04-03T11:57:29","slug":"stopper-l-mould","status":"publish","type":"product","link":"https:\/\/mouldsart.com\/pl\/produkt\/korek-l-forma\/","title":{"rendered":"Blok parkingowy \u201eStoper\u201d forma L"},"content":{"rendered":"<div data-elementor-type=\"product-post\" data-elementor-id=\"2765\" class=\"elementor elementor-2765\" data-elementor-post-type=\"product\">\n\t\t\t\t<div class=\"elementor-element elementor-element-749ae54 e-flex e-con-boxed e-con e-parent\" data-id=\"749ae54\" data-element_type=\"container\" data-e-type=\"container\">\n\t\t\t\t\t<div class=\"e-con-inner\">\n\t\t<div class=\"elementor-element elementor-element-bf97e47 e-con-full e-flex e-con e-child\" data-id=\"bf97e47\" data-element_type=\"container\" data-e-type=\"container\">\n\t\t\t\t<div class=\"elementor-element elementor-element-2371a312 elementor-widget elementor-widget-text-editor\" data-id=\"2371a312\" data-element_type=\"widget\" data-e-type=\"widget\" data-widget_type=\"text-editor.default\">\n\t\t\t\t<div class=\"elementor-widget-container\">\n\t\t\t\t\t\t\t\t\t<p><strong>Cechy produktu<\/strong><\/p>\n<ul>\n<li>Wysoko\u015b\u0107: 32 cm<\/li>\n<li>\u015arednica: 60 cm<\/li>\n<li>Waga: 140 kg<\/li>\n<\/ul>\n<p>P\u00f3\u0142kula ograniczaj\u0105ca ruch pojazd\u00f3w jest niezawodnym i skutecznym \u015brodkiem zapewniaj\u0105cym bezpiecze\u0144stwo na drodze. Jej funkcj\u0105 jest kontrola ruchu pojazd\u00f3w w strefach ograniczonych oraz zapewnienie bezpiecze\u0144stwa pieszym i rowerzystom.<\/p>\t\t\t\t\t\t\t\t<\/div>\n\t\t\t\t<\/div>\n\t\t\t\t<\/div>\n\t\t<div class=\"elementor-element elementor-element-33fd6df e-con-full e-flex e-con e-child\" data-id=\"33fd6df\" data-element_type=\"container\" data-e-type=\"container\">\n\t\t\t\t<div class=\"elementor-element elementor-element-597ecec elementor-arrows-position-inside elementor-pagination-position-outside elementor-widget elementor-widget-image-carousel\" data-id=\"597ecec\" data-element_type=\"widget\" data-e-type=\"widget\" data-settings=\"{&quot;slides_to_show&quot;:&quot;1&quot;,&quot;navigation&quot;:&quot;both&quot;,&quot;autoplay&quot;:&quot;yes&quot;,&quot;pause_on_hover&quot;:&quot;yes&quot;,&quot;pause_on_interaction&quot;:&quot;yes&quot;,&quot;autoplay_speed&quot;:5000,&quot;infinite&quot;:&quot;yes&quot;,&quot;effect&quot;:&quot;slide&quot;,&quot;speed&quot;:500}\" data-widget_type=\"image-carousel.default\">\n\t\t\t\t<div class=\"elementor-widget-container\">\n\t\t\t\t\t\t\t<div class=\"elementor-image-carousel-wrapper swiper\" role=\"region\" aria-roledescription=\"carousel\" aria-label=\"Karuzela obrazk\u00f3w\" dir=\"ltr\">\n\t\t\t<div class=\"elementor-image-carousel swiper-wrapper\" aria-live=\"off\">\n\t\t\t\t\t\t\t\t<div class=\"swiper-slide\" role=\"group\" aria-roledescription=\"slide\" aria-label=\"1 z 1\"><figure class=\"swiper-slide-inner\"><img decoding=\"async\" class=\"swiper-slide-image\" src=\"https:\/\/i0.wp.com\/mouldsart.com\/wp-content\/uploads\/2023\/10\/photo_2023-10-19_10-05-04.jpg?fit=1080%2C731&amp;ssl=1\" alt=\"zdj\u0119cie_2023-10-19_10-05-04\" \/><\/figure><\/div>\t\t\t<\/div>\n\t\t\t\t\t<\/div>\n\t\t\t\t\t\t<\/div>\n\t\t\t\t<\/div>\n\t\t\t\t<\/div>\n\t\t\t\t\t<\/div>\n\t\t\t\t<\/div>\n\t\t\t\t<\/div>","protected":false},"excerpt":{"rendered":"<p>Cechy produktu Wysoko\u015b\u0107: 32 cm \u015arednica: 60 cm Waga: 140 kg P\u00f3\u0142kula zabezpieczaj\u0105ca pojazd jest niezawodnym i skutecznym \u015brodkiem zapewniaj\u0105cym bezpiecze\u0144stwo na drodze. Jej funkcj\u0105 jest kontrola ruchu pojazd\u00f3w w strefach ograniczonego ruchu oraz zapewnienie bezpiecze\u0144stwa pieszym i rowerzystom.<\/p>","protected":false},"featured_media":2766,"template":"","meta":{"_kad_post_transparent":"default","_kad_post_title":"","_kad_post_layout":"default","_kad_post_sidebar_id":"","_kad_post_content_style":"default","_kad_post_vertical_padding":"default","_kad_post_feature":"","_kad_post_feature_position":"","_kad_post_header":false,"_kad_post_footer":false},"product_brand":[],"product_cat":[73],"product_tag":[],"class_list":{"0":"post-2765","1":"product","2":"type-product","3":"status-publish","4":"has-post-thumbnail","6":"product_cat-parking-elements","7":"pa_assignment-concrete","8":"pa_assignment-plaster","9":"pa_material-fiberglass-metal","11":"first","12":"instock","13":"shipping-taxable","14":"purchasable","15":"product-type-simple","16":"entry","17":"content-bg","18":"loop-entry"},"acf":[],"yoast_head":"<!-- This site is optimized with the Yoast SEO plugin v23.1 - https:\/\/yoast.com\/wordpress\/plugins\/seo\/ -->\n<title>Parking block &quot;Stoper&quot; L mould - Concrete parking blocks molds for sale<\/title>\n<meta name=\"description\" content=\"Product Features: \u2714height - 32 cm; \u2714diameter - 60 cm. \u27a1Mould material: fiberglass \u2795 metal. Delivery throughout Europe \ud83c\udf0d. The country - Ukraine \ud83d\udc99\ud83d\udc9b.\" \/>\n<meta name=\"robots\" content=\"index, follow, max-snippet:-1, max-image-preview:large, max-video-preview:-1\" \/>\n<link rel=\"canonical\" href=\"https:\/\/mouldsart.com\/pl\/produkt\/korek-l-forma\/\" \/>\n<meta property=\"og:locale\" content=\"pl_PL\" \/>\n<meta property=\"og:type\" content=\"article\" \/>\n<meta property=\"og:title\" content=\"Parking block &quot;Stoper&quot; L mould - Concrete parking blocks molds for sale\" \/>\n<meta property=\"og:description\" content=\"Product Features: \u2714height - 32 cm; \u2714diameter - 60 cm. \u27a1Mould material: fiberglass \u2795 metal. Delivery throughout Europe \ud83c\udf0d. The country - Ukraine \ud83d\udc99\ud83d\udc9b.\" \/>\n<meta property=\"og:url\" content=\"https:\/\/mouldsart.com\/pl\/produkt\/korek-l-forma\/\" \/>\n<meta property=\"article:publisher\" content=\"https:\/\/www.facebook.com\/pc.vivat\" \/>\n<meta property=\"article:modified_time\" content=\"2025-04-03T11:57:29+00:00\" \/>\n<meta property=\"og:image\" content=\"https:\/\/mouldsart.com\/wp-content\/uploads\/2023\/10\/Stopper-L.jpg\" \/>\n\t<meta property=\"og:image:width\" content=\"800\" \/>\n\t<meta property=\"og:image:height\" content=\"800\" \/>\n\t<meta property=\"og:image:type\" content=\"image\/jpeg\" \/>\n<meta name=\"twitter:card\" content=\"summary_large_image\" \/>\n<meta name=\"twitter:label1\" content=\"Szacowany czas czytania\" \/>\n\t<meta name=\"twitter:data1\" content=\"1 minuta\" \/>\n<script type=\"application\/ld+json\" class=\"yoast-schema-graph\">{\"@context\":\"https:\/\/schema.org\",\"@graph\":[{\"@type\":\"WebPage\",\"@id\":\"https:\/\/mouldsart.com\/product\/stopper-l-mould\/\",\"url\":\"https:\/\/mouldsart.com\/product\/stopper-l-mould\/\",\"name\":\"Parking block \\\"Stoper\\\" L mould - Concrete parking blocks molds for sale\",\"isPartOf\":{\"@id\":\"https:\/\/mouldsart.com\/#website\"},\"primaryImageOfPage\":{\"@id\":\"https:\/\/mouldsart.com\/product\/stopper-l-mould\/#primaryimage\"},\"image\":{\"@id\":\"https:\/\/mouldsart.com\/product\/stopper-l-mould\/#primaryimage\"},\"thumbnailUrl\":\"https:\/\/i0.wp.com\/mouldsart.com\/wp-content\/uploads\/2023\/10\/Stopper-L.jpg?fit=800%2C800&ssl=1\",\"datePublished\":\"2023-10-19T07:29:38+00:00\",\"dateModified\":\"2025-04-03T11:57:29+00:00\",\"description\":\"Product Features: \u2714height - 32 cm; \u2714diameter - 60 cm. \u27a1Mould material: fiberglass \u2795 metal. Delivery throughout Europe \ud83c\udf0d. The country - Ukraine \ud83d\udc99\ud83d\udc9b.\",\"breadcrumb\":{\"@id\":\"https:\/\/mouldsart.com\/product\/stopper-l-mould\/#breadcrumb\"},\"inLanguage\":\"pl-PL\",\"potentialAction\":[{\"@type\":\"ReadAction\",\"target\":[\"https:\/\/mouldsart.com\/product\/stopper-l-mould\/\"]}]},{\"@type\":\"ImageObject\",\"inLanguage\":\"pl-PL\",\"@id\":\"https:\/\/mouldsart.com\/product\/stopper-l-mould\/#primaryimage\",\"url\":\"https:\/\/i0.wp.com\/mouldsart.com\/wp-content\/uploads\/2023\/10\/Stopper-L.jpg?fit=800%2C800&ssl=1\",\"contentUrl\":\"https:\/\/i0.wp.com\/mouldsart.com\/wp-content\/uploads\/2023\/10\/Stopper-L.jpg?fit=800%2C800&ssl=1\",\"width\":800,\"height\":800},{\"@type\":\"BreadcrumbList\",\"@id\":\"https:\/\/mouldsart.com\/product\/stopper-l-mould\/#breadcrumb\",\"itemListElement\":[{\"@type\":\"ListItem\",\"position\":1,\"name\":\"\u0413\u043b\u0430\u0432\u043d\u0430\u044f \u0441\u0442\u0440\u0430\u043d\u0438\u0446\u0430\",\"item\":\"https:\/\/mouldsart.com\/\"},{\"@type\":\"ListItem\",\"position\":2,\"name\":\"Vivat Company Moulds\",\"item\":\"https:\/\/mouldsart.com\/shop\/\"},{\"@type\":\"ListItem\",\"position\":3,\"name\":\"Parking block &#8220;Stoper&#8221; L mould\"}]},{\"@type\":\"WebSite\",\"@id\":\"https:\/\/mouldsart.com\/#website\",\"url\":\"https:\/\/mouldsart.com\/\",\"name\":\"Moulds\",\"description\":\"\",\"publisher\":{\"@id\":\"https:\/\/mouldsart.com\/#organization\"},\"potentialAction\":[{\"@type\":\"SearchAction\",\"target\":{\"@type\":\"EntryPoint\",\"urlTemplate\":\"https:\/\/mouldsart.com\/?s={search_term_string}\"},\"query-input\":\"required name=search_term_string\"}],\"inLanguage\":\"pl-PL\"},{\"@type\":\"Organization\",\"@id\":\"https:\/\/mouldsart.com\/#organization\",\"name\":\"Vivat\",\"url\":\"https:\/\/mouldsart.com\/\",\"logo\":{\"@type\":\"ImageObject\",\"inLanguage\":\"pl-PL\",\"@id\":\"https:\/\/mouldsart.com\/#\/schema\/logo\/image\/\",\"url\":\"https:\/\/i0.wp.com\/mouldsart.com\/wp-content\/uploads\/2025\/05\/cropped-logo1.png?fit=1080%2C558&ssl=1\",\"contentUrl\":\"https:\/\/i0.wp.com\/mouldsart.com\/wp-content\/uploads\/2025\/05\/cropped-logo1.png?fit=1080%2C558&ssl=1\",\"width\":1080,\"height\":558,\"caption\":\"Vivat\"},\"image\":{\"@id\":\"https:\/\/mouldsart.com\/#\/schema\/logo\/image\/\"},\"sameAs\":[\"https:\/\/www.facebook.com\/pc.vivat\",\"https:\/\/www.instagram.com\/pc_vivat\/\"]}]}<\/script>\n<!-- \/ Yoast SEO plugin. -->","yoast_head_json":{"title":"Blok parkingowy &quot;Stoper&quot; forma L - Formy do betonowych blok\u00f3w parkingowych na sprzeda\u017c","description":"Cechy produktu: \u2714wysoko\u015b\u0107 - 32 cm; \u2714\u015brednica - 60 cm. \u27a1Materia\u0142 formy: w\u0142\u00f3kno szklane \u2795 metal. Dostawa na terenie ca\u0142ej Europy \ud83c\udf0d. Kraj - Ukraina \ud83d\udc99\ud83d\udc9b.","robots":{"index":"index","follow":"follow","max-snippet":"max-snippet:-1","max-image-preview":"max-image-preview:large","max-video-preview":"max-video-preview:-1"},"canonical":"https:\/\/mouldsart.com\/pl\/produkt\/korek-l-forma\/","og_locale":"pl_PL","og_type":"article","og_title":"Parking block \"Stoper\" L mould - Concrete parking blocks molds for sale","og_description":"Product Features: \u2714height - 32 cm; \u2714diameter - 60 cm. \u27a1Mould material: fiberglass \u2795 metal. Delivery throughout Europe \ud83c\udf0d. The country - Ukraine \ud83d\udc99\ud83d\udc9b.","og_url":"https:\/\/mouldsart.com\/pl\/produkt\/korek-l-forma\/","article_publisher":"https:\/\/www.facebook.com\/pc.vivat","article_modified_time":"2025-04-03T11:57:29+00:00","og_image":[{"width":800,"height":800,"url":"https:\/\/mouldsart.com\/wp-content\/uploads\/2023\/10\/Stopper-L.jpg","type":"image\/jpeg"}],"twitter_card":"summary_large_image","twitter_misc":{"Szacowany czas czytania":"1 minuta"},"schema":{"@context":"https:\/\/schema.org","@graph":[{"@type":"WebPage","@id":"https:\/\/mouldsart.com\/product\/stopper-l-mould\/","url":"https:\/\/mouldsart.com\/product\/stopper-l-mould\/","name":"Blok parkingowy &quot;Stoper&quot; forma L - Formy do betonowych blok\u00f3w parkingowych na sprzeda\u017c","isPartOf":{"@id":"https:\/\/mouldsart.com\/#website"},"primaryImageOfPage":{"@id":"https:\/\/mouldsart.com\/product\/stopper-l-mould\/#primaryimage"},"image":{"@id":"https:\/\/mouldsart.com\/product\/stopper-l-mould\/#primaryimage"},"thumbnailUrl":"https:\/\/i0.wp.com\/mouldsart.com\/wp-content\/uploads\/2023\/10\/Stopper-L.jpg?fit=800%2C800&ssl=1","datePublished":"2023-10-19T07:29:38+00:00","dateModified":"2025-04-03T11:57:29+00:00","description":"Cechy produktu: \u2714wysoko\u015b\u0107 - 32 cm; \u2714\u015brednica - 60 cm. \u27a1Materia\u0142 formy: w\u0142\u00f3kno szklane \u2795 metal. Dostawa na terenie ca\u0142ej Europy \ud83c\udf0d. Kraj - Ukraina \ud83d\udc99\ud83d\udc9b.","breadcrumb":{"@id":"https:\/\/mouldsart.com\/product\/stopper-l-mould\/#breadcrumb"},"inLanguage":"pl-PL","potentialAction":[{"@type":"ReadAction","target":["https:\/\/mouldsart.com\/product\/stopper-l-mould\/"]}]},{"@type":"ImageObject","inLanguage":"pl-PL","@id":"https:\/\/mouldsart.com\/product\/stopper-l-mould\/#primaryimage","url":"https:\/\/i0.wp.com\/mouldsart.com\/wp-content\/uploads\/2023\/10\/Stopper-L.jpg?fit=800%2C800&ssl=1","contentUrl":"https:\/\/i0.wp.com\/mouldsart.com\/wp-content\/uploads\/2023\/10\/Stopper-L.jpg?fit=800%2C800&ssl=1","width":800,"height":800},{"@type":"BreadcrumbList","@id":"https:\/\/mouldsart.com\/product\/stopper-l-mould\/#breadcrumb","itemListElement":[{"@type":"ListItem","position":1,"name":"\u0413\u043b\u0430\u0432\u043d\u0430\u044f \u0441\u0442\u0440\u0430\u043d\u0438\u0446\u0430","item":"https:\/\/mouldsart.com\/"},{"@type":"ListItem","position":2,"name":"Vivat Company Moulds","item":"https:\/\/mouldsart.com\/shop\/"},{"@type":"ListItem","position":3,"name":"Parking block &#8220;Stoper&#8221; L mould"}]},{"@type":"WebSite","@id":"https:\/\/mouldsart.com\/#website","url":"https:\/\/mouldsart.com\/","name":"Formy","description":"","publisher":{"@id":"https:\/\/mouldsart.com\/#organization"},"potentialAction":[{"@type":"SearchAction","target":{"@type":"EntryPoint","urlTemplate":"https:\/\/mouldsart.com\/?s={search_term_string}"},"query-input":"required name=search_term_string"}],"inLanguage":"pl-PL"},{"@type":"Organization","@id":"https:\/\/mouldsart.com\/#organization","name":"\u017by\u0107","url":"https:\/\/mouldsart.com\/","logo":{"@type":"ImageObject","inLanguage":"pl-PL","@id":"https:\/\/mouldsart.com\/#\/schema\/logo\/image\/","url":"https:\/\/i0.wp.com\/mouldsart.com\/wp-content\/uploads\/2025\/05\/cropped-logo1.png?fit=1080%2C558&ssl=1","contentUrl":"https:\/\/i0.wp.com\/mouldsart.com\/wp-content\/uploads\/2025\/05\/cropped-logo1.png?fit=1080%2C558&ssl=1","width":1080,"height":558,"caption":"Vivat"},"image":{"@id":"https:\/\/mouldsart.com\/#\/schema\/logo\/image\/"},"sameAs":["https:\/\/www.facebook.com\/pc.vivat","https:\/\/www.instagram.com\/pc_vivat\/"]}]}},"jetpack_sharing_enabled":true,"_links":{"self":[{"href":"https:\/\/mouldsart.com\/pl\/wp-json\/wp\/v2\/product\/2765","targetHints":{"allow":["GET"]}}],"collection":[{"href":"https:\/\/mouldsart.com\/pl\/wp-json\/wp\/v2\/product"}],"about":[{"href":"https:\/\/mouldsart.com\/pl\/wp-json\/wp\/v2\/types\/product"}],"version-history":[{"count":7,"href":"https:\/\/mouldsart.com\/pl\/wp-json\/wp\/v2\/product\/2765\/revisions"}],"predecessor-version":[{"id":5338,"href":"https:\/\/mouldsart.com\/pl\/wp-json\/wp\/v2\/product\/2765\/revisions\/5338"}],"wp:featuredmedia":[{"embeddable":true,"href":"https:\/\/mouldsart.com\/pl\/wp-json\/wp\/v2\/media\/2766"}],"wp:attachment":[{"href":"https:\/\/mouldsart.com\/pl\/wp-json\/wp\/v2\/media?parent=2765"}],"wp:term":[{"taxonomy":"product_brand","embeddable":true,"href":"https:\/\/mouldsart.com\/pl\/wp-json\/wp\/v2\/product_brand?post=2765"},{"taxonomy":"product_cat","embeddable":true,"href":"https:\/\/mouldsart.com\/pl\/wp-json\/wp\/v2\/product_cat?post=2765"},{"taxonomy":"product_tag","embeddable":true,"href":"https:\/\/mouldsart.com\/pl\/wp-json\/wp\/v2\/product_tag?post=2765"}],"curies":[{"name":"wp","href":"https:\/\/api.w.org\/{rel}","templated":true}]}}