{"id":2563,"date":"2023-10-17T11:16:10","date_gmt":"2023-10-17T08:16:10","guid":{"rendered":"https:\/\/mouldsart.com\/?post_type=product&#038;p=2563"},"modified":"2025-05-14T09:39:20","modified_gmt":"2025-05-14T06:39:20","slug":"mould-for-making-a-sculpture-of-a-girl-with-a-jug-large","status":"publish","type":"product","link":"https:\/\/mouldsart.com\/pl\/produkt\/forma-do-wykonania-rzezby-dziewczynki-z-dzbankiem-duza\/","title":{"rendered":"Forma rze\u017abiarska \u201eDziewczynka z dzbanem\u201d (du\u017ca)"},"content":{"rendered":"<div data-elementor-type=\"product-post\" data-elementor-id=\"2563\" class=\"elementor elementor-2563\" data-elementor-post-type=\"product\">\n\t\t\t\t<div class=\"elementor-element elementor-element-749ae54 e-flex e-con-boxed e-con e-parent\" data-id=\"749ae54\" data-element_type=\"container\" data-e-type=\"container\">\n\t\t\t\t\t<div class=\"e-con-inner\">\n\t\t<div class=\"elementor-element elementor-element-bf97e47 e-con-full e-flex e-con e-child\" data-id=\"bf97e47\" data-element_type=\"container\" data-e-type=\"container\">\n\t\t\t\t<div class=\"elementor-element elementor-element-2371a312 elementor-widget elementor-widget-text-editor\" data-id=\"2371a312\" data-element_type=\"widget\" data-e-type=\"widget\" data-widget_type=\"text-editor.default\">\n\t\t\t\t<div class=\"elementor-widget-container\">\n\t\t\t\t\t\t\t\t\t<h2>Cechy produktu<\/h2>\n<ul>\n \t<li>Wysoko\u015b\u0107: 157 cm<\/li>\n \t<li>\u015arednica: 50 cm<\/li>\n \t<li>Waga:\u00a0<span style=\"font-size: 12pt; font-family: Arial, sans-serif; color: #000000; background-color: transparent; font-variant-numeric: normal; font-variant-east-asian: normal; font-variant-alternates: normal; font-variant-position: normal; vertical-align: baseline; white-space-collapse: preserve;\">\u2248 <\/span>190 kilogram\u00f3w<\/li>\n<\/ul>\n<span style=\"font-weight: 400;\">\u201eDziewczyna z dzbanem\u201d (du\u017ca) \u2013 to pe\u0142na wdzi\u0119ku kompozycja, kt\u00f3ra mo\u017ce s\u0142u\u017cy\u0107 jako wspania\u0142a rze\u017aba ogrodowa lub imponuj\u0105cy element fontanny. Stylowy i harmonijny projekt z \u0142atwo\u015bci\u0105 o\u017cywia Tw\u00f3j pomys\u0142 i sprawia, \u017ce jest to wspania\u0142y akcent w ka\u017cdym ogrodzie, parku lub na dziedzi\u0144cu.<\/span>\t\t\t\t\t\t\t\t<\/div>\n\t\t\t\t<\/div>\n\t\t\t\t<\/div>\n\t\t\t\t\t<\/div>\n\t\t\t\t<\/div>\n\t\t<div class=\"elementor-element elementor-element-b862bbe e-flex e-con-boxed e-con e-parent\" data-id=\"b862bbe\" data-element_type=\"container\" data-e-type=\"container\">\n\t\t\t\t\t<div class=\"e-con-inner\">\n\t\t\t\t<div class=\"elementor-element elementor-element-73a54df elementor-widget elementor-widget-text-editor\" data-id=\"73a54df\" data-element_type=\"widget\" data-e-type=\"widget\" data-widget_type=\"text-editor.default\">\n\t\t\t\t<div class=\"elementor-widget-container\">\n\t\t\t\t\t\t\t\t\t<h2>Wst\u0119p<\/h2><p><span style=\"font-weight: 400;\">Wysokiej jako\u015bci forma z w\u0142\u00f3kna szklanego do rze\u017ab betonowych zosta\u0142a zaprojektowana z wykorzystaniem nowoczesnej technologii i standard\u00f3w, zapewniaj\u0105c dok\u0142adno\u015b\u0107, trwa\u0142o\u015b\u0107 i \u0142atwo\u015b\u0107 u\u017cytkowania. Korzystanie <b>formy na betonowe figury ogrodowe<\/b> zapewnia przedsi\u0119biorcom przewag\u0119 konkurencyjn\u0105 na rynku, nowe mo\u017cliwo\u015bci wsp\u00f3\u0142pracy z in\u017cynierami i projektantami oraz mo\u017cliwo\u015b\u0107 realizacji \u017cycze\u0144 klient\u00f3w.<\/span><\/p>\t\t\t\t\t\t\t\t<\/div>\n\t\t\t\t<\/div>\n\t\t\t\t\t<\/div>\n\t\t\t\t<\/div>\n\t\t<div class=\"elementor-element elementor-element-6380cd0 e-con-full e-flex e-con e-parent\" data-id=\"6380cd0\" data-element_type=\"container\" data-e-type=\"container\">\n\t\t\t\t<div class=\"elementor-element elementor-element-6955ce5 elementor-widget elementor-widget-text-editor\" data-id=\"6955ce5\" data-element_type=\"widget\" data-e-type=\"widget\" data-widget_type=\"text-editor.default\">\n\t\t\t\t<div class=\"elementor-widget-container\">\n\t\t\t\t\t\t\t\t\t<h2>Materia\u0142y i produkcja<\/h2>\n<span style=\"font-weight: 400;\">Formy naszej firmy wykonane s\u0105 z wysokiej jako\u015bci <span style=\"text-decoration: underline;\"><em>poliuretan<\/em><\/span> z <span style=\"text-decoration: underline;\"><em>obudowa z w\u0142\u00f3kna szklanego<\/em><\/span>, co zapewnia trwa\u0142o\u015b\u0107 i odporno\u015b\u0107 na zu\u017cycie. Poliuretan ma wyj\u0105tkowe w\u0142a\u015bciwo\u015bci, takie jak wysoka wytrzyma\u0142o\u015b\u0107 na rozci\u0105ganie i elastyczno\u015b\u0107, co czyni go idealnym materia\u0142em do odlewania z\u0142o\u017conych produkt\u00f3w betonowych.\u00a0<\/span>\n<b>\u00a0<\/b>\n<span style=\"font-weight: 400;\">\u00a0<\/span>\n<ul>\n \t<li style=\"list-style-type: none;\">\n<ul>\n \t<li style=\"list-style-type: none;\"><\/li>\n<\/ul>\n<\/li>\n<\/ul>\n&nbsp;\n<h2>Zalety form poliuretanowych:<\/h2>\n<ul>\n \t<li style=\"list-style-type: none;\">\n<ul>\n \t<li><b><i>\u0141atwo\u015b\u0107 u\u017cytkowania<\/i><\/b><span style=\"font-weight: 400;\">: Nasza forma nie wymaga d\u0142ugiego wst\u0119pnego przygotowania przed odlewaniem. Jest r\u00f3wnie\u017c lekka i wygodna w pracy.\u00a0<\/span><\/li>\n \t<li><b><i>Precyzja i szczeg\u00f3\u0142owo\u015b\u0107<\/i><\/b><span style=\"font-weight: 400;\">:Forma poliuretanowa z ram\u0105 z w\u0142\u00f3kna szklanego pozwala na wykonanie rze\u017aby o wysokiej szczeg\u00f3\u0142owo\u015bci.<\/span><\/li>\n \t<li><b><i>Odporno\u015b\u0107 chemiczna<\/i><\/b><span style=\"font-weight: 400;\">:Nasza forma jest odporna na dzia\u0142anie \u015brodk\u00f3w chemicznych, co gwarantuje, \u017ce jej w\u0142a\u015bciwo\u015bci pozostaj\u0105 nienaruszone przez d\u0142ugi czas.<\/span><\/li>\n \t<li><b><i>Wydajno\u015b\u0107<\/i><\/b><span style=\"font-weight: 400;\">:Korzystanie z formy pozwala na zwi\u0119kszenie wydajno\u015bci produkcji Twoich produkt\u00f3w.<\/span><\/li>\n<\/ul>\n<\/li>\n<\/ul>\n<b>\u00a0<\/b>\n<h2>\u00a0Instrukcja u\u017cycia:<\/h2>\n<ul>\n \t<li style=\"list-style-type: none;\">\n<ol>\n \t<li><span style=\"font-weight: 400;\"> \u00a0 <\/span><i><span style=\"font-weight: 400;\">Przygotowanie formy<\/span><\/i><span style=\"font-weight: 400;\"> : Przed rozpocz\u0119ciem pracy upewnij si\u0119, \u017ce forma jest czysta i sucha. Na\u0142\u00f3\u017c specjalny \u015brodek antyadhezyjny, aby u\u0142atwi\u0107 wyj\u0119cie gotowego produktu.<\/span><\/li>\n \t<li><span style=\"font-weight: 400;\"> \u00a0 <\/span><i><span style=\"font-weight: 400;\">Wylewanie betonu<\/span><\/i><span style=\"font-weight: 400;\"> : Przygotuj mieszank\u0119 betonow\u0105 i wlej j\u0105 do formy. Wi\u0105\u017ce si\u0119 to z prac\u0105 na stole wibracyjnym. Mo\u017cna r\u00f3wnie\u017c u\u017cy\u0107 betonu samozag\u0119szczalnego lub gipsu.<\/span><\/li>\n \t<li><span style=\"font-weight: 400;\"> \u00a0 <\/span><i><span style=\"font-weight: 400;\">Wyjmowanie z formy<\/span><\/i><span style=\"font-weight: 400;\"> : Po stwardnieniu betonu wyjmij gotow\u0105 rze\u017ab\u0119 z formy. Proces wyjmowania rze\u017aby jest \u0142atwy, poniewa\u017c formy s\u0105 wykonywane z nale\u017cytym uwzgl\u0119dnieniem wszystkich osobliwo\u015bci produkcji. Formy s\u0105 \u0142atwe w obs\u0142udze przy minimalnej liczbie pracownik\u00f3w.<\/span><\/li>\n \t<li><i><span style=\"font-weight: 400;\">Prace wyko\u0144czeniowe<\/span><\/i><span style=\"font-weight: 400;\"> : Po zako\u0144czeniu pracy z form\u0105 nale\u017cy oczy\u015bci\u0107 wszelkie pozosta\u0142o\u015bci betonu. Przygotuje to form\u0119 do nast\u0119pnego procesu odlewania.<\/span><\/li>\n \t<li style=\"list-style-type: none;\"><\/li>\n<\/ol>\n<\/li>\n<\/ul>\n<b>\u00a0<\/b>\n<h2>Dostawa<\/h2>\n<ul>\n \t<li style=\"list-style-type: none;\">\n<ul>\n \t<li><span style=\"font-weight: 400;\">Dostarczamy towary do wszystkich kraj\u00f3w UE zgodnie z zasadami Incoterms.<\/span><\/li>\n \t<li><span style=\"font-weight: 400;\">Mo\u017cesz <\/span><strong>kup formy cementowe<\/strong><span style=\"font-weight: 400;\"> na naszej stronie internetowej poprzez koszyk zakupowy. Mo\u017cesz r\u00f3wnie\u017c napisa\u0107 do nas za po\u015brednictwem jednego z komunikator\u00f3w (e-mail, Viber, WhatsApp, Telegram), aby z\u0142o\u017cy\u0107 zam\u00f3wienie.<\/span><\/li>\n \t<li><span style=\"font-weight: 400;\">W zale\u017cno\u015bci od kraju i regionu czas dostawy mo\u017ce si\u0119 r\u00f3\u017cni\u0107, staramy si\u0119 jednak zapewni\u0107 optymalne warunki dla wszystkich naszych klient\u00f3w.<\/span><\/li>\n<\/ul>\n<\/li>\n<\/ul>\n<span style=\"font-weight: 40;\">\u00a0<\/span>\n<b>\u00a0<\/b>\n<h2>Informacja zwrotna<\/h2>\n<span style=\"font-weight: 400;\">Zapewniamy <span style=\"text-decoration: underline;\">pe\u0142ne wsparcie postu<\/span> naszym klientom przez ca\u0142y okres serwisu formy.\u00a0<\/span>\t\t\t\t\t\t\t\t<\/div>\n\t\t\t\t<\/div>\n\t\t\t\t<\/div>\n\t\t\t\t<\/div>","protected":false},"excerpt":{"rendered":"<p>Cechy produktu Wysoko\u015b\u0107: 157 cm \u015arednica: 50 cm Waga: \u2248 190 kg \u201eDziewczynka z dzbanem\u201d (du\u017ca) \u2013 to pe\u0142na wdzi\u0119ku kompozycja, kt\u00f3ra mo\u017ce s\u0142u\u017cy\u0107 jako wspania\u0142a rze\u017aba ogrodowa lub imponuj\u0105cy element fontanny. Stylowy i harmonijny design z \u0142atwo\u015bci\u0105 o\u017cywi Tw\u00f3j pomys\u0142 i sprawi, \u017ce b\u0119dzie to wspania\u0142y akcent w ka\u017cdym ogrodzie,\u2026<\/p>","protected":false},"featured_media":2571,"template":"","meta":{"_kad_post_transparent":"default","_kad_post_title":"","_kad_post_layout":"default","_kad_post_sidebar_id":"","_kad_post_content_style":"default","_kad_post_vertical_padding":"default","_kad_post_feature":"","_kad_post_feature_position":"","_kad_post_header":false,"_kad_post_footer":false},"product_brand":[],"product_cat":[59],"product_tag":[],"class_list":{"0":"post-2563","1":"product","2":"type-product","3":"status-publish","4":"has-post-thumbnail","6":"product_cat-sculptures-moulds","7":"pa_assignment-concrete","8":"pa_assignment-plaster","9":"pa_material-fiberglass-polyurethane","11":"first","12":"instock","13":"shipping-taxable","14":"purchasable","15":"product-type-simple","16":"entry","17":"content-bg","18":"loop-entry"},"acf":[],"yoast_head":"<!-- This site is optimized with the Yoast SEO plugin v23.1 - https:\/\/yoast.com\/wordpress\/plugins\/seo\/ -->\n<title>Statue &quot;Girl with a jug \u21161&quot; mould - Large garden statue molds<\/title>\n<meta name=\"description\" content=\"The mold is made of high quality fiberglass. Designed for mass production. Delivery throughout Europe \ud83c\udf0d Customer support in working with mold\" \/>\n<meta name=\"robots\" content=\"index, follow, max-snippet:-1, max-image-preview:large, max-video-preview:-1\" \/>\n<link rel=\"canonical\" href=\"https:\/\/mouldsart.com\/pl\/produkt\/forma-do-wykonania-rzezby-dziewczynki-z-dzbankiem-duza\/\" \/>\n<meta property=\"og:locale\" content=\"pl_PL\" \/>\n<meta property=\"og:type\" content=\"article\" \/>\n<meta property=\"og:title\" content=\"Statue &quot;Girl with a jug \u21161&quot; mould - Large garden statue molds\" \/>\n<meta property=\"og:description\" content=\"The mold is made of high quality fiberglass. Designed for mass production. Delivery throughout Europe \ud83c\udf0d Customer support in working with mold\" \/>\n<meta property=\"og:url\" content=\"https:\/\/mouldsart.com\/pl\/produkt\/forma-do-wykonania-rzezby-dziewczynki-z-dzbankiem-duza\/\" \/>\n<meta property=\"article:publisher\" content=\"https:\/\/www.facebook.com\/pc.vivat\" \/>\n<meta property=\"article:modified_time\" content=\"2025-05-14T06:39:20+00:00\" \/>\n<meta property=\"og:image\" content=\"https:\/\/mouldsart.com\/wp-content\/uploads\/2023\/10\/sculpture-of-a-Girl-with-a-jug-Rockside.jpg\" \/>\n\t<meta property=\"og:image:width\" content=\"1080\" \/>\n\t<meta property=\"og:image:height\" content=\"1080\" \/>\n\t<meta property=\"og:image:type\" content=\"image\/jpeg\" \/>\n<meta name=\"twitter:card\" content=\"summary_large_image\" \/>\n<script type=\"application\/ld+json\" class=\"yoast-schema-graph\">{\"@context\":\"https:\/\/schema.org\",\"@graph\":[{\"@type\":\"WebPage\",\"@id\":\"https:\/\/mouldsart.com\/product\/mould-for-making-a-sculpture-of-a-girl-with-a-jug-large\/\",\"url\":\"https:\/\/mouldsart.com\/product\/mould-for-making-a-sculpture-of-a-girl-with-a-jug-large\/\",\"name\":\"Statue \\\"Girl with a jug \u21161\\\" mould - Large garden statue molds\",\"isPartOf\":{\"@id\":\"https:\/\/mouldsart.com\/#website\"},\"primaryImageOfPage\":{\"@id\":\"https:\/\/mouldsart.com\/product\/mould-for-making-a-sculpture-of-a-girl-with-a-jug-large\/#primaryimage\"},\"image\":{\"@id\":\"https:\/\/mouldsart.com\/product\/mould-for-making-a-sculpture-of-a-girl-with-a-jug-large\/#primaryimage\"},\"thumbnailUrl\":\"https:\/\/i0.wp.com\/mouldsart.com\/wp-content\/uploads\/2023\/10\/sculpture-of-a-Girl-with-a-jug-Rockside.jpg?fit=1080%2C1080&ssl=1\",\"datePublished\":\"2023-10-17T08:16:10+00:00\",\"dateModified\":\"2025-05-14T06:39:20+00:00\",\"description\":\"The mold is made of high quality fiberglass. Designed for mass production. Delivery throughout Europe \ud83c\udf0d Customer support in working with mold\",\"breadcrumb\":{\"@id\":\"https:\/\/mouldsart.com\/product\/mould-for-making-a-sculpture-of-a-girl-with-a-jug-large\/#breadcrumb\"},\"inLanguage\":\"pl-PL\",\"potentialAction\":[{\"@type\":\"ReadAction\",\"target\":[\"https:\/\/mouldsart.com\/product\/mould-for-making-a-sculpture-of-a-girl-with-a-jug-large\/\"]}]},{\"@type\":\"ImageObject\",\"inLanguage\":\"pl-PL\",\"@id\":\"https:\/\/mouldsart.com\/product\/mould-for-making-a-sculpture-of-a-girl-with-a-jug-large\/#primaryimage\",\"url\":\"https:\/\/i0.wp.com\/mouldsart.com\/wp-content\/uploads\/2023\/10\/sculpture-of-a-Girl-with-a-jug-Rockside.jpg?fit=1080%2C1080&ssl=1\",\"contentUrl\":\"https:\/\/i0.wp.com\/mouldsart.com\/wp-content\/uploads\/2023\/10\/sculpture-of-a-Girl-with-a-jug-Rockside.jpg?fit=1080%2C1080&ssl=1\",\"width\":1080,\"height\":1080},{\"@type\":\"BreadcrumbList\",\"@id\":\"https:\/\/mouldsart.com\/product\/mould-for-making-a-sculpture-of-a-girl-with-a-jug-large\/#breadcrumb\",\"itemListElement\":[{\"@type\":\"ListItem\",\"position\":1,\"name\":\"\u0413\u043b\u0430\u0432\u043d\u0430\u044f \u0441\u0442\u0440\u0430\u043d\u0438\u0446\u0430\",\"item\":\"https:\/\/mouldsart.com\/\"},{\"@type\":\"ListItem\",\"position\":2,\"name\":\"Vivat Company Moulds\",\"item\":\"https:\/\/mouldsart.com\/shop\/\"},{\"@type\":\"ListItem\",\"position\":3,\"name\":\"Sculpture mould &#171;Girl with a jug&#187; (large)\"}]},{\"@type\":\"WebSite\",\"@id\":\"https:\/\/mouldsart.com\/#website\",\"url\":\"https:\/\/mouldsart.com\/\",\"name\":\"Moulds\",\"description\":\"\",\"publisher\":{\"@id\":\"https:\/\/mouldsart.com\/#organization\"},\"potentialAction\":[{\"@type\":\"SearchAction\",\"target\":{\"@type\":\"EntryPoint\",\"urlTemplate\":\"https:\/\/mouldsart.com\/?s={search_term_string}\"},\"query-input\":\"required name=search_term_string\"}],\"inLanguage\":\"pl-PL\"},{\"@type\":\"Organization\",\"@id\":\"https:\/\/mouldsart.com\/#organization\",\"name\":\"Vivat\",\"url\":\"https:\/\/mouldsart.com\/\",\"logo\":{\"@type\":\"ImageObject\",\"inLanguage\":\"pl-PL\",\"@id\":\"https:\/\/mouldsart.com\/#\/schema\/logo\/image\/\",\"url\":\"https:\/\/i0.wp.com\/mouldsart.com\/wp-content\/uploads\/2025\/05\/cropped-logo1.png?fit=1080%2C558&ssl=1\",\"contentUrl\":\"https:\/\/i0.wp.com\/mouldsart.com\/wp-content\/uploads\/2025\/05\/cropped-logo1.png?fit=1080%2C558&ssl=1\",\"width\":1080,\"height\":558,\"caption\":\"Vivat\"},\"image\":{\"@id\":\"https:\/\/mouldsart.com\/#\/schema\/logo\/image\/\"},\"sameAs\":[\"https:\/\/www.facebook.com\/pc.vivat\",\"https:\/\/www.instagram.com\/pc_vivat\/\"]}]}<\/script>\n<!-- \/ Yoast SEO plugin. -->","yoast_head_json":{"title":"Forma na figur\u0119 &quot;Dziewczynka z dzbankiem nr 1&quot; - Formy na du\u017c\u0105 figur\u0119 ogrodow\u0105","description":"Forma wykonana jest z wysokiej jako\u015bci w\u0142\u00f3kna szklanego. Zaprojektowana do produkcji masowej. Dostawa na terenie ca\u0142ej Europy \ud83c\udf0d Wsparcie klienta w pracy z form\u0105","robots":{"index":"index","follow":"follow","max-snippet":"max-snippet:-1","max-image-preview":"max-image-preview:large","max-video-preview":"max-video-preview:-1"},"canonical":"https:\/\/mouldsart.com\/pl\/produkt\/forma-do-wykonania-rzezby-dziewczynki-z-dzbankiem-duza\/","og_locale":"pl_PL","og_type":"article","og_title":"Statue \"Girl with a jug \u21161\" mould - Large garden statue molds","og_description":"The mold is made of high quality fiberglass. Designed for mass production. Delivery throughout Europe \ud83c\udf0d Customer support in working with mold","og_url":"https:\/\/mouldsart.com\/pl\/produkt\/forma-do-wykonania-rzezby-dziewczynki-z-dzbankiem-duza\/","article_publisher":"https:\/\/www.facebook.com\/pc.vivat","article_modified_time":"2025-05-14T06:39:20+00:00","og_image":[{"width":1080,"height":1080,"url":"https:\/\/mouldsart.com\/wp-content\/uploads\/2023\/10\/sculpture-of-a-Girl-with-a-jug-Rockside.jpg","type":"image\/jpeg"}],"twitter_card":"summary_large_image","schema":{"@context":"https:\/\/schema.org","@graph":[{"@type":"WebPage","@id":"https:\/\/mouldsart.com\/product\/mould-for-making-a-sculpture-of-a-girl-with-a-jug-large\/","url":"https:\/\/mouldsart.com\/product\/mould-for-making-a-sculpture-of-a-girl-with-a-jug-large\/","name":"Forma na figur\u0119 &quot;Dziewczynka z dzbankiem nr 1&quot; - Formy na du\u017c\u0105 figur\u0119 ogrodow\u0105","isPartOf":{"@id":"https:\/\/mouldsart.com\/#website"},"primaryImageOfPage":{"@id":"https:\/\/mouldsart.com\/product\/mould-for-making-a-sculpture-of-a-girl-with-a-jug-large\/#primaryimage"},"image":{"@id":"https:\/\/mouldsart.com\/product\/mould-for-making-a-sculpture-of-a-girl-with-a-jug-large\/#primaryimage"},"thumbnailUrl":"https:\/\/i0.wp.com\/mouldsart.com\/wp-content\/uploads\/2023\/10\/sculpture-of-a-Girl-with-a-jug-Rockside.jpg?fit=1080%2C1080&ssl=1","datePublished":"2023-10-17T08:16:10+00:00","dateModified":"2025-05-14T06:39:20+00:00","description":"Forma wykonana jest z wysokiej jako\u015bci w\u0142\u00f3kna szklanego. Zaprojektowana do produkcji masowej. Dostawa na terenie ca\u0142ej Europy \ud83c\udf0d Wsparcie klienta w pracy z form\u0105","breadcrumb":{"@id":"https:\/\/mouldsart.com\/product\/mould-for-making-a-sculpture-of-a-girl-with-a-jug-large\/#breadcrumb"},"inLanguage":"pl-PL","potentialAction":[{"@type":"ReadAction","target":["https:\/\/mouldsart.com\/product\/mould-for-making-a-sculpture-of-a-girl-with-a-jug-large\/"]}]},{"@type":"ImageObject","inLanguage":"pl-PL","@id":"https:\/\/mouldsart.com\/product\/mould-for-making-a-sculpture-of-a-girl-with-a-jug-large\/#primaryimage","url":"https:\/\/i0.wp.com\/mouldsart.com\/wp-content\/uploads\/2023\/10\/sculpture-of-a-Girl-with-a-jug-Rockside.jpg?fit=1080%2C1080&ssl=1","contentUrl":"https:\/\/i0.wp.com\/mouldsart.com\/wp-content\/uploads\/2023\/10\/sculpture-of-a-Girl-with-a-jug-Rockside.jpg?fit=1080%2C1080&ssl=1","width":1080,"height":1080},{"@type":"BreadcrumbList","@id":"https:\/\/mouldsart.com\/product\/mould-for-making-a-sculpture-of-a-girl-with-a-jug-large\/#breadcrumb","itemListElement":[{"@type":"ListItem","position":1,"name":"\u0413\u043b\u0430\u0432\u043d\u0430\u044f \u0441\u0442\u0440\u0430\u043d\u0438\u0446\u0430","item":"https:\/\/mouldsart.com\/"},{"@type":"ListItem","position":2,"name":"Vivat Company Moulds","item":"https:\/\/mouldsart.com\/shop\/"},{"@type":"ListItem","position":3,"name":"Sculpture mould &#171;Girl with a jug&#187; (large)"}]},{"@type":"WebSite","@id":"https:\/\/mouldsart.com\/#website","url":"https:\/\/mouldsart.com\/","name":"Formy","description":"","publisher":{"@id":"https:\/\/mouldsart.com\/#organization"},"potentialAction":[{"@type":"SearchAction","target":{"@type":"EntryPoint","urlTemplate":"https:\/\/mouldsart.com\/?s={search_term_string}"},"query-input":"required name=search_term_string"}],"inLanguage":"pl-PL"},{"@type":"Organization","@id":"https:\/\/mouldsart.com\/#organization","name":"\u017by\u0107","url":"https:\/\/mouldsart.com\/","logo":{"@type":"ImageObject","inLanguage":"pl-PL","@id":"https:\/\/mouldsart.com\/#\/schema\/logo\/image\/","url":"https:\/\/i0.wp.com\/mouldsart.com\/wp-content\/uploads\/2025\/05\/cropped-logo1.png?fit=1080%2C558&ssl=1","contentUrl":"https:\/\/i0.wp.com\/mouldsart.com\/wp-content\/uploads\/2025\/05\/cropped-logo1.png?fit=1080%2C558&ssl=1","width":1080,"height":558,"caption":"Vivat"},"image":{"@id":"https:\/\/mouldsart.com\/#\/schema\/logo\/image\/"},"sameAs":["https:\/\/www.facebook.com\/pc.vivat","https:\/\/www.instagram.com\/pc_vivat\/"]}]}},"jetpack_sharing_enabled":true,"_links":{"self":[{"href":"https:\/\/mouldsart.com\/pl\/wp-json\/wp\/v2\/product\/2563","targetHints":{"allow":["GET"]}}],"collection":[{"href":"https:\/\/mouldsart.com\/pl\/wp-json\/wp\/v2\/product"}],"about":[{"href":"https:\/\/mouldsart.com\/pl\/wp-json\/wp\/v2\/types\/product"}],"version-history":[{"count":37,"href":"https:\/\/mouldsart.com\/pl\/wp-json\/wp\/v2\/product\/2563\/revisions"}],"predecessor-version":[{"id":7478,"href":"https:\/\/mouldsart.com\/pl\/wp-json\/wp\/v2\/product\/2563\/revisions\/7478"}],"wp:featuredmedia":[{"embeddable":true,"href":"https:\/\/mouldsart.com\/pl\/wp-json\/wp\/v2\/media\/2571"}],"wp:attachment":[{"href":"https:\/\/mouldsart.com\/pl\/wp-json\/wp\/v2\/media?parent=2563"}],"wp:term":[{"taxonomy":"product_brand","embeddable":true,"href":"https:\/\/mouldsart.com\/pl\/wp-json\/wp\/v2\/product_brand?post=2563"},{"taxonomy":"product_cat","embeddable":true,"href":"https:\/\/mouldsart.com\/pl\/wp-json\/wp\/v2\/product_cat?post=2563"},{"taxonomy":"product_tag","embeddable":true,"href":"https:\/\/mouldsart.com\/pl\/wp-json\/wp\/v2\/product_tag?post=2563"}],"curies":[{"name":"wp","href":"https:\/\/api.w.org\/{rel}","templated":true}]}}