{"id":2425,"date":"2023-10-16T14:00:57","date_gmt":"2023-10-16T11:00:57","guid":{"rendered":"https:\/\/mouldsart.com\/?post_type=product&#038;p=2425"},"modified":"2025-04-03T14:49:05","modified_gmt":"2025-04-03T11:49:05","slug":"mold-for-making-the-garden-bench","status":"publish","type":"product","link":"https:\/\/mouldsart.com\/pl\/produkt\/forma-do-wykonania-lawki-ogrodowej\/","title":{"rendered":"\u0141awka ogrodowa \u201eSad\u201d forma"},"content":{"rendered":"<div data-elementor-type=\"product-post\" data-elementor-id=\"2425\" class=\"elementor elementor-2425\" data-elementor-post-type=\"product\">\n\t\t\t\t<div class=\"elementor-element elementor-element-749ae54 e-flex e-con-boxed e-con e-parent\" data-id=\"749ae54\" data-element_type=\"container\" data-e-type=\"container\">\n\t\t\t\t\t<div class=\"e-con-inner\">\n\t\t<div class=\"elementor-element elementor-element-bf97e47 e-con-full e-flex e-con e-child\" data-id=\"bf97e47\" data-element_type=\"container\" data-e-type=\"container\">\n\t\t\t\t<div class=\"elementor-element elementor-element-2371a312 elementor-widget elementor-widget-text-editor\" data-id=\"2371a312\" data-element_type=\"widget\" data-e-type=\"widget\" data-widget_type=\"text-editor.default\">\n\t\t\t\t<div class=\"elementor-widget-container\">\n\t\t\t\t\t\t\t\t\t<p><strong>Cechy produktu<\/strong><\/p><ul><li>Wysoko\u015b\u0107: 44 cm<\/li><li>D\u0142ugo\u015b\u0107: 180 cm;<\/li><li>Szeroko\u015b\u0107: 35 cm;<\/li><li>Waga: 234 kg<\/li><\/ul><p>\u0141awka ogrodowa to nie tylko mebel, to prawdziwa sztuka do ogrodu lub parku. Tworzy wygodny i przestronny k\u0105cik do odpoczynku i kontemplacji natury.<\/p><p>Ale to, co czyni t\u0119 \u0142awk\u0119 prawdziw\u0105 ozdob\u0105 i unikatow\u0105, to jej nogi w kszta\u0142cie lwa. S\u0105 uderzaj\u0105ce w szczeg\u00f3\u0142ach i nadaj\u0105 \u0142awce wyj\u0105tkowego charakteru.<\/p>\t\t\t\t\t\t\t\t<\/div>\n\t\t\t\t<\/div>\n\t\t\t\t<\/div>\n\t\t<div class=\"elementor-element elementor-element-33fd6df e-con-full e-flex e-con e-child\" data-id=\"33fd6df\" data-element_type=\"container\" data-e-type=\"container\">\n\t\t\t\t<div class=\"elementor-element elementor-element-597ecec elementor-arrows-position-inside elementor-pagination-position-outside elementor-widget elementor-widget-image-carousel\" data-id=\"597ecec\" data-element_type=\"widget\" data-e-type=\"widget\" data-settings=\"{&quot;slides_to_show&quot;:&quot;1&quot;,&quot;navigation&quot;:&quot;both&quot;,&quot;autoplay&quot;:&quot;yes&quot;,&quot;pause_on_hover&quot;:&quot;yes&quot;,&quot;pause_on_interaction&quot;:&quot;yes&quot;,&quot;autoplay_speed&quot;:5000,&quot;infinite&quot;:&quot;yes&quot;,&quot;effect&quot;:&quot;slide&quot;,&quot;speed&quot;:500}\" data-widget_type=\"image-carousel.default\">\n\t\t\t\t<div class=\"elementor-widget-container\">\n\t\t\t\t\t\t\t<div class=\"elementor-image-carousel-wrapper swiper\" role=\"region\" aria-roledescription=\"carousel\" aria-label=\"Karuzela obrazk\u00f3w\" dir=\"ltr\">\n\t\t\t<div class=\"elementor-image-carousel swiper-wrapper\" aria-live=\"off\">\n\t\t\t\t\t\t\t\t<div class=\"swiper-slide\" role=\"group\" aria-roledescription=\"slide\" aria-label=\"1 z 2\"><figure class=\"swiper-slide-inner\"><img decoding=\"async\" class=\"swiper-slide-image\" src=\"https:\/\/i0.wp.com\/mouldsart.com\/wp-content\/uploads\/2023\/10\/Mold-for-making-the-Garden-bench-1.jpg?fit=800%2C800&amp;ssl=1\" alt=\"Forma do wykonania \u0142awki ogrodowej 1\" \/><\/figure><\/div><div class=\"swiper-slide\" role=\"group\" aria-roledescription=\"slide\" aria-label=\"2 z 2\"><figure class=\"swiper-slide-inner\"><img decoding=\"async\" class=\"swiper-slide-image\" src=\"https:\/\/i0.wp.com\/mouldsart.com\/wp-content\/uploads\/2023\/10\/Mold-for-making-the-Garden-bench-2.jpg?fit=800%2C800&amp;ssl=1\" alt=\"Forma do wykonania \u0142awki ogrodowej 2\" \/><\/figure><\/div>\t\t\t<\/div>\n\t\t\t\t\t\t\t\t\t\t\t\t<div class=\"elementor-swiper-button elementor-swiper-button-prev\" role=\"button\" tabindex=\"0\">\n\t\t\t\t\t\t<i aria-hidden=\"true\" class=\"eicon-chevron-left\"><\/i>\t\t\t\t\t<\/div>\n\t\t\t\t\t<div class=\"elementor-swiper-button elementor-swiper-button-next\" role=\"button\" tabindex=\"0\">\n\t\t\t\t\t\t<i aria-hidden=\"true\" class=\"eicon-chevron-right\"><\/i>\t\t\t\t\t<\/div>\n\t\t\t\t\n\t\t\t\t\t\t\t\t\t<div class=\"swiper-pagination\"><\/div>\n\t\t\t\t\t\t\t\t\t<\/div>\n\t\t\t\t\t\t<\/div>\n\t\t\t\t<\/div>\n\t\t\t\t<\/div>\n\t\t\t\t\t<\/div>\n\t\t\t\t<\/div>\n\t\t\t\t<\/div>","protected":false},"excerpt":{"rendered":"<p>Cechy produktu Wysoko\u015b\u0107: 44 cm D\u0142ugo\u015b\u0107: 180 cm; Szeroko\u015b\u0107: 35 cm; Waga: 234 kg \u0141awka ogrodowa to nie tylko mebel, to prawdziwa sztuka do ogrodu lub parku. Tworzy wygodny i przestronny k\u0105cik do odpoczynku i kontemplacji natury. Ale co sprawia, \u017ce ta \u0142awka jest prawdziw\u0105 ozdob\u0105\u2026<\/p>","protected":false},"featured_media":2427,"template":"","meta":{"_kad_post_transparent":"default","_kad_post_title":"","_kad_post_layout":"default","_kad_post_sidebar_id":"","_kad_post_content_style":"default","_kad_post_vertical_padding":"default","_kad_post_feature":"","_kad_post_feature_position":"","_kad_post_header":false,"_kad_post_footer":false},"product_brand":[],"product_cat":[52],"product_tag":[],"class_list":{"0":"post-2425","1":"product","2":"type-product","3":"status-publish","4":"has-post-thumbnail","6":"product_cat-mould-garden","7":"pa_assignment-concrete","8":"pa_material-fiberglass-metal","10":"first","11":"instock","12":"shipping-taxable","13":"purchasable","14":"product-type-simple","15":"entry","16":"content-bg","17":"loop-entry"},"acf":[],"yoast_head":"<!-- This site is optimized with the Yoast SEO plugin v23.1 - https:\/\/yoast.com\/wordpress\/plugins\/seo\/ -->\n<title>Bench &quot;Orchard&quot; mould - Concrete Bench Molds<\/title>\n<meta name=\"description\" content=\"Product Features: \u2714height - 44 cm; \u2714length - 180 cm; \u2714width - 35 cm. \u27a1Mould material: fiberglass \u2795 metal. Delivery throughout Europe \ud83c\udf0d.\" \/>\n<meta name=\"robots\" content=\"index, follow, max-snippet:-1, max-image-preview:large, max-video-preview:-1\" \/>\n<link rel=\"canonical\" href=\"https:\/\/mouldsart.com\/pl\/produkt\/forma-do-wykonania-lawki-ogrodowej\/\" \/>\n<meta property=\"og:locale\" content=\"pl_PL\" \/>\n<meta property=\"og:type\" content=\"article\" \/>\n<meta property=\"og:title\" content=\"Bench &quot;Orchard&quot; mould - Concrete Bench Molds\" \/>\n<meta property=\"og:description\" content=\"Product Features: \u2714height - 44 cm; \u2714length - 180 cm; \u2714width - 35 cm. \u27a1Mould material: fiberglass \u2795 metal. Delivery throughout Europe \ud83c\udf0d.\" \/>\n<meta property=\"og:url\" content=\"https:\/\/mouldsart.com\/pl\/produkt\/forma-do-wykonania-lawki-ogrodowej\/\" \/>\n<meta property=\"article:publisher\" content=\"https:\/\/www.facebook.com\/pc.vivat\" \/>\n<meta property=\"article:modified_time\" content=\"2025-04-03T11:49:05+00:00\" \/>\n<meta property=\"og:image\" content=\"https:\/\/mouldsart.com\/wp-content\/uploads\/2023\/10\/Mold-for-making-the-Garden-bench.jpg\" \/>\n\t<meta property=\"og:image:width\" content=\"800\" \/>\n\t<meta property=\"og:image:height\" content=\"800\" \/>\n\t<meta property=\"og:image:type\" content=\"image\/jpeg\" \/>\n<meta name=\"twitter:card\" content=\"summary_large_image\" \/>\n<meta name=\"twitter:label1\" content=\"Szacowany czas czytania\" \/>\n\t<meta name=\"twitter:data1\" content=\"1 minuta\" \/>\n<script type=\"application\/ld+json\" class=\"yoast-schema-graph\">{\"@context\":\"https:\/\/schema.org\",\"@graph\":[{\"@type\":\"WebPage\",\"@id\":\"https:\/\/mouldsart.com\/product\/mold-for-making-the-garden-bench\/\",\"url\":\"https:\/\/mouldsart.com\/product\/mold-for-making-the-garden-bench\/\",\"name\":\"Bench \\\"Orchard\\\" mould - Concrete Bench Molds\",\"isPartOf\":{\"@id\":\"https:\/\/mouldsart.com\/#website\"},\"primaryImageOfPage\":{\"@id\":\"https:\/\/mouldsart.com\/product\/mold-for-making-the-garden-bench\/#primaryimage\"},\"image\":{\"@id\":\"https:\/\/mouldsart.com\/product\/mold-for-making-the-garden-bench\/#primaryimage\"},\"thumbnailUrl\":\"https:\/\/i0.wp.com\/mouldsart.com\/wp-content\/uploads\/2023\/10\/Mold-for-making-the-Garden-bench.jpg?fit=800%2C800&ssl=1\",\"datePublished\":\"2023-10-16T11:00:57+00:00\",\"dateModified\":\"2025-04-03T11:49:05+00:00\",\"description\":\"Product Features: \u2714height - 44 cm; \u2714length - 180 cm; \u2714width - 35 cm. \u27a1Mould material: fiberglass \u2795 metal. Delivery throughout Europe \ud83c\udf0d.\",\"breadcrumb\":{\"@id\":\"https:\/\/mouldsart.com\/product\/mold-for-making-the-garden-bench\/#breadcrumb\"},\"inLanguage\":\"pl-PL\",\"potentialAction\":[{\"@type\":\"ReadAction\",\"target\":[\"https:\/\/mouldsart.com\/product\/mold-for-making-the-garden-bench\/\"]}]},{\"@type\":\"ImageObject\",\"inLanguage\":\"pl-PL\",\"@id\":\"https:\/\/mouldsart.com\/product\/mold-for-making-the-garden-bench\/#primaryimage\",\"url\":\"https:\/\/i0.wp.com\/mouldsart.com\/wp-content\/uploads\/2023\/10\/Mold-for-making-the-Garden-bench.jpg?fit=800%2C800&ssl=1\",\"contentUrl\":\"https:\/\/i0.wp.com\/mouldsart.com\/wp-content\/uploads\/2023\/10\/Mold-for-making-the-Garden-bench.jpg?fit=800%2C800&ssl=1\",\"width\":800,\"height\":800},{\"@type\":\"BreadcrumbList\",\"@id\":\"https:\/\/mouldsart.com\/product\/mold-for-making-the-garden-bench\/#breadcrumb\",\"itemListElement\":[{\"@type\":\"ListItem\",\"position\":1,\"name\":\"\u0413\u043b\u0430\u0432\u043d\u0430\u044f \u0441\u0442\u0440\u0430\u043d\u0438\u0446\u0430\",\"item\":\"https:\/\/mouldsart.com\/\"},{\"@type\":\"ListItem\",\"position\":2,\"name\":\"Vivat Company Moulds\",\"item\":\"https:\/\/mouldsart.com\/shop\/\"},{\"@type\":\"ListItem\",\"position\":3,\"name\":\"Garden bench &#8220;Orchard&#8221; mould\"}]},{\"@type\":\"WebSite\",\"@id\":\"https:\/\/mouldsart.com\/#website\",\"url\":\"https:\/\/mouldsart.com\/\",\"name\":\"Moulds\",\"description\":\"\",\"publisher\":{\"@id\":\"https:\/\/mouldsart.com\/#organization\"},\"potentialAction\":[{\"@type\":\"SearchAction\",\"target\":{\"@type\":\"EntryPoint\",\"urlTemplate\":\"https:\/\/mouldsart.com\/?s={search_term_string}\"},\"query-input\":\"required name=search_term_string\"}],\"inLanguage\":\"pl-PL\"},{\"@type\":\"Organization\",\"@id\":\"https:\/\/mouldsart.com\/#organization\",\"name\":\"Vivat\",\"url\":\"https:\/\/mouldsart.com\/\",\"logo\":{\"@type\":\"ImageObject\",\"inLanguage\":\"pl-PL\",\"@id\":\"https:\/\/mouldsart.com\/#\/schema\/logo\/image\/\",\"url\":\"https:\/\/i0.wp.com\/mouldsart.com\/wp-content\/uploads\/2025\/05\/cropped-logo1.png?fit=1080%2C558&ssl=1\",\"contentUrl\":\"https:\/\/i0.wp.com\/mouldsart.com\/wp-content\/uploads\/2025\/05\/cropped-logo1.png?fit=1080%2C558&ssl=1\",\"width\":1080,\"height\":558,\"caption\":\"Vivat\"},\"image\":{\"@id\":\"https:\/\/mouldsart.com\/#\/schema\/logo\/image\/\"},\"sameAs\":[\"https:\/\/www.facebook.com\/pc.vivat\",\"https:\/\/www.instagram.com\/pc_vivat\/\"]}]}<\/script>\n<!-- \/ Yoast SEO plugin. -->","yoast_head_json":{"title":"Forma \u0142awki &quot;Sad&quot; - Formy \u0142awki betonowej","description":"Cechy produktu: \u2714wysoko\u015b\u0107 - 44 cm; \u2714d\u0142ugo\u015b\u0107 - 180 cm; \u2714szeroko\u015b\u0107 - 35 cm. \u27a1Materia\u0142 formy: w\u0142\u00f3kno szklane \u2795 metal. Dostawa na terenie ca\u0142ej Europy \ud83c\udf0d.","robots":{"index":"index","follow":"follow","max-snippet":"max-snippet:-1","max-image-preview":"max-image-preview:large","max-video-preview":"max-video-preview:-1"},"canonical":"https:\/\/mouldsart.com\/pl\/produkt\/forma-do-wykonania-lawki-ogrodowej\/","og_locale":"pl_PL","og_type":"article","og_title":"Bench \"Orchard\" mould - Concrete Bench Molds","og_description":"Product Features: \u2714height - 44 cm; \u2714length - 180 cm; \u2714width - 35 cm. \u27a1Mould material: fiberglass \u2795 metal. Delivery throughout Europe \ud83c\udf0d.","og_url":"https:\/\/mouldsart.com\/pl\/produkt\/forma-do-wykonania-lawki-ogrodowej\/","article_publisher":"https:\/\/www.facebook.com\/pc.vivat","article_modified_time":"2025-04-03T11:49:05+00:00","og_image":[{"width":800,"height":800,"url":"https:\/\/mouldsart.com\/wp-content\/uploads\/2023\/10\/Mold-for-making-the-Garden-bench.jpg","type":"image\/jpeg"}],"twitter_card":"summary_large_image","twitter_misc":{"Szacowany czas czytania":"1 minuta"},"schema":{"@context":"https:\/\/schema.org","@graph":[{"@type":"WebPage","@id":"https:\/\/mouldsart.com\/product\/mold-for-making-the-garden-bench\/","url":"https:\/\/mouldsart.com\/product\/mold-for-making-the-garden-bench\/","name":"Forma \u0142awki &quot;Sad&quot; - Formy \u0142awki betonowej","isPartOf":{"@id":"https:\/\/mouldsart.com\/#website"},"primaryImageOfPage":{"@id":"https:\/\/mouldsart.com\/product\/mold-for-making-the-garden-bench\/#primaryimage"},"image":{"@id":"https:\/\/mouldsart.com\/product\/mold-for-making-the-garden-bench\/#primaryimage"},"thumbnailUrl":"https:\/\/i0.wp.com\/mouldsart.com\/wp-content\/uploads\/2023\/10\/Mold-for-making-the-Garden-bench.jpg?fit=800%2C800&ssl=1","datePublished":"2023-10-16T11:00:57+00:00","dateModified":"2025-04-03T11:49:05+00:00","description":"Cechy produktu: \u2714wysoko\u015b\u0107 - 44 cm; \u2714d\u0142ugo\u015b\u0107 - 180 cm; \u2714szeroko\u015b\u0107 - 35 cm. \u27a1Materia\u0142 formy: w\u0142\u00f3kno szklane \u2795 metal. Dostawa na terenie ca\u0142ej Europy \ud83c\udf0d.","breadcrumb":{"@id":"https:\/\/mouldsart.com\/product\/mold-for-making-the-garden-bench\/#breadcrumb"},"inLanguage":"pl-PL","potentialAction":[{"@type":"ReadAction","target":["https:\/\/mouldsart.com\/product\/mold-for-making-the-garden-bench\/"]}]},{"@type":"ImageObject","inLanguage":"pl-PL","@id":"https:\/\/mouldsart.com\/product\/mold-for-making-the-garden-bench\/#primaryimage","url":"https:\/\/i0.wp.com\/mouldsart.com\/wp-content\/uploads\/2023\/10\/Mold-for-making-the-Garden-bench.jpg?fit=800%2C800&ssl=1","contentUrl":"https:\/\/i0.wp.com\/mouldsart.com\/wp-content\/uploads\/2023\/10\/Mold-for-making-the-Garden-bench.jpg?fit=800%2C800&ssl=1","width":800,"height":800},{"@type":"BreadcrumbList","@id":"https:\/\/mouldsart.com\/product\/mold-for-making-the-garden-bench\/#breadcrumb","itemListElement":[{"@type":"ListItem","position":1,"name":"\u0413\u043b\u0430\u0432\u043d\u0430\u044f \u0441\u0442\u0440\u0430\u043d\u0438\u0446\u0430","item":"https:\/\/mouldsart.com\/"},{"@type":"ListItem","position":2,"name":"Vivat Company Moulds","item":"https:\/\/mouldsart.com\/shop\/"},{"@type":"ListItem","position":3,"name":"Garden bench &#8220;Orchard&#8221; mould"}]},{"@type":"WebSite","@id":"https:\/\/mouldsart.com\/#website","url":"https:\/\/mouldsart.com\/","name":"Formy","description":"","publisher":{"@id":"https:\/\/mouldsart.com\/#organization"},"potentialAction":[{"@type":"SearchAction","target":{"@type":"EntryPoint","urlTemplate":"https:\/\/mouldsart.com\/?s={search_term_string}"},"query-input":"required name=search_term_string"}],"inLanguage":"pl-PL"},{"@type":"Organization","@id":"https:\/\/mouldsart.com\/#organization","name":"\u017by\u0107","url":"https:\/\/mouldsart.com\/","logo":{"@type":"ImageObject","inLanguage":"pl-PL","@id":"https:\/\/mouldsart.com\/#\/schema\/logo\/image\/","url":"https:\/\/i0.wp.com\/mouldsart.com\/wp-content\/uploads\/2025\/05\/cropped-logo1.png?fit=1080%2C558&ssl=1","contentUrl":"https:\/\/i0.wp.com\/mouldsart.com\/wp-content\/uploads\/2025\/05\/cropped-logo1.png?fit=1080%2C558&ssl=1","width":1080,"height":558,"caption":"Vivat"},"image":{"@id":"https:\/\/mouldsart.com\/#\/schema\/logo\/image\/"},"sameAs":["https:\/\/www.facebook.com\/pc.vivat","https:\/\/www.instagram.com\/pc_vivat\/"]}]}},"jetpack_sharing_enabled":true,"_links":{"self":[{"href":"https:\/\/mouldsart.com\/pl\/wp-json\/wp\/v2\/product\/2425","targetHints":{"allow":["GET"]}}],"collection":[{"href":"https:\/\/mouldsart.com\/pl\/wp-json\/wp\/v2\/product"}],"about":[{"href":"https:\/\/mouldsart.com\/pl\/wp-json\/wp\/v2\/types\/product"}],"version-history":[{"count":12,"href":"https:\/\/mouldsart.com\/pl\/wp-json\/wp\/v2\/product\/2425\/revisions"}],"predecessor-version":[{"id":5293,"href":"https:\/\/mouldsart.com\/pl\/wp-json\/wp\/v2\/product\/2425\/revisions\/5293"}],"wp:featuredmedia":[{"embeddable":true,"href":"https:\/\/mouldsart.com\/pl\/wp-json\/wp\/v2\/media\/2427"}],"wp:attachment":[{"href":"https:\/\/mouldsart.com\/pl\/wp-json\/wp\/v2\/media?parent=2425"}],"wp:term":[{"taxonomy":"product_brand","embeddable":true,"href":"https:\/\/mouldsart.com\/pl\/wp-json\/wp\/v2\/product_brand?post=2425"},{"taxonomy":"product_cat","embeddable":true,"href":"https:\/\/mouldsart.com\/pl\/wp-json\/wp\/v2\/product_cat?post=2425"},{"taxonomy":"product_tag","embeddable":true,"href":"https:\/\/mouldsart.com\/pl\/wp-json\/wp\/v2\/product_tag?post=2425"}],"curies":[{"name":"wp","href":"https:\/\/api.w.org\/{rel}","templated":true}]}}