{"id":2361,"date":"2023-10-16T10:51:01","date_gmt":"2023-10-16T07:51:01","guid":{"rendered":"https:\/\/mouldsart.com\/?post_type=product&#038;p=2361"},"modified":"2025-04-03T14:51:27","modified_gmt":"2025-04-03T11:51:27","slug":"mould-for-the-production-of-a-tea-table","status":"publish","type":"product","link":"https:\/\/mouldsart.com\/pl\/produkt\/forma-do-produkcji-stolika-do-herbaty\/","title":{"rendered":"Forma na stolik ogrodowy \u201eHerbata\u201d"},"content":{"rendered":"<div data-elementor-type=\"product-post\" data-elementor-id=\"2361\" class=\"elementor elementor-2361\" data-elementor-post-type=\"product\">\n\t\t\t\t<div class=\"elementor-element elementor-element-749ae54 e-flex e-con-boxed e-con e-parent\" data-id=\"749ae54\" data-element_type=\"container\" data-e-type=\"container\">\n\t\t\t\t\t<div class=\"e-con-inner\">\n\t\t<div class=\"elementor-element elementor-element-bf97e47 e-con-full e-flex e-con e-child\" data-id=\"bf97e47\" data-element_type=\"container\" data-e-type=\"container\">\n\t\t\t\t<div class=\"elementor-element elementor-element-2371a312 elementor-widget elementor-widget-text-editor\" data-id=\"2371a312\" data-element_type=\"widget\" data-e-type=\"widget\" data-widget_type=\"text-editor.default\">\n\t\t\t\t<div class=\"elementor-widget-container\">\n\t\t\t\t\t\t\t\t\t<p><strong>Cechy produktu<\/strong><\/p><ul><li>Wysoko\u015b\u0107: 63 cm<\/li><li>\u015arednica: 60 cm<\/li><li>Waga: 99 kg<\/li><\/ul><p>Stolik do herbaty to elegancki dodatek do ogrodu lub tarasu. Dzi\u0119ki betonowej obudowie jest odporny na wszelkie warunki atmosferyczne. Idealny do delektowania si\u0119 ulubion\u0105 herbat\u0105 lub kaw\u0105 na \u015bwie\u017cym powietrzu. Elegancki design i naturalny wygl\u0105d sprawiaj\u0105, \u017ce jest to wspania\u0142y dodatek do ogrodu, tworz\u0105cy atmosfer\u0119 przytulno\u015bci i spokoju.<\/p>\t\t\t\t\t\t\t\t<\/div>\n\t\t\t\t<\/div>\n\t\t\t\t<\/div>\n\t\t<div class=\"elementor-element elementor-element-33fd6df e-con-full e-flex e-con e-child\" data-id=\"33fd6df\" data-element_type=\"container\" data-e-type=\"container\">\n\t\t\t\t<div class=\"elementor-element elementor-element-597ecec elementor-arrows-position-inside elementor-pagination-position-outside elementor-widget elementor-widget-image-carousel\" data-id=\"597ecec\" data-element_type=\"widget\" data-e-type=\"widget\" data-settings=\"{&quot;slides_to_show&quot;:&quot;1&quot;,&quot;navigation&quot;:&quot;both&quot;,&quot;autoplay&quot;:&quot;yes&quot;,&quot;pause_on_hover&quot;:&quot;yes&quot;,&quot;pause_on_interaction&quot;:&quot;yes&quot;,&quot;autoplay_speed&quot;:5000,&quot;infinite&quot;:&quot;yes&quot;,&quot;effect&quot;:&quot;slide&quot;,&quot;speed&quot;:500}\" data-widget_type=\"image-carousel.default\">\n\t\t\t\t<div class=\"elementor-widget-container\">\n\t\t\t\t\t\t\t<div class=\"elementor-image-carousel-wrapper swiper\" role=\"region\" aria-roledescription=\"carousel\" aria-label=\"Karuzela obrazk\u00f3w\" dir=\"ltr\">\n\t\t\t<div class=\"elementor-image-carousel swiper-wrapper\" aria-live=\"off\">\n\t\t\t\t\t\t\t\t<div class=\"swiper-slide\" role=\"group\" aria-roledescription=\"slide\" aria-label=\"1 z 1\" data-no-translation-aria-label=\"\"><figure class=\"swiper-slide-inner\"><img decoding=\"async\" class=\"swiper-slide-image\" src=\"https:\/\/i0.wp.com\/mouldsart.com\/wp-content\/uploads\/2023\/10\/a-tea-table1-.jpg?fit=1080%2C1080&amp;ssl=1\" alt=\"stolik do herbaty1\" \/><\/figure><\/div>\t\t\t<\/div>\n\t\t\t\t\t<\/div>\n\t\t\t\t\t\t<\/div>\n\t\t\t\t<\/div>\n\t\t\t\t<\/div>\n\t\t\t\t\t<\/div>\n\t\t\t\t<\/div>\n\t\t\t\t<\/div>","protected":false},"excerpt":{"rendered":"<p>Cechy produktu Wysoko\u015b\u0107: 63 cm \u015arednica: 60 cm Waga: 99 kg Stolik do herbaty to elegancki dodatek do ogrodu lub tarasu. Dzi\u0119ki betonowej obudowie jest odporny na wszelkie warunki atmosferyczne. Idealny do delektowania si\u0119 ulubion\u0105 herbat\u0105 lub kaw\u0105 na \u015bwie\u017cym powietrzu. Elegancki design i naturalny wygl\u0105d sprawiaj\u0105, \u017ce jest to \u015bwietny dodatek\u2026<\/p>","protected":false},"featured_media":2363,"template":"","meta":{"_kad_post_transparent":"default","_kad_post_title":"","_kad_post_layout":"default","_kad_post_sidebar_id":"","_kad_post_content_style":"default","_kad_post_vertical_padding":"default","_kad_post_feature":"","_kad_post_feature_position":"","_kad_post_header":false,"_kad_post_footer":false},"product_brand":[],"product_cat":[52],"product_tag":[],"class_list":{"0":"post-2361","1":"product","2":"type-product","3":"status-publish","4":"has-post-thumbnail","6":"product_cat-mould-garden","7":"pa_assignment-concrete","8":"pa_material-fiberglass-metal","10":"first","11":"instock","12":"shipping-taxable","13":"purchasable","14":"product-type-simple","15":"entry","16":"content-bg","17":"loop-entry"},"acf":[],"yoast_head":"<!-- This site is optimized with the Yoast SEO plugin v23.1 - https:\/\/yoast.com\/wordpress\/plugins\/seo\/ -->\n<title>Garden table &quot;Tea&quot; mould - Concrete Molds sale<\/title>\n<meta name=\"description\" content=\"Concrete Garden Table Top Molds \u26a1. Product Features: \u2714height - 63 cm; \u2714Dimaeter - 60 cm. \u27a1Mould material: fiberglass \u2795 metal. Delivery throughout Europe \ud83c\udf0d.\" \/>\n<meta name=\"robots\" content=\"index, follow, max-snippet:-1, max-image-preview:large, max-video-preview:-1\" \/>\n<link rel=\"canonical\" href=\"https:\/\/mouldsart.com\/pl\/produkt\/forma-do-produkcji-stolika-do-herbaty\/\" \/>\n<meta property=\"og:locale\" content=\"pl_PL\" \/>\n<meta property=\"og:type\" content=\"article\" \/>\n<meta property=\"og:title\" content=\"Garden table &quot;Tea&quot; mould - Concrete Molds sale\" \/>\n<meta property=\"og:description\" content=\"Concrete Garden Table Top Molds \u26a1. Product Features: \u2714height - 63 cm; \u2714Dimaeter - 60 cm. \u27a1Mould material: fiberglass \u2795 metal. Delivery throughout Europe \ud83c\udf0d.\" \/>\n<meta property=\"og:url\" content=\"https:\/\/mouldsart.com\/pl\/produkt\/forma-do-produkcji-stolika-do-herbaty\/\" \/>\n<meta property=\"article:publisher\" content=\"https:\/\/www.facebook.com\/pc.vivat\" \/>\n<meta property=\"article:modified_time\" content=\"2025-04-03T11:51:27+00:00\" \/>\n<meta property=\"og:image\" content=\"https:\/\/mouldsart.com\/wp-content\/uploads\/2023\/10\/tea-table-Rockside.jpg\" \/>\n\t<meta property=\"og:image:width\" content=\"800\" \/>\n\t<meta property=\"og:image:height\" content=\"800\" \/>\n\t<meta property=\"og:image:type\" content=\"image\/jpeg\" \/>\n<meta name=\"twitter:card\" content=\"summary_large_image\" \/>\n<meta name=\"twitter:label1\" content=\"Szacowany czas czytania\" \/>\n\t<meta name=\"twitter:data1\" content=\"1 minuta\" \/>\n<script type=\"application\/ld+json\" class=\"yoast-schema-graph\">{\"@context\":\"https:\/\/schema.org\",\"@graph\":[{\"@type\":\"WebPage\",\"@id\":\"https:\/\/mouldsart.com\/product\/mould-for-the-production-of-a-tea-table\/\",\"url\":\"https:\/\/mouldsart.com\/product\/mould-for-the-production-of-a-tea-table\/\",\"name\":\"Garden table \\\"Tea\\\" mould - Concrete Molds sale\",\"isPartOf\":{\"@id\":\"https:\/\/mouldsart.com\/#website\"},\"primaryImageOfPage\":{\"@id\":\"https:\/\/mouldsart.com\/product\/mould-for-the-production-of-a-tea-table\/#primaryimage\"},\"image\":{\"@id\":\"https:\/\/mouldsart.com\/product\/mould-for-the-production-of-a-tea-table\/#primaryimage\"},\"thumbnailUrl\":\"https:\/\/i0.wp.com\/mouldsart.com\/wp-content\/uploads\/2023\/10\/tea-table-Rockside.jpg?fit=800%2C800&ssl=1\",\"datePublished\":\"2023-10-16T07:51:01+00:00\",\"dateModified\":\"2025-04-03T11:51:27+00:00\",\"description\":\"Concrete Garden Table Top Molds \u26a1. Product Features: \u2714height - 63 cm; \u2714Dimaeter - 60 cm. \u27a1Mould material: fiberglass \u2795 metal. Delivery throughout Europe \ud83c\udf0d.\",\"breadcrumb\":{\"@id\":\"https:\/\/mouldsart.com\/product\/mould-for-the-production-of-a-tea-table\/#breadcrumb\"},\"inLanguage\":\"pl-PL\",\"potentialAction\":[{\"@type\":\"ReadAction\",\"target\":[\"https:\/\/mouldsart.com\/product\/mould-for-the-production-of-a-tea-table\/\"]}]},{\"@type\":\"ImageObject\",\"inLanguage\":\"pl-PL\",\"@id\":\"https:\/\/mouldsart.com\/product\/mould-for-the-production-of-a-tea-table\/#primaryimage\",\"url\":\"https:\/\/i0.wp.com\/mouldsart.com\/wp-content\/uploads\/2023\/10\/tea-table-Rockside.jpg?fit=800%2C800&ssl=1\",\"contentUrl\":\"https:\/\/i0.wp.com\/mouldsart.com\/wp-content\/uploads\/2023\/10\/tea-table-Rockside.jpg?fit=800%2C800&ssl=1\",\"width\":800,\"height\":800},{\"@type\":\"BreadcrumbList\",\"@id\":\"https:\/\/mouldsart.com\/product\/mould-for-the-production-of-a-tea-table\/#breadcrumb\",\"itemListElement\":[{\"@type\":\"ListItem\",\"position\":1,\"name\":\"\u0413\u043b\u0430\u0432\u043d\u0430\u044f \u0441\u0442\u0440\u0430\u043d\u0438\u0446\u0430\",\"item\":\"https:\/\/mouldsart.com\/\"},{\"@type\":\"ListItem\",\"position\":2,\"name\":\"Vivat Company Moulds\",\"item\":\"https:\/\/mouldsart.com\/shop\/\"},{\"@type\":\"ListItem\",\"position\":3,\"name\":\"Garden table &#8220;Tea&#8221; mould\"}]},{\"@type\":\"WebSite\",\"@id\":\"https:\/\/mouldsart.com\/#website\",\"url\":\"https:\/\/mouldsart.com\/\",\"name\":\"Moulds\",\"description\":\"\",\"publisher\":{\"@id\":\"https:\/\/mouldsart.com\/#organization\"},\"potentialAction\":[{\"@type\":\"SearchAction\",\"target\":{\"@type\":\"EntryPoint\",\"urlTemplate\":\"https:\/\/mouldsart.com\/?s={search_term_string}\"},\"query-input\":\"required name=search_term_string\"}],\"inLanguage\":\"pl-PL\"},{\"@type\":\"Organization\",\"@id\":\"https:\/\/mouldsart.com\/#organization\",\"name\":\"Vivat\",\"url\":\"https:\/\/mouldsart.com\/\",\"logo\":{\"@type\":\"ImageObject\",\"inLanguage\":\"pl-PL\",\"@id\":\"https:\/\/mouldsart.com\/#\/schema\/logo\/image\/\",\"url\":\"https:\/\/i0.wp.com\/mouldsart.com\/wp-content\/uploads\/2025\/05\/cropped-logo1.png?fit=1080%2C558&ssl=1\",\"contentUrl\":\"https:\/\/i0.wp.com\/mouldsart.com\/wp-content\/uploads\/2025\/05\/cropped-logo1.png?fit=1080%2C558&ssl=1\",\"width\":1080,\"height\":558,\"caption\":\"Vivat\"},\"image\":{\"@id\":\"https:\/\/mouldsart.com\/#\/schema\/logo\/image\/\"},\"sameAs\":[\"https:\/\/www.facebook.com\/pc.vivat\",\"https:\/\/www.instagram.com\/pc_vivat\/\"]}]}<\/script>\n<!-- \/ Yoast SEO plugin. -->","yoast_head_json":{"title":"Forma na st\u00f3\u0142 ogrodowy &quot;Herbata&quot; - sprzeda\u017c form betonowych","description":"Formy na blaty sto\u0142\u00f3w ogrodowych z betonu \u26a1. Cechy produktu: \u2714wysoko\u015b\u0107 - 63 cm; \u2714\u015brednica - 60 cm. \u27a1Materia\u0142 formy: w\u0142\u00f3kno szklane \u2795 metal. Dostawa w ca\u0142ej Europie \ud83c\udf0d.","robots":{"index":"index","follow":"follow","max-snippet":"max-snippet:-1","max-image-preview":"max-image-preview:large","max-video-preview":"max-video-preview:-1"},"canonical":"https:\/\/mouldsart.com\/pl\/produkt\/forma-do-produkcji-stolika-do-herbaty\/","og_locale":"pl_PL","og_type":"article","og_title":"Garden table \"Tea\" mould - Concrete Molds sale","og_description":"Concrete Garden Table Top Molds \u26a1. Product Features: \u2714height - 63 cm; \u2714Dimaeter - 60 cm. \u27a1Mould material: fiberglass \u2795 metal. Delivery throughout Europe \ud83c\udf0d.","og_url":"https:\/\/mouldsart.com\/pl\/produkt\/forma-do-produkcji-stolika-do-herbaty\/","article_publisher":"https:\/\/www.facebook.com\/pc.vivat","article_modified_time":"2025-04-03T11:51:27+00:00","og_image":[{"width":800,"height":800,"url":"https:\/\/mouldsart.com\/wp-content\/uploads\/2023\/10\/tea-table-Rockside.jpg","type":"image\/jpeg"}],"twitter_card":"summary_large_image","twitter_misc":{"Szacowany czas czytania":"1 minuta"},"schema":{"@context":"https:\/\/schema.org","@graph":[{"@type":"WebPage","@id":"https:\/\/mouldsart.com\/product\/mould-for-the-production-of-a-tea-table\/","url":"https:\/\/mouldsart.com\/product\/mould-for-the-production-of-a-tea-table\/","name":"Forma na st\u00f3\u0142 ogrodowy &quot;Herbata&quot; - sprzeda\u017c form betonowych","isPartOf":{"@id":"https:\/\/mouldsart.com\/#website"},"primaryImageOfPage":{"@id":"https:\/\/mouldsart.com\/product\/mould-for-the-production-of-a-tea-table\/#primaryimage"},"image":{"@id":"https:\/\/mouldsart.com\/product\/mould-for-the-production-of-a-tea-table\/#primaryimage"},"thumbnailUrl":"https:\/\/i0.wp.com\/mouldsart.com\/wp-content\/uploads\/2023\/10\/tea-table-Rockside.jpg?fit=800%2C800&ssl=1","datePublished":"2023-10-16T07:51:01+00:00","dateModified":"2025-04-03T11:51:27+00:00","description":"Formy na blaty sto\u0142\u00f3w ogrodowych z betonu \u26a1. Cechy produktu: \u2714wysoko\u015b\u0107 - 63 cm; \u2714\u015brednica - 60 cm. \u27a1Materia\u0142 formy: w\u0142\u00f3kno szklane \u2795 metal. Dostawa w ca\u0142ej Europie \ud83c\udf0d.","breadcrumb":{"@id":"https:\/\/mouldsart.com\/product\/mould-for-the-production-of-a-tea-table\/#breadcrumb"},"inLanguage":"pl-PL","potentialAction":[{"@type":"ReadAction","target":["https:\/\/mouldsart.com\/product\/mould-for-the-production-of-a-tea-table\/"]}]},{"@type":"ImageObject","inLanguage":"pl-PL","@id":"https:\/\/mouldsart.com\/product\/mould-for-the-production-of-a-tea-table\/#primaryimage","url":"https:\/\/i0.wp.com\/mouldsart.com\/wp-content\/uploads\/2023\/10\/tea-table-Rockside.jpg?fit=800%2C800&ssl=1","contentUrl":"https:\/\/i0.wp.com\/mouldsart.com\/wp-content\/uploads\/2023\/10\/tea-table-Rockside.jpg?fit=800%2C800&ssl=1","width":800,"height":800},{"@type":"BreadcrumbList","@id":"https:\/\/mouldsart.com\/product\/mould-for-the-production-of-a-tea-table\/#breadcrumb","itemListElement":[{"@type":"ListItem","position":1,"name":"\u0413\u043b\u0430\u0432\u043d\u0430\u044f \u0441\u0442\u0440\u0430\u043d\u0438\u0446\u0430","item":"https:\/\/mouldsart.com\/"},{"@type":"ListItem","position":2,"name":"Vivat Company Moulds","item":"https:\/\/mouldsart.com\/shop\/"},{"@type":"ListItem","position":3,"name":"Garden table &#8220;Tea&#8221; mould"}]},{"@type":"WebSite","@id":"https:\/\/mouldsart.com\/#website","url":"https:\/\/mouldsart.com\/","name":"Formy","description":"","publisher":{"@id":"https:\/\/mouldsart.com\/#organization"},"potentialAction":[{"@type":"SearchAction","target":{"@type":"EntryPoint","urlTemplate":"https:\/\/mouldsart.com\/?s={search_term_string}"},"query-input":"required name=search_term_string"}],"inLanguage":"pl-PL"},{"@type":"Organization","@id":"https:\/\/mouldsart.com\/#organization","name":"\u017by\u0107","url":"https:\/\/mouldsart.com\/","logo":{"@type":"ImageObject","inLanguage":"pl-PL","@id":"https:\/\/mouldsart.com\/#\/schema\/logo\/image\/","url":"https:\/\/i0.wp.com\/mouldsart.com\/wp-content\/uploads\/2025\/05\/cropped-logo1.png?fit=1080%2C558&ssl=1","contentUrl":"https:\/\/i0.wp.com\/mouldsart.com\/wp-content\/uploads\/2025\/05\/cropped-logo1.png?fit=1080%2C558&ssl=1","width":1080,"height":558,"caption":"Vivat"},"image":{"@id":"https:\/\/mouldsart.com\/#\/schema\/logo\/image\/"},"sameAs":["https:\/\/www.facebook.com\/pc.vivat","https:\/\/www.instagram.com\/pc_vivat\/"]}]}},"jetpack_sharing_enabled":true,"_links":{"self":[{"href":"https:\/\/mouldsart.com\/pl\/wp-json\/wp\/v2\/product\/2361","targetHints":{"allow":["GET"]}}],"collection":[{"href":"https:\/\/mouldsart.com\/pl\/wp-json\/wp\/v2\/product"}],"about":[{"href":"https:\/\/mouldsart.com\/pl\/wp-json\/wp\/v2\/types\/product"}],"version-history":[{"count":10,"href":"https:\/\/mouldsart.com\/pl\/wp-json\/wp\/v2\/product\/2361\/revisions"}],"predecessor-version":[{"id":5297,"href":"https:\/\/mouldsart.com\/pl\/wp-json\/wp\/v2\/product\/2361\/revisions\/5297"}],"wp:featuredmedia":[{"embeddable":true,"href":"https:\/\/mouldsart.com\/pl\/wp-json\/wp\/v2\/media\/2363"}],"wp:attachment":[{"href":"https:\/\/mouldsart.com\/pl\/wp-json\/wp\/v2\/media?parent=2361"}],"wp:term":[{"taxonomy":"product_brand","embeddable":true,"href":"https:\/\/mouldsart.com\/pl\/wp-json\/wp\/v2\/product_brand?post=2361"},{"taxonomy":"product_cat","embeddable":true,"href":"https:\/\/mouldsart.com\/pl\/wp-json\/wp\/v2\/product_cat?post=2361"},{"taxonomy":"product_tag","embeddable":true,"href":"https:\/\/mouldsart.com\/pl\/wp-json\/wp\/v2\/product_tag?post=2361"}],"curies":[{"name":"wp","href":"https:\/\/api.w.org\/{rel}","templated":true}]}}