{"id":2219,"date":"2023-10-13T11:32:07","date_gmt":"2023-10-13T08:32:07","guid":{"rendered":"https:\/\/mouldsart.com\/?post_type=product&#038;p=2219"},"modified":"2025-04-03T14:37:38","modified_gmt":"2025-04-03T11:37:38","slug":"molds-for-making-cascade-benches","status":"publish","type":"product","link":"https:\/\/mouldsart.com\/pl\/produkt\/formy-do-robienia-lawek-kaskadowych\/","title":{"rendered":"Forma sto\u0142owa \u201eSegment\u201d (na 1 sekcj\u0119)"},"content":{"rendered":"<div data-elementor-type=\"product-post\" data-elementor-id=\"2219\" class=\"elementor elementor-2219\" data-elementor-post-type=\"product\">\n\t\t\t\t<div class=\"elementor-element elementor-element-749ae54 e-flex e-con-boxed e-con e-parent\" data-id=\"749ae54\" data-element_type=\"container\" data-e-type=\"container\">\n\t\t\t\t\t<div class=\"e-con-inner\">\n\t\t<div class=\"elementor-element elementor-element-bf97e47 e-con-full e-flex e-con e-child\" data-id=\"bf97e47\" data-element_type=\"container\" data-e-type=\"container\">\n\t\t\t\t<div class=\"elementor-element elementor-element-2371a312 elementor-widget elementor-widget-text-editor\" data-id=\"2371a312\" data-element_type=\"widget\" data-e-type=\"widget\" data-widget_type=\"text-editor.default\">\n\t\t\t\t<div class=\"elementor-widget-container\">\n\t\t\t\t\t\t\t\t\t<p><strong>Cechy produktu<\/strong><\/p><ul><li>Wysoko\u015b\u0107: 50 cm;<\/li><li>D\u0142ugo\u015b\u0107: 116 cm;<\/li><li>Szeroko\u015b\u0107: 87 cm;<\/li><li>Waga: 215 kg<\/li><li>Pojemno\u015b\u0107: 240 litr\u00f3w<\/li><\/ul><p>Ze wzgl\u0119du na kszta\u0142t i rozmiar \u0142awki, mo\u017cna j\u0105 u\u017cywa\u0107 samodzielnie lub w po\u0142\u0105czeniu z kilkoma elementami. \u0141awka ta mo\u017ce r\u00f3wnie\u017c s\u0142u\u017cy\u0107 jako kwietnik. \u015awietne miejsce na ulubione ro\u015bliny i kwiaty.<\/p>\t\t\t\t\t\t\t\t<\/div>\n\t\t\t\t<\/div>\n\t\t\t\t<\/div>\n\t\t<div class=\"elementor-element elementor-element-33fd6df e-con-full e-flex e-con e-child\" data-id=\"33fd6df\" data-element_type=\"container\" data-e-type=\"container\">\n\t\t\t\t<div class=\"elementor-element elementor-element-597ecec elementor-arrows-position-inside elementor-pagination-position-outside elementor-widget elementor-widget-image-carousel\" data-id=\"597ecec\" data-element_type=\"widget\" data-e-type=\"widget\" data-settings=\"{&quot;slides_to_show&quot;:&quot;1&quot;,&quot;navigation&quot;:&quot;both&quot;,&quot;autoplay&quot;:&quot;yes&quot;,&quot;pause_on_hover&quot;:&quot;yes&quot;,&quot;pause_on_interaction&quot;:&quot;yes&quot;,&quot;autoplay_speed&quot;:5000,&quot;infinite&quot;:&quot;yes&quot;,&quot;effect&quot;:&quot;slide&quot;,&quot;speed&quot;:500}\" data-widget_type=\"image-carousel.default\">\n\t\t\t\t<div class=\"elementor-widget-container\">\n\t\t\t\t\t\t\t<div class=\"elementor-image-carousel-wrapper swiper\" role=\"region\" aria-roledescription=\"carousel\" aria-label=\"Karuzela obrazk\u00f3w\" dir=\"ltr\">\n\t\t\t<div class=\"elementor-image-carousel swiper-wrapper\" aria-live=\"off\">\n\t\t\t\t\t\t\t\t<div class=\"swiper-slide\" role=\"group\" aria-roledescription=\"slide\" aria-label=\"1 z 3\"><figure class=\"swiper-slide-inner\"><img decoding=\"async\" class=\"swiper-slide-image\" src=\"https:\/\/i0.wp.com\/mouldsart.com\/wp-content\/uploads\/2023\/10\/Banches-Cascade-Rockside-3d-1.jpg?fit=1280%2C1280&amp;ssl=1\" alt=\"Kaskada Banches Rockside 3d 1\" \/><\/figure><\/div><div class=\"swiper-slide\" role=\"group\" aria-roledescription=\"slide\" aria-label=\"2 z 3\"><figure class=\"swiper-slide-inner\"><img decoding=\"async\" class=\"swiper-slide-image\" src=\"https:\/\/i0.wp.com\/mouldsart.com\/wp-content\/uploads\/2023\/10\/Banches-Cascade-Rockside-3d-2.jpg?fit=1280%2C1243&amp;ssl=1\" alt=\"Kaskada Banches Rockside 3d 2\" \/><\/figure><\/div><div class=\"swiper-slide\" role=\"group\" aria-roledescription=\"slide\" aria-label=\"3 z 3\"><figure class=\"swiper-slide-inner\"><img decoding=\"async\" class=\"swiper-slide-image\" src=\"https:\/\/i0.wp.com\/mouldsart.com\/wp-content\/uploads\/2023\/10\/Banches-Cascade-Rockside-3d-4.jpg?fit=1280%2C1280&amp;ssl=1\" alt=\"Kaskada Banches Rockside 3d 4\" \/><\/figure><\/div>\t\t\t<\/div>\n\t\t\t\t\t\t\t\t\t\t\t\t<div class=\"elementor-swiper-button elementor-swiper-button-prev\" role=\"button\" tabindex=\"0\">\n\t\t\t\t\t\t<i aria-hidden=\"true\" class=\"eicon-chevron-left\"><\/i>\t\t\t\t\t<\/div>\n\t\t\t\t\t<div class=\"elementor-swiper-button elementor-swiper-button-next\" role=\"button\" tabindex=\"0\">\n\t\t\t\t\t\t<i aria-hidden=\"true\" class=\"eicon-chevron-right\"><\/i>\t\t\t\t\t<\/div>\n\t\t\t\t\n\t\t\t\t\t\t\t\t\t<div class=\"swiper-pagination\"><\/div>\n\t\t\t\t\t\t\t\t\t<\/div>\n\t\t\t\t\t\t<\/div>\n\t\t\t\t<\/div>\n\t\t\t\t<\/div>\n\t\t\t\t\t<\/div>\n\t\t\t\t<\/div>\n\t\t\t\t<\/div>","protected":false},"excerpt":{"rendered":"<p>Cechy produktu Wysoko\u015b\u0107: 50 cm; D\u0142ugo\u015b\u0107: 116 cm; Szeroko\u015b\u0107: 87 cm; Waga: 215 kg Pojemno\u015b\u0107: 240 litr\u00f3w Ze wzgl\u0119du na kszta\u0142t i rozmiar \u0142awki mo\u017cna jej u\u017cywa\u0107 samodzielnie lub w po\u0142\u0105czeniu z kilkoma elementami. \u0141awka ta mo\u017ce r\u00f3wnie\u017c s\u0142u\u017cy\u0107 jako kwietnik. \u015awietne miejsce na ulubione ro\u015bliny i kwiaty.<\/p>","protected":false},"featured_media":2220,"template":"","meta":{"_kad_post_transparent":"default","_kad_post_title":"","_kad_post_layout":"default","_kad_post_sidebar_id":"","_kad_post_content_style":"default","_kad_post_vertical_padding":"default","_kad_post_feature":"","_kad_post_feature_position":"","_kad_post_header":false,"_kad_post_footer":false},"product_brand":[],"product_cat":[61],"product_tag":[],"class_list":{"0":"post-2219","1":"product","2":"type-product","3":"status-publish","4":"has-post-thumbnail","6":"product_cat-mould-benches","7":"pa_assignment-concrete","8":"pa_material-fiberglass-metal","10":"first","11":"instock","12":"shipping-taxable","13":"purchasable","14":"product-type-simple","15":"entry","16":"content-bg","17":"loop-entry"},"acf":[],"yoast_head":"<!-- This site is optimized with the Yoast SEO plugin v23.1 - https:\/\/yoast.com\/wordpress\/plugins\/seo\/ -->\n<title>Bench &quot;Segment&quot; mould - Molds for Concrete Park Benches<\/title>\n<meta name=\"description\" content=\"Product (1 section) features: \u2714height - 50 cm; \u2714length - 116 cm; \u2714width - 87 cm. \u27a1Mould material: fiberglass \u2795 metal. The Manufacturer country - Ukraine \ud83d\udc99\ud83d\udc9b.\" \/>\n<meta name=\"robots\" content=\"index, follow, max-snippet:-1, max-image-preview:large, max-video-preview:-1\" \/>\n<link rel=\"canonical\" href=\"https:\/\/mouldsart.com\/pl\/produkt\/formy-do-robienia-lawek-kaskadowych\/\" \/>\n<meta property=\"og:locale\" content=\"pl_PL\" \/>\n<meta property=\"og:type\" content=\"article\" \/>\n<meta property=\"og:title\" content=\"Bench &quot;Segment&quot; mould - Molds for Concrete Park Benches\" \/>\n<meta property=\"og:description\" content=\"Product (1 section) features: \u2714height - 50 cm; \u2714length - 116 cm; \u2714width - 87 cm. \u27a1Mould material: fiberglass \u2795 metal. The Manufacturer country - Ukraine \ud83d\udc99\ud83d\udc9b.\" \/>\n<meta property=\"og:url\" content=\"https:\/\/mouldsart.com\/pl\/produkt\/formy-do-robienia-lawek-kaskadowych\/\" \/>\n<meta property=\"article:publisher\" content=\"https:\/\/www.facebook.com\/pc.vivat\" \/>\n<meta property=\"article:modified_time\" content=\"2025-04-03T11:37:38+00:00\" \/>\n<meta property=\"og:image\" content=\"https:\/\/mouldsart.com\/wp-content\/uploads\/2023\/10\/Banches-Cascade-Rockside-3d.jpg\" \/>\n\t<meta property=\"og:image:width\" content=\"1080\" \/>\n\t<meta property=\"og:image:height\" content=\"1080\" \/>\n\t<meta property=\"og:image:type\" content=\"image\/jpeg\" \/>\n<meta name=\"twitter:card\" content=\"summary_large_image\" \/>\n<meta name=\"twitter:label1\" content=\"Szacowany czas czytania\" \/>\n\t<meta name=\"twitter:data1\" content=\"2 minuty\" \/>\n<script type=\"application\/ld+json\" class=\"yoast-schema-graph\">{\"@context\":\"https:\/\/schema.org\",\"@graph\":[{\"@type\":\"WebPage\",\"@id\":\"https:\/\/mouldsart.com\/product\/molds-for-making-cascade-benches\/\",\"url\":\"https:\/\/mouldsart.com\/product\/molds-for-making-cascade-benches\/\",\"name\":\"Bench \\\"Segment\\\" mould - Molds for Concrete Park Benches\",\"isPartOf\":{\"@id\":\"https:\/\/mouldsart.com\/#website\"},\"primaryImageOfPage\":{\"@id\":\"https:\/\/mouldsart.com\/product\/molds-for-making-cascade-benches\/#primaryimage\"},\"image\":{\"@id\":\"https:\/\/mouldsart.com\/product\/molds-for-making-cascade-benches\/#primaryimage\"},\"thumbnailUrl\":\"https:\/\/i0.wp.com\/mouldsart.com\/wp-content\/uploads\/2023\/10\/Banches-Cascade-Rockside-3d.jpg?fit=1080%2C1080&ssl=1\",\"datePublished\":\"2023-10-13T08:32:07+00:00\",\"dateModified\":\"2025-04-03T11:37:38+00:00\",\"description\":\"Product (1 section) features: \u2714height - 50 cm; \u2714length - 116 cm; \u2714width - 87 cm. \u27a1Mould material: fiberglass \u2795 metal. The Manufacturer country - Ukraine \ud83d\udc99\ud83d\udc9b.\",\"breadcrumb\":{\"@id\":\"https:\/\/mouldsart.com\/product\/molds-for-making-cascade-benches\/#breadcrumb\"},\"inLanguage\":\"pl-PL\",\"potentialAction\":[{\"@type\":\"ReadAction\",\"target\":[\"https:\/\/mouldsart.com\/product\/molds-for-making-cascade-benches\/\"]}]},{\"@type\":\"ImageObject\",\"inLanguage\":\"pl-PL\",\"@id\":\"https:\/\/mouldsart.com\/product\/molds-for-making-cascade-benches\/#primaryimage\",\"url\":\"https:\/\/i0.wp.com\/mouldsart.com\/wp-content\/uploads\/2023\/10\/Banches-Cascade-Rockside-3d.jpg?fit=1080%2C1080&ssl=1\",\"contentUrl\":\"https:\/\/i0.wp.com\/mouldsart.com\/wp-content\/uploads\/2023\/10\/Banches-Cascade-Rockside-3d.jpg?fit=1080%2C1080&ssl=1\",\"width\":1080,\"height\":1080},{\"@type\":\"BreadcrumbList\",\"@id\":\"https:\/\/mouldsart.com\/product\/molds-for-making-cascade-benches\/#breadcrumb\",\"itemListElement\":[{\"@type\":\"ListItem\",\"position\":1,\"name\":\"\u0413\u043b\u0430\u0432\u043d\u0430\u044f \u0441\u0442\u0440\u0430\u043d\u0438\u0446\u0430\",\"item\":\"https:\/\/mouldsart.com\/\"},{\"@type\":\"ListItem\",\"position\":2,\"name\":\"Vivat Company Moulds\",\"item\":\"https:\/\/mouldsart.com\/shop\/\"},{\"@type\":\"ListItem\",\"position\":3,\"name\":\"Bench &#8220;Segment&#8221; mould (for 1 section)\"}]},{\"@type\":\"WebSite\",\"@id\":\"https:\/\/mouldsart.com\/#website\",\"url\":\"https:\/\/mouldsart.com\/\",\"name\":\"Moulds\",\"description\":\"\",\"publisher\":{\"@id\":\"https:\/\/mouldsart.com\/#organization\"},\"potentialAction\":[{\"@type\":\"SearchAction\",\"target\":{\"@type\":\"EntryPoint\",\"urlTemplate\":\"https:\/\/mouldsart.com\/?s={search_term_string}\"},\"query-input\":\"required name=search_term_string\"}],\"inLanguage\":\"pl-PL\"},{\"@type\":\"Organization\",\"@id\":\"https:\/\/mouldsart.com\/#organization\",\"name\":\"Vivat\",\"url\":\"https:\/\/mouldsart.com\/\",\"logo\":{\"@type\":\"ImageObject\",\"inLanguage\":\"pl-PL\",\"@id\":\"https:\/\/mouldsart.com\/#\/schema\/logo\/image\/\",\"url\":\"https:\/\/i0.wp.com\/mouldsart.com\/wp-content\/uploads\/2025\/05\/cropped-logo1.png?fit=1080%2C558&ssl=1\",\"contentUrl\":\"https:\/\/i0.wp.com\/mouldsart.com\/wp-content\/uploads\/2025\/05\/cropped-logo1.png?fit=1080%2C558&ssl=1\",\"width\":1080,\"height\":558,\"caption\":\"Vivat\"},\"image\":{\"@id\":\"https:\/\/mouldsart.com\/#\/schema\/logo\/image\/\"},\"sameAs\":[\"https:\/\/www.facebook.com\/pc.vivat\",\"https:\/\/www.instagram.com\/pc_vivat\/\"]}]}<\/script>\n<!-- \/ Yoast SEO plugin. -->","yoast_head_json":{"title":"Forma na \u0142awk\u0119 \u201eSegment\u201d - Formy na \u0142awki parkowe betonowe","description":"Cechy produktu (1 sekcja): \u2714wysoko\u015b\u0107 - 50 cm; \u2714d\u0142ugo\u015b\u0107 - 116 cm; \u2714szeroko\u015b\u0107 - 87 cm. \u27a1Materia\u0142 formy: w\u0142\u00f3kno szklane \u2795 metal. Kraj producenta - Ukraina \ud83d\udc99\ud83d\udc9b.","robots":{"index":"index","follow":"follow","max-snippet":"max-snippet:-1","max-image-preview":"max-image-preview:large","max-video-preview":"max-video-preview:-1"},"canonical":"https:\/\/mouldsart.com\/pl\/produkt\/formy-do-robienia-lawek-kaskadowych\/","og_locale":"pl_PL","og_type":"article","og_title":"Bench \"Segment\" mould - Molds for Concrete Park Benches","og_description":"Product (1 section) features: \u2714height - 50 cm; \u2714length - 116 cm; \u2714width - 87 cm. \u27a1Mould material: fiberglass \u2795 metal. The Manufacturer country - Ukraine \ud83d\udc99\ud83d\udc9b.","og_url":"https:\/\/mouldsart.com\/pl\/produkt\/formy-do-robienia-lawek-kaskadowych\/","article_publisher":"https:\/\/www.facebook.com\/pc.vivat","article_modified_time":"2025-04-03T11:37:38+00:00","og_image":[{"width":1080,"height":1080,"url":"https:\/\/mouldsart.com\/wp-content\/uploads\/2023\/10\/Banches-Cascade-Rockside-3d.jpg","type":"image\/jpeg"}],"twitter_card":"summary_large_image","twitter_misc":{"Szacowany czas czytania":"2 minuty"},"schema":{"@context":"https:\/\/schema.org","@graph":[{"@type":"WebPage","@id":"https:\/\/mouldsart.com\/product\/molds-for-making-cascade-benches\/","url":"https:\/\/mouldsart.com\/product\/molds-for-making-cascade-benches\/","name":"Forma na \u0142awk\u0119 \u201eSegment\u201d - Formy na \u0142awki parkowe betonowe","isPartOf":{"@id":"https:\/\/mouldsart.com\/#website"},"primaryImageOfPage":{"@id":"https:\/\/mouldsart.com\/product\/molds-for-making-cascade-benches\/#primaryimage"},"image":{"@id":"https:\/\/mouldsart.com\/product\/molds-for-making-cascade-benches\/#primaryimage"},"thumbnailUrl":"https:\/\/i0.wp.com\/mouldsart.com\/wp-content\/uploads\/2023\/10\/Banches-Cascade-Rockside-3d.jpg?fit=1080%2C1080&ssl=1","datePublished":"2023-10-13T08:32:07+00:00","dateModified":"2025-04-03T11:37:38+00:00","description":"Cechy produktu (1 sekcja): \u2714wysoko\u015b\u0107 - 50 cm; \u2714d\u0142ugo\u015b\u0107 - 116 cm; \u2714szeroko\u015b\u0107 - 87 cm. \u27a1Materia\u0142 formy: w\u0142\u00f3kno szklane \u2795 metal. Kraj producenta - Ukraina \ud83d\udc99\ud83d\udc9b.","breadcrumb":{"@id":"https:\/\/mouldsart.com\/product\/molds-for-making-cascade-benches\/#breadcrumb"},"inLanguage":"pl-PL","potentialAction":[{"@type":"ReadAction","target":["https:\/\/mouldsart.com\/product\/molds-for-making-cascade-benches\/"]}]},{"@type":"ImageObject","inLanguage":"pl-PL","@id":"https:\/\/mouldsart.com\/product\/molds-for-making-cascade-benches\/#primaryimage","url":"https:\/\/i0.wp.com\/mouldsart.com\/wp-content\/uploads\/2023\/10\/Banches-Cascade-Rockside-3d.jpg?fit=1080%2C1080&ssl=1","contentUrl":"https:\/\/i0.wp.com\/mouldsart.com\/wp-content\/uploads\/2023\/10\/Banches-Cascade-Rockside-3d.jpg?fit=1080%2C1080&ssl=1","width":1080,"height":1080},{"@type":"BreadcrumbList","@id":"https:\/\/mouldsart.com\/product\/molds-for-making-cascade-benches\/#breadcrumb","itemListElement":[{"@type":"ListItem","position":1,"name":"\u0413\u043b\u0430\u0432\u043d\u0430\u044f \u0441\u0442\u0440\u0430\u043d\u0438\u0446\u0430","item":"https:\/\/mouldsart.com\/"},{"@type":"ListItem","position":2,"name":"Vivat Company Moulds","item":"https:\/\/mouldsart.com\/shop\/"},{"@type":"ListItem","position":3,"name":"Bench &#8220;Segment&#8221; mould (for 1 section)"}]},{"@type":"WebSite","@id":"https:\/\/mouldsart.com\/#website","url":"https:\/\/mouldsart.com\/","name":"Formy","description":"","publisher":{"@id":"https:\/\/mouldsart.com\/#organization"},"potentialAction":[{"@type":"SearchAction","target":{"@type":"EntryPoint","urlTemplate":"https:\/\/mouldsart.com\/?s={search_term_string}"},"query-input":"required name=search_term_string"}],"inLanguage":"pl-PL"},{"@type":"Organization","@id":"https:\/\/mouldsart.com\/#organization","name":"\u017by\u0107","url":"https:\/\/mouldsart.com\/","logo":{"@type":"ImageObject","inLanguage":"pl-PL","@id":"https:\/\/mouldsart.com\/#\/schema\/logo\/image\/","url":"https:\/\/i0.wp.com\/mouldsart.com\/wp-content\/uploads\/2025\/05\/cropped-logo1.png?fit=1080%2C558&ssl=1","contentUrl":"https:\/\/i0.wp.com\/mouldsart.com\/wp-content\/uploads\/2025\/05\/cropped-logo1.png?fit=1080%2C558&ssl=1","width":1080,"height":558,"caption":"Vivat"},"image":{"@id":"https:\/\/mouldsart.com\/#\/schema\/logo\/image\/"},"sameAs":["https:\/\/www.facebook.com\/pc.vivat","https:\/\/www.instagram.com\/pc_vivat\/"]}]}},"jetpack_sharing_enabled":true,"_links":{"self":[{"href":"https:\/\/mouldsart.com\/pl\/wp-json\/wp\/v2\/product\/2219","targetHints":{"allow":["GET"]}}],"collection":[{"href":"https:\/\/mouldsart.com\/pl\/wp-json\/wp\/v2\/product"}],"about":[{"href":"https:\/\/mouldsart.com\/pl\/wp-json\/wp\/v2\/types\/product"}],"version-history":[{"count":9,"href":"https:\/\/mouldsart.com\/pl\/wp-json\/wp\/v2\/product\/2219\/revisions"}],"predecessor-version":[{"id":5317,"href":"https:\/\/mouldsart.com\/pl\/wp-json\/wp\/v2\/product\/2219\/revisions\/5317"}],"wp:featuredmedia":[{"embeddable":true,"href":"https:\/\/mouldsart.com\/pl\/wp-json\/wp\/v2\/media\/2220"}],"wp:attachment":[{"href":"https:\/\/mouldsart.com\/pl\/wp-json\/wp\/v2\/media?parent=2219"}],"wp:term":[{"taxonomy":"product_brand","embeddable":true,"href":"https:\/\/mouldsart.com\/pl\/wp-json\/wp\/v2\/product_brand?post=2219"},{"taxonomy":"product_cat","embeddable":true,"href":"https:\/\/mouldsart.com\/pl\/wp-json\/wp\/v2\/product_cat?post=2219"},{"taxonomy":"product_tag","embeddable":true,"href":"https:\/\/mouldsart.com\/pl\/wp-json\/wp\/v2\/product_tag?post=2219"}],"curies":[{"name":"wp","href":"https:\/\/api.w.org\/{rel}","templated":true}]}}