{"id":1794,"date":"2023-10-11T12:57:52","date_gmt":"2023-10-11T09:57:52","guid":{"rendered":"https:\/\/mouldsart.com\/?post_type=product&#038;p=1794"},"modified":"2025-05-09T16:18:27","modified_gmt":"2025-05-09T13:18:27","slug":"mould-for-pots-mint","status":"publish","type":"product","link":"https:\/\/mouldsart.com\/pl\/produkt\/forma-do-doniczek-mieta\/","title":{"rendered":"Bardzo du\u017ca forma doniczki betonowej Mint"},"content":{"rendered":"<div data-elementor-type=\"product-post\" data-elementor-id=\"1794\" class=\"elementor elementor-1794\" data-elementor-post-type=\"product\">\n\t\t\t\t<div class=\"elementor-element elementor-element-749ae54 e-flex e-con-boxed e-con e-parent\" data-id=\"749ae54\" data-element_type=\"container\" data-e-type=\"container\">\n\t\t\t\t\t<div class=\"e-con-inner\">\n\t\t<div class=\"elementor-element elementor-element-bf97e47 e-con-full e-flex e-con e-child\" data-id=\"bf97e47\" data-element_type=\"container\" data-e-type=\"container\">\n\t\t\t\t<div class=\"elementor-element elementor-element-2371a312 elementor-widget elementor-widget-text-editor\" data-id=\"2371a312\" data-element_type=\"widget\" data-e-type=\"widget\" data-widget_type=\"text-editor.default\">\n\t\t\t\t<div class=\"elementor-widget-container\">\n\t\t\t\t\t\t\t\t\t<p><strong>Cechy produktu<\/strong><\/p><ul><li>Wysoko\u015b\u0107: 67 cm;<\/li><li>\u015arednica: 94,5 cm;<\/li><li>Waga: 270 kg<\/li><\/ul><p>Mi\u0119ta to wyj\u0105tkowa okazja, aby przenie\u015b\u0107 dziedzictwo staro\u017cytnych cywilizacji do wsp\u00f3\u0142czesnego \u015bwiata, tworz\u0105c atmosfer\u0119 sztuki i pi\u0119kna. Ta doniczka zaprasza Ci\u0119 w podr\u00f3\u017c wstecz w czasie, gdzie sztuka i natura \u0142\u0105cz\u0105 si\u0119, daj\u0105c Ci niezapomniane chwile spokoju i relaksu w obj\u0119ciach staro\u017cytnej harmonii.<\/p>\t\t\t\t\t\t\t\t<\/div>\n\t\t\t\t<\/div>\n\t\t\t\t<\/div>\n\t\t<div class=\"elementor-element elementor-element-33fd6df e-con-full e-flex e-con e-child\" data-id=\"33fd6df\" data-element_type=\"container\" data-e-type=\"container\">\n\t\t\t\t<div class=\"elementor-element elementor-element-1fb4156 elementor-widget elementor-widget-image\" data-id=\"1fb4156\" data-element_type=\"widget\" data-e-type=\"widget\" data-widget_type=\"image.default\">\n\t\t\t\t<div class=\"elementor-widget-container\">\n\t\t\t\t\t\t\t\t\t\t\t\t\t\t\t<img fetchpriority=\"high\" decoding=\"async\" width=\"984\" height=\"984\" src=\"https:\/\/i0.wp.com\/mouldsart.com\/wp-content\/uploads\/2023\/10\/Mint-3d.jpg?fit=984%2C984&amp;ssl=1\" class=\"attachment-large size-large wp-image-1798\" alt=\"\" srcset=\"https:\/\/i0.wp.com\/mouldsart.com\/wp-content\/uploads\/2023\/10\/Mint-3d.jpg?w=984&amp;ssl=1 984w, https:\/\/i0.wp.com\/mouldsart.com\/wp-content\/uploads\/2023\/10\/Mint-3d.jpg?resize=300%2C300&amp;ssl=1 300w, https:\/\/i0.wp.com\/mouldsart.com\/wp-content\/uploads\/2023\/10\/Mint-3d.jpg?resize=150%2C150&amp;ssl=1 150w, https:\/\/i0.wp.com\/mouldsart.com\/wp-content\/uploads\/2023\/10\/Mint-3d.jpg?resize=768%2C768&amp;ssl=1 768w, https:\/\/i0.wp.com\/mouldsart.com\/wp-content\/uploads\/2023\/10\/Mint-3d.jpg?resize=12%2C12&amp;ssl=1 12w, https:\/\/i0.wp.com\/mouldsart.com\/wp-content\/uploads\/2023\/10\/Mint-3d.jpg?resize=800%2C800&amp;ssl=1 800w, https:\/\/i0.wp.com\/mouldsart.com\/wp-content\/uploads\/2023\/10\/Mint-3d.jpg?resize=700%2C700&amp;ssl=1 700w, https:\/\/i0.wp.com\/mouldsart.com\/wp-content\/uploads\/2023\/10\/Mint-3d.jpg?resize=100%2C100&amp;ssl=1 100w\" sizes=\"(max-width: 984px) 100vw, 984px\" \/>\t\t\t\t\t\t\t\t\t\t\t\t\t\t\t<\/div>\n\t\t\t\t<\/div>\n\t\t\t\t<\/div>\n\t\t\t\t\t<\/div>\n\t\t\t\t<\/div>\n\t\t<div class=\"elementor-element elementor-element-264290f e-flex e-con-boxed e-con e-parent\" data-id=\"264290f\" data-element_type=\"container\" data-e-type=\"container\">\n\t\t\t\t\t<div class=\"e-con-inner\">\n\t\t<div class=\"elementor-element elementor-element-fe59dec e-con-full e-flex e-con e-child\" data-id=\"fe59dec\" data-element_type=\"container\" data-e-type=\"container\">\n\t\t\t\t<div class=\"elementor-element elementor-element-f514686 elementor-widget elementor-widget-image\" data-id=\"f514686\" data-element_type=\"widget\" data-e-type=\"widget\" data-widget_type=\"image.default\">\n\t\t\t\t<div class=\"elementor-widget-container\">\n\t\t\t\t\t\t\t\t\t\t\t\t\t\t\t<img decoding=\"async\" width=\"856\" height=\"1024\" src=\"https:\/\/i0.wp.com\/mouldsart.com\/wp-content\/uploads\/2023\/10\/kreslennya-vasonu-mint-856x1024.jpg.webp?fit=856%2C1024&amp;ssl=1\" class=\"attachment-large size-large wp-image-6365\" alt=\"\" srcset=\"https:\/\/i0.wp.com\/mouldsart.com\/wp-content\/uploads\/2023\/10\/kreslennya-vasonu-mint-856x1024.jpg.webp?w=856&amp;ssl=1 856w, https:\/\/i0.wp.com\/mouldsart.com\/wp-content\/uploads\/2023\/10\/kreslennya-vasonu-mint-856x1024.jpg.webp?resize=251%2C300&amp;ssl=1 251w, https:\/\/i0.wp.com\/mouldsart.com\/wp-content\/uploads\/2023\/10\/kreslennya-vasonu-mint-856x1024.jpg.webp?resize=768%2C919&amp;ssl=1 768w, https:\/\/i0.wp.com\/mouldsart.com\/wp-content\/uploads\/2023\/10\/kreslennya-vasonu-mint-856x1024.jpg.webp?resize=10%2C12&amp;ssl=1 10w, https:\/\/i0.wp.com\/mouldsart.com\/wp-content\/uploads\/2023\/10\/kreslennya-vasonu-mint-856x1024.jpg.webp?resize=700%2C837&amp;ssl=1 700w\" sizes=\"(max-width: 856px) 100vw, 856px\" \/>\t\t\t\t\t\t\t\t\t\t\t\t\t\t\t<\/div>\n\t\t\t\t<\/div>\n\t\t\t\t<\/div>\n\t\t<div class=\"elementor-element elementor-element-1b64ad8 e-con-full e-flex e-con e-child\" data-id=\"1b64ad8\" data-element_type=\"container\" data-e-type=\"container\">\n\t\t\t\t<div class=\"elementor-element elementor-element-a02fc7a elementor-widget elementor-widget-text-editor\" data-id=\"a02fc7a\" data-element_type=\"widget\" data-e-type=\"widget\" data-widget_type=\"text-editor.default\">\n\t\t\t\t<div class=\"elementor-widget-container\">\n\t\t\t\t\t\t\t\t\t<h2 data-pm-slice=\"1 3 []\">Zalety form<\/h2><ul><li>Wytrzyma\u0142o\u015b\u0107 i trwa\u0142o\u015b\u0107: Wysoka wytrzyma\u0142o\u015b\u0107 mechaniczna pozwala na wszechstronne zastosowanie, co obni\u017ca koszty produkcji.<\/li><li>\u0141atwo\u015b\u0107 u\u017cytkowania: Lekka konstrukcja u\u0142atwia transport i instalacj\u0119 na liniach produkcyjnych.<\/li><li>Odporno\u015b\u0107 na korozj\u0119: W\u0142\u00f3kno szklane nie jest podatne na korozj\u0119 i jest odporne na wilgo\u0107, chemikalia i zasady, co wyd\u0142u\u017ca \u017cywotno\u015b\u0107 formy.<\/li><li>Oszcz\u0119dno\u015b\u0107 koszt\u00f3w: Trwa\u0142e formy obni\u017caj\u0105 koszty produkcji i konserwacji.<\/li><\/ul>\t\t\t\t\t\t\t\t<\/div>\n\t\t\t\t<\/div>\n\t\t\t\t<\/div>\n\t\t\t\t\t<\/div>\n\t\t\t\t<\/div>\n\t\t<div class=\"elementor-element elementor-element-4d4c91c e-flex e-con-boxed e-con e-parent\" data-id=\"4d4c91c\" data-element_type=\"container\" data-e-type=\"container\">\n\t\t\t\t\t<div class=\"e-con-inner\">\n\t\t\t\t<div class=\"elementor-element elementor-element-c1ffd79 elementor-widget elementor-widget-text-editor\" data-id=\"c1ffd79\" data-element_type=\"widget\" data-e-type=\"widget\" data-widget_type=\"text-editor.default\">\n\t\t\t\t<div class=\"elementor-widget-container\">\n\t\t\t\t\t\t\t\t\t<div class=\"elementor-element elementor-element-b5daa5b e-flex e-con-boxed e-con e-parent e-lazyloaded\" data-id=\"b5daa5b\" data-element_type=\"container\"><div class=\"e-con-inner\"><div class=\"elementor-element elementor-element-9f798e6 elementor-widget elementor-widget-text-editor\" data-id=\"9f798e6\" data-element_type=\"widget\" data-widget_type=\"text-editor.default\"><div class=\"elementor-widget-container\"><h2 data-pm-slice=\"1 3 []\">Praca z form\u0105 betonow\u0105 Mint<\/h2><ol start=\"1\" data-spread=\"false\"><li><p>Przygotowanie formy: Przed wylaniem betonu upewnij si\u0119, \u017ce forma jest czysta i sucha. Zaleca si\u0119 u\u017cycie specjalnego \u015brodka oddzielaj\u0105cego, aby \u0142atwiej usun\u0105\u0107 gotowy produkt.<\/p><\/li><li><p>Wylewanie betonu: Przygotuj mieszank\u0119 betonow\u0105 i wlej j\u0105 do formy. U\u017cyj sto\u0142u wibracyjnego do r\u00f3wnomiernego rozprowadzenia lub samozag\u0119szczaj\u0105cego si\u0119 betonu do bardziej z\u0142o\u017conych kszta\u0142t\u00f3w.<\/p><\/li><li><p>Wyjmowanie z formy: Po ca\u0142kowitym utwardzeniu betonu wyjmij produkt z formy. G\u0142adkie \u015bcianki formy u\u0142atwiaj\u0105 ten proces, skracaj\u0105c czas przetwarzania.<\/p><\/li><li><p>Czyszczenie i konserwacja: Po ka\u017cdym u\u017cyciu oczy\u015b\u0107 form\u0119 z resztek betonu, aby przed\u0142u\u017cy\u0107 jej \u017cywotno\u015b\u0107 i zapewni\u0107 wysok\u0105 jako\u015b\u0107 przysz\u0142ych odlew\u00f3w.<\/p><\/li><\/ol><\/div><\/div><\/div><\/div><div class=\"elementor-element elementor-element-99f0061 e-flex e-con-boxed e-con e-parent e-lazyloaded\" data-id=\"99f0061\" data-element_type=\"container\"><div class=\"e-con-inner\"><div class=\"elementor-element elementor-element-773c7b8 elementor-widget elementor-widget-text-editor\" data-id=\"773c7b8\" data-element_type=\"widget\" data-widget_type=\"text-editor.default\"><div class=\"elementor-widget-container\"><h2 data-pm-slice=\"1 1 []\">Dostawa form i wsparcie operacyjne<\/h2><p>Wysy\u0142amy formy betonowe do ca\u0142ej Europy i Wielkiej Brytanii zgodnie z przepisami Incoterms. Nasi klienci mog\u0105 oczekiwa\u0107 pe\u0142nego wsparcia posprzeda\u017cowego przez ca\u0142y okres u\u017cytkowania form. Zam\u00f3wienia mo\u017cna sk\u0142ada\u0107 online za po\u015brednictwem koszyka lub bezpo\u015brednio za po\u015brednictwem komunikator\u00f3w (e-mail, Viber, WhatsApp, Telegram).<\/p><\/div><\/div><\/div><\/div>\t\t\t\t\t\t\t\t<\/div>\n\t\t\t\t<\/div>\n\t\t\t\t\t<\/div>\n\t\t\t\t<\/div>\n\t\t\t\t<\/div>","protected":false},"excerpt":{"rendered":"<p>Cechy produktu Wysoko\u015b\u0107: 67 cm; \u015arednica: 94,5 cm; Waga: 270 kg Mi\u0119ta to wyj\u0105tkowa okazja, aby przenie\u015b\u0107 dziedzictwo staro\u017cytnych cywilizacji do wsp\u00f3\u0142czesnego \u015bwiata, tworz\u0105c atmosfer\u0119 sztuki i pi\u0119kna. Ta doniczka zaprasza Ci\u0119 w podr\u00f3\u017c w czasie, gdzie sztuka i natura \u0142\u0105cz\u0105 si\u0119, daj\u0105c Ci niezapomniane chwile spokoju\u2026<\/p>","protected":false},"featured_media":1796,"template":"","meta":{"_kad_post_transparent":"default","_kad_post_title":"","_kad_post_layout":"default","_kad_post_sidebar_id":"","_kad_post_content_style":"default","_kad_post_vertical_padding":"default","_kad_post_feature":"","_kad_post_feature_position":"","_kad_post_header":false,"_kad_post_footer":false},"product_brand":[],"product_cat":[63],"product_tag":[],"class_list":{"0":"post-1794","1":"product","2":"type-product","3":"status-publish","4":"has-post-thumbnail","6":"product_cat-modernplanters","7":"pa_assignment-concrete","8":"pa_assignment-plaster","9":"pa_material-fiberglass-metal","11":"first","12":"instock","13":"shipping-taxable","14":"purchasable","15":"product-type-simple","16":"entry","17":"content-bg","18":"loop-entry"},"acf":[],"yoast_head":"<!-- This site is optimized with the Yoast SEO plugin v23.1 - https:\/\/yoast.com\/wordpress\/plugins\/seo\/ -->\n<title>Planter pot mould &quot;Mint&quot; - Flower pot making mould buy online<\/title>\n<meta name=\"description\" content=\"Moulds for vases made of concrete price \u26a1. Buy moulds for making vases. Materials for casting: \u2714\ufe0fconcrete, \u2714\ufe0fgypsum. Sealing method: vibrating table, self-compacting concrete (SCC)\" \/>\n<meta name=\"robots\" content=\"index, follow, max-snippet:-1, max-image-preview:large, max-video-preview:-1\" \/>\n<link rel=\"canonical\" href=\"https:\/\/mouldsart.com\/pl\/produkt\/forma-do-doniczek-mieta\/\" \/>\n<meta property=\"og:locale\" content=\"pl_PL\" \/>\n<meta property=\"og:type\" content=\"article\" \/>\n<meta property=\"og:title\" content=\"Planter pot mould &quot;Mint&quot; - Flower pot making mould buy online\" \/>\n<meta property=\"og:description\" content=\"Moulds for vases made of concrete price \u26a1. Buy moulds for making vases. Materials for casting: \u2714\ufe0fconcrete, \u2714\ufe0fgypsum. Sealing method: vibrating table, self-compacting concrete (SCC)\" \/>\n<meta property=\"og:url\" content=\"https:\/\/mouldsart.com\/pl\/produkt\/forma-do-doniczek-mieta\/\" \/>\n<meta property=\"article:publisher\" content=\"https:\/\/www.facebook.com\/pc.vivat\" \/>\n<meta property=\"article:modified_time\" content=\"2025-05-09T13:18:27+00:00\" \/>\n<meta property=\"og:image\" content=\"https:\/\/mouldsart.com\/wp-content\/uploads\/2023\/10\/Mint-Pots.jpg\" \/>\n\t<meta property=\"og:image:width\" content=\"1080\" \/>\n\t<meta property=\"og:image:height\" content=\"1080\" \/>\n\t<meta property=\"og:image:type\" content=\"image\/jpeg\" \/>\n<meta name=\"twitter:card\" content=\"summary_large_image\" \/>\n<meta name=\"twitter:label1\" content=\"Szacowany czas czytania\" \/>\n\t<meta name=\"twitter:data1\" content=\"2 minuty\" \/>\n<script type=\"application\/ld+json\" class=\"yoast-schema-graph\">{\"@context\":\"https:\/\/schema.org\",\"@graph\":[{\"@type\":\"WebPage\",\"@id\":\"https:\/\/mouldsart.com\/product\/mould-for-pots-mint\/\",\"url\":\"https:\/\/mouldsart.com\/product\/mould-for-pots-mint\/\",\"name\":\"Planter pot mould \\\"Mint\\\" - Flower pot making mould buy online\",\"isPartOf\":{\"@id\":\"https:\/\/mouldsart.com\/#website\"},\"primaryImageOfPage\":{\"@id\":\"https:\/\/mouldsart.com\/product\/mould-for-pots-mint\/#primaryimage\"},\"image\":{\"@id\":\"https:\/\/mouldsart.com\/product\/mould-for-pots-mint\/#primaryimage\"},\"thumbnailUrl\":\"https:\/\/i0.wp.com\/mouldsart.com\/wp-content\/uploads\/2023\/10\/Mint-Pots.jpg?fit=1080%2C1080&ssl=1\",\"datePublished\":\"2023-10-11T09:57:52+00:00\",\"dateModified\":\"2025-05-09T13:18:27+00:00\",\"description\":\"Moulds for vases made of concrete price \u26a1. Buy moulds for making vases. Materials for casting: \u2714\ufe0fconcrete, \u2714\ufe0fgypsum. Sealing method: vibrating table, self-compacting concrete (SCC)\",\"breadcrumb\":{\"@id\":\"https:\/\/mouldsart.com\/product\/mould-for-pots-mint\/#breadcrumb\"},\"inLanguage\":\"pl-PL\",\"potentialAction\":[{\"@type\":\"ReadAction\",\"target\":[\"https:\/\/mouldsart.com\/product\/mould-for-pots-mint\/\"]}]},{\"@type\":\"ImageObject\",\"inLanguage\":\"pl-PL\",\"@id\":\"https:\/\/mouldsart.com\/product\/mould-for-pots-mint\/#primaryimage\",\"url\":\"https:\/\/i0.wp.com\/mouldsart.com\/wp-content\/uploads\/2023\/10\/Mint-Pots.jpg?fit=1080%2C1080&ssl=1\",\"contentUrl\":\"https:\/\/i0.wp.com\/mouldsart.com\/wp-content\/uploads\/2023\/10\/Mint-Pots.jpg?fit=1080%2C1080&ssl=1\",\"width\":1080,\"height\":1080},{\"@type\":\"BreadcrumbList\",\"@id\":\"https:\/\/mouldsart.com\/product\/mould-for-pots-mint\/#breadcrumb\",\"itemListElement\":[{\"@type\":\"ListItem\",\"position\":1,\"name\":\"\u0413\u043b\u0430\u0432\u043d\u0430\u044f \u0441\u0442\u0440\u0430\u043d\u0438\u0446\u0430\",\"item\":\"https:\/\/mouldsart.com\/\"},{\"@type\":\"ListItem\",\"position\":2,\"name\":\"Vivat Company Moulds\",\"item\":\"https:\/\/mouldsart.com\/shop\/\"},{\"@type\":\"ListItem\",\"position\":3,\"name\":\"Extra large concrete planter mold Mint\"}]},{\"@type\":\"WebSite\",\"@id\":\"https:\/\/mouldsart.com\/#website\",\"url\":\"https:\/\/mouldsart.com\/\",\"name\":\"Moulds\",\"description\":\"\",\"publisher\":{\"@id\":\"https:\/\/mouldsart.com\/#organization\"},\"potentialAction\":[{\"@type\":\"SearchAction\",\"target\":{\"@type\":\"EntryPoint\",\"urlTemplate\":\"https:\/\/mouldsart.com\/?s={search_term_string}\"},\"query-input\":\"required name=search_term_string\"}],\"inLanguage\":\"pl-PL\"},{\"@type\":\"Organization\",\"@id\":\"https:\/\/mouldsart.com\/#organization\",\"name\":\"Vivat\",\"url\":\"https:\/\/mouldsart.com\/\",\"logo\":{\"@type\":\"ImageObject\",\"inLanguage\":\"pl-PL\",\"@id\":\"https:\/\/mouldsart.com\/#\/schema\/logo\/image\/\",\"url\":\"https:\/\/i0.wp.com\/mouldsart.com\/wp-content\/uploads\/2025\/05\/cropped-logo1.png?fit=1080%2C558&ssl=1\",\"contentUrl\":\"https:\/\/i0.wp.com\/mouldsart.com\/wp-content\/uploads\/2025\/05\/cropped-logo1.png?fit=1080%2C558&ssl=1\",\"width\":1080,\"height\":558,\"caption\":\"Vivat\"},\"image\":{\"@id\":\"https:\/\/mouldsart.com\/#\/schema\/logo\/image\/\"},\"sameAs\":[\"https:\/\/www.facebook.com\/pc.vivat\",\"https:\/\/www.instagram.com\/pc_vivat\/\"]}]}<\/script>\n<!-- \/ Yoast SEO plugin. -->","yoast_head_json":{"title":"Forma do doniczek &quot;Mi\u0119ta&quot; - Forma do produkcji doniczek kup online","description":"Formy do wazon\u00f3w z betonu cena \u26a1. Kup formy do wyrobu wazon\u00f3w. Materia\u0142y do odlewania: \u2714\ufe0fbeton, \u2714\ufe0fgips. Metoda uszczelniania: st\u00f3\u0142 wibracyjny, beton samozag\u0119szczalny (SCC)","robots":{"index":"index","follow":"follow","max-snippet":"max-snippet:-1","max-image-preview":"max-image-preview:large","max-video-preview":"max-video-preview:-1"},"canonical":"https:\/\/mouldsart.com\/pl\/produkt\/forma-do-doniczek-mieta\/","og_locale":"pl_PL","og_type":"article","og_title":"Planter pot mould \"Mint\" - Flower pot making mould buy online","og_description":"Moulds for vases made of concrete price \u26a1. Buy moulds for making vases. Materials for casting: \u2714\ufe0fconcrete, \u2714\ufe0fgypsum. Sealing method: vibrating table, self-compacting concrete (SCC)","og_url":"https:\/\/mouldsart.com\/pl\/produkt\/forma-do-doniczek-mieta\/","article_publisher":"https:\/\/www.facebook.com\/pc.vivat","article_modified_time":"2025-05-09T13:18:27+00:00","og_image":[{"width":1080,"height":1080,"url":"https:\/\/mouldsart.com\/wp-content\/uploads\/2023\/10\/Mint-Pots.jpg","type":"image\/jpeg"}],"twitter_card":"summary_large_image","twitter_misc":{"Szacowany czas czytania":"2 minuty"},"schema":{"@context":"https:\/\/schema.org","@graph":[{"@type":"WebPage","@id":"https:\/\/mouldsart.com\/product\/mould-for-pots-mint\/","url":"https:\/\/mouldsart.com\/product\/mould-for-pots-mint\/","name":"Forma do doniczek &quot;Mi\u0119ta&quot; - Forma do produkcji doniczek kup online","isPartOf":{"@id":"https:\/\/mouldsart.com\/#website"},"primaryImageOfPage":{"@id":"https:\/\/mouldsart.com\/product\/mould-for-pots-mint\/#primaryimage"},"image":{"@id":"https:\/\/mouldsart.com\/product\/mould-for-pots-mint\/#primaryimage"},"thumbnailUrl":"https:\/\/i0.wp.com\/mouldsart.com\/wp-content\/uploads\/2023\/10\/Mint-Pots.jpg?fit=1080%2C1080&ssl=1","datePublished":"2023-10-11T09:57:52+00:00","dateModified":"2025-05-09T13:18:27+00:00","description":"Formy do wazon\u00f3w z betonu cena \u26a1. Kup formy do wyrobu wazon\u00f3w. Materia\u0142y do odlewania: \u2714\ufe0fbeton, \u2714\ufe0fgips. Metoda uszczelniania: st\u00f3\u0142 wibracyjny, beton samozag\u0119szczalny (SCC)","breadcrumb":{"@id":"https:\/\/mouldsart.com\/product\/mould-for-pots-mint\/#breadcrumb"},"inLanguage":"pl-PL","potentialAction":[{"@type":"ReadAction","target":["https:\/\/mouldsart.com\/product\/mould-for-pots-mint\/"]}]},{"@type":"ImageObject","inLanguage":"pl-PL","@id":"https:\/\/mouldsart.com\/product\/mould-for-pots-mint\/#primaryimage","url":"https:\/\/i0.wp.com\/mouldsart.com\/wp-content\/uploads\/2023\/10\/Mint-Pots.jpg?fit=1080%2C1080&ssl=1","contentUrl":"https:\/\/i0.wp.com\/mouldsart.com\/wp-content\/uploads\/2023\/10\/Mint-Pots.jpg?fit=1080%2C1080&ssl=1","width":1080,"height":1080},{"@type":"BreadcrumbList","@id":"https:\/\/mouldsart.com\/product\/mould-for-pots-mint\/#breadcrumb","itemListElement":[{"@type":"ListItem","position":1,"name":"\u0413\u043b\u0430\u0432\u043d\u0430\u044f \u0441\u0442\u0440\u0430\u043d\u0438\u0446\u0430","item":"https:\/\/mouldsart.com\/"},{"@type":"ListItem","position":2,"name":"Vivat Company Moulds","item":"https:\/\/mouldsart.com\/shop\/"},{"@type":"ListItem","position":3,"name":"Extra large concrete planter mold Mint"}]},{"@type":"WebSite","@id":"https:\/\/mouldsart.com\/#website","url":"https:\/\/mouldsart.com\/","name":"Formy","description":"","publisher":{"@id":"https:\/\/mouldsart.com\/#organization"},"potentialAction":[{"@type":"SearchAction","target":{"@type":"EntryPoint","urlTemplate":"https:\/\/mouldsart.com\/?s={search_term_string}"},"query-input":"required name=search_term_string"}],"inLanguage":"pl-PL"},{"@type":"Organization","@id":"https:\/\/mouldsart.com\/#organization","name":"\u017by\u0107","url":"https:\/\/mouldsart.com\/","logo":{"@type":"ImageObject","inLanguage":"pl-PL","@id":"https:\/\/mouldsart.com\/#\/schema\/logo\/image\/","url":"https:\/\/i0.wp.com\/mouldsart.com\/wp-content\/uploads\/2025\/05\/cropped-logo1.png?fit=1080%2C558&ssl=1","contentUrl":"https:\/\/i0.wp.com\/mouldsart.com\/wp-content\/uploads\/2025\/05\/cropped-logo1.png?fit=1080%2C558&ssl=1","width":1080,"height":558,"caption":"Vivat"},"image":{"@id":"https:\/\/mouldsart.com\/#\/schema\/logo\/image\/"},"sameAs":["https:\/\/www.facebook.com\/pc.vivat","https:\/\/www.instagram.com\/pc_vivat\/"]}]}},"jetpack_sharing_enabled":true,"_links":{"self":[{"href":"https:\/\/mouldsart.com\/pl\/wp-json\/wp\/v2\/product\/1794","targetHints":{"allow":["GET"]}}],"collection":[{"href":"https:\/\/mouldsart.com\/pl\/wp-json\/wp\/v2\/product"}],"about":[{"href":"https:\/\/mouldsart.com\/pl\/wp-json\/wp\/v2\/types\/product"}],"version-history":[{"count":15,"href":"https:\/\/mouldsart.com\/pl\/wp-json\/wp\/v2\/product\/1794\/revisions"}],"predecessor-version":[{"id":7411,"href":"https:\/\/mouldsart.com\/pl\/wp-json\/wp\/v2\/product\/1794\/revisions\/7411"}],"wp:featuredmedia":[{"embeddable":true,"href":"https:\/\/mouldsart.com\/pl\/wp-json\/wp\/v2\/media\/1796"}],"wp:attachment":[{"href":"https:\/\/mouldsart.com\/pl\/wp-json\/wp\/v2\/media?parent=1794"}],"wp:term":[{"taxonomy":"product_brand","embeddable":true,"href":"https:\/\/mouldsart.com\/pl\/wp-json\/wp\/v2\/product_brand?post=1794"},{"taxonomy":"product_cat","embeddable":true,"href":"https:\/\/mouldsart.com\/pl\/wp-json\/wp\/v2\/product_cat?post=1794"},{"taxonomy":"product_tag","embeddable":true,"href":"https:\/\/mouldsart.com\/pl\/wp-json\/wp\/v2\/product_tag?post=1794"}],"curies":[{"name":"wp","href":"https:\/\/api.w.org\/{rel}","templated":true}]}}