{"id":1687,"date":"2023-10-10T15:32:14","date_gmt":"2023-10-10T12:32:14","guid":{"rendered":"https:\/\/mouldsart.com\/?post_type=product&#038;p=1687"},"modified":"2025-05-09T15:52:44","modified_gmt":"2025-05-09T12:52:44","slug":"mould-for-flowerpot-dubai","status":"publish","type":"product","link":"https:\/\/mouldsart.com\/pl\/produkt\/forma-na-doniczke-dubaj\/","title":{"rendered":"Forma na doniczki betonowe Dubaj"},"content":{"rendered":"<div data-elementor-type=\"product-post\" data-elementor-id=\"1687\" class=\"elementor elementor-1687\" data-elementor-post-type=\"product\">\n\t\t\t\t<div class=\"elementor-element elementor-element-749ae54 e-flex e-con-boxed e-con e-parent\" data-id=\"749ae54\" data-element_type=\"container\" data-e-type=\"container\">\n\t\t\t\t\t<div class=\"e-con-inner\">\n\t\t<div class=\"elementor-element elementor-element-bf97e47 e-con-full e-flex e-con e-child\" data-id=\"bf97e47\" data-element_type=\"container\" data-e-type=\"container\">\n\t\t\t\t<div class=\"elementor-element elementor-element-2371a312 elementor-widget elementor-widget-text-editor\" data-id=\"2371a312\" data-element_type=\"widget\" data-e-type=\"widget\" data-widget_type=\"text-editor.default\">\n\t\t\t\t<div class=\"elementor-widget-container\">\n\t\t\t\t\t\t\t\t\t<p><strong>Cechy produktu<\/strong><\/p><ul><li>Wysoko\u015b\u0107: 100 cm;<\/li><li>Szeroko\u015b\u0107 u g\u00f3ry: 52 cm;<\/li><li>Szeroko\u015b\u0107 niska: 36 cm;<\/li><li>Waga: 130 kg<\/li><\/ul><p>Proste linie nowoczesnego miasta, starannie wymierzone k\u0105ty mieszka\u0144, idealnie p\u0142askie ulice i aleje. Wszystko to kojarzy si\u0119 z nienagann\u0105 geometri\u0105. Jednak w\u015br\u00f3d tej surowej prostolinijno\u015bci obiekty o skomplikowanej, po\u0142amanej geometrii wygl\u0105daj\u0105 niespodziewanie i \u015bwie\u017co. Stylowa doniczka \u201eDubaj\u201d to dobrze skoordynowane po\u0142\u0105czenie praktyczno\u015bci i lakonizmu, wyj\u0105tkowo\u015bci i prostoty formy.<\/p>\t\t\t\t\t\t\t\t<\/div>\n\t\t\t\t<\/div>\n\t\t\t\t<\/div>\n\t\t<div class=\"elementor-element elementor-element-33fd6df e-con-full e-flex e-con e-child\" data-id=\"33fd6df\" data-element_type=\"container\" data-e-type=\"container\">\n\t\t\t\t<div class=\"elementor-element elementor-element-0998d1d elementor-widget elementor-widget-image\" data-id=\"0998d1d\" data-element_type=\"widget\" data-e-type=\"widget\" data-widget_type=\"image.default\">\n\t\t\t\t<div class=\"elementor-widget-container\">\n\t\t\t\t\t\t\t\t\t\t\t\t\t\t\t<img fetchpriority=\"high\" decoding=\"async\" width=\"1024\" height=\"1024\" src=\"https:\/\/i0.wp.com\/mouldsart.com\/wp-content\/uploads\/2023\/10\/\u0434\u0443\u0431\u0430\u0439.jpg?fit=1024%2C1024&amp;ssl=1\" class=\"attachment-large size-large wp-image-1690\" alt=\"\" srcset=\"https:\/\/i0.wp.com\/mouldsart.com\/wp-content\/uploads\/2023\/10\/\u0434\u0443\u0431\u0430\u0439.jpg?w=1080&amp;ssl=1 1080w, https:\/\/i0.wp.com\/mouldsart.com\/wp-content\/uploads\/2023\/10\/\u0434\u0443\u0431\u0430\u0439.jpg?resize=300%2C300&amp;ssl=1 300w, https:\/\/i0.wp.com\/mouldsart.com\/wp-content\/uploads\/2023\/10\/\u0434\u0443\u0431\u0430\u0439.jpg?resize=1024%2C1024&amp;ssl=1 1024w, https:\/\/i0.wp.com\/mouldsart.com\/wp-content\/uploads\/2023\/10\/\u0434\u0443\u0431\u0430\u0439.jpg?resize=150%2C150&amp;ssl=1 150w, https:\/\/i0.wp.com\/mouldsart.com\/wp-content\/uploads\/2023\/10\/\u0434\u0443\u0431\u0430\u0439.jpg?resize=768%2C768&amp;ssl=1 768w, https:\/\/i0.wp.com\/mouldsart.com\/wp-content\/uploads\/2023\/10\/\u0434\u0443\u0431\u0430\u0439.jpg?resize=12%2C12&amp;ssl=1 12w, https:\/\/i0.wp.com\/mouldsart.com\/wp-content\/uploads\/2023\/10\/\u0434\u0443\u0431\u0430\u0439.jpg?resize=800%2C800&amp;ssl=1 800w, https:\/\/i0.wp.com\/mouldsart.com\/wp-content\/uploads\/2023\/10\/\u0434\u0443\u0431\u0430\u0439.jpg?resize=700%2C700&amp;ssl=1 700w, https:\/\/i0.wp.com\/mouldsart.com\/wp-content\/uploads\/2023\/10\/\u0434\u0443\u0431\u0430\u0439.jpg?resize=100%2C100&amp;ssl=1 100w\" sizes=\"(max-width: 1024px) 100vw, 1024px\" \/>\t\t\t\t\t\t\t\t\t\t\t\t\t\t\t<\/div>\n\t\t\t\t<\/div>\n\t\t\t\t<\/div>\n\t\t\t\t\t<\/div>\n\t\t\t\t<\/div>\n\t\t<div class=\"elementor-element elementor-element-3787104 e-flex e-con-boxed e-con e-parent\" data-id=\"3787104\" data-element_type=\"container\" data-e-type=\"container\">\n\t\t\t\t\t<div class=\"e-con-inner\">\n\t\t<div class=\"elementor-element elementor-element-163db3a e-con-full e-flex e-con e-child\" data-id=\"163db3a\" data-element_type=\"container\" data-e-type=\"container\">\n\t\t\t\t<div class=\"elementor-element elementor-element-61e395c elementor-widget elementor-widget-image\" data-id=\"61e395c\" data-element_type=\"widget\" data-e-type=\"widget\" data-widget_type=\"image.default\">\n\t\t\t\t<div class=\"elementor-widget-container\">\n\t\t\t\t\t\t\t\t\t\t\t\t\t\t\t<img decoding=\"async\" width=\"856\" height=\"1024\" src=\"https:\/\/i0.wp.com\/mouldsart.com\/wp-content\/uploads\/2023\/10\/kreslennya-vasonu-dubai-l-856x1024.jpg.webp?fit=856%2C1024&amp;ssl=1\" class=\"attachment-large size-large wp-image-6241\" alt=\"\" srcset=\"https:\/\/i0.wp.com\/mouldsart.com\/wp-content\/uploads\/2023\/10\/kreslennya-vasonu-dubai-l-856x1024.jpg.webp?w=856&amp;ssl=1 856w, https:\/\/i0.wp.com\/mouldsart.com\/wp-content\/uploads\/2023\/10\/kreslennya-vasonu-dubai-l-856x1024.jpg.webp?resize=251%2C300&amp;ssl=1 251w, https:\/\/i0.wp.com\/mouldsart.com\/wp-content\/uploads\/2023\/10\/kreslennya-vasonu-dubai-l-856x1024.jpg.webp?resize=768%2C919&amp;ssl=1 768w, https:\/\/i0.wp.com\/mouldsart.com\/wp-content\/uploads\/2023\/10\/kreslennya-vasonu-dubai-l-856x1024.jpg.webp?resize=10%2C12&amp;ssl=1 10w, https:\/\/i0.wp.com\/mouldsart.com\/wp-content\/uploads\/2023\/10\/kreslennya-vasonu-dubai-l-856x1024.jpg.webp?resize=700%2C837&amp;ssl=1 700w\" sizes=\"(max-width: 856px) 100vw, 856px\" \/>\t\t\t\t\t\t\t\t\t\t\t\t\t\t\t<\/div>\n\t\t\t\t<\/div>\n\t\t\t\t<\/div>\n\t\t<div class=\"elementor-element elementor-element-842c014 e-con-full e-flex e-con e-child\" data-id=\"842c014\" data-element_type=\"container\" data-e-type=\"container\">\n\t\t\t\t<div class=\"elementor-element elementor-element-2d89973 elementor-widget elementor-widget-text-editor\" data-id=\"2d89973\" data-element_type=\"widget\" data-e-type=\"widget\" data-widget_type=\"text-editor.default\">\n\t\t\t\t<div class=\"elementor-widget-container\">\n\t\t\t\t\t\t\t\t\t<h2 data-pm-slice=\"1 3 []\">Zalety form<\/h2><ul><li>Wytrzyma\u0142o\u015b\u0107 i trwa\u0142o\u015b\u0107: Wysoka wytrzyma\u0142o\u015b\u0107 mechaniczna pozwala na wszechstronne zastosowanie, co obni\u017ca koszty produkcji.<\/li><li>\u0141atwo\u015b\u0107 u\u017cytkowania: Lekka konstrukcja u\u0142atwia transport i instalacj\u0119 na liniach produkcyjnych.<\/li><li>Odporno\u015b\u0107 na korozj\u0119: W\u0142\u00f3kno szklane nie jest podatne na korozj\u0119 i jest odporne na wilgo\u0107, chemikalia i zasady, co wyd\u0142u\u017ca \u017cywotno\u015b\u0107 formy.<\/li><li>Oszcz\u0119dno\u015b\u0107 koszt\u00f3w: Trwa\u0142e formy obni\u017caj\u0105 koszty produkcji i konserwacji.<\/li><\/ul>\t\t\t\t\t\t\t\t<\/div>\n\t\t\t\t<\/div>\n\t\t\t\t<\/div>\n\t\t\t\t\t<\/div>\n\t\t\t\t<\/div>\n\t\t<div class=\"elementor-element elementor-element-b0df957 e-flex e-con-boxed e-con e-parent\" data-id=\"b0df957\" data-element_type=\"container\" data-e-type=\"container\">\n\t\t\t\t\t<div class=\"e-con-inner\">\n\t\t\t\t<div class=\"elementor-element elementor-element-1eb457d elementor-widget elementor-widget-text-editor\" data-id=\"1eb457d\" data-element_type=\"widget\" data-e-type=\"widget\" data-widget_type=\"text-editor.default\">\n\t\t\t\t<div class=\"elementor-widget-container\">\n\t\t\t\t\t\t\t\t\t<div class=\"elementor-element elementor-element-b5daa5b e-flex e-con-boxed e-con e-parent e-lazyloaded\" data-id=\"b5daa5b\" data-element_type=\"container\"><div class=\"e-con-inner\"><div class=\"elementor-element elementor-element-9f798e6 elementor-widget elementor-widget-text-editor\" data-id=\"9f798e6\" data-element_type=\"widget\" data-widget_type=\"text-editor.default\"><div class=\"elementor-widget-container\"><h2 data-pm-slice=\"1 3 []\">Praca z form\u0105 betonow\u0105 w Dubaju<\/h2><ol start=\"1\" data-spread=\"false\"><li><p>Przygotowanie formy: Przed wylaniem betonu upewnij si\u0119, \u017ce forma jest czysta i sucha. Zaleca si\u0119 u\u017cycie specjalnego \u015brodka oddzielaj\u0105cego, aby \u0142atwiej usun\u0105\u0107 gotowy produkt.<\/p><\/li><li><p>Wylewanie betonu: Przygotuj mieszank\u0119 betonow\u0105 i wlej j\u0105 do formy. U\u017cyj sto\u0142u wibracyjnego do r\u00f3wnomiernego rozprowadzenia lub samozag\u0119szczaj\u0105cego si\u0119 betonu do bardziej z\u0142o\u017conych kszta\u0142t\u00f3w.<\/p><\/li><li><p>Wyjmowanie z formy: Po ca\u0142kowitym utwardzeniu betonu wyjmij produkt z formy. G\u0142adkie \u015bcianki formy u\u0142atwiaj\u0105 ten proces, skracaj\u0105c czas przetwarzania.<\/p><\/li><li><p>Czyszczenie i konserwacja: Po ka\u017cdym u\u017cyciu oczy\u015b\u0107 form\u0119 z resztek betonu, aby przed\u0142u\u017cy\u0107 jej \u017cywotno\u015b\u0107 i zapewni\u0107 wysok\u0105 jako\u015b\u0107 przysz\u0142ych odlew\u00f3w.<\/p><\/li><\/ol><\/div><\/div><\/div><\/div><div class=\"elementor-element elementor-element-99f0061 e-flex e-con-boxed e-con e-parent e-lazyloaded\" data-id=\"99f0061\" data-element_type=\"container\"><div class=\"e-con-inner\"><div class=\"elementor-element elementor-element-773c7b8 elementor-widget elementor-widget-text-editor\" data-id=\"773c7b8\" data-element_type=\"widget\" data-widget_type=\"text-editor.default\"><div class=\"elementor-widget-container\"><h2 data-pm-slice=\"1 1 []\">Dostawa form i wsparcie operacyjne<\/h2><p>Wysy\u0142amy formy betonowe do ca\u0142ej Europy i Wielkiej Brytanii zgodnie z przepisami Incoterms. Nasi klienci mog\u0105 oczekiwa\u0107 pe\u0142nego wsparcia posprzeda\u017cowego przez ca\u0142y okres u\u017cytkowania form. Zam\u00f3wienia mo\u017cna sk\u0142ada\u0107 online za po\u015brednictwem koszyka lub bezpo\u015brednio za po\u015brednictwem komunikator\u00f3w (e-mail, Viber, WhatsApp, Telegram).<\/p><\/div><\/div><\/div><\/div>\t\t\t\t\t\t\t\t<\/div>\n\t\t\t\t<\/div>\n\t\t\t\t\t<\/div>\n\t\t\t\t<\/div>\n\t\t\t\t<\/div>","protected":false},"excerpt":{"rendered":"<p>Cechy produktu Wysoko\u015b\u0107: 100 cm; Szeroko\u015b\u0107 u g\u00f3ry: 52 cm; Szeroko\u015b\u0107 u do\u0142u: 36 cm; Waga: 130 kg Proste linie wsp\u00f3\u0142czesnego miasta, starannie wymierzone k\u0105ty mieszka\u0144, idealnie p\u0142askie ulice i aleje. Wszystko to kojarzy si\u0119 z nienagann\u0105 geometri\u0105. Jednak w\u015br\u00f3d tej surowej prostolinijno\u015bci obiekty o z\u0142o\u017conej, po\u0142amanej geometrii wygl\u0105daj\u0105 nieoczekiwanie i \u015bwie\u017co.\u2026<\/p>","protected":false},"featured_media":1689,"template":"","meta":{"_kad_post_transparent":"default","_kad_post_title":"","_kad_post_layout":"default","_kad_post_sidebar_id":"","_kad_post_content_style":"default","_kad_post_vertical_padding":"default","_kad_post_feature":"","_kad_post_feature_position":"","_kad_post_header":false,"_kad_post_footer":false},"product_brand":[],"product_cat":[63],"product_tag":[],"class_list":{"0":"post-1687","1":"product","2":"type-product","3":"status-publish","4":"has-post-thumbnail","6":"product_cat-modernplanters","7":"pa_assignment-concrete","8":"pa_assignment-plaster","9":"pa_material-fiberglass-metal","11":"first","12":"instock","13":"shipping-taxable","14":"purchasable","15":"product-type-simple","16":"entry","17":"content-bg","18":"loop-entry"},"acf":[],"yoast_head":"<!-- This site is optimized with the Yoast SEO plugin v23.1 - https:\/\/yoast.com\/wordpress\/plugins\/seo\/ -->\n<title>Planter mould &quot;Dubai&quot; buy online - Concrete pot molds for sale<\/title>\n<meta name=\"description\" content=\"\u26a1Pot mould are crafted from fiberglass combined with polyurethane.\ud83d\ude03The mould is suitable for working with concrete and plaster.\ud83c\udf0dDelivery all over Europe.\" \/>\n<meta name=\"robots\" content=\"index, follow, max-snippet:-1, max-image-preview:large, max-video-preview:-1\" \/>\n<link rel=\"canonical\" href=\"https:\/\/mouldsart.com\/pl\/produkt\/forma-na-doniczke-dubaj\/\" \/>\n<meta property=\"og:locale\" content=\"pl_PL\" \/>\n<meta property=\"og:type\" content=\"article\" \/>\n<meta property=\"og:title\" content=\"Planter mould &quot;Dubai&quot; buy online - Concrete pot molds for sale\" \/>\n<meta property=\"og:description\" content=\"\u26a1Pot mould are crafted from fiberglass combined with polyurethane.\ud83d\ude03The mould is suitable for working with concrete and plaster.\ud83c\udf0dDelivery all over Europe.\" \/>\n<meta property=\"og:url\" content=\"https:\/\/mouldsart.com\/pl\/produkt\/forma-na-doniczke-dubaj\/\" \/>\n<meta property=\"article:publisher\" content=\"https:\/\/www.facebook.com\/pc.vivat\" \/>\n<meta property=\"article:modified_time\" content=\"2025-05-09T12:52:44+00:00\" \/>\n<meta property=\"og:image\" content=\"https:\/\/mouldsart.com\/wp-content\/uploads\/2023\/10\/\u0414\u0443\u0431\u0430\u0439-2.jpg\" \/>\n\t<meta property=\"og:image:width\" content=\"1600\" \/>\n\t<meta property=\"og:image:height\" content=\"1600\" \/>\n\t<meta property=\"og:image:type\" content=\"image\/jpeg\" \/>\n<meta name=\"twitter:card\" content=\"summary_large_image\" \/>\n<meta name=\"twitter:label1\" content=\"Szacowany czas czytania\" \/>\n\t<meta name=\"twitter:data1\" content=\"2 minuty\" \/>\n<script type=\"application\/ld+json\" class=\"yoast-schema-graph\">{\"@context\":\"https:\/\/schema.org\",\"@graph\":[{\"@type\":\"WebPage\",\"@id\":\"https:\/\/mouldsart.com\/product\/mould-for-flowerpot-dubai\/\",\"url\":\"https:\/\/mouldsart.com\/product\/mould-for-flowerpot-dubai\/\",\"name\":\"Planter mould \\\"Dubai\\\" buy online - Concrete pot molds for sale\",\"isPartOf\":{\"@id\":\"https:\/\/mouldsart.com\/#website\"},\"primaryImageOfPage\":{\"@id\":\"https:\/\/mouldsart.com\/product\/mould-for-flowerpot-dubai\/#primaryimage\"},\"image\":{\"@id\":\"https:\/\/mouldsart.com\/product\/mould-for-flowerpot-dubai\/#primaryimage\"},\"thumbnailUrl\":\"https:\/\/i0.wp.com\/mouldsart.com\/wp-content\/uploads\/2023\/10\/\u0414\u0443\u0431\u0430\u0439-2.jpg?fit=1600%2C1600&ssl=1\",\"datePublished\":\"2023-10-10T12:32:14+00:00\",\"dateModified\":\"2025-05-09T12:52:44+00:00\",\"description\":\"\u26a1Pot mould are crafted from fiberglass combined with polyurethane.\ud83d\ude03The mould is suitable for working with concrete and plaster.\ud83c\udf0dDelivery all over Europe.\",\"breadcrumb\":{\"@id\":\"https:\/\/mouldsart.com\/product\/mould-for-flowerpot-dubai\/#breadcrumb\"},\"inLanguage\":\"pl-PL\",\"potentialAction\":[{\"@type\":\"ReadAction\",\"target\":[\"https:\/\/mouldsart.com\/product\/mould-for-flowerpot-dubai\/\"]}]},{\"@type\":\"ImageObject\",\"inLanguage\":\"pl-PL\",\"@id\":\"https:\/\/mouldsart.com\/product\/mould-for-flowerpot-dubai\/#primaryimage\",\"url\":\"https:\/\/i0.wp.com\/mouldsart.com\/wp-content\/uploads\/2023\/10\/\u0414\u0443\u0431\u0430\u0439-2.jpg?fit=1600%2C1600&ssl=1\",\"contentUrl\":\"https:\/\/i0.wp.com\/mouldsart.com\/wp-content\/uploads\/2023\/10\/\u0414\u0443\u0431\u0430\u0439-2.jpg?fit=1600%2C1600&ssl=1\",\"width\":1600,\"height\":1600},{\"@type\":\"BreadcrumbList\",\"@id\":\"https:\/\/mouldsart.com\/product\/mould-for-flowerpot-dubai\/#breadcrumb\",\"itemListElement\":[{\"@type\":\"ListItem\",\"position\":1,\"name\":\"\u0413\u043b\u0430\u0432\u043d\u0430\u044f \u0441\u0442\u0440\u0430\u043d\u0438\u0446\u0430\",\"item\":\"https:\/\/mouldsart.com\/\"},{\"@type\":\"ListItem\",\"position\":2,\"name\":\"Vivat Company Moulds\",\"item\":\"https:\/\/mouldsart.com\/shop\/\"},{\"@type\":\"ListItem\",\"position\":3,\"name\":\"Concrete pot mold Dubai\"}]},{\"@type\":\"WebSite\",\"@id\":\"https:\/\/mouldsart.com\/#website\",\"url\":\"https:\/\/mouldsart.com\/\",\"name\":\"Moulds\",\"description\":\"\",\"publisher\":{\"@id\":\"https:\/\/mouldsart.com\/#organization\"},\"potentialAction\":[{\"@type\":\"SearchAction\",\"target\":{\"@type\":\"EntryPoint\",\"urlTemplate\":\"https:\/\/mouldsart.com\/?s={search_term_string}\"},\"query-input\":\"required name=search_term_string\"}],\"inLanguage\":\"pl-PL\"},{\"@type\":\"Organization\",\"@id\":\"https:\/\/mouldsart.com\/#organization\",\"name\":\"Vivat\",\"url\":\"https:\/\/mouldsart.com\/\",\"logo\":{\"@type\":\"ImageObject\",\"inLanguage\":\"pl-PL\",\"@id\":\"https:\/\/mouldsart.com\/#\/schema\/logo\/image\/\",\"url\":\"https:\/\/i0.wp.com\/mouldsart.com\/wp-content\/uploads\/2025\/05\/cropped-logo1.png?fit=1080%2C558&ssl=1\",\"contentUrl\":\"https:\/\/i0.wp.com\/mouldsart.com\/wp-content\/uploads\/2025\/05\/cropped-logo1.png?fit=1080%2C558&ssl=1\",\"width\":1080,\"height\":558,\"caption\":\"Vivat\"},\"image\":{\"@id\":\"https:\/\/mouldsart.com\/#\/schema\/logo\/image\/\"},\"sameAs\":[\"https:\/\/www.facebook.com\/pc.vivat\",\"https:\/\/www.instagram.com\/pc_vivat\/\"]}]}<\/script>\n<!-- \/ Yoast SEO plugin. -->","yoast_head_json":{"title":"Kup online form\u0119 do doniczek \u201eDubaj\u201d - Formy do doniczek betonowych na sprzeda\u017c","description":"\u26a1Formy do doniczek wykonane s\u0105 z w\u0142\u00f3kna szklanego w po\u0142\u0105czeniu z poliuretanem.\ud83d\ude03Forma nadaje si\u0119 do pracy z betonem i gipsem.\ud83c\udf0dDostawa na terenie ca\u0142ej Europy.","robots":{"index":"index","follow":"follow","max-snippet":"max-snippet:-1","max-image-preview":"max-image-preview:large","max-video-preview":"max-video-preview:-1"},"canonical":"https:\/\/mouldsart.com\/pl\/produkt\/forma-na-doniczke-dubaj\/","og_locale":"pl_PL","og_type":"article","og_title":"Planter mould \"Dubai\" buy online - Concrete pot molds for sale","og_description":"\u26a1Pot mould are crafted from fiberglass combined with polyurethane.\ud83d\ude03The mould is suitable for working with concrete and plaster.\ud83c\udf0dDelivery all over Europe.","og_url":"https:\/\/mouldsart.com\/pl\/produkt\/forma-na-doniczke-dubaj\/","article_publisher":"https:\/\/www.facebook.com\/pc.vivat","article_modified_time":"2025-05-09T12:52:44+00:00","og_image":[{"width":1600,"height":1600,"url":"https:\/\/mouldsart.com\/wp-content\/uploads\/2023\/10\/\u0414\u0443\u0431\u0430\u0439-2.jpg","type":"image\/jpeg"}],"twitter_card":"summary_large_image","twitter_misc":{"Szacowany czas czytania":"2 minuty"},"schema":{"@context":"https:\/\/schema.org","@graph":[{"@type":"WebPage","@id":"https:\/\/mouldsart.com\/product\/mould-for-flowerpot-dubai\/","url":"https:\/\/mouldsart.com\/product\/mould-for-flowerpot-dubai\/","name":"Kup online form\u0119 do doniczek \u201eDubaj\u201d - Formy do doniczek betonowych na sprzeda\u017c","isPartOf":{"@id":"https:\/\/mouldsart.com\/#website"},"primaryImageOfPage":{"@id":"https:\/\/mouldsart.com\/product\/mould-for-flowerpot-dubai\/#primaryimage"},"image":{"@id":"https:\/\/mouldsart.com\/product\/mould-for-flowerpot-dubai\/#primaryimage"},"thumbnailUrl":"https:\/\/i0.wp.com\/mouldsart.com\/wp-content\/uploads\/2023\/10\/\u0414\u0443\u0431\u0430\u0439-2.jpg?fit=1600%2C1600&ssl=1","datePublished":"2023-10-10T12:32:14+00:00","dateModified":"2025-05-09T12:52:44+00:00","description":"\u26a1Formy do doniczek wykonane s\u0105 z w\u0142\u00f3kna szklanego w po\u0142\u0105czeniu z poliuretanem.\ud83d\ude03Forma nadaje si\u0119 do pracy z betonem i gipsem.\ud83c\udf0dDostawa na terenie ca\u0142ej Europy.","breadcrumb":{"@id":"https:\/\/mouldsart.com\/product\/mould-for-flowerpot-dubai\/#breadcrumb"},"inLanguage":"pl-PL","potentialAction":[{"@type":"ReadAction","target":["https:\/\/mouldsart.com\/product\/mould-for-flowerpot-dubai\/"]}]},{"@type":"ImageObject","inLanguage":"pl-PL","@id":"https:\/\/mouldsart.com\/product\/mould-for-flowerpot-dubai\/#primaryimage","url":"https:\/\/i0.wp.com\/mouldsart.com\/wp-content\/uploads\/2023\/10\/\u0414\u0443\u0431\u0430\u0439-2.jpg?fit=1600%2C1600&ssl=1","contentUrl":"https:\/\/i0.wp.com\/mouldsart.com\/wp-content\/uploads\/2023\/10\/\u0414\u0443\u0431\u0430\u0439-2.jpg?fit=1600%2C1600&ssl=1","width":1600,"height":1600},{"@type":"BreadcrumbList","@id":"https:\/\/mouldsart.com\/product\/mould-for-flowerpot-dubai\/#breadcrumb","itemListElement":[{"@type":"ListItem","position":1,"name":"\u0413\u043b\u0430\u0432\u043d\u0430\u044f \u0441\u0442\u0440\u0430\u043d\u0438\u0446\u0430","item":"https:\/\/mouldsart.com\/"},{"@type":"ListItem","position":2,"name":"Vivat Company Moulds","item":"https:\/\/mouldsart.com\/shop\/"},{"@type":"ListItem","position":3,"name":"Concrete pot mold Dubai"}]},{"@type":"WebSite","@id":"https:\/\/mouldsart.com\/#website","url":"https:\/\/mouldsart.com\/","name":"Formy","description":"","publisher":{"@id":"https:\/\/mouldsart.com\/#organization"},"potentialAction":[{"@type":"SearchAction","target":{"@type":"EntryPoint","urlTemplate":"https:\/\/mouldsart.com\/?s={search_term_string}"},"query-input":"required name=search_term_string"}],"inLanguage":"pl-PL"},{"@type":"Organization","@id":"https:\/\/mouldsart.com\/#organization","name":"\u017by\u0107","url":"https:\/\/mouldsart.com\/","logo":{"@type":"ImageObject","inLanguage":"pl-PL","@id":"https:\/\/mouldsart.com\/#\/schema\/logo\/image\/","url":"https:\/\/i0.wp.com\/mouldsart.com\/wp-content\/uploads\/2025\/05\/cropped-logo1.png?fit=1080%2C558&ssl=1","contentUrl":"https:\/\/i0.wp.com\/mouldsart.com\/wp-content\/uploads\/2025\/05\/cropped-logo1.png?fit=1080%2C558&ssl=1","width":1080,"height":558,"caption":"Vivat"},"image":{"@id":"https:\/\/mouldsart.com\/#\/schema\/logo\/image\/"},"sameAs":["https:\/\/www.facebook.com\/pc.vivat","https:\/\/www.instagram.com\/pc_vivat\/"]}]}},"jetpack_sharing_enabled":true,"_links":{"self":[{"href":"https:\/\/mouldsart.com\/pl\/wp-json\/wp\/v2\/product\/1687","targetHints":{"allow":["GET"]}}],"collection":[{"href":"https:\/\/mouldsart.com\/pl\/wp-json\/wp\/v2\/product"}],"about":[{"href":"https:\/\/mouldsart.com\/pl\/wp-json\/wp\/v2\/types\/product"}],"version-history":[{"count":45,"href":"https:\/\/mouldsart.com\/pl\/wp-json\/wp\/v2\/product\/1687\/revisions"}],"predecessor-version":[{"id":7376,"href":"https:\/\/mouldsart.com\/pl\/wp-json\/wp\/v2\/product\/1687\/revisions\/7376"}],"wp:featuredmedia":[{"embeddable":true,"href":"https:\/\/mouldsart.com\/pl\/wp-json\/wp\/v2\/media\/1689"}],"wp:attachment":[{"href":"https:\/\/mouldsart.com\/pl\/wp-json\/wp\/v2\/media?parent=1687"}],"wp:term":[{"taxonomy":"product_brand","embeddable":true,"href":"https:\/\/mouldsart.com\/pl\/wp-json\/wp\/v2\/product_brand?post=1687"},{"taxonomy":"product_cat","embeddable":true,"href":"https:\/\/mouldsart.com\/pl\/wp-json\/wp\/v2\/product_cat?post=1687"},{"taxonomy":"product_tag","embeddable":true,"href":"https:\/\/mouldsart.com\/pl\/wp-json\/wp\/v2\/product_tag?post=1687"}],"curies":[{"name":"wp","href":"https:\/\/api.w.org\/{rel}","templated":true}]}}