{"id":1649,"date":"2023-10-10T14:07:07","date_gmt":"2023-10-10T11:07:07","guid":{"rendered":"https:\/\/mouldsart.com\/?post_type=product&#038;p=1649"},"modified":"2025-05-14T09:52:19","modified_gmt":"2025-05-14T06:52:19","slug":"mold-for-pots-boot","status":"publish","type":"product","link":"https:\/\/mouldsart.com\/pl\/produkt\/forma-do-garnkow-2\/","title":{"rendered":"Forma do garnk\u00f3w \u201eGruz\u201d"},"content":{"rendered":"<div data-elementor-type=\"product-post\" data-elementor-id=\"1649\" class=\"elementor elementor-1649\" data-elementor-post-type=\"product\">\n\t\t\t\t<div class=\"elementor-element elementor-element-0e56ff7 e-flex e-con-boxed e-con e-parent\" data-id=\"0e56ff7\" data-element_type=\"container\" data-e-type=\"container\">\n\t\t\t\t\t<div class=\"e-con-inner\">\n\t\t\t\t<div class=\"elementor-element elementor-element-e98801a elementor-widget__width-initial elementor-widget elementor-widget-text-editor\" data-id=\"e98801a\" data-element_type=\"widget\" data-e-type=\"widget\" data-widget_type=\"text-editor.default\">\n\t\t\t\t<div class=\"elementor-widget-container\">\n\t\t\t\t\t\t\t\t\t<h2>Cechy produktu<\/h2><ul><li>Wysoko\u015b\u0107: 36 cm<\/li><li>D\u0142ugo\u015b\u0107: 99 cm<\/li><li>Szeroko\u015b\u0107: 49 cm<\/li><li>Waga:\u00a0<span style=\"font-size: 12pt; font-family: Arial, sans-serif; color: #000000; background-color: transparent; font-variant-numeric: normal; font-variant-east-asian: normal; font-variant-alternates: normal; font-variant-position: normal; vertical-align: baseline; white-space-collapse: preserve;\">\u2248 <\/span>93 kilogramy<\/li><\/ul>\t\t\t\t\t\t\t\t<\/div>\n\t\t\t\t<\/div>\n\t\t\t\t<div class=\"elementor-element elementor-element-f3a065c elementor-widget elementor-widget-text-editor\" data-id=\"f3a065c\" data-element_type=\"widget\" data-e-type=\"widget\" data-widget_type=\"text-editor.default\">\n\t\t\t\t<div class=\"elementor-widget-container\">\n\t\t\t\t\t\t\t\t\t<h2>Materia\u0142y i produkcja<\/h2>\n<span style=\"font-weight: 400;\">Formy naszej firmy wykonane s\u0105 z wysokiej jako\u015bci <\/span><span style=\"font-weight: 400;\"><u>w\u0142\u00f3kno szklane<\/u><\/span><span style=\"font-weight: 400;\">, co zapewnia trwa\u0142o\u015b\u0107 i odporno\u015b\u0107 na zu\u017cycie. Formy wykonane z tego materia\u0142u maj\u0105 g\u0142adk\u0105 powierzchni\u0119 i s\u0105 odporne na wysokie temperatury, co pozwala na ich stosowanie w szerokim zakresie gatunk\u00f3w bez ryzyka odkszta\u0142cenia lub uszkodzenia produktu.<\/span>\n<ul>\n \t<li style=\"list-style-type: none;\">\n<ul>\n \t<li style=\"list-style-type: none;\"><\/li>\n<\/ul>\n<\/li>\n<\/ul>\n<b>\u00a0<\/b>\n<h2>Zalety form Faberglass:<\/h2>\n<ul>\n \t<li style=\"list-style-type: none;\">\n<ul>\n \t<li><b><i>\u0141atwo\u015b\u0107 u\u017cytkowania<\/i><\/b><span style=\"font-weight: 400;\">: Nasza forma nie wymaga d\u0142ugiego wst\u0119pnego przygotowania przed odlewaniem. Jest r\u00f3wnie\u017c lekka i wygodna w pracy.\u00a0<\/span><\/li>\n \t<li><span style=\"font-weight: 400;\"><span style=\"font-weight: 400;\"><b><i>Odporno\u015b\u0107 na korozj\u0119<\/i><\/b>: <\/span><\/span><span style=\"font-weight: 400;\">W\u0142\u00f3kno szklane jest odporne na wilgo\u0107, chemikalia i zasady, dzi\u0119ki czemu idealnie nadaje si\u0119 do zastosowa\u0144, w kt\u00f3rych formy mog\u0105 by\u0107 nara\u017cone na dzia\u0142anie \u015brodowiska korozyjnego.<\/span><\/li>\n \t<li><b><i>Odporno\u015b\u0107 chemiczna<\/i><\/b><span style=\"font-weight: 400;\">:Nasza forma jest odporna na dzia\u0142anie \u015brodk\u00f3w chemicznych, co gwarantuje, \u017ce jej w\u0142a\u015bciwo\u015bci pozostaj\u0105 nienaruszone przez d\u0142ugi czas.<\/span><\/li>\n \t<li><b><i>Wydajno\u015b\u0107<\/i><\/b><span style=\"font-weight: 400;\">:Korzystanie z formy pozwala na zwi\u0119kszenie wydajno\u015bci produkcji Twoich produkt\u00f3w.<\/span><\/li>\n<\/ul>\n<\/li>\n<\/ul>\n<b>\u00a0<\/b>\n<h2>\u00a0Instrukcja u\u017cycia:<\/h2>\n<ul>\n \t<li style=\"list-style-type: none;\">\n<ol>\n \t<li><span style=\"font-weight: 400;\"> \u00a0 <\/span><i><span style=\"font-weight: 400;\">Przygotowanie formy<\/span><\/i><span style=\"font-weight: 400;\"> : Przed rozpocz\u0119ciem pracy upewnij si\u0119, \u017ce forma jest czysta i sucha. Na\u0142\u00f3\u017c specjalny \u015brodek antyadhezyjny, aby u\u0142atwi\u0107 wyj\u0119cie gotowego produktu.<\/span><\/li>\n \t<li><span style=\"font-weight: 400;\"> \u00a0 <\/span><i><span style=\"font-weight: 400;\">Wylewanie betonu<\/span><\/i><span style=\"font-weight: 400;\"> : Przygotuj mieszank\u0119 betonow\u0105 i wlej j\u0105 do formy. Wi\u0105\u017ce si\u0119 to z prac\u0105 na stole wibracyjnym. Mo\u017cna r\u00f3wnie\u017c u\u017cy\u0107 betonu samozag\u0119szczalnego lub gipsu.<\/span><\/li>\n \t<li><span style=\"font-weight: 400;\"> \u00a0 <\/span><i><span style=\"font-weight: 400;\">Wyjmowanie z formy<\/span><\/i><span style=\"font-weight: 400;\"> : Po stwardnieniu betonu wyjmij gotow\u0105 rze\u017ab\u0119 z formy. Proces wyjmowania rze\u017aby jest \u0142atwy, poniewa\u017c formy s\u0105 wykonywane z nale\u017cytym uwzgl\u0119dnieniem wszystkich osobliwo\u015bci produkcji. Formy s\u0105 \u0142atwe w obs\u0142udze przy minimalnej liczbie pracownik\u00f3w.<\/span><\/li>\n \t<li><i><span style=\"font-weight: 400;\">Prace wyko\u0144czeniowe<\/span><\/i><span style=\"font-weight: 400;\"> : Po zako\u0144czeniu pracy z form\u0105 nale\u017cy oczy\u015bci\u0107 wszelkie pozosta\u0142o\u015bci betonu. Przygotuje to form\u0119 do nast\u0119pnego procesu odlewania.<\/span><\/li>\n \t<li style=\"list-style-type: none;\"><\/li>\n<\/ol>\n<\/li>\n<\/ul>\n<b>\u00a0<\/b>\n<h2>Dostawa<\/h2>\n<ul>\n \t<li style=\"list-style-type: none;\">\n<ul>\n \t<li><span style=\"font-weight: 400;\">Dostarczamy towary do wszystkich kraj\u00f3w UE zgodnie z zasadami Incoterms.<\/span><\/li>\n \t<li><span style=\"font-weight: 400;\">Mo\u017cesz <\/span><strong>kup komercyjne formy do doniczek online<\/strong><span style=\"font-weight: 400;\"> na naszej stronie internetowej poprzez koszyk zakupowy. Mo\u017cesz r\u00f3wnie\u017c napisa\u0107 do nas za po\u015brednictwem jednego z komunikator\u00f3w (e-mail, Viber, WhatsApp, Telegram), aby z\u0142o\u017cy\u0107 zam\u00f3wienie.<\/span><\/li>\n \t<li><span style=\"font-weight: 400;\">W zale\u017cno\u015bci od kraju i regionu czas dostawy mo\u017ce si\u0119 r\u00f3\u017cni\u0107, staramy si\u0119 jednak zapewni\u0107 optymalne warunki dla wszystkich naszych klient\u00f3w.<\/span><\/li>\n<\/ul>\n<\/li>\n<\/ul>\n<span style=\"font-weight: 40;\">\u00a0<\/span>\n<b>\u00a0<\/b>\n<h2>Informacja zwrotna<\/h2>\n<span style=\"font-weight: 400;\">Zapewniamy <span style=\"text-decoration: underline;\">pe\u0142ne wsparcie postu<\/span> naszym klientom przez ca\u0142y okres serwisu formy.\u00a0<\/span>\t\t\t\t\t\t\t\t<\/div>\n\t\t\t\t<\/div>\n\t\t\t\t\t<\/div>\n\t\t\t\t<\/div>\n\t\t\t\t<\/div>","protected":false},"excerpt":{"rendered":"<p>Cechy produktu Wysoko\u015b\u0107: 36 cm D\u0142ugo\u015b\u0107: 99 cm Szeroko\u015b\u0107: 49 cm Waga: \u2248 93 kg Materia\u0142y i produkcja Forma naszej firmy wykonana jest z wysokiej jako\u015bci w\u0142\u00f3kna szklanego, co zapewnia jej trwa\u0142o\u015b\u0107 i odporno\u015b\u0107 na zu\u017cycie. Formy wykonane z tego materia\u0142u maj\u0105 g\u0142adk\u0105 powierzchni\u0119 i s\u0105 odporne na wysokie temperatury, co pozwala na ich stosowanie\u2026<\/p>","protected":false},"featured_media":1650,"template":"","meta":{"_kad_post_transparent":"default","_kad_post_title":"","_kad_post_layout":"default","_kad_post_sidebar_id":"","_kad_post_content_style":"default","_kad_post_vertical_padding":"default","_kad_post_feature":"","_kad_post_feature_position":"","_kad_post_header":false,"_kad_post_footer":false},"product_brand":[],"product_cat":[56],"product_tag":[],"class_list":{"0":"post-1649","1":"product","2":"type-product","3":"status-publish","4":"has-post-thumbnail","6":"product_cat-vases","7":"pa_assignment-concrete","8":"pa_assignment-plaster","9":"pa_material-fiberglass-metal","11":"first","12":"instock","13":"shipping-taxable","14":"purchasable","15":"product-type-simple","16":"entry","17":"content-bg","18":"loop-entry"},"acf":[],"yoast_head":"<!-- This site is optimized with the Yoast SEO plugin v23.1 - https:\/\/yoast.com\/wordpress\/plugins\/seo\/ -->\n<title>Planter pot mould &quot;Rubble&quot; - Concrete Pots Molds for sale - Flower pot mould buy online<\/title>\n<meta name=\"description\" content=\"Fiberglass moulds for concrete flower pots. Materials for casting: \u2714\ufe0fconcrete, \u2714\ufe0fplaster.\" \/>\n<meta name=\"robots\" content=\"index, follow, max-snippet:-1, max-image-preview:large, max-video-preview:-1\" \/>\n<link rel=\"canonical\" href=\"https:\/\/mouldsart.com\/pl\/produkt\/forma-do-garnkow-2\/\" \/>\n<meta property=\"og:locale\" content=\"pl_PL\" \/>\n<meta property=\"og:type\" content=\"article\" \/>\n<meta property=\"og:title\" content=\"Planter pot mould &quot;Rubble&quot; - Concrete Pots Molds for sale - Flower pot mould buy online\" \/>\n<meta property=\"og:description\" content=\"Fiberglass moulds for concrete flower pots. Materials for casting: \u2714\ufe0fconcrete, \u2714\ufe0fplaster.\" \/>\n<meta property=\"og:url\" content=\"https:\/\/mouldsart.com\/pl\/produkt\/forma-do-garnkow-2\/\" \/>\n<meta property=\"article:publisher\" content=\"https:\/\/www.facebook.com\/pc.vivat\" \/>\n<meta property=\"article:modified_time\" content=\"2025-05-14T06:52:19+00:00\" \/>\n<meta property=\"og:image\" content=\"https:\/\/mouldsart.com\/wp-content\/uploads\/2023\/10\/Mold-for-pots-Boot.jpg\" \/>\n\t<meta property=\"og:image:width\" content=\"800\" \/>\n\t<meta property=\"og:image:height\" content=\"800\" \/>\n\t<meta property=\"og:image:type\" content=\"image\/jpeg\" \/>\n<meta name=\"twitter:card\" content=\"summary_large_image\" \/>\n<script type=\"application\/ld+json\" class=\"yoast-schema-graph\">{\"@context\":\"https:\/\/schema.org\",\"@graph\":[{\"@type\":\"WebPage\",\"@id\":\"https:\/\/mouldsart.com\/product\/mold-for-pots-boot\/\",\"url\":\"https:\/\/mouldsart.com\/product\/mold-for-pots-boot\/\",\"name\":\"Planter pot mould \\\"Rubble\\\" - Concrete Pots Molds for sale - Flower pot mould buy online\",\"isPartOf\":{\"@id\":\"https:\/\/mouldsart.com\/#website\"},\"primaryImageOfPage\":{\"@id\":\"https:\/\/mouldsart.com\/product\/mold-for-pots-boot\/#primaryimage\"},\"image\":{\"@id\":\"https:\/\/mouldsart.com\/product\/mold-for-pots-boot\/#primaryimage\"},\"thumbnailUrl\":\"https:\/\/i0.wp.com\/mouldsart.com\/wp-content\/uploads\/2023\/10\/Mold-for-pots-Boot.jpg?fit=800%2C800&ssl=1\",\"datePublished\":\"2023-10-10T11:07:07+00:00\",\"dateModified\":\"2025-05-14T06:52:19+00:00\",\"description\":\"Fiberglass moulds for concrete flower pots. Materials for casting: \u2714\ufe0fconcrete, \u2714\ufe0fplaster.\",\"breadcrumb\":{\"@id\":\"https:\/\/mouldsart.com\/product\/mold-for-pots-boot\/#breadcrumb\"},\"inLanguage\":\"pl-PL\",\"potentialAction\":[{\"@type\":\"ReadAction\",\"target\":[\"https:\/\/mouldsart.com\/product\/mold-for-pots-boot\/\"]}]},{\"@type\":\"ImageObject\",\"inLanguage\":\"pl-PL\",\"@id\":\"https:\/\/mouldsart.com\/product\/mold-for-pots-boot\/#primaryimage\",\"url\":\"https:\/\/i0.wp.com\/mouldsart.com\/wp-content\/uploads\/2023\/10\/Mold-for-pots-Boot.jpg?fit=800%2C800&ssl=1\",\"contentUrl\":\"https:\/\/i0.wp.com\/mouldsart.com\/wp-content\/uploads\/2023\/10\/Mold-for-pots-Boot.jpg?fit=800%2C800&ssl=1\",\"width\":800,\"height\":800,\"caption\":\"Concrete pots boot\"},{\"@type\":\"BreadcrumbList\",\"@id\":\"https:\/\/mouldsart.com\/product\/mold-for-pots-boot\/#breadcrumb\",\"itemListElement\":[{\"@type\":\"ListItem\",\"position\":1,\"name\":\"\u0413\u043b\u0430\u0432\u043d\u0430\u044f \u0441\u0442\u0440\u0430\u043d\u0438\u0446\u0430\",\"item\":\"https:\/\/mouldsart.com\/\"},{\"@type\":\"ListItem\",\"position\":2,\"name\":\"Vivat Company Moulds\",\"item\":\"https:\/\/mouldsart.com\/shop\/\"},{\"@type\":\"ListItem\",\"position\":3,\"name\":\"Pot mould &#171;Rubble&#187;\"}]},{\"@type\":\"WebSite\",\"@id\":\"https:\/\/mouldsart.com\/#website\",\"url\":\"https:\/\/mouldsart.com\/\",\"name\":\"Moulds\",\"description\":\"\",\"publisher\":{\"@id\":\"https:\/\/mouldsart.com\/#organization\"},\"potentialAction\":[{\"@type\":\"SearchAction\",\"target\":{\"@type\":\"EntryPoint\",\"urlTemplate\":\"https:\/\/mouldsart.com\/?s={search_term_string}\"},\"query-input\":\"required name=search_term_string\"}],\"inLanguage\":\"pl-PL\"},{\"@type\":\"Organization\",\"@id\":\"https:\/\/mouldsart.com\/#organization\",\"name\":\"Vivat\",\"url\":\"https:\/\/mouldsart.com\/\",\"logo\":{\"@type\":\"ImageObject\",\"inLanguage\":\"pl-PL\",\"@id\":\"https:\/\/mouldsart.com\/#\/schema\/logo\/image\/\",\"url\":\"https:\/\/i0.wp.com\/mouldsart.com\/wp-content\/uploads\/2025\/05\/cropped-logo1.png?fit=1080%2C558&ssl=1\",\"contentUrl\":\"https:\/\/i0.wp.com\/mouldsart.com\/wp-content\/uploads\/2025\/05\/cropped-logo1.png?fit=1080%2C558&ssl=1\",\"width\":1080,\"height\":558,\"caption\":\"Vivat\"},\"image\":{\"@id\":\"https:\/\/mouldsart.com\/#\/schema\/logo\/image\/\"},\"sameAs\":[\"https:\/\/www.facebook.com\/pc.vivat\",\"https:\/\/www.instagram.com\/pc_vivat\/\"]}]}<\/script>\n<!-- \/ Yoast SEO plugin. -->","yoast_head_json":{"title":"Forma do doniczki &quot;Gruz&quot; - Formy do doniczek betonowych na sprzeda\u017c - Kup form\u0119 do doniczki online","description":"Formy z w\u0142\u00f3kna szklanego do betonowych doniczek. Materia\u0142y do odlewania: \u2714\ufe0fbeton, \u2714\ufe0fgips.","robots":{"index":"index","follow":"follow","max-snippet":"max-snippet:-1","max-image-preview":"max-image-preview:large","max-video-preview":"max-video-preview:-1"},"canonical":"https:\/\/mouldsart.com\/pl\/produkt\/forma-do-garnkow-2\/","og_locale":"pl_PL","og_type":"article","og_title":"Planter pot mould \"Rubble\" - Concrete Pots Molds for sale - Flower pot mould buy online","og_description":"Fiberglass moulds for concrete flower pots. Materials for casting: \u2714\ufe0fconcrete, \u2714\ufe0fplaster.","og_url":"https:\/\/mouldsart.com\/pl\/produkt\/forma-do-garnkow-2\/","article_publisher":"https:\/\/www.facebook.com\/pc.vivat","article_modified_time":"2025-05-14T06:52:19+00:00","og_image":[{"width":800,"height":800,"url":"https:\/\/mouldsart.com\/wp-content\/uploads\/2023\/10\/Mold-for-pots-Boot.jpg","type":"image\/jpeg"}],"twitter_card":"summary_large_image","schema":{"@context":"https:\/\/schema.org","@graph":[{"@type":"WebPage","@id":"https:\/\/mouldsart.com\/product\/mold-for-pots-boot\/","url":"https:\/\/mouldsart.com\/product\/mold-for-pots-boot\/","name":"Forma do doniczki &quot;Gruz&quot; - Formy do doniczek betonowych na sprzeda\u017c - Kup form\u0119 do doniczki online","isPartOf":{"@id":"https:\/\/mouldsart.com\/#website"},"primaryImageOfPage":{"@id":"https:\/\/mouldsart.com\/product\/mold-for-pots-boot\/#primaryimage"},"image":{"@id":"https:\/\/mouldsart.com\/product\/mold-for-pots-boot\/#primaryimage"},"thumbnailUrl":"https:\/\/i0.wp.com\/mouldsart.com\/wp-content\/uploads\/2023\/10\/Mold-for-pots-Boot.jpg?fit=800%2C800&ssl=1","datePublished":"2023-10-10T11:07:07+00:00","dateModified":"2025-05-14T06:52:19+00:00","description":"Formy z w\u0142\u00f3kna szklanego do betonowych doniczek. Materia\u0142y do odlewania: \u2714\ufe0fbeton, \u2714\ufe0fgips.","breadcrumb":{"@id":"https:\/\/mouldsart.com\/product\/mold-for-pots-boot\/#breadcrumb"},"inLanguage":"pl-PL","potentialAction":[{"@type":"ReadAction","target":["https:\/\/mouldsart.com\/product\/mold-for-pots-boot\/"]}]},{"@type":"ImageObject","inLanguage":"pl-PL","@id":"https:\/\/mouldsart.com\/product\/mold-for-pots-boot\/#primaryimage","url":"https:\/\/i0.wp.com\/mouldsart.com\/wp-content\/uploads\/2023\/10\/Mold-for-pots-Boot.jpg?fit=800%2C800&ssl=1","contentUrl":"https:\/\/i0.wp.com\/mouldsart.com\/wp-content\/uploads\/2023\/10\/Mold-for-pots-Boot.jpg?fit=800%2C800&ssl=1","width":800,"height":800,"caption":"Concrete pots boot"},{"@type":"BreadcrumbList","@id":"https:\/\/mouldsart.com\/product\/mold-for-pots-boot\/#breadcrumb","itemListElement":[{"@type":"ListItem","position":1,"name":"\u0413\u043b\u0430\u0432\u043d\u0430\u044f \u0441\u0442\u0440\u0430\u043d\u0438\u0446\u0430","item":"https:\/\/mouldsart.com\/"},{"@type":"ListItem","position":2,"name":"Vivat Company Moulds","item":"https:\/\/mouldsart.com\/shop\/"},{"@type":"ListItem","position":3,"name":"Pot mould &#171;Rubble&#187;"}]},{"@type":"WebSite","@id":"https:\/\/mouldsart.com\/#website","url":"https:\/\/mouldsart.com\/","name":"Formy","description":"","publisher":{"@id":"https:\/\/mouldsart.com\/#organization"},"potentialAction":[{"@type":"SearchAction","target":{"@type":"EntryPoint","urlTemplate":"https:\/\/mouldsart.com\/?s={search_term_string}"},"query-input":"required name=search_term_string"}],"inLanguage":"pl-PL"},{"@type":"Organization","@id":"https:\/\/mouldsart.com\/#organization","name":"\u017by\u0107","url":"https:\/\/mouldsart.com\/","logo":{"@type":"ImageObject","inLanguage":"pl-PL","@id":"https:\/\/mouldsart.com\/#\/schema\/logo\/image\/","url":"https:\/\/i0.wp.com\/mouldsart.com\/wp-content\/uploads\/2025\/05\/cropped-logo1.png?fit=1080%2C558&ssl=1","contentUrl":"https:\/\/i0.wp.com\/mouldsart.com\/wp-content\/uploads\/2025\/05\/cropped-logo1.png?fit=1080%2C558&ssl=1","width":1080,"height":558,"caption":"Vivat"},"image":{"@id":"https:\/\/mouldsart.com\/#\/schema\/logo\/image\/"},"sameAs":["https:\/\/www.facebook.com\/pc.vivat","https:\/\/www.instagram.com\/pc_vivat\/"]}]}},"jetpack_sharing_enabled":true,"_links":{"self":[{"href":"https:\/\/mouldsart.com\/pl\/wp-json\/wp\/v2\/product\/1649","targetHints":{"allow":["GET"]}}],"collection":[{"href":"https:\/\/mouldsart.com\/pl\/wp-json\/wp\/v2\/product"}],"about":[{"href":"https:\/\/mouldsart.com\/pl\/wp-json\/wp\/v2\/types\/product"}],"version-history":[{"count":21,"href":"https:\/\/mouldsart.com\/pl\/wp-json\/wp\/v2\/product\/1649\/revisions"}],"predecessor-version":[{"id":7499,"href":"https:\/\/mouldsart.com\/pl\/wp-json\/wp\/v2\/product\/1649\/revisions\/7499"}],"wp:featuredmedia":[{"embeddable":true,"href":"https:\/\/mouldsart.com\/pl\/wp-json\/wp\/v2\/media\/1650"}],"wp:attachment":[{"href":"https:\/\/mouldsart.com\/pl\/wp-json\/wp\/v2\/media?parent=1649"}],"wp:term":[{"taxonomy":"product_brand","embeddable":true,"href":"https:\/\/mouldsart.com\/pl\/wp-json\/wp\/v2\/product_brand?post=1649"},{"taxonomy":"product_cat","embeddable":true,"href":"https:\/\/mouldsart.com\/pl\/wp-json\/wp\/v2\/product_cat?post=1649"},{"taxonomy":"product_tag","embeddable":true,"href":"https:\/\/mouldsart.com\/pl\/wp-json\/wp\/v2\/product_tag?post=1649"}],"curies":[{"name":"wp","href":"https:\/\/api.w.org\/{rel}","templated":true}]}}