{"id":1628,"date":"2023-10-10T13:23:12","date_gmt":"2023-10-10T10:23:12","guid":{"rendered":"https:\/\/mouldsart.com\/?post_type=product&#038;p=1628"},"modified":"2025-04-03T15:28:07","modified_gmt":"2025-04-03T12:28:07","slug":"mold-for-flowerpot-andromeda","status":"publish","type":"product","link":"https:\/\/mouldsart.com\/pl\/produkt\/forma-na-doniczke-andromeda\/","title":{"rendered":"Forma do garnk\u00f3w \u201eAndromeda\u201d"},"content":{"rendered":"<div data-elementor-type=\"product-post\" data-elementor-id=\"1628\" class=\"elementor elementor-1628\" data-elementor-post-type=\"product\">\n\t\t\t\t<div class=\"elementor-element elementor-element-6b886a6 e-flex e-con-boxed e-con e-parent\" data-id=\"6b886a6\" data-element_type=\"container\" data-e-type=\"container\">\n\t\t\t\t\t<div class=\"e-con-inner\">\n\t\t\t\t<div class=\"elementor-element elementor-element-290d419 elementor-widget elementor-widget-text-editor\" data-id=\"290d419\" data-element_type=\"widget\" data-e-type=\"widget\" data-widget_type=\"text-editor.default\">\n\t\t\t\t<div class=\"elementor-widget-container\">\n\t\t\t\t\t\t\t\t\t<h2>Wst\u0119p<\/h2>\n<span style=\"font-weight: 400;\">Wysokiej jako\u015bci forma z w\u0142\u00f3kna szklanego do betonowych doniczek zosta\u0142a zaprojektowana z wykorzystaniem nowoczesnej technologii i standard\u00f3w, zapewniaj\u0105c dok\u0142adno\u015b\u0107, trwa\u0142o\u015b\u0107 i \u0142atwo\u015b\u0107 u\u017cytkowania. Korzystanie <strong>forma do robienia doniczek<\/strong>\u00a0zapewnia przedsi\u0119biorcom przewag\u0119 konkurencyjn\u0105 na rynku, nowe mo\u017cliwo\u015bci wsp\u00f3\u0142pracy z in\u017cynierami i projektantami oraz mo\u017cliwo\u015b\u0107 realizacji \u017cycze\u0144 klient\u00f3w.<\/span>\t\t\t\t\t\t\t\t<\/div>\n\t\t\t\t<\/div>\n\t\t\t\t\t<\/div>\n\t\t\t\t<\/div>\n\t\t<div class=\"elementor-element elementor-element-963f770 e-flex e-con-boxed e-con e-parent\" data-id=\"963f770\" data-element_type=\"container\" data-e-type=\"container\">\n\t\t\t\t\t<div class=\"e-con-inner\">\n\t\t<div class=\"elementor-element elementor-element-00bbd80 e-con-full e-flex e-con e-child\" data-id=\"00bbd80\" data-element_type=\"container\" data-e-type=\"container\">\n\t\t\t\t<div class=\"elementor-element elementor-element-500195d elementor-widget elementor-widget-text-editor\" data-id=\"500195d\" data-element_type=\"widget\" data-e-type=\"widget\" data-widget_type=\"text-editor.default\">\n\t\t\t\t<div class=\"elementor-widget-container\">\n\t\t\t\t\t\t\t\t\t<h2>Cechy produktu<\/h2>\n<ul>\n \t<li>Wysoko\u015b\u0107: 72 cm<\/li>\n \t<li>\u015arednica: 100 cm<\/li>\n \t<li>Waga:\u00a0<span style=\"font-size: 12pt; font-family: Arial, sans-serif; color: #000000; background-color: transparent; font-variant-numeric: normal; font-variant-east-asian: normal; font-variant-alternates: normal; font-variant-position: normal; vertical-align: baseline; white-space-collapse: preserve;\">\u2248 <\/span>220 kilogram\u00f3w<\/li>\n<\/ul>\n<span style=\"font-weight: 400;\">Doniczka \u201eAndromeda\u201d \u2013 to dzie\u0142o sztuki, kt\u00f3re wnosi odrobin\u0119 magii i tajemniczo\u015bci do ka\u017cdego otoczenia. Pomimo imponuj\u0105cych rozmiar\u00f3w wazonu, praca z form\u0105 jest wygodna i komfortowa. Forma jest wykonana z uwzgl\u0119dnieniem wszystkich cech produkcyjnych.<\/span>\t\t\t\t\t\t\t\t<\/div>\n\t\t\t\t<\/div>\n\t\t\t\t<\/div>\n\t\t<div class=\"elementor-element elementor-element-6b3a75f e-con-full e-flex e-con e-child\" data-id=\"6b3a75f\" data-element_type=\"container\" data-e-type=\"container\">\n\t\t\t\t<div class=\"elementor-element elementor-element-07a8761 elementor-arrows-position-inside elementor-pagination-position-outside elementor-widget elementor-widget-image-carousel\" data-id=\"07a8761\" data-element_type=\"widget\" data-e-type=\"widget\" data-settings=\"{&quot;slides_to_show&quot;:&quot;1&quot;,&quot;navigation&quot;:&quot;both&quot;,&quot;autoplay&quot;:&quot;yes&quot;,&quot;pause_on_hover&quot;:&quot;yes&quot;,&quot;pause_on_interaction&quot;:&quot;yes&quot;,&quot;autoplay_speed&quot;:5000,&quot;infinite&quot;:&quot;yes&quot;,&quot;effect&quot;:&quot;slide&quot;,&quot;speed&quot;:500}\" data-widget_type=\"image-carousel.default\">\n\t\t\t\t<div class=\"elementor-widget-container\">\n\t\t\t\t\t\t\t<div class=\"elementor-image-carousel-wrapper swiper\" role=\"region\" aria-roledescription=\"carousel\" aria-label=\"Karuzela obrazk\u00f3w\" dir=\"ltr\">\n\t\t\t<div class=\"elementor-image-carousel swiper-wrapper\" aria-live=\"off\">\n\t\t\t\t\t\t\t\t<div class=\"swiper-slide\" role=\"group\" aria-roledescription=\"slide\" aria-label=\"1 z 1\"><figure class=\"swiper-slide-inner\"><img decoding=\"async\" class=\"swiper-slide-image\" src=\"https:\/\/i0.wp.com\/mouldsart.com\/wp-content\/uploads\/2023\/11\/Andromeda-Rockside.jpg?fit=800%2C800&amp;ssl=1\" alt=\"Doniczka &quot;Andromeda&quot; w parku\" \/><\/figure><\/div>\t\t\t<\/div>\n\t\t\t\t\t<\/div>\n\t\t\t\t\t\t<\/div>\n\t\t\t\t<\/div>\n\t\t\t\t<\/div>\n\t\t\t\t\t<\/div>\n\t\t\t\t<\/div>\n\t\t<div class=\"elementor-element elementor-element-fe7f40b e-flex e-con-boxed e-con e-parent\" data-id=\"fe7f40b\" data-element_type=\"container\" data-e-type=\"container\">\n\t\t\t\t\t<div class=\"e-con-inner\">\n\t\t\t\t<div class=\"elementor-element elementor-element-e0f82ba elementor-widget elementor-widget-text-editor\" data-id=\"e0f82ba\" data-element_type=\"widget\" data-e-type=\"widget\" data-widget_type=\"text-editor.default\">\n\t\t\t\t<div class=\"elementor-widget-container\">\n\t\t\t\t\t\t\t\t\t<h2>Materia\u0142y i produkcja<\/h2>\n<span style=\"font-weight: 400;\">Formy naszej firmy wykonane s\u0105 z wysokiej jako\u015bci <\/span><span style=\"font-weight: 400;\"><u>w\u0142\u00f3kno szklane<\/u><\/span><span style=\"font-weight: 400;\">, co zapewnia trwa\u0142o\u015b\u0107 i odporno\u015b\u0107 na zu\u017cycie. Formy wykonane z tego materia\u0142u maj\u0105 g\u0142adk\u0105 powierzchni\u0119 i s\u0105 odporne na wysokie temperatury, co pozwala na ich stosowanie w szerokim zakresie gatunk\u00f3w bez ryzyka odkszta\u0142cenia lub uszkodzenia produktu.<\/span>\n<ul>\n \t<li style=\"list-style-type: none;\">\n<ul>\n \t<li style=\"list-style-type: none;\"><\/li>\n<\/ul>\n<\/li>\n<\/ul>\n<b>\u00a0<\/b>\n<h2>Zalety form Faberglass:<\/h2>\n<ul>\n \t<li style=\"list-style-type: none;\">\n<ul>\n \t<li><b><i>\u0141atwo\u015b\u0107 u\u017cytkowania<\/i><\/b><span style=\"font-weight: 400;\">: Nasza forma nie wymaga d\u0142ugiego wst\u0119pnego przygotowania przed odlewaniem. Jest r\u00f3wnie\u017c lekka i wygodna w pracy.\u00a0<\/span><\/li>\n \t<li><span style=\"font-weight: 400;\"><span style=\"font-weight: 400;\"><b><i>Odporno\u015b\u0107 na korozj\u0119<\/i><\/b>: <\/span><\/span><span style=\"font-weight: 400;\">W\u0142\u00f3kno szklane jest odporne na wilgo\u0107, chemikalia i zasady, dzi\u0119ki czemu idealnie nadaje si\u0119 do zastosowa\u0144, w kt\u00f3rych formy mog\u0105 by\u0107 nara\u017cone na dzia\u0142anie \u015brodowiska korozyjnego.<\/span><\/li>\n \t<li><b><i>Odporno\u015b\u0107 chemiczna<\/i><\/b><span style=\"font-weight: 400;\">:Nasza forma jest odporna na dzia\u0142anie \u015brodk\u00f3w chemicznych, co gwarantuje, \u017ce jej w\u0142a\u015bciwo\u015bci pozostaj\u0105 nienaruszone przez d\u0142ugi czas.<\/span><\/li>\n \t<li><b><i>Wydajno\u015b\u0107<\/i><\/b><span style=\"font-weight: 400;\">:Korzystanie z formy pozwala na zwi\u0119kszenie wydajno\u015bci produkcji Twoich produkt\u00f3w.<\/span><\/li>\n<\/ul>\n<\/li>\n<\/ul>\n<b>\u00a0<\/b>\n<h2>\u00a0Instrukcja u\u017cycia:<\/h2>\n<ul>\n \t<li style=\"list-style-type: none;\">\n<ol>\n \t<li><span style=\"font-weight: 400;\"> \u00a0 <\/span><i><span style=\"font-weight: 400;\">Przygotowanie formy<\/span><\/i><span style=\"font-weight: 400;\"> : Przed rozpocz\u0119ciem pracy upewnij si\u0119, \u017ce forma jest czysta i sucha. Na\u0142\u00f3\u017c specjalny \u015brodek antyadhezyjny, aby u\u0142atwi\u0107 wyj\u0119cie gotowego produktu.<\/span><\/li>\n \t<li><span style=\"font-weight: 400;\"> \u00a0 <\/span><i><span style=\"font-weight: 400;\">Wylewanie betonu<\/span><\/i><span style=\"font-weight: 400;\"> : Przygotuj mieszank\u0119 betonow\u0105 i wlej j\u0105 do formy. Wi\u0105\u017ce si\u0119 to z prac\u0105 na stole wibracyjnym. Mo\u017cna r\u00f3wnie\u017c u\u017cy\u0107 betonu samozag\u0119szczalnego lub gipsu.<\/span><\/li>\n \t<li><span style=\"font-weight: 400;\"> \u00a0 <\/span><i><span style=\"font-weight: 400;\">Wyjmowanie z formy<\/span><\/i><span style=\"font-weight: 400;\"> : Po stwardnieniu betonu wyjmij gotow\u0105 rze\u017ab\u0119 z formy. Proces wyjmowania rze\u017aby jest \u0142atwy, poniewa\u017c formy s\u0105 wykonywane z nale\u017cytym uwzgl\u0119dnieniem wszystkich osobliwo\u015bci produkcji. Formy s\u0105 \u0142atwe w obs\u0142udze przy minimalnej liczbie pracownik\u00f3w.<\/span><\/li>\n \t<li><i><span style=\"font-weight: 400;\">Prace wyko\u0144czeniowe<\/span><\/i><span style=\"font-weight: 400;\"> : Po zako\u0144czeniu pracy z form\u0105 nale\u017cy oczy\u015bci\u0107 wszelkie pozosta\u0142o\u015bci betonu. Przygotuje to form\u0119 do nast\u0119pnego procesu odlewania.<\/span><\/li>\n \t<li style=\"list-style-type: none;\"><\/li>\n<\/ol>\n<\/li>\n<\/ul>\n<b>\u00a0<\/b>\n<h2>Dostawa<\/h2>\n<ul>\n \t<li style=\"list-style-type: none;\">\n<ul>\n \t<li><span style=\"font-weight: 400;\">Dostarczamy towary do wszystkich kraj\u00f3w UE zgodnie z zasadami Incoterms.<\/span><\/li>\n \t<li><span style=\"font-weight: 400;\">Mo\u017cesz <\/span><strong>kup komercyjne formy do doniczek online<\/strong><span style=\"font-weight: 400;\"> na naszej stronie internetowej poprzez koszyk zakupowy. Mo\u017cesz r\u00f3wnie\u017c napisa\u0107 do nas za po\u015brednictwem jednego z komunikator\u00f3w (e-mail, Viber, WhatsApp, Telegram), aby z\u0142o\u017cy\u0107 zam\u00f3wienie.<\/span><\/li>\n \t<li><span style=\"font-weight: 400;\">W zale\u017cno\u015bci od kraju i regionu czas dostawy mo\u017ce si\u0119 r\u00f3\u017cni\u0107, staramy si\u0119 jednak zapewni\u0107 optymalne warunki dla wszystkich naszych klient\u00f3w.<\/span><\/li>\n<\/ul>\n<\/li>\n<\/ul>\n<span style=\"font-weight: 40;\">\u00a0<\/span>\n<b>\u00a0<\/b>\n<h2>Informacja zwrotna<\/h2>\n<span style=\"font-weight: 400;\">Zapewniamy <span style=\"text-decoration: underline;\">pe\u0142ne wsparcie postu<\/span> naszym klientom przez ca\u0142y okres serwisu formy.\u00a0<\/span>\t\t\t\t\t\t\t\t<\/div>\n\t\t\t\t<\/div>\n\t\t\t\t\t<\/div>\n\t\t\t\t<\/div>\n\t\t\t\t<\/div>","protected":false},"excerpt":{"rendered":"<p>Wprowadzenie Wysokiej jako\u015bci forma z w\u0142\u00f3kna szklanego do betonowych doniczek zosta\u0142a zaprojektowana z wykorzystaniem nowoczesnej technologii i standard\u00f3w, zapewniaj\u0105c dok\u0142adno\u015b\u0107, trwa\u0142o\u015b\u0107 i \u0142atwo\u015b\u0107 u\u017cytkowania. Korzystanie z formy do produkcji doniczek daje przedsi\u0119biorcom przewag\u0119 konkurencyjn\u0105 na rynku, nowe mo\u017cliwo\u015bci wsp\u00f3\u0142pracy z in\u017cynierami i projektantami oraz mo\u017cliwo\u015b\u0107 realizacji \u017cycze\u0144 klient\u00f3w. Cechy produktu Wysoko\u015b\u0107: 72 cm \u015arednica: \u2026<\/p>","protected":false},"featured_media":1629,"template":"","meta":{"_kad_post_transparent":"default","_kad_post_title":"","_kad_post_layout":"default","_kad_post_sidebar_id":"","_kad_post_content_style":"default","_kad_post_vertical_padding":"default","_kad_post_feature":"","_kad_post_feature_position":"","_kad_post_header":false,"_kad_post_footer":false},"product_brand":[],"product_cat":[56],"product_tag":[],"class_list":{"0":"post-1628","1":"product","2":"type-product","3":"status-publish","4":"has-post-thumbnail","6":"product_cat-vases","7":"pa_assignment-concrete","8":"pa_assignment-plaster","9":"pa_material-fiberglass-metal","11":"first","12":"instock","13":"shipping-taxable","14":"purchasable","15":"product-type-simple","16":"entry","17":"content-bg","18":"loop-entry"},"acf":[],"yoast_head":"<!-- This site is optimized with the Yoast SEO plugin v23.1 - https:\/\/yoast.com\/wordpress\/plugins\/seo\/ -->\n<title>Plant pot mould &quot;Andromeda&quot; buy online - Flower pot moulds for sale<\/title>\n<meta name=\"description\" content=\"The mould is made of fibreglass. 1\ufe0f\u20e3Product features: height - 72 cm; diameter - 100 cm; weight - 220 kg. 2\ufe0f\u20e3Mould features: height - 100 cm; diameter - 130 cm; weight - 40 kg.\" \/>\n<meta name=\"robots\" content=\"index, follow, max-snippet:-1, max-image-preview:large, max-video-preview:-1\" \/>\n<link rel=\"canonical\" href=\"https:\/\/mouldsart.com\/pl\/produkt\/forma-na-doniczke-andromeda\/\" \/>\n<meta property=\"og:locale\" content=\"pl_PL\" \/>\n<meta property=\"og:type\" content=\"article\" \/>\n<meta property=\"og:title\" content=\"Plant pot mould &quot;Andromeda&quot; buy online - Flower pot moulds for sale\" \/>\n<meta property=\"og:description\" content=\"The mould is made of fibreglass. 1\ufe0f\u20e3Product features: height - 72 cm; diameter - 100 cm; weight - 220 kg. 2\ufe0f\u20e3Mould features: height - 100 cm; diameter - 130 cm; weight - 40 kg.\" \/>\n<meta property=\"og:url\" content=\"https:\/\/mouldsart.com\/pl\/produkt\/forma-na-doniczke-andromeda\/\" \/>\n<meta property=\"article:publisher\" content=\"https:\/\/www.facebook.com\/pc.vivat\" \/>\n<meta property=\"article:modified_time\" content=\"2025-04-03T12:28:07+00:00\" \/>\n<meta property=\"og:image\" content=\"https:\/\/mouldsart.com\/wp-content\/uploads\/2023\/10\/Flowerpot-Andomeda-Rockside.jpg\" \/>\n\t<meta property=\"og:image:width\" content=\"800\" \/>\n\t<meta property=\"og:image:height\" content=\"800\" \/>\n\t<meta property=\"og:image:type\" content=\"image\/jpeg\" \/>\n<meta name=\"twitter:card\" content=\"summary_large_image\" \/>\n<meta name=\"twitter:label1\" content=\"Szacowany czas czytania\" \/>\n\t<meta name=\"twitter:data1\" content=\"3 minuty\" \/>\n<script type=\"application\/ld+json\" class=\"yoast-schema-graph\">{\"@context\":\"https:\/\/schema.org\",\"@graph\":[{\"@type\":\"WebPage\",\"@id\":\"https:\/\/mouldsart.com\/product\/mold-for-flowerpot-andromeda\/\",\"url\":\"https:\/\/mouldsart.com\/product\/mold-for-flowerpot-andromeda\/\",\"name\":\"Plant pot mould \\\"Andromeda\\\" buy online - Flower pot moulds for sale\",\"isPartOf\":{\"@id\":\"https:\/\/mouldsart.com\/#website\"},\"primaryImageOfPage\":{\"@id\":\"https:\/\/mouldsart.com\/product\/mold-for-flowerpot-andromeda\/#primaryimage\"},\"image\":{\"@id\":\"https:\/\/mouldsart.com\/product\/mold-for-flowerpot-andromeda\/#primaryimage\"},\"thumbnailUrl\":\"https:\/\/i0.wp.com\/mouldsart.com\/wp-content\/uploads\/2023\/10\/Flowerpot-Andomeda-Rockside.jpg?fit=800%2C800&ssl=1\",\"datePublished\":\"2023-10-10T10:23:12+00:00\",\"dateModified\":\"2025-04-03T12:28:07+00:00\",\"description\":\"The mould is made of fibreglass. 1\ufe0f\u20e3Product features: height - 72 cm; diameter - 100 cm; weight - 220 kg. 2\ufe0f\u20e3Mould features: height - 100 cm; diameter - 130 cm; weight - 40 kg.\",\"breadcrumb\":{\"@id\":\"https:\/\/mouldsart.com\/product\/mold-for-flowerpot-andromeda\/#breadcrumb\"},\"inLanguage\":\"pl-PL\",\"potentialAction\":[{\"@type\":\"ReadAction\",\"target\":[\"https:\/\/mouldsart.com\/product\/mold-for-flowerpot-andromeda\/\"]}]},{\"@type\":\"ImageObject\",\"inLanguage\":\"pl-PL\",\"@id\":\"https:\/\/mouldsart.com\/product\/mold-for-flowerpot-andromeda\/#primaryimage\",\"url\":\"https:\/\/i0.wp.com\/mouldsart.com\/wp-content\/uploads\/2023\/10\/Flowerpot-Andomeda-Rockside.jpg?fit=800%2C800&ssl=1\",\"contentUrl\":\"https:\/\/i0.wp.com\/mouldsart.com\/wp-content\/uploads\/2023\/10\/Flowerpot-Andomeda-Rockside.jpg?fit=800%2C800&ssl=1\",\"width\":800,\"height\":800},{\"@type\":\"BreadcrumbList\",\"@id\":\"https:\/\/mouldsart.com\/product\/mold-for-flowerpot-andromeda\/#breadcrumb\",\"itemListElement\":[{\"@type\":\"ListItem\",\"position\":1,\"name\":\"\u0413\u043b\u0430\u0432\u043d\u0430\u044f \u0441\u0442\u0440\u0430\u043d\u0438\u0446\u0430\",\"item\":\"https:\/\/mouldsart.com\/\"},{\"@type\":\"ListItem\",\"position\":2,\"name\":\"Vivat Company Moulds\",\"item\":\"https:\/\/mouldsart.com\/shop\/\"},{\"@type\":\"ListItem\",\"position\":3,\"name\":\"Pot mould &#8220;Andromeda&#8221;\"}]},{\"@type\":\"WebSite\",\"@id\":\"https:\/\/mouldsart.com\/#website\",\"url\":\"https:\/\/mouldsart.com\/\",\"name\":\"Moulds\",\"description\":\"\",\"publisher\":{\"@id\":\"https:\/\/mouldsart.com\/#organization\"},\"potentialAction\":[{\"@type\":\"SearchAction\",\"target\":{\"@type\":\"EntryPoint\",\"urlTemplate\":\"https:\/\/mouldsart.com\/?s={search_term_string}\"},\"query-input\":\"required name=search_term_string\"}],\"inLanguage\":\"pl-PL\"},{\"@type\":\"Organization\",\"@id\":\"https:\/\/mouldsart.com\/#organization\",\"name\":\"Vivat\",\"url\":\"https:\/\/mouldsart.com\/\",\"logo\":{\"@type\":\"ImageObject\",\"inLanguage\":\"pl-PL\",\"@id\":\"https:\/\/mouldsart.com\/#\/schema\/logo\/image\/\",\"url\":\"https:\/\/i0.wp.com\/mouldsart.com\/wp-content\/uploads\/2025\/05\/cropped-logo1.png?fit=1080%2C558&ssl=1\",\"contentUrl\":\"https:\/\/i0.wp.com\/mouldsart.com\/wp-content\/uploads\/2025\/05\/cropped-logo1.png?fit=1080%2C558&ssl=1\",\"width\":1080,\"height\":558,\"caption\":\"Vivat\"},\"image\":{\"@id\":\"https:\/\/mouldsart.com\/#\/schema\/logo\/image\/\"},\"sameAs\":[\"https:\/\/www.facebook.com\/pc.vivat\",\"https:\/\/www.instagram.com\/pc_vivat\/\"]}]}<\/script>\n<!-- \/ Yoast SEO plugin. -->","yoast_head_json":{"title":"Forma do doniczek &quot;Andromeda&quot; kup online - Formy do doniczek na sprzeda\u017c","description":"Forma wykonana jest z w\u0142\u00f3kna szklanego. 1\ufe0f\u20e3Cechy produktu: wysoko\u015b\u0107 - 72 cm; \u015brednica - 100 cm; waga - 220 kg. 2\ufe0f\u20e3Cechy formy: wysoko\u015b\u0107 - 100 cm; \u015brednica - 130 cm; waga - 40 kg.","robots":{"index":"index","follow":"follow","max-snippet":"max-snippet:-1","max-image-preview":"max-image-preview:large","max-video-preview":"max-video-preview:-1"},"canonical":"https:\/\/mouldsart.com\/pl\/produkt\/forma-na-doniczke-andromeda\/","og_locale":"pl_PL","og_type":"article","og_title":"Plant pot mould \"Andromeda\" buy online - Flower pot moulds for sale","og_description":"The mould is made of fibreglass. 1\ufe0f\u20e3Product features: height - 72 cm; diameter - 100 cm; weight - 220 kg. 2\ufe0f\u20e3Mould features: height - 100 cm; diameter - 130 cm; weight - 40 kg.","og_url":"https:\/\/mouldsart.com\/pl\/produkt\/forma-na-doniczke-andromeda\/","article_publisher":"https:\/\/www.facebook.com\/pc.vivat","article_modified_time":"2025-04-03T12:28:07+00:00","og_image":[{"width":800,"height":800,"url":"https:\/\/mouldsart.com\/wp-content\/uploads\/2023\/10\/Flowerpot-Andomeda-Rockside.jpg","type":"image\/jpeg"}],"twitter_card":"summary_large_image","twitter_misc":{"Szacowany czas czytania":"3 minuty"},"schema":{"@context":"https:\/\/schema.org","@graph":[{"@type":"WebPage","@id":"https:\/\/mouldsart.com\/product\/mold-for-flowerpot-andromeda\/","url":"https:\/\/mouldsart.com\/product\/mold-for-flowerpot-andromeda\/","name":"Forma do doniczek &quot;Andromeda&quot; kup online - Formy do doniczek na sprzeda\u017c","isPartOf":{"@id":"https:\/\/mouldsart.com\/#website"},"primaryImageOfPage":{"@id":"https:\/\/mouldsart.com\/product\/mold-for-flowerpot-andromeda\/#primaryimage"},"image":{"@id":"https:\/\/mouldsart.com\/product\/mold-for-flowerpot-andromeda\/#primaryimage"},"thumbnailUrl":"https:\/\/i0.wp.com\/mouldsart.com\/wp-content\/uploads\/2023\/10\/Flowerpot-Andomeda-Rockside.jpg?fit=800%2C800&ssl=1","datePublished":"2023-10-10T10:23:12+00:00","dateModified":"2025-04-03T12:28:07+00:00","description":"Forma wykonana jest z w\u0142\u00f3kna szklanego. 1\ufe0f\u20e3Cechy produktu: wysoko\u015b\u0107 - 72 cm; \u015brednica - 100 cm; waga - 220 kg. 2\ufe0f\u20e3Cechy formy: wysoko\u015b\u0107 - 100 cm; \u015brednica - 130 cm; waga - 40 kg.","breadcrumb":{"@id":"https:\/\/mouldsart.com\/product\/mold-for-flowerpot-andromeda\/#breadcrumb"},"inLanguage":"pl-PL","potentialAction":[{"@type":"ReadAction","target":["https:\/\/mouldsart.com\/product\/mold-for-flowerpot-andromeda\/"]}]},{"@type":"ImageObject","inLanguage":"pl-PL","@id":"https:\/\/mouldsart.com\/product\/mold-for-flowerpot-andromeda\/#primaryimage","url":"https:\/\/i0.wp.com\/mouldsart.com\/wp-content\/uploads\/2023\/10\/Flowerpot-Andomeda-Rockside.jpg?fit=800%2C800&ssl=1","contentUrl":"https:\/\/i0.wp.com\/mouldsart.com\/wp-content\/uploads\/2023\/10\/Flowerpot-Andomeda-Rockside.jpg?fit=800%2C800&ssl=1","width":800,"height":800},{"@type":"BreadcrumbList","@id":"https:\/\/mouldsart.com\/product\/mold-for-flowerpot-andromeda\/#breadcrumb","itemListElement":[{"@type":"ListItem","position":1,"name":"\u0413\u043b\u0430\u0432\u043d\u0430\u044f \u0441\u0442\u0440\u0430\u043d\u0438\u0446\u0430","item":"https:\/\/mouldsart.com\/"},{"@type":"ListItem","position":2,"name":"Vivat Company Moulds","item":"https:\/\/mouldsart.com\/shop\/"},{"@type":"ListItem","position":3,"name":"Pot mould &#8220;Andromeda&#8221;"}]},{"@type":"WebSite","@id":"https:\/\/mouldsart.com\/#website","url":"https:\/\/mouldsart.com\/","name":"Formy","description":"","publisher":{"@id":"https:\/\/mouldsart.com\/#organization"},"potentialAction":[{"@type":"SearchAction","target":{"@type":"EntryPoint","urlTemplate":"https:\/\/mouldsart.com\/?s={search_term_string}"},"query-input":"required name=search_term_string"}],"inLanguage":"pl-PL"},{"@type":"Organization","@id":"https:\/\/mouldsart.com\/#organization","name":"\u017by\u0107","url":"https:\/\/mouldsart.com\/","logo":{"@type":"ImageObject","inLanguage":"pl-PL","@id":"https:\/\/mouldsart.com\/#\/schema\/logo\/image\/","url":"https:\/\/i0.wp.com\/mouldsart.com\/wp-content\/uploads\/2025\/05\/cropped-logo1.png?fit=1080%2C558&ssl=1","contentUrl":"https:\/\/i0.wp.com\/mouldsart.com\/wp-content\/uploads\/2025\/05\/cropped-logo1.png?fit=1080%2C558&ssl=1","width":1080,"height":558,"caption":"Vivat"},"image":{"@id":"https:\/\/mouldsart.com\/#\/schema\/logo\/image\/"},"sameAs":["https:\/\/www.facebook.com\/pc.vivat","https:\/\/www.instagram.com\/pc_vivat\/"]}]}},"jetpack_sharing_enabled":true,"_links":{"self":[{"href":"https:\/\/mouldsart.com\/pl\/wp-json\/wp\/v2\/product\/1628","targetHints":{"allow":["GET"]}}],"collection":[{"href":"https:\/\/mouldsart.com\/pl\/wp-json\/wp\/v2\/product"}],"about":[{"href":"https:\/\/mouldsart.com\/pl\/wp-json\/wp\/v2\/types\/product"}],"version-history":[{"count":29,"href":"https:\/\/mouldsart.com\/pl\/wp-json\/wp\/v2\/product\/1628\/revisions"}],"predecessor-version":[{"id":6659,"href":"https:\/\/mouldsart.com\/pl\/wp-json\/wp\/v2\/product\/1628\/revisions\/6659"}],"wp:featuredmedia":[{"embeddable":true,"href":"https:\/\/mouldsart.com\/pl\/wp-json\/wp\/v2\/media\/1629"}],"wp:attachment":[{"href":"https:\/\/mouldsart.com\/pl\/wp-json\/wp\/v2\/media?parent=1628"}],"wp:term":[{"taxonomy":"product_brand","embeddable":true,"href":"https:\/\/mouldsart.com\/pl\/wp-json\/wp\/v2\/product_brand?post=1628"},{"taxonomy":"product_cat","embeddable":true,"href":"https:\/\/mouldsart.com\/pl\/wp-json\/wp\/v2\/product_cat?post=1628"},{"taxonomy":"product_tag","embeddable":true,"href":"https:\/\/mouldsart.com\/pl\/wp-json\/wp\/v2\/product_tag?post=1628"}],"curies":[{"name":"wp","href":"https:\/\/api.w.org\/{rel}","templated":true}]}}