{"id":1301,"date":"2023-09-19T16:17:36","date_gmt":"2023-09-19T13:17:36","guid":{"rendered":"https:\/\/mouldsart.com\/?post_type=product&#038;p=1301"},"modified":"2025-04-03T15:34:49","modified_gmt":"2025-04-03T12:34:49","slug":"byzantium-vase-form","status":"publish","type":"product","link":"https:\/\/mouldsart.com\/pl\/produkt\/forma-wazonu-bizantyjskiego\/","title":{"rendered":"Forma do garnk\u00f3w Bizancjum"},"content":{"rendered":"<div data-elementor-type=\"product-post\" data-elementor-id=\"1301\" class=\"elementor elementor-1301\" data-elementor-post-type=\"product\">\n\t\t\t\t<div class=\"elementor-element elementor-element-be722ec e-flex e-con-boxed e-con e-parent\" data-id=\"be722ec\" data-element_type=\"container\" data-e-type=\"container\">\n\t\t\t\t\t<div class=\"e-con-inner\">\n\t\t\t\t<div class=\"elementor-element elementor-element-af3c17d elementor-widget elementor-widget-text-editor\" data-id=\"af3c17d\" data-element_type=\"widget\" data-e-type=\"widget\" data-widget_type=\"text-editor.default\">\n\t\t\t\t<div class=\"elementor-widget-container\">\n\t\t\t\t\t\t\t\t\t<h2>Wst\u0119p<\/h2><p><span style=\"font-weight: 400;\">Wysokiej jako\u015bci forma z w\u0142\u00f3kna szklanego do betonowych doniczek zosta\u0142a zaprojektowana z wykorzystaniem nowoczesnej technologii i standard\u00f3w, zapewniaj\u0105c dok\u0142adno\u015b\u0107, trwa\u0142o\u015b\u0107 i \u0142atwo\u015b\u0107 u\u017cytkowania. Korzystanie <strong>forma do robienia doniczek<\/strong>\u00a0zapewnia przedsi\u0119biorcom przewag\u0119 konkurencyjn\u0105 na rynku, nowe mo\u017cliwo\u015bci wsp\u00f3\u0142pracy z in\u017cynierami i projektantami oraz mo\u017cliwo\u015b\u0107 realizacji \u017cycze\u0144 klient\u00f3w.<\/span>ec ullamcorper mattis, pulvinar dapibus leo.<\/p>\t\t\t\t\t\t\t\t<\/div>\n\t\t\t\t<\/div>\n\t\t\t\t\t<\/div>\n\t\t\t\t<\/div>\n\t\t<div class=\"elementor-element elementor-element-4cf0032 e-flex e-con-boxed e-con e-parent\" data-id=\"4cf0032\" data-element_type=\"container\" data-e-type=\"container\">\n\t\t\t\t\t<div class=\"e-con-inner\">\n\t\t<div class=\"elementor-element elementor-element-3f723dd e-con-full e-flex e-con e-child\" data-id=\"3f723dd\" data-element_type=\"container\" data-e-type=\"container\">\n\t\t\t\t<div class=\"elementor-element elementor-element-4d797ef elementor-widget elementor-widget-text-editor\" data-id=\"4d797ef\" data-element_type=\"widget\" data-e-type=\"widget\" data-widget_type=\"text-editor.default\">\n\t\t\t\t<div class=\"elementor-widget-container\">\n\t\t\t\t\t\t\t\t\t<h2>Cechy produktu<\/h2><ul><li>Wysoko\u015b\u0107: 65 cm<\/li><li>\u015arednica: 60 cm<\/li><li>Waga:\u00a0<span style=\"font-size: 12pt; font-family: Arial, sans-serif; color: #000000; background-color: transparent; font-variant-numeric: normal; font-variant-east-asian: normal; font-variant-alternates: normal; font-variant-position: normal; vertical-align: baseline; white-space-collapse: preserve;\">\u2248 <\/span>80kg<\/li><\/ul><p>Wazon \u201eByzantium\u201d to subtelne po\u0142\u0105czenie wdzi\u0119ku i si\u0142y, kt\u00f3re doda wyj\u0105tkowego uroku przestrzeni Twoich klient\u00f3w. U\u017cywaj\u0105c formy do wazon\u00f3w b\u0119dziesz w stanie wyprodukowa\u0107 wiele z tych wysokiej jako\u015bci produkt\u00f3w.<\/p>\t\t\t\t\t\t\t\t<\/div>\n\t\t\t\t<\/div>\n\t\t\t\t<\/div>\n\t\t<div class=\"elementor-element elementor-element-989ae3d e-con-full e-flex e-con e-child\" data-id=\"989ae3d\" data-element_type=\"container\" data-e-type=\"container\">\n\t\t\t\t<div class=\"elementor-element elementor-element-dd3aaba elementor-arrows-position-inside elementor-pagination-position-outside elementor-widget elementor-widget-image-carousel\" data-id=\"dd3aaba\" data-element_type=\"widget\" data-e-type=\"widget\" data-settings=\"{&quot;slides_to_show&quot;:&quot;1&quot;,&quot;navigation&quot;:&quot;both&quot;,&quot;autoplay&quot;:&quot;yes&quot;,&quot;pause_on_hover&quot;:&quot;yes&quot;,&quot;pause_on_interaction&quot;:&quot;yes&quot;,&quot;autoplay_speed&quot;:5000,&quot;infinite&quot;:&quot;yes&quot;,&quot;effect&quot;:&quot;slide&quot;,&quot;speed&quot;:500}\" data-widget_type=\"image-carousel.default\">\n\t\t\t\t<div class=\"elementor-widget-container\">\n\t\t\t\t\t\t\t<div class=\"elementor-image-carousel-wrapper swiper\" role=\"region\" aria-roledescription=\"carousel\" aria-label=\"Karuzela obrazk\u00f3w\" dir=\"ltr\">\n\t\t\t<div class=\"elementor-image-carousel swiper-wrapper\" aria-live=\"off\">\n\t\t\t\t\t\t\t\t<div class=\"swiper-slide\" role=\"group\" aria-roledescription=\"slide\" aria-label=\"1 z 1\" data-no-translation-aria-label=\"\"><figure class=\"swiper-slide-inner\"><img decoding=\"async\" class=\"swiper-slide-image\" src=\"https:\/\/i0.wp.com\/mouldsart.com\/wp-content\/uploads\/2023\/09\/\u0444\u0435\u043b\u0438\u0447\u0438\u0442\u0430-21.jpg?fit=1080%2C1080&amp;ssl=1\" alt=\"Wazony\" \/><\/figure><\/div>\t\t\t<\/div>\n\t\t\t\t\t<\/div>\n\t\t\t\t\t\t<\/div>\n\t\t\t\t<\/div>\n\t\t\t\t<\/div>\n\t\t\t\t\t<\/div>\n\t\t\t\t<\/div>\n\t\t<div class=\"elementor-element elementor-element-b3df4ae e-flex e-con-boxed e-con e-parent\" data-id=\"b3df4ae\" data-element_type=\"container\" data-e-type=\"container\">\n\t\t\t\t\t<div class=\"e-con-inner\">\n\t\t\t\t<div class=\"elementor-element elementor-element-4b2fa4c elementor-widget elementor-widget-text-editor\" data-id=\"4b2fa4c\" data-element_type=\"widget\" data-e-type=\"widget\" data-widget_type=\"text-editor.default\">\n\t\t\t\t<div class=\"elementor-widget-container\">\n\t\t\t\t\t\t\t\t\t<h2>Materia\u0142y i produkcja<\/h2><p><span style=\"font-weight: 400;\">Formy naszej firmy wykonane s\u0105 z wysokiej jako\u015bci <span style=\"text-decoration: underline;\"><em>poliuretan<\/em><\/span> z <span style=\"text-decoration: underline;\"><em>obudowa z w\u0142\u00f3kna szklanego<\/em><\/span>, co zapewnia trwa\u0142o\u015b\u0107 i odporno\u015b\u0107 na zu\u017cycie. Poliuretan ma wyj\u0105tkowe w\u0142a\u015bciwo\u015bci, takie jak wysoka wytrzyma\u0142o\u015b\u0107 na rozci\u0105ganie i elastyczno\u015b\u0107, co czyni go idealnym materia\u0142em do odlewania z\u0142o\u017conych produkt\u00f3w betonowych.\u00a0<\/span><br \/><b>\u00a0<\/b><b>\u00a0<\/b><\/p><h2>Zalety form poliuretanowych:<\/h2><ul><li style=\"list-style-type: none;\"><ul><li><b><i>\u0141atwo\u015b\u0107 u\u017cytkowania<\/i><\/b><span style=\"font-weight: 400;\">: Nasza forma nie wymaga d\u0142ugiego wst\u0119pnego przygotowania przed odlewaniem. Jest r\u00f3wnie\u017c lekka i wygodna w pracy.\u00a0<\/span><\/li><li><b><i>Precyzja i szczeg\u00f3\u0142owo\u015b\u0107<\/i><\/b><span style=\"font-weight: 400;\">:Forma poliuretanowa z ram\u0105 z w\u0142\u00f3kna szklanego pozwala na wykonanie doniczki o bardzo szczeg\u00f3\u0142owych kszta\u0142tach.<\/span><\/li><li><b><i>Odporno\u015b\u0107 chemiczna<\/i><\/b><span style=\"font-weight: 400;\">:Nasza forma jest odporna na dzia\u0142anie \u015brodk\u00f3w chemicznych, co gwarantuje, \u017ce jej w\u0142a\u015bciwo\u015bci pozostaj\u0105 nienaruszone przez d\u0142ugi czas.<\/span><\/li><li><b><i>Wydajno\u015b\u0107<\/i><\/b><span style=\"font-weight: 400;\">:Korzystanie z formy pozwala na zwi\u0119kszenie wydajno\u015bci produkcji Twoich produkt\u00f3w.<\/span><\/li><\/ul><\/li><\/ul><p><b>\u00a0<\/b><\/p><h2>\u00a0Instrukcja u\u017cycia:<\/h2><ul><li style=\"list-style-type: none;\"><ol><li><span style=\"font-weight: 400;\"> \u00a0 <\/span><i><span style=\"font-weight: 400;\">Przygotowanie formy<\/span><\/i><span style=\"font-weight: 400;\"> : Przed rozpocz\u0119ciem pracy upewnij si\u0119, \u017ce forma jest czysta i sucha. Na\u0142\u00f3\u017c specjalny \u015brodek antyadhezyjny, aby u\u0142atwi\u0107 wyj\u0119cie gotowego produktu.<\/span><\/li><li><span style=\"font-weight: 400;\"> \u00a0 <\/span><i><span style=\"font-weight: 400;\">Wylewanie betonu<\/span><\/i><span style=\"font-weight: 400;\"> : Przygotuj mieszank\u0119 betonow\u0105 i wlej j\u0105 do formy. Wi\u0105\u017ce si\u0119 to z prac\u0105 na stole wibracyjnym. Mo\u017cna r\u00f3wnie\u017c u\u017cy\u0107 betonu samozag\u0119szczalnego lub gipsu.<\/span><\/li><li><span style=\"font-weight: 400;\"> \u00a0 <\/span><i><span style=\"font-weight: 400;\">Wyjmowanie z formy<\/span><\/i><span style=\"font-weight: 400;\"> : Po stwardnieniu betonu wyjmij gotow\u0105 doniczk\u0119 z formy. Proces wyjmowania doniczki jest \u0142atwy, poniewa\u017c formy s\u0105 wykonywane z nale\u017cytym uwzgl\u0119dnieniem wszystkich osobliwo\u015bci produkcji. Formy s\u0105 \u0142atwe w obs\u0142udze przy minimalnej liczbie pracownik\u00f3w.<\/span><\/li><li><i><span style=\"font-weight: 400;\">Prace wyko\u0144czeniowe<\/span><\/i><span style=\"font-weight: 400;\"> : Po zako\u0144czeniu pracy z form\u0105 nale\u017cy oczy\u015bci\u0107 wszelkie pozosta\u0142o\u015bci betonu. Przygotuje to form\u0119 do nast\u0119pnego procesu odlewania.<\/span><\/li><li style=\"list-style-type: none;\">\u00a0<\/li><\/ol><\/li><\/ul><h2>Dostawa<\/h2><ul><li style=\"list-style-type: none;\"><ul><li><span style=\"font-weight: 400;\">Dostarczamy towary do wszystkich kraj\u00f3w UE zgodnie z zasadami Incoterms.<\/span><\/li><li><span style=\"font-weight: 400;\">Mo\u017cesz <strong>kup komercyjne formy do doniczek online<\/strong><\/span><span style=\"font-weight: 400;\">\u00a0na naszej stronie internetowej poprzez koszyk zakupowy. Mo\u017cesz r\u00f3wnie\u017c napisa\u0107 do nas za po\u015brednictwem jednego z komunikator\u00f3w (e-mail, Viber, WhatsApp, Telegram), aby z\u0142o\u017cy\u0107 zam\u00f3wienie.<\/span><\/li><li><span style=\"font-weight: 400;\">W zale\u017cno\u015bci od kraju i regionu czas dostawy mo\u017ce si\u0119 r\u00f3\u017cni\u0107, staramy si\u0119 jednak zapewni\u0107 optymalne warunki dla wszystkich naszych klient\u00f3w.<\/span><\/li><\/ul><\/li><\/ul><p><span style=\"font-weight: 40;\">\u00a0<\/span><\/p><h2>Informacja zwrotna<\/h2><p><span style=\"font-weight: 400;\">Zapewniamy <span style=\"text-decoration: underline;\">pe\u0142ne wsparcie postu<\/span> naszym klientom przez ca\u0142y okres serwisu formy.\u00a0<\/span><\/p>\t\t\t\t\t\t\t\t<\/div>\n\t\t\t\t<\/div>\n\t\t\t\t\t<\/div>\n\t\t\t\t<\/div>\n\t\t\t\t<\/div>","protected":false},"excerpt":{"rendered":"<p>Wprowadzenie Wysokiej jako\u015bci forma z w\u0142\u00f3kna szklanego do betonowych doniczek zosta\u0142a zaprojektowana z wykorzystaniem nowoczesnej technologii i standard\u00f3w, zapewniaj\u0105c dok\u0142adno\u015b\u0107, trwa\u0142o\u015b\u0107 i \u0142atwo\u015b\u0107 u\u017cytkowania. U\u017cywanie formy do produkcji doniczek daje przedsi\u0119biorcom przewag\u0119 konkurencyjn\u0105 na rynku, nowe mo\u017cliwo\u015bci wsp\u00f3\u0142pracy z in\u017cynierami i projektantami oraz mo\u017cliwo\u015b\u0107 realizacji \u017cycze\u0144 klient\u00f3w.ec ullamcorper mattis, pulvinar dapibus leo. Produkt\u2026<\/p>","protected":false},"featured_media":1302,"template":"","meta":{"_kad_post_transparent":"default","_kad_post_title":"","_kad_post_layout":"default","_kad_post_sidebar_id":"","_kad_post_content_style":"default","_kad_post_vertical_padding":"default","_kad_post_feature":"","_kad_post_feature_position":"","_kad_post_header":false,"_kad_post_footer":false},"product_brand":[],"product_cat":[56],"product_tag":[],"class_list":{"0":"post-1301","1":"product","2":"type-product","3":"status-publish","4":"has-post-thumbnail","6":"product_cat-vases","7":"pa_assignment-concrete","8":"pa_assignment-plaster","9":"pa_material-fiberglass-polyurethane","11":"first","12":"instock","13":"shipping-taxable","14":"purchasable","15":"product-type-simple","16":"entry","17":"content-bg","18":"loop-entry"},"acf":[],"yoast_head":"<!-- This site is optimized with the Yoast SEO plugin v23.1 - https:\/\/yoast.com\/wordpress\/plugins\/seo\/ -->\n<title>Plant pot &quot;Byzantium&quot; buy online - Flower pots moulds for sale<\/title>\n<meta name=\"description\" content=\"The mould is made of fibreglass \u2795 polyurethane.\ud83c\udf37 Decor for home and garden. \ud83c\udf0d Delivery throughout Europe. A mould for antique-style pots\ud83d\udd25.\" \/>\n<meta name=\"robots\" content=\"index, follow, max-snippet:-1, max-image-preview:large, max-video-preview:-1\" \/>\n<link rel=\"canonical\" href=\"https:\/\/mouldsart.com\/pl\/produkt\/forma-wazonu-bizantyjskiego\/\" \/>\n<meta property=\"og:locale\" content=\"pl_PL\" \/>\n<meta property=\"og:type\" content=\"article\" \/>\n<meta property=\"og:title\" content=\"Plant pot &quot;Byzantium&quot; buy online - Flower pots moulds for sale\" \/>\n<meta property=\"og:description\" content=\"The mould is made of fibreglass \u2795 polyurethane.\ud83c\udf37 Decor for home and garden. \ud83c\udf0d Delivery throughout Europe. A mould for antique-style pots\ud83d\udd25.\" \/>\n<meta property=\"og:url\" content=\"https:\/\/mouldsart.com\/pl\/produkt\/forma-wazonu-bizantyjskiego\/\" \/>\n<meta property=\"article:publisher\" content=\"https:\/\/www.facebook.com\/pc.vivat\" \/>\n<meta property=\"article:modified_time\" content=\"2025-04-03T12:34:49+00:00\" \/>\n<meta property=\"og:image\" content=\"https:\/\/mouldsart.com\/wp-content\/uploads\/2023\/09\/\u0432\u0438\u0437\u0430\u043d\u0442\u0438\u044f.jpg\" \/>\n\t<meta property=\"og:image:width\" content=\"600\" \/>\n\t<meta property=\"og:image:height\" content=\"600\" \/>\n\t<meta property=\"og:image:type\" content=\"image\/jpeg\" \/>\n<meta name=\"twitter:card\" content=\"summary_large_image\" \/>\n<meta name=\"twitter:label1\" content=\"Szacowany czas czytania\" \/>\n\t<meta name=\"twitter:data1\" content=\"3 minuty\" \/>\n<script type=\"application\/ld+json\" class=\"yoast-schema-graph\">{\"@context\":\"https:\/\/schema.org\",\"@graph\":[{\"@type\":\"WebPage\",\"@id\":\"https:\/\/mouldsart.com\/product\/byzantium-vase-form\/\",\"url\":\"https:\/\/mouldsart.com\/product\/byzantium-vase-form\/\",\"name\":\"Plant pot \\\"Byzantium\\\" buy online - Flower pots moulds for sale\",\"isPartOf\":{\"@id\":\"https:\/\/mouldsart.com\/#website\"},\"primaryImageOfPage\":{\"@id\":\"https:\/\/mouldsart.com\/product\/byzantium-vase-form\/#primaryimage\"},\"image\":{\"@id\":\"https:\/\/mouldsart.com\/product\/byzantium-vase-form\/#primaryimage\"},\"thumbnailUrl\":\"https:\/\/i0.wp.com\/mouldsart.com\/wp-content\/uploads\/2023\/09\/\u0432\u0438\u0437\u0430\u043d\u0442\u0438\u044f.jpg?fit=600%2C600&ssl=1\",\"datePublished\":\"2023-09-19T13:17:36+00:00\",\"dateModified\":\"2025-04-03T12:34:49+00:00\",\"description\":\"The mould is made of fibreglass \u2795 polyurethane.\ud83c\udf37 Decor for home and garden. \ud83c\udf0d Delivery throughout Europe. A mould for antique-style pots\ud83d\udd25.\",\"breadcrumb\":{\"@id\":\"https:\/\/mouldsart.com\/product\/byzantium-vase-form\/#breadcrumb\"},\"inLanguage\":\"pl-PL\",\"potentialAction\":[{\"@type\":\"ReadAction\",\"target\":[\"https:\/\/mouldsart.com\/product\/byzantium-vase-form\/\"]}]},{\"@type\":\"ImageObject\",\"inLanguage\":\"pl-PL\",\"@id\":\"https:\/\/mouldsart.com\/product\/byzantium-vase-form\/#primaryimage\",\"url\":\"https:\/\/i0.wp.com\/mouldsart.com\/wp-content\/uploads\/2023\/09\/\u0432\u0438\u0437\u0430\u043d\u0442\u0438\u044f.jpg?fit=600%2C600&ssl=1\",\"contentUrl\":\"https:\/\/i0.wp.com\/mouldsart.com\/wp-content\/uploads\/2023\/09\/\u0432\u0438\u0437\u0430\u043d\u0442\u0438\u044f.jpg?fit=600%2C600&ssl=1\",\"width\":600,\"height\":600},{\"@type\":\"BreadcrumbList\",\"@id\":\"https:\/\/mouldsart.com\/product\/byzantium-vase-form\/#breadcrumb\",\"itemListElement\":[{\"@type\":\"ListItem\",\"position\":1,\"name\":\"\u0413\u043b\u0430\u0432\u043d\u0430\u044f \u0441\u0442\u0440\u0430\u043d\u0438\u0446\u0430\",\"item\":\"https:\/\/mouldsart.com\/\"},{\"@type\":\"ListItem\",\"position\":2,\"name\":\"Vivat Company Moulds\",\"item\":\"https:\/\/mouldsart.com\/shop\/\"},{\"@type\":\"ListItem\",\"position\":3,\"name\":\"Pot mould Byzantium\"}]},{\"@type\":\"WebSite\",\"@id\":\"https:\/\/mouldsart.com\/#website\",\"url\":\"https:\/\/mouldsart.com\/\",\"name\":\"Moulds\",\"description\":\"\",\"publisher\":{\"@id\":\"https:\/\/mouldsart.com\/#organization\"},\"potentialAction\":[{\"@type\":\"SearchAction\",\"target\":{\"@type\":\"EntryPoint\",\"urlTemplate\":\"https:\/\/mouldsart.com\/?s={search_term_string}\"},\"query-input\":\"required name=search_term_string\"}],\"inLanguage\":\"pl-PL\"},{\"@type\":\"Organization\",\"@id\":\"https:\/\/mouldsart.com\/#organization\",\"name\":\"Vivat\",\"url\":\"https:\/\/mouldsart.com\/\",\"logo\":{\"@type\":\"ImageObject\",\"inLanguage\":\"pl-PL\",\"@id\":\"https:\/\/mouldsart.com\/#\/schema\/logo\/image\/\",\"url\":\"https:\/\/i0.wp.com\/mouldsart.com\/wp-content\/uploads\/2025\/05\/cropped-logo1.png?fit=1080%2C558&ssl=1\",\"contentUrl\":\"https:\/\/i0.wp.com\/mouldsart.com\/wp-content\/uploads\/2025\/05\/cropped-logo1.png?fit=1080%2C558&ssl=1\",\"width\":1080,\"height\":558,\"caption\":\"Vivat\"},\"image\":{\"@id\":\"https:\/\/mouldsart.com\/#\/schema\/logo\/image\/\"},\"sameAs\":[\"https:\/\/www.facebook.com\/pc.vivat\",\"https:\/\/www.instagram.com\/pc_vivat\/\"]}]}<\/script>\n<!-- \/ Yoast SEO plugin. -->","yoast_head_json":{"title":"Doniczka &quot;Bizancjum&quot; kup online - Formy do doniczek na sprzeda\u017c","description":"Forma wykonana jest z w\u0142\u00f3kna szklanego \u2795 poliuretanu.\ud83c\udf37 Dekoracja do domu i ogrodu. \ud83c\udf0d Dostawa w ca\u0142ej Europie. Forma do doniczek w stylu antycznym\ud83d\udd25.","robots":{"index":"index","follow":"follow","max-snippet":"max-snippet:-1","max-image-preview":"max-image-preview:large","max-video-preview":"max-video-preview:-1"},"canonical":"https:\/\/mouldsart.com\/pl\/produkt\/forma-wazonu-bizantyjskiego\/","og_locale":"pl_PL","og_type":"article","og_title":"Plant pot \"Byzantium\" buy online - Flower pots moulds for sale","og_description":"The mould is made of fibreglass \u2795 polyurethane.\ud83c\udf37 Decor for home and garden. \ud83c\udf0d Delivery throughout Europe. A mould for antique-style pots\ud83d\udd25.","og_url":"https:\/\/mouldsart.com\/pl\/produkt\/forma-wazonu-bizantyjskiego\/","article_publisher":"https:\/\/www.facebook.com\/pc.vivat","article_modified_time":"2025-04-03T12:34:49+00:00","og_image":[{"width":600,"height":600,"url":"https:\/\/mouldsart.com\/wp-content\/uploads\/2023\/09\/\u0432\u0438\u0437\u0430\u043d\u0442\u0438\u044f.jpg","type":"image\/jpeg"}],"twitter_card":"summary_large_image","twitter_misc":{"Szacowany czas czytania":"3 minuty"},"schema":{"@context":"https:\/\/schema.org","@graph":[{"@type":"WebPage","@id":"https:\/\/mouldsart.com\/product\/byzantium-vase-form\/","url":"https:\/\/mouldsart.com\/product\/byzantium-vase-form\/","name":"Doniczka &quot;Bizancjum&quot; kup online - Formy do doniczek na sprzeda\u017c","isPartOf":{"@id":"https:\/\/mouldsart.com\/#website"},"primaryImageOfPage":{"@id":"https:\/\/mouldsart.com\/product\/byzantium-vase-form\/#primaryimage"},"image":{"@id":"https:\/\/mouldsart.com\/product\/byzantium-vase-form\/#primaryimage"},"thumbnailUrl":"https:\/\/i0.wp.com\/mouldsart.com\/wp-content\/uploads\/2023\/09\/\u0432\u0438\u0437\u0430\u043d\u0442\u0438\u044f.jpg?fit=600%2C600&ssl=1","datePublished":"2023-09-19T13:17:36+00:00","dateModified":"2025-04-03T12:34:49+00:00","description":"Forma wykonana jest z w\u0142\u00f3kna szklanego \u2795 poliuretanu.\ud83c\udf37 Dekoracja do domu i ogrodu. \ud83c\udf0d Dostawa w ca\u0142ej Europie. Forma do doniczek w stylu antycznym\ud83d\udd25.","breadcrumb":{"@id":"https:\/\/mouldsart.com\/product\/byzantium-vase-form\/#breadcrumb"},"inLanguage":"pl-PL","potentialAction":[{"@type":"ReadAction","target":["https:\/\/mouldsart.com\/product\/byzantium-vase-form\/"]}]},{"@type":"ImageObject","inLanguage":"pl-PL","@id":"https:\/\/mouldsart.com\/product\/byzantium-vase-form\/#primaryimage","url":"https:\/\/i0.wp.com\/mouldsart.com\/wp-content\/uploads\/2023\/09\/\u0432\u0438\u0437\u0430\u043d\u0442\u0438\u044f.jpg?fit=600%2C600&ssl=1","contentUrl":"https:\/\/i0.wp.com\/mouldsart.com\/wp-content\/uploads\/2023\/09\/\u0432\u0438\u0437\u0430\u043d\u0442\u0438\u044f.jpg?fit=600%2C600&ssl=1","width":600,"height":600},{"@type":"BreadcrumbList","@id":"https:\/\/mouldsart.com\/product\/byzantium-vase-form\/#breadcrumb","itemListElement":[{"@type":"ListItem","position":1,"name":"\u0413\u043b\u0430\u0432\u043d\u0430\u044f \u0441\u0442\u0440\u0430\u043d\u0438\u0446\u0430","item":"https:\/\/mouldsart.com\/"},{"@type":"ListItem","position":2,"name":"Vivat Company Moulds","item":"https:\/\/mouldsart.com\/shop\/"},{"@type":"ListItem","position":3,"name":"Pot mould Byzantium"}]},{"@type":"WebSite","@id":"https:\/\/mouldsart.com\/#website","url":"https:\/\/mouldsart.com\/","name":"Formy","description":"","publisher":{"@id":"https:\/\/mouldsart.com\/#organization"},"potentialAction":[{"@type":"SearchAction","target":{"@type":"EntryPoint","urlTemplate":"https:\/\/mouldsart.com\/?s={search_term_string}"},"query-input":"required name=search_term_string"}],"inLanguage":"pl-PL"},{"@type":"Organization","@id":"https:\/\/mouldsart.com\/#organization","name":"\u017by\u0107","url":"https:\/\/mouldsart.com\/","logo":{"@type":"ImageObject","inLanguage":"pl-PL","@id":"https:\/\/mouldsart.com\/#\/schema\/logo\/image\/","url":"https:\/\/i0.wp.com\/mouldsart.com\/wp-content\/uploads\/2025\/05\/cropped-logo1.png?fit=1080%2C558&ssl=1","contentUrl":"https:\/\/i0.wp.com\/mouldsart.com\/wp-content\/uploads\/2025\/05\/cropped-logo1.png?fit=1080%2C558&ssl=1","width":1080,"height":558,"caption":"Vivat"},"image":{"@id":"https:\/\/mouldsart.com\/#\/schema\/logo\/image\/"},"sameAs":["https:\/\/www.facebook.com\/pc.vivat","https:\/\/www.instagram.com\/pc_vivat\/"]}]}},"jetpack_sharing_enabled":true,"_links":{"self":[{"href":"https:\/\/mouldsart.com\/pl\/wp-json\/wp\/v2\/product\/1301","targetHints":{"allow":["GET"]}}],"collection":[{"href":"https:\/\/mouldsart.com\/pl\/wp-json\/wp\/v2\/product"}],"about":[{"href":"https:\/\/mouldsart.com\/pl\/wp-json\/wp\/v2\/types\/product"}],"version-history":[{"count":21,"href":"https:\/\/mouldsart.com\/pl\/wp-json\/wp\/v2\/product\/1301\/revisions"}],"predecessor-version":[{"id":6667,"href":"https:\/\/mouldsart.com\/pl\/wp-json\/wp\/v2\/product\/1301\/revisions\/6667"}],"wp:featuredmedia":[{"embeddable":true,"href":"https:\/\/mouldsart.com\/pl\/wp-json\/wp\/v2\/media\/1302"}],"wp:attachment":[{"href":"https:\/\/mouldsart.com\/pl\/wp-json\/wp\/v2\/media?parent=1301"}],"wp:term":[{"taxonomy":"product_brand","embeddable":true,"href":"https:\/\/mouldsart.com\/pl\/wp-json\/wp\/v2\/product_brand?post=1301"},{"taxonomy":"product_cat","embeddable":true,"href":"https:\/\/mouldsart.com\/pl\/wp-json\/wp\/v2\/product_cat?post=1301"},{"taxonomy":"product_tag","embeddable":true,"href":"https:\/\/mouldsart.com\/pl\/wp-json\/wp\/v2\/product_tag?post=1301"}],"curies":[{"name":"wp","href":"https:\/\/api.w.org\/{rel}","templated":true}]}}