{"id":857,"date":"2020-10-27T18:31:13","date_gmt":"2020-10-27T15:31:13","guid":{"rendered":"http:\/\/www.grafas.org\/demo02\/?page_id=857"},"modified":"2026-01-28T13:19:50","modified_gmt":"2026-01-28T10:19:50","slug":"contact","status":"publish","type":"page","link":"https:\/\/mouldsart.com\/pl\/kontakt\/","title":{"rendered":"Kontakt"},"content":{"rendered":"\t\t<div data-elementor-type=\"wp-page\" data-elementor-id=\"857\" class=\"elementor elementor-857\" data-elementor-post-type=\"page\">\n\t\t\t\t\t\t<section class=\"elementor-section elementor-top-section elementor-element elementor-element-447bb11 elementor-section-height-min-height elementor-section-items-bottom elementor-section-boxed elementor-section-height-default\" data-id=\"447bb11\" data-element_type=\"section\" data-e-type=\"section\" data-settings=\"{&quot;background_background&quot;:&quot;classic&quot;}\">\n\t\t\t\t\t\t\t<div class=\"elementor-background-overlay\"><\/div>\n\t\t\t\t\t\t\t<div class=\"elementor-container elementor-column-gap-default\">\n\t\t\t\t\t<div class=\"elementor-column elementor-col-50 elementor-top-column elementor-element elementor-element-01b2a2e\" data-id=\"01b2a2e\" data-element_type=\"column\" data-e-type=\"column\">\n\t\t\t<div class=\"elementor-widget-wrap elementor-element-populated\">\n\t\t\t\t\t\t<div class=\"elementor-element elementor-element-5cf34b4 elementor-widget elementor-widget-heading\" data-id=\"5cf34b4\" data-element_type=\"widget\" data-e-type=\"widget\" data-widget_type=\"heading.default\">\n\t\t\t\t<div class=\"elementor-widget-container\">\n\t\t\t\t\t<h1 class=\"elementor-heading-title elementor-size-default\">Contacts<\/h1>\t\t\t\t<\/div>\n\t\t\t\t<\/div>\n\t\t\t\t\t<\/div>\n\t\t<\/div>\n\t\t\t\t<div class=\"elementor-column elementor-col-50 elementor-top-column elementor-element elementor-element-71f47ea elementor-hidden-tablet elementor-hidden-phone\" data-id=\"71f47ea\" data-element_type=\"column\" data-e-type=\"column\">\n\t\t\t<div class=\"elementor-widget-wrap\">\n\t\t\t\t\t\t\t<\/div>\n\t\t<\/div>\n\t\t\t\t\t<\/div>\n\t\t<\/section>\n\t\t\t\t<section class=\"elementor-section elementor-top-section elementor-element elementor-element-f4ff7ab elementor-section-boxed elementor-section-height-default elementor-section-height-default\" data-id=\"f4ff7ab\" data-element_type=\"section\" data-e-type=\"section\">\n\t\t\t\t\t\t<div class=\"elementor-container elementor-column-gap-default\">\n\t\t\t\t\t<div class=\"elementor-column elementor-col-50 elementor-top-column elementor-element elementor-element-44539d7\" data-id=\"44539d7\" data-element_type=\"column\" data-e-type=\"column\">\n\t\t\t<div class=\"elementor-widget-wrap elementor-element-populated\">\n\t\t\t\t\t\t<div class=\"elementor-element elementor-element-59203da elementor-widget elementor-widget-heading\" data-id=\"59203da\" data-element_type=\"widget\" data-e-type=\"widget\" data-widget_type=\"heading.default\">\n\t\t\t\t<div class=\"elementor-widget-container\">\n\t\t\t\t\t<h2 class=\"elementor-heading-title elementor-size-default\">Serving customers in all EU countries<\/h2>\t\t\t\t<\/div>\n\t\t\t\t<\/div>\n\t\t\t\t<div class=\"elementor-element elementor-element-f7a050b elementor-widget elementor-widget-text-editor\" data-id=\"f7a050b\" data-element_type=\"widget\" data-e-type=\"widget\" data-widget_type=\"text-editor.default\">\n\t\t\t\t<div class=\"elementor-widget-container\">\n\t\t\t\t\t\t\t\t\t<p>For your convenience, there are several ways to contact us. You can call us, write in one of the messengers or send us an e-mail. You can also leave your contacts and we will contact you as soon as possible.<\/p>\t\t\t\t\t\t\t\t<\/div>\n\t\t\t\t<\/div>\n\t\t\t\t\t<\/div>\n\t\t<\/div>\n\t\t\t\t<div class=\"elementor-column elementor-col-50 elementor-top-column elementor-element elementor-element-6d4acba\" data-id=\"6d4acba\" data-element_type=\"column\" data-e-type=\"column\" data-settings=\"{&quot;background_background&quot;:&quot;classic&quot;}\">\n\t\t\t<div class=\"elementor-widget-wrap elementor-element-populated\">\n\t\t\t\t\t<div class=\"elementor-background-overlay\"><\/div>\n\t\t\t\t\t\t<div class=\"elementor-element elementor-element-73dfb92 elementor-widget elementor-widget-heading\" data-id=\"73dfb92\" data-element_type=\"widget\" data-e-type=\"widget\" data-widget_type=\"heading.default\">\n\t\t\t\t<div class=\"elementor-widget-container\">\n\t\t\t\t\t<h3 class=\"elementor-heading-title elementor-size-default\">Contact us<\/h3>\t\t\t\t<\/div>\n\t\t\t\t<\/div>\n\t\t\t\t<div class=\"elementor-element elementor-element-7c282d9 elementor-widget elementor-widget-heading\" data-id=\"7c282d9\" data-element_type=\"widget\" data-e-type=\"widget\" data-widget_type=\"heading.default\">\n\t\t\t\t<div class=\"elementor-widget-container\">\n\t\t\t\t\t<h4 class=\"elementor-heading-title elementor-size-default\"><a href=\"mailto:sales@mouldsart.com\">Email: sales@mouldsart.com<\/a><\/h4>\t\t\t\t<\/div>\n\t\t\t\t<\/div>\n\t\t\t\t<div class=\"elementor-element elementor-element-ae36629 elementor-widget elementor-widget-heading\" data-id=\"ae36629\" data-element_type=\"widget\" data-e-type=\"widget\" data-widget_type=\"heading.default\">\n\t\t\t\t<div class=\"elementor-widget-container\">\n\t\t\t\t\t<h4 class=\"elementor-heading-title elementor-size-default\"><a href=\"tel:+380951465212\">+38 (095) 14 65 212<\/a><\/h4>\t\t\t\t<\/div>\n\t\t\t\t<\/div>\n\t\t\t\t<div class=\"elementor-element elementor-element-f0ff600 e-grid-align-left elementor-shape-rounded elementor-grid-0 elementor-widget elementor-widget-social-icons\" data-id=\"f0ff600\" data-element_type=\"widget\" data-e-type=\"widget\" data-widget_type=\"social-icons.default\">\n\t\t\t\t<div class=\"elementor-widget-container\">\n\t\t\t\t\t\t\t<div class=\"elementor-social-icons-wrapper elementor-grid\" role=\"list\">\n\t\t\t\t\t\t\t<span class=\"elementor-grid-item\" role=\"listitem\">\n\t\t\t\t\t<a class=\"elementor-icon elementor-social-icon elementor-social-icon-telegram elementor-repeater-item-86794fb\" href=\"https:\/\/t.me\/AlekseyVivat\" target=\"_blank\">\n\t\t\t\t\t\t<span class=\"elementor-screen-only\">Telegram<\/span>\n\t\t\t\t\t\t<i aria-hidden=\"true\" class=\"fab fa-telegram\"><\/i>\t\t\t\t\t<\/a>\n\t\t\t\t<\/span>\n\t\t\t\t\t\t\t<span class=\"elementor-grid-item\" role=\"listitem\">\n\t\t\t\t\t<a class=\"elementor-icon elementor-social-icon elementor-social-icon-viber elementor-repeater-item-3b62d4d\" href=\"viber:\/\/chat?number=+380991830096\" target=\"_blank\">\n\t\t\t\t\t\t<span class=\"elementor-screen-only\">Viber<\/span>\n\t\t\t\t\t\t<i aria-hidden=\"true\" class=\"fab fa-viber\"><\/i>\t\t\t\t\t<\/a>\n\t\t\t\t<\/span>\n\t\t\t\t\t\t\t<span class=\"elementor-grid-item\" role=\"listitem\">\n\t\t\t\t\t<a class=\"elementor-icon elementor-social-icon elementor-social-icon-whatsapp elementor-repeater-item-9d788cb\" href=\"https:\/\/api.whatsapp.com\/send\/?phone=%2B380991830096&#038;text&#038;type=phone_number&#038;app_absent=0\" target=\"_blank\">\n\t\t\t\t\t\t<span class=\"elementor-screen-only\">Whatsapp<\/span>\n\t\t\t\t\t\t<i aria-hidden=\"true\" class=\"fab fa-whatsapp\"><\/i>\t\t\t\t\t<\/a>\n\t\t\t\t<\/span>\n\t\t\t\t\t<\/div>\n\t\t\t\t\t\t<\/div>\n\t\t\t\t<\/div>\n\t\t\t\t<div class=\"elementor-element elementor-element-72373af elementor-widget elementor-widget-text-editor\" data-id=\"72373af\" data-element_type=\"widget\" data-e-type=\"widget\" data-widget_type=\"text-editor.default\">\n\t\t\t\t<div class=\"elementor-widget-container\">\n\t\t\t\t\t\t\t\t\t<p><strong>Mon-Fri:<\/strong> from 09:00 to 17:00<br><strong>Sat-Sun:<\/strong> from 09:00 to 15:00<\/p>\t\t\t\t\t\t\t\t<\/div>\n\t\t\t\t<\/div>\n\t\t\t\t<div class=\"elementor-element elementor-element-27b4a1d fluentform-widget-submit-button-center fluentform-widget-submit-button-custom elementor-widget elementor-widget-fluent-form-widget\" data-id=\"27b4a1d\" data-element_type=\"widget\" data-e-type=\"widget\" data-widget_type=\"fluent-form-widget.default\">\n\t\t\t\t<div class=\"elementor-widget-container\">\n\t\t\t\t\t\n            <div class=\"fluentform-widget-wrapper hide-fluent-form-labels fluentform-widget-align-default\">\n\n                            <div class=\"fluentform-widget-heading\">\n                                        <h3 class=\"fluentform-widget-title\">\n                        Contact form                    <\/h3>\n                                                        <\/div>\n            \n            <div class='fluentform ff-default fluentform_wrapper_1 ffs_default_wrap'><form data-form_id=\"1\" id=\"fluentform_1\" class=\"frm-fluent-form fluent_form_1 ff-el-form-top ff_form_instance_1_1 ff-form-loading ffs_default\" data-form_instance=\"ff_form_instance_1_1\" method=\"POST\" ><fieldset  style=\"border: none!important;margin: 0!important;padding: 0!important;background-color: transparent!important;box-shadow: none!important;outline: none!important; min-inline-size: 100%;\">\n                    <legend class=\"ff_screen_reader_title\" style=\"display: block; margin: 0!important;padding: 0!important;height: 0!important;text-indent: -999999px;width: 0!important;overflow:hidden;\">Contact Form Demo<\/legend><input type='hidden' name='__fluent_form_embded_post_id' value='857' \/><input type=\"hidden\" id=\"_fluentform_1_fluentformnonce\" name=\"_fluentform_1_fluentformnonce\" value=\"0b5ce6dcf3\" \/><input type=\"hidden\" name=\"_wp_http_referer\" value=\"\/pl\/wp-json\/wp\/v2\/pages\/857\" \/><div data-type=\"name-element\" data-name=\"names\" class=\" ff-field_container ff-name-field-wrapper\" ><div class='ff-t-container'><div class='ff-t-cell '><div class='ff-el-group'><div class=\"ff-el-input--label asterisk-right\"><label for='ff_1_names_first_name_' id='label_ff_1_names_first_name_' > Name<\/label><\/div><div class='ff-el-input--content'><input type=\"text\" name=\"names[first_name]\" id=\"ff_1_names_first_name_\" class=\"ff-el-form-control\" placeholder=\"Name\" aria-invalid=\"false\" aria-required=false><\/div><\/div><\/div><\/div><\/div><div class='ff-el-group'><div class=\"ff-el-input--label asterisk-right\"><label for='ff_1_email' id='label_ff_1_email' aria-label=\"Email\">Email<\/label><\/div><div class='ff-el-input--content'><input type=\"email\" name=\"email\" id=\"ff_1_email\" class=\"ff-el-form-control\" placeholder=\"Email Address\" data-name=\"email\"  aria-invalid=\"false\" aria-required=false><\/div><\/div><div class='ff-el-group'><div class=\"ff-el-input--label asterisk-right\"><label for='ff_1_input_text' id='label_ff_1_input_text' aria-label=\"Text\">Text<\/label><\/div><div class='ff-el-input--content'><input type=\"text\" name=\"input_text\" class=\"ff-el-form-control\" placeholder=\"Text\" data-name=\"input_text\" id=\"ff_1_input_text\"  aria-invalid=\"false\" aria-required=false><\/div><\/div><div class='ff-el-group ff-text-left ff_submit_btn_wrapper'><button type=\"submit\" class=\"ff-btn ff-btn-submit ff-btn-md ff_btn_style\"  aria-label=\"Submit Form\">Submit Form<\/button><\/div><\/fieldset><\/form><div id='fluentform_1_errors' class='ff-errors-in-stack ff_form_instance_1_1 ff-form-loading_errors ff_form_instance_1_1_errors'><\/div><\/div>            <script type=\"text\/javascript\">\n                window.fluent_form_ff_form_instance_1_1 = {\"id\":\"1\",\"ajaxUrl\":\"https:\\\/\\\/mouldsart.com\\\/wp-admin\\\/admin-ajax.php\",\"settings\":{\"layout\":{\"labelPlacement\":\"top\",\"helpMessagePlacement\":\"with_label\",\"errorMessagePlacement\":\"inline\",\"asteriskPlacement\":\"asterisk-right\"},\"id\":\"39\",\"restrictions\":{\"denyEmptySubmission\":{\"enabled\":false}}},\"form_instance\":\"ff_form_instance_1_1\",\"form_id_selector\":\"fluentform_1\",\"rules\":{\"names[first_name]\":{\"required\":{\"value\":false,\"message\":\"This field is required\"}},\"names[middle_name]\":{\"required\":{\"value\":false,\"message\":\"This field is required\"}},\"names[last_name]\":{\"required\":{\"value\":false,\"message\":\"This field is required\"}},\"email\":{\"required\":{\"value\":false,\"message\":\"This field is required\"},\"email\":{\"value\":false,\"message\":\"This field must contain a valid email\"}},\"input_text\":{\"required\":{\"value\":false,\"message\":\"\\u041e\\u0431\\u044f\\u0437\\u0430\\u0442\\u0435\\u043b\\u044c\\u043d\\u043e\\u0435 \\u043f\\u043e\\u043b\\u0435\"}}},\"debounce_time\":300};\n                            <\/script>\n                        <\/div>\n\n            \t\t\t\t<\/div>\n\t\t\t\t<\/div>\n\t\t\t\t\t<\/div>\n\t\t<\/div>\n\t\t\t\t\t<\/div>\n\t\t<\/section>\n\t\t\t\t<section class=\"elementor-section elementor-top-section elementor-element elementor-element-43a92b1 elementor-section-boxed elementor-section-height-default elementor-section-height-default\" data-id=\"43a92b1\" data-element_type=\"section\" data-e-type=\"section\">\n\t\t\t\t\t\t<div class=\"elementor-container elementor-column-gap-default\">\n\t\t\t\t\t<div class=\"elementor-column elementor-col-100 elementor-top-column elementor-element elementor-element-f7fe86b\" data-id=\"f7fe86b\" data-element_type=\"column\" data-e-type=\"column\" data-settings=\"{&quot;background_background&quot;:&quot;classic&quot;}\">\n\t\t\t<div class=\"elementor-widget-wrap elementor-element-populated\">\n\t\t\t\t\t\t<section class=\"elementor-section elementor-inner-section elementor-element elementor-element-abd597a elementor-section-boxed elementor-section-height-default elementor-section-height-default\" data-id=\"abd597a\" data-element_type=\"section\" data-e-type=\"section\">\n\t\t\t\t\t\t<div class=\"elementor-container elementor-column-gap-default\">\n\t\t\t\t\t<div class=\"elementor-column elementor-col-50 elementor-inner-column elementor-element elementor-element-0bd4ba8\" data-id=\"0bd4ba8\" data-element_type=\"column\" data-e-type=\"column\">\n\t\t\t<div class=\"elementor-widget-wrap elementor-element-populated\">\n\t\t\t\t\t\t<div class=\"elementor-element elementor-element-f256be5 elementor-widget elementor-widget-heading\" data-id=\"f256be5\" data-element_type=\"widget\" data-e-type=\"widget\" data-widget_type=\"heading.default\">\n\t\t\t\t<div class=\"elementor-widget-container\">\n\t\t\t\t\t<h2 class=\"elementor-heading-title elementor-size-default\">Headquarters<\/h2>\t\t\t\t<\/div>\n\t\t\t\t<\/div>\n\t\t\t\t<div class=\"elementor-element elementor-element-82f1a73 elementor-widget elementor-widget-text-editor\" data-id=\"82f1a73\" data-element_type=\"widget\" data-e-type=\"widget\" data-widget_type=\"text-editor.default\">\n\t\t\t\t<div class=\"elementor-widget-container\">\n\t\t\t\t\t\t\t\t\t<p><strong>UKRAINE<\/strong><br \/>4 Dniprovske Shosse, Kyiv<\/p>\t\t\t\t\t\t\t\t<\/div>\n\t\t\t\t<\/div>\n\t\t\t\t<div class=\"elementor-element elementor-element-d314b8f elementor-widget elementor-widget-heading\" data-id=\"d314b8f\" data-element_type=\"widget\" data-e-type=\"widget\" data-widget_type=\"heading.default\">\n\t\t\t\t<div class=\"elementor-widget-container\">\n\t\t\t\t\t<h2 class=\"elementor-heading-title elementor-size-default\">Office<\/h2>\t\t\t\t<\/div>\n\t\t\t\t<\/div>\n\t\t\t\t<div class=\"elementor-element elementor-element-3924ee9 elementor-widget__width-initial elementor-widget elementor-widget-text-editor\" data-id=\"3924ee9\" data-element_type=\"widget\" data-e-type=\"widget\" data-widget_type=\"text-editor.default\">\n\t\t\t\t<div class=\"elementor-widget-container\">\n\t\t\t\t\t\t\t\t\t<p><strong>UKRAINE<\/strong><br \/>62 Semenya Kuznetsa St.\u00a0<span style=\"color: var(--global-palette5); font-family: var(--global-body-font-family);\">Khark\u0456v<\/span><\/p>\t\t\t\t\t\t\t\t<\/div>\n\t\t\t\t<\/div>\n\t\t\t\t\t<\/div>\n\t\t<\/div>\n\t\t\t\t<div class=\"elementor-column elementor-col-50 elementor-inner-column elementor-element elementor-element-e603b2f\" data-id=\"e603b2f\" data-element_type=\"column\" data-e-type=\"column\">\n\t\t\t<div class=\"elementor-widget-wrap elementor-element-populated\">\n\t\t\t\t\t\t<div class=\"elementor-element elementor-element-9d84e9a elementor-widget elementor-widget-google_maps\" data-id=\"9d84e9a\" data-element_type=\"widget\" data-e-type=\"widget\" data-widget_type=\"google_maps.default\">\n\t\t\t\t<div class=\"elementor-widget-container\">\n\t\t\t\t\t\t\t<div class=\"elementor-custom-embed\">\n\t\t\t<iframe loading=\"lazy\"\n\t\t\t\t\tsrc=\"https:\/\/maps.google.com\/maps?q=%D0%94%D0%BD%D0%BD%D1%96%D0%BF%D1%80%D0%BE%D0%B2%D1%81%D1%8C%D0%BA%D0%B5%20%D1%88%D0%BE%D1%81%D0%B5%2C%204&#038;t=m&#038;z=12&#038;output=embed&#038;iwloc=near\"\n\t\t\t\t\ttitle=\"\u0414\u043d\u043d\u0456\u043f\u0440\u043e\u0432\u0441\u044c\u043a\u0435 \u0448\u043e\u0441\u0435, 4\"\n\t\t\t\t\taria-label=\"\u0414\u043d\u043d\u0456\u043f\u0440\u043e\u0432\u0441\u044c\u043a\u0435 \u0448\u043e\u0441\u0435, 4\"\n\t\t\t><\/iframe>\n\t\t<\/div>\n\t\t\t\t\t\t<\/div>\n\t\t\t\t<\/div>\n\t\t\t\t\t<\/div>\n\t\t<\/div>\n\t\t\t\t\t<\/div>\n\t\t<\/section>\n\t\t\t\t\t<\/div>\n\t\t<\/div>\n\t\t\t\t\t<\/div>\n\t\t<\/section>\n\t\t<div class=\"elementor-element elementor-element-cf7b939 e-flex e-con-boxed e-con e-parent\" data-id=\"cf7b939\" data-element_type=\"container\" data-e-type=\"container\">\n\t\t\t\t\t<div class=\"e-con-inner\">\n\t\t\t\t\t<\/div>\n\t\t\t\t<\/div>\n\t\t\t\t<\/div>\n\t\t","protected":false},"excerpt":{"rendered":"<p>Kontakty Obs\u0142ugujemy klient\u00f3w we wszystkich krajach UE. Dla Pa\u0144stwa wygody istnieje kilka sposob\u00f3w kontaktu z nami. Mog\u0105 Pa\u0144stwo do nas zadzwoni\u0107, napisa\u0107 na jednym z komunikator\u00f3w lub wys\u0142a\u0107 e-mail. Mog\u0105 Pa\u0144stwo r\u00f3wnie\u017c zostawi\u0107 swoje dane kontaktowe, a my skontaktujemy si\u0119 z Pa\u0144stwem najszybciej jak to mo\u017cliwe. Kontakt: e-mail: sales@mouldsart.com +38 (095) 14 65\u2026<\/p>","protected":false},"author":4,"featured_media":0,"parent":0,"menu_order":0,"comment_status":"closed","ping_status":"closed","template":"","meta":{"_kad_post_transparent":"","_kad_post_title":"hide","_kad_post_layout":"fullwidth","_kad_post_sidebar_id":"","_kad_post_content_style":"unboxed","_kad_post_vertical_padding":"hide","_kad_post_feature":"hide","_kad_post_feature_position":"","_kad_post_header":false,"_kad_post_footer":false,"footnotes":""},"class_list":["post-857","page","type-page","status-publish","hentry"],"acf":[],"yoast_head":"<!-- This site is optimized with the Yoast SEO plugin v23.1 - https:\/\/yoast.com\/wordpress\/plugins\/seo\/ -->\n<title>Contacts of concrete mold manufacturer<\/title>\n<meta name=\"description\" content=\"Contacts of the plant for the production of molds for concrete. Call us, or write in messengers\" \/>\n<meta name=\"robots\" content=\"index, follow, max-snippet:-1, max-image-preview:large, max-video-preview:-1\" \/>\n<link rel=\"canonical\" href=\"https:\/\/mouldsart.com\/pl\/kontakt\/\" \/>\n<meta property=\"og:locale\" content=\"pl_PL\" \/>\n<meta property=\"og:type\" content=\"article\" \/>\n<meta property=\"og:title\" content=\"Contacts of concrete mold manufacturer\" \/>\n<meta property=\"og:description\" content=\"Contacts of the plant for the production of molds for concrete. Call us, or write in messengers\" \/>\n<meta property=\"og:url\" content=\"https:\/\/mouldsart.com\/pl\/kontakt\/\" \/>\n<meta property=\"article:publisher\" content=\"https:\/\/www.facebook.com\/pc.vivat\" \/>\n<meta property=\"article:modified_time\" content=\"2026-01-28T10:19:50+00:00\" \/>\n<meta name=\"twitter:card\" content=\"summary_large_image\" \/>\n<meta name=\"twitter:label1\" content=\"Szacowany czas czytania\" \/>\n\t<meta name=\"twitter:data1\" content=\"1 minuta\" \/>\n<script type=\"application\/ld+json\" class=\"yoast-schema-graph\">{\"@context\":\"https:\/\/schema.org\",\"@graph\":[{\"@type\":\"WebPage\",\"@id\":\"https:\/\/mouldsart.com\/contact\/\",\"url\":\"https:\/\/mouldsart.com\/contact\/\",\"name\":\"Contacts of concrete mold manufacturer\",\"isPartOf\":{\"@id\":\"https:\/\/mouldsart.com\/#website\"},\"datePublished\":\"2020-10-27T15:31:13+00:00\",\"dateModified\":\"2026-01-28T10:19:50+00:00\",\"description\":\"Contacts of the plant for the production of molds for concrete. Call us, or write in messengers\",\"breadcrumb\":{\"@id\":\"https:\/\/mouldsart.com\/contact\/#breadcrumb\"},\"inLanguage\":\"pl-PL\",\"potentialAction\":[{\"@type\":\"ReadAction\",\"target\":[\"https:\/\/mouldsart.com\/contact\/\"]}]},{\"@type\":\"BreadcrumbList\",\"@id\":\"https:\/\/mouldsart.com\/contact\/#breadcrumb\",\"itemListElement\":[{\"@type\":\"ListItem\",\"position\":1,\"name\":\"\u0413\u043b\u0430\u0432\u043d\u0430\u044f \u0441\u0442\u0440\u0430\u043d\u0438\u0446\u0430\",\"item\":\"https:\/\/mouldsart.com\/\"},{\"@type\":\"ListItem\",\"position\":2,\"name\":\"Contact\"}]},{\"@type\":\"WebSite\",\"@id\":\"https:\/\/mouldsart.com\/#website\",\"url\":\"https:\/\/mouldsart.com\/\",\"name\":\"Moulds\",\"description\":\"\",\"publisher\":{\"@id\":\"https:\/\/mouldsart.com\/#organization\"},\"potentialAction\":[{\"@type\":\"SearchAction\",\"target\":{\"@type\":\"EntryPoint\",\"urlTemplate\":\"https:\/\/mouldsart.com\/?s={search_term_string}\"},\"query-input\":\"required name=search_term_string\"}],\"inLanguage\":\"pl-PL\"},{\"@type\":\"Organization\",\"@id\":\"https:\/\/mouldsart.com\/#organization\",\"name\":\"Vivat\",\"url\":\"https:\/\/mouldsart.com\/\",\"logo\":{\"@type\":\"ImageObject\",\"inLanguage\":\"pl-PL\",\"@id\":\"https:\/\/mouldsart.com\/#\/schema\/logo\/image\/\",\"url\":\"https:\/\/i0.wp.com\/mouldsart.com\/wp-content\/uploads\/2025\/05\/cropped-logo1.png?fit=1080%2C558&ssl=1\",\"contentUrl\":\"https:\/\/i0.wp.com\/mouldsart.com\/wp-content\/uploads\/2025\/05\/cropped-logo1.png?fit=1080%2C558&ssl=1\",\"width\":1080,\"height\":558,\"caption\":\"Vivat\"},\"image\":{\"@id\":\"https:\/\/mouldsart.com\/#\/schema\/logo\/image\/\"},\"sameAs\":[\"https:\/\/www.facebook.com\/pc.vivat\",\"https:\/\/www.instagram.com\/pc_vivat\/\"]}]}<\/script>\n<!-- \/ Yoast SEO plugin. -->","yoast_head_json":{"title":"Kontakty producenta form betonowych","description":"Kontakty zak\u0142adu do produkcji form do betonu. Zadzwo\u0144 do nas lub napisz na messengerach","robots":{"index":"index","follow":"follow","max-snippet":"max-snippet:-1","max-image-preview":"max-image-preview:large","max-video-preview":"max-video-preview:-1"},"canonical":"https:\/\/mouldsart.com\/pl\/kontakt\/","og_locale":"pl_PL","og_type":"article","og_title":"Contacts of concrete mold manufacturer","og_description":"Contacts of the plant for the production of molds for concrete. Call us, or write in messengers","og_url":"https:\/\/mouldsart.com\/pl\/kontakt\/","article_publisher":"https:\/\/www.facebook.com\/pc.vivat","article_modified_time":"2026-01-28T10:19:50+00:00","twitter_card":"summary_large_image","twitter_misc":{"Szacowany czas czytania":"1 minuta"},"schema":{"@context":"https:\/\/schema.org","@graph":[{"@type":"WebPage","@id":"https:\/\/mouldsart.com\/contact\/","url":"https:\/\/mouldsart.com\/contact\/","name":"Kontakty producenta form betonowych","isPartOf":{"@id":"https:\/\/mouldsart.com\/#website"},"datePublished":"2020-10-27T15:31:13+00:00","dateModified":"2026-01-28T10:19:50+00:00","description":"Kontakty zak\u0142adu do produkcji form do betonu. Zadzwo\u0144 do nas lub napisz na messengerach","breadcrumb":{"@id":"https:\/\/mouldsart.com\/contact\/#breadcrumb"},"inLanguage":"pl-PL","potentialAction":[{"@type":"ReadAction","target":["https:\/\/mouldsart.com\/contact\/"]}]},{"@type":"BreadcrumbList","@id":"https:\/\/mouldsart.com\/contact\/#breadcrumb","itemListElement":[{"@type":"ListItem","position":1,"name":"\u0413\u043b\u0430\u0432\u043d\u0430\u044f \u0441\u0442\u0440\u0430\u043d\u0438\u0446\u0430","item":"https:\/\/mouldsart.com\/"},{"@type":"ListItem","position":2,"name":"Contact"}]},{"@type":"WebSite","@id":"https:\/\/mouldsart.com\/#website","url":"https:\/\/mouldsart.com\/","name":"Formy","description":"","publisher":{"@id":"https:\/\/mouldsart.com\/#organization"},"potentialAction":[{"@type":"SearchAction","target":{"@type":"EntryPoint","urlTemplate":"https:\/\/mouldsart.com\/?s={search_term_string}"},"query-input":"required name=search_term_string"}],"inLanguage":"pl-PL"},{"@type":"Organization","@id":"https:\/\/mouldsart.com\/#organization","name":"\u017by\u0107","url":"https:\/\/mouldsart.com\/","logo":{"@type":"ImageObject","inLanguage":"pl-PL","@id":"https:\/\/mouldsart.com\/#\/schema\/logo\/image\/","url":"https:\/\/i0.wp.com\/mouldsart.com\/wp-content\/uploads\/2025\/05\/cropped-logo1.png?fit=1080%2C558&ssl=1","contentUrl":"https:\/\/i0.wp.com\/mouldsart.com\/wp-content\/uploads\/2025\/05\/cropped-logo1.png?fit=1080%2C558&ssl=1","width":1080,"height":558,"caption":"Vivat"},"image":{"@id":"https:\/\/mouldsart.com\/#\/schema\/logo\/image\/"},"sameAs":["https:\/\/www.facebook.com\/pc.vivat","https:\/\/www.instagram.com\/pc_vivat\/"]}]}},"jetpack_sharing_enabled":true,"_links":{"self":[{"href":"https:\/\/mouldsart.com\/pl\/wp-json\/wp\/v2\/pages\/857","targetHints":{"allow":["GET"]}}],"collection":[{"href":"https:\/\/mouldsart.com\/pl\/wp-json\/wp\/v2\/pages"}],"about":[{"href":"https:\/\/mouldsart.com\/pl\/wp-json\/wp\/v2\/types\/page"}],"author":[{"embeddable":true,"href":"https:\/\/mouldsart.com\/pl\/wp-json\/wp\/v2\/users\/4"}],"replies":[{"embeddable":true,"href":"https:\/\/mouldsart.com\/pl\/wp-json\/wp\/v2\/comments?post=857"}],"version-history":[{"count":175,"href":"https:\/\/mouldsart.com\/pl\/wp-json\/wp\/v2\/pages\/857\/revisions"}],"predecessor-version":[{"id":8236,"href":"https:\/\/mouldsart.com\/pl\/wp-json\/wp\/v2\/pages\/857\/revisions\/8236"}],"wp:attachment":[{"href":"https:\/\/mouldsart.com\/pl\/wp-json\/wp\/v2\/media?parent=857"}],"curies":[{"name":"wp","href":"https:\/\/api.w.org\/{rel}","templated":true}]}}