{"id":7603,"date":"2025-05-23T16:23:25","date_gmt":"2025-05-23T13:23:25","guid":{"rendered":"https:\/\/mouldsart.com\/?page_id=7603"},"modified":"2025-07-21T15:58:15","modified_gmt":"2025-07-21T12:58:15","slug":"articles","status":"publish","type":"page","link":"https:\/\/mouldsart.com\/pl\/articles\/","title":{"rendered":"Artyku\u0142y"},"content":{"rendered":"<div data-elementor-type=\"wp-page\" data-elementor-id=\"7603\" class=\"elementor elementor-7603\" data-elementor-post-type=\"page\">\n\t\t\t\t<div class=\"elementor-element elementor-element-803f99d e-flex e-con-boxed e-con e-parent\" data-id=\"803f99d\" data-element_type=\"container\" data-e-type=\"container\">\n\t\t\t\t\t<div class=\"e-con-inner\">\n\t\t\t\t<div class=\"elementor-element elementor-element-3ef8071 elementor-grid-1 elementor-grid-tablet-2 elementor-grid-mobile-1 elementor-posts--thumbnail-top elementor-posts--show-avatar elementor-card-shadow-yes elementor-posts__hover-gradient elementor-widget elementor-widget-posts\" data-id=\"3ef8071\" data-element_type=\"widget\" data-e-type=\"widget\" data-settings=\"{&quot;cards_columns&quot;:&quot;1&quot;,&quot;cards_columns_tablet&quot;:&quot;2&quot;,&quot;cards_columns_mobile&quot;:&quot;1&quot;,&quot;cards_row_gap&quot;:{&quot;unit&quot;:&quot;px&quot;,&quot;size&quot;:35,&quot;sizes&quot;:[]},&quot;cards_row_gap_tablet&quot;:{&quot;unit&quot;:&quot;px&quot;,&quot;size&quot;:&quot;&quot;,&quot;sizes&quot;:[]},&quot;cards_row_gap_mobile&quot;:{&quot;unit&quot;:&quot;px&quot;,&quot;size&quot;:&quot;&quot;,&quot;sizes&quot;:[]}}\" data-widget_type=\"posts.cards\">\n\t\t\t\t<div class=\"elementor-widget-container\">\n\t\t\t\t\t\t\t<div class=\"elementor-posts-container elementor-posts elementor-posts--skin-cards elementor-grid\" role=\"list\">\n\t\t\t\t<article class=\"elementor-post elementor-grid-item post-7755 post type-post status-publish format-standard hentry category-uncategorized\" role=\"listitem\">\n\t\t\t<div class=\"elementor-post__card\">\n\t\t\t\t<div class=\"elementor-post__text\">\n\t\t\t\t<h3 class=\"elementor-post__title\">\n\t\t\t<a href=\"https:\/\/mouldsart.com\/pl\/very-large-molds-for-concrete-planters-what-you-need-to-know-about-oversized-forms\/\" >\n\t\t\t\tBardzo du\u017ce formy do doniczek betonowych: co musisz wiedzie\u0107 o formach wielkogabarytowych\t\t\t<\/a>\n\t\t<\/h3>\n\t\t\t\t<div class=\"elementor-post__excerpt\">\n\t\t\t<p>Bardzo du\u017ce formy do doniczek betonowych: co musisz wiedzie\u0107 o kszta\u0142tach o du\u017cych rozmiarach Zapotrzebowanie na du\u017ce donice betonowe do u\u017cytku na zewn\u0105trz stale ro\u015bnie. Mo\u017cna je zobaczy\u0107 w parkach publicznych, przy wej\u015bciach do centr\u00f3w biznesowych, w centrach handlowych, na dworcach kolejowych i w strefach dla pieszych. Du\u017ce formy betonowe<\/p>\n\t\t<\/div>\n\t\t\n\t\t<a class=\"elementor-post__read-more\" href=\"https:\/\/mouldsart.com\/pl\/very-large-molds-for-concrete-planters-what-you-need-to-know-about-oversized-forms\/\" aria-label=\"Przeczytaj wi\u0119cej o Bardzo du\u017cych formach do doniczek betonowych: co musisz wiedzie\u0107 o formach wielkogabarytowych\" tabindex=\"-1\" >\n\t\t\tCzyta\u0107&quot;\t\t<\/a>\n\n\t\t\t\t<\/div>\n\t\t\t\t<div class=\"elementor-post__meta-data\">\n\t\t\t\t\t<span class=\"elementor-post-date\">\n\t\t\t06.06.2025\t\t<\/span>\n\t\t\t\t<\/div>\n\t\t\t\t\t<\/div>\n\t\t<\/article>\n\t\t\t\t<article class=\"elementor-post elementor-grid-item post-7585 post type-post status-publish format-standard hentry category-uncategorized\" role=\"listitem\">\n\t\t\t<div class=\"elementor-post__card\">\n\t\t\t\t<div class=\"elementor-post__text\">\n\t\t\t\t<h3 class=\"elementor-post__title\">\n\t\t\t<a href=\"https:\/\/mouldsart.com\/pl\/what-can-be-made-from-a-fiberglass-mold-production-possibilities-and-real-examples\/\" >\n\t\t\t\tCo mo\u017cna zrobi\u0107 z formy z w\u0142\u00f3kna szklanego? Mo\u017cliwo\u015bci produkcyjne i rzeczywiste przyk\u0142ady.\t\t\t<\/a>\n\t\t<\/h3>\n\t\t\t\t<div class=\"elementor-post__excerpt\">\n\t\t\t<p>Co mo\u017cna zrobi\u0107 z formy z w\u0142\u00f3kna szklanego? Mo\u017cliwo\u015bci produkcyjne i rzeczywiste przyk\u0142ady. W \u015bwiecie produkcji betonu wyb\u00f3r materia\u0142u formy decyduje nie tylko o wygl\u0105dzie i dok\u0142adno\u015bci produktu, ale tak\u017ce o rentowno\u015bci, \u0142atwo\u015bci obs\u0142ugi i trwa\u0142o\u015bci. Spo\u015br\u00f3d wszystkich opcji w\u0142\u00f3kno szklane wyr\u00f3\u017cnia si\u0119 jako<\/p>\n\t\t<\/div>\n\t\t\n\t\t<a class=\"elementor-post__read-more\" href=\"https:\/\/mouldsart.com\/pl\/what-can-be-made-from-a-fiberglass-mold-production-possibilities-and-real-examples\/\" aria-label=\"Przeczytaj wi\u0119cej o tym, co mo\u017cna zrobi\u0107 z formy z w\u0142\u00f3kna szklanego? Mo\u017cliwo\u015bci produkcyjne i rzeczywiste przyk\u0142ady.\" tabindex=\"-1\" >\n\t\t\tCzyta\u0107&quot;\t\t<\/a>\n\n\t\t\t\t<\/div>\n\t\t\t\t<div class=\"elementor-post__meta-data\">\n\t\t\t\t\t<span class=\"elementor-post-date\">\n\t\t\t23.05.2025\t\t<\/span>\n\t\t\t\t<\/div>\n\t\t\t\t\t<\/div>\n\t\t<\/article>\n\t\t\t\t<\/div>\n\t\t\n\t\t\t\t\t\t<\/div>\n\t\t\t\t<\/div>\n\t\t\t\t\t<\/div>\n\t\t\t\t<\/div>\n\t\t\t\t<\/div>","protected":false},"excerpt":{"rendered":"","protected":false},"author":4,"featured_media":0,"parent":0,"menu_order":0,"comment_status":"closed","ping_status":"closed","template":"","meta":{"_kad_post_transparent":"","_kad_post_title":"hide","_kad_post_layout":"fullwidth","_kad_post_sidebar_id":"","_kad_post_content_style":"unboxed","_kad_post_vertical_padding":"hide","_kad_post_feature":"hide","_kad_post_feature_position":"","_kad_post_header":false,"_kad_post_footer":false,"footnotes":""},"class_list":["post-7603","page","type-page","status-publish","hentry"],"acf":[],"yoast_head":"<!-- This site is optimized with the Yoast SEO plugin v23.1 - https:\/\/yoast.com\/wordpress\/plugins\/seo\/ -->\n<title>Articles of the company Vivat Moulds. Articles of the company Vivat<\/title>\n<meta name=\"description\" content=\"Read articles from a leading concrete mold maker with over 20 years of experience. About fiberglass molds, working with them\" \/>\n<meta name=\"robots\" content=\"index, follow, max-snippet:-1, max-image-preview:large, max-video-preview:-1\" \/>\n<link rel=\"canonical\" href=\"https:\/\/mouldsart.com\/pl\/articles\/\" \/>\n<meta property=\"og:locale\" content=\"pl_PL\" \/>\n<meta property=\"og:type\" content=\"article\" \/>\n<meta property=\"og:title\" content=\"Articles of the company Vivat Moulds. Articles of the company Vivat\" \/>\n<meta property=\"og:description\" content=\"Read articles from a leading concrete mold maker with over 20 years of experience. About fiberglass molds, working with them\" \/>\n<meta property=\"og:url\" content=\"https:\/\/mouldsart.com\/pl\/articles\/\" \/>\n<meta property=\"article:publisher\" content=\"https:\/\/www.facebook.com\/pc.vivat\" \/>\n<meta property=\"article:modified_time\" content=\"2025-07-21T12:58:15+00:00\" \/>\n<meta name=\"twitter:card\" content=\"summary_large_image\" \/>\n<script type=\"application\/ld+json\" class=\"yoast-schema-graph\">{\"@context\":\"https:\/\/schema.org\",\"@graph\":[{\"@type\":\"WebPage\",\"@id\":\"https:\/\/mouldsart.com\/articles\/\",\"url\":\"https:\/\/mouldsart.com\/articles\/\",\"name\":\"Articles of the company Vivat Moulds. Articles of the company Vivat\",\"isPartOf\":{\"@id\":\"https:\/\/mouldsart.com\/#website\"},\"datePublished\":\"2025-05-23T13:23:25+00:00\",\"dateModified\":\"2025-07-21T12:58:15+00:00\",\"description\":\"Read articles from a leading concrete mold maker with over 20 years of experience. About fiberglass molds, working with them\",\"breadcrumb\":{\"@id\":\"https:\/\/mouldsart.com\/articles\/#breadcrumb\"},\"inLanguage\":\"pl-PL\",\"potentialAction\":[{\"@type\":\"ReadAction\",\"target\":[\"https:\/\/mouldsart.com\/articles\/\"]}]},{\"@type\":\"BreadcrumbList\",\"@id\":\"https:\/\/mouldsart.com\/articles\/#breadcrumb\",\"itemListElement\":[{\"@type\":\"ListItem\",\"position\":1,\"name\":\"\u0413\u043b\u0430\u0432\u043d\u0430\u044f \u0441\u0442\u0440\u0430\u043d\u0438\u0446\u0430\",\"item\":\"https:\/\/mouldsart.com\/\"},{\"@type\":\"ListItem\",\"position\":2,\"name\":\"Articles\"}]},{\"@type\":\"WebSite\",\"@id\":\"https:\/\/mouldsart.com\/#website\",\"url\":\"https:\/\/mouldsart.com\/\",\"name\":\"Moulds\",\"description\":\"\",\"publisher\":{\"@id\":\"https:\/\/mouldsart.com\/#organization\"},\"potentialAction\":[{\"@type\":\"SearchAction\",\"target\":{\"@type\":\"EntryPoint\",\"urlTemplate\":\"https:\/\/mouldsart.com\/?s={search_term_string}\"},\"query-input\":\"required name=search_term_string\"}],\"inLanguage\":\"pl-PL\"},{\"@type\":\"Organization\",\"@id\":\"https:\/\/mouldsart.com\/#organization\",\"name\":\"Vivat\",\"url\":\"https:\/\/mouldsart.com\/\",\"logo\":{\"@type\":\"ImageObject\",\"inLanguage\":\"pl-PL\",\"@id\":\"https:\/\/mouldsart.com\/#\/schema\/logo\/image\/\",\"url\":\"https:\/\/i0.wp.com\/mouldsart.com\/wp-content\/uploads\/2025\/05\/cropped-logo1.png?fit=1080%2C558&ssl=1\",\"contentUrl\":\"https:\/\/i0.wp.com\/mouldsart.com\/wp-content\/uploads\/2025\/05\/cropped-logo1.png?fit=1080%2C558&ssl=1\",\"width\":1080,\"height\":558,\"caption\":\"Vivat\"},\"image\":{\"@id\":\"https:\/\/mouldsart.com\/#\/schema\/logo\/image\/\"},\"sameAs\":[\"https:\/\/www.facebook.com\/pc.vivat\",\"https:\/\/www.instagram.com\/pc_vivat\/\"]}]}<\/script>\n<!-- \/ Yoast SEO plugin. -->","yoast_head_json":{"title":"Artyku\u0142y firmy Vivat Moulds. Artyku\u0142y firmy Vivat","description":"Przeczytaj artyku\u0142y wiod\u0105cego producenta form do betonu z ponad 20-letnim do\u015bwiadczeniem. O formach z w\u0142\u00f3kna szklanego, pracy z nimi","robots":{"index":"index","follow":"follow","max-snippet":"max-snippet:-1","max-image-preview":"max-image-preview:large","max-video-preview":"max-video-preview:-1"},"canonical":"https:\/\/mouldsart.com\/pl\/articles\/","og_locale":"pl_PL","og_type":"article","og_title":"Articles of the company Vivat Moulds. Articles of the company Vivat","og_description":"Read articles from a leading concrete mold maker with over 20 years of experience. About fiberglass molds, working with them","og_url":"https:\/\/mouldsart.com\/pl\/articles\/","article_publisher":"https:\/\/www.facebook.com\/pc.vivat","article_modified_time":"2025-07-21T12:58:15+00:00","twitter_card":"summary_large_image","schema":{"@context":"https:\/\/schema.org","@graph":[{"@type":"WebPage","@id":"https:\/\/mouldsart.com\/articles\/","url":"https:\/\/mouldsart.com\/articles\/","name":"Artyku\u0142y firmy Vivat Moulds. Artyku\u0142y firmy Vivat","isPartOf":{"@id":"https:\/\/mouldsart.com\/#website"},"datePublished":"2025-05-23T13:23:25+00:00","dateModified":"2025-07-21T12:58:15+00:00","description":"Przeczytaj artyku\u0142y wiod\u0105cego producenta form do betonu z ponad 20-letnim do\u015bwiadczeniem. O formach z w\u0142\u00f3kna szklanego, pracy z nimi","breadcrumb":{"@id":"https:\/\/mouldsart.com\/articles\/#breadcrumb"},"inLanguage":"pl-PL","potentialAction":[{"@type":"ReadAction","target":["https:\/\/mouldsart.com\/articles\/"]}]},{"@type":"BreadcrumbList","@id":"https:\/\/mouldsart.com\/articles\/#breadcrumb","itemListElement":[{"@type":"ListItem","position":1,"name":"\u0413\u043b\u0430\u0432\u043d\u0430\u044f \u0441\u0442\u0440\u0430\u043d\u0438\u0446\u0430","item":"https:\/\/mouldsart.com\/"},{"@type":"ListItem","position":2,"name":"Articles"}]},{"@type":"WebSite","@id":"https:\/\/mouldsart.com\/#website","url":"https:\/\/mouldsart.com\/","name":"Formy","description":"","publisher":{"@id":"https:\/\/mouldsart.com\/#organization"},"potentialAction":[{"@type":"SearchAction","target":{"@type":"EntryPoint","urlTemplate":"https:\/\/mouldsart.com\/?s={search_term_string}"},"query-input":"required name=search_term_string"}],"inLanguage":"pl-PL"},{"@type":"Organization","@id":"https:\/\/mouldsart.com\/#organization","name":"\u017by\u0107","url":"https:\/\/mouldsart.com\/","logo":{"@type":"ImageObject","inLanguage":"pl-PL","@id":"https:\/\/mouldsart.com\/#\/schema\/logo\/image\/","url":"https:\/\/i0.wp.com\/mouldsart.com\/wp-content\/uploads\/2025\/05\/cropped-logo1.png?fit=1080%2C558&ssl=1","contentUrl":"https:\/\/i0.wp.com\/mouldsart.com\/wp-content\/uploads\/2025\/05\/cropped-logo1.png?fit=1080%2C558&ssl=1","width":1080,"height":558,"caption":"Vivat"},"image":{"@id":"https:\/\/mouldsart.com\/#\/schema\/logo\/image\/"},"sameAs":["https:\/\/www.facebook.com\/pc.vivat","https:\/\/www.instagram.com\/pc_vivat\/"]}]}},"jetpack_sharing_enabled":true,"_links":{"self":[{"href":"https:\/\/mouldsart.com\/pl\/wp-json\/wp\/v2\/pages\/7603","targetHints":{"allow":["GET"]}}],"collection":[{"href":"https:\/\/mouldsart.com\/pl\/wp-json\/wp\/v2\/pages"}],"about":[{"href":"https:\/\/mouldsart.com\/pl\/wp-json\/wp\/v2\/types\/page"}],"author":[{"embeddable":true,"href":"https:\/\/mouldsart.com\/pl\/wp-json\/wp\/v2\/users\/4"}],"replies":[{"embeddable":true,"href":"https:\/\/mouldsart.com\/pl\/wp-json\/wp\/v2\/comments?post=7603"}],"version-history":[{"count":17,"href":"https:\/\/mouldsart.com\/pl\/wp-json\/wp\/v2\/pages\/7603\/revisions"}],"predecessor-version":[{"id":8040,"href":"https:\/\/mouldsart.com\/pl\/wp-json\/wp\/v2\/pages\/7603\/revisions\/8040"}],"wp:attachment":[{"href":"https:\/\/mouldsart.com\/pl\/wp-json\/wp\/v2\/media?parent=7603"}],"curies":[{"name":"wp","href":"https:\/\/api.w.org\/{rel}","templated":true}]}}