{"id":6125,"date":"2024-10-08T12:59:10","date_gmt":"2024-10-08T09:59:10","guid":{"rendered":"https:\/\/mouldsart.com\/?page_id=6125"},"modified":"2025-04-30T17:37:26","modified_gmt":"2025-04-30T14:37:26","slug":"return-policy","status":"publish","type":"page","link":"https:\/\/mouldsart.com\/pl\/polityka-zwrotow\/","title":{"rendered":"Polityka zwrot\u00f3w"},"content":{"rendered":"<div data-elementor-type=\"wp-page\" data-elementor-id=\"6125\" class=\"elementor elementor-6125\" data-elementor-post-type=\"page\">\n\t\t\t\t<div class=\"elementor-element elementor-element-ad53df9 e-flex e-con-boxed e-con e-parent\" data-id=\"ad53df9\" data-element_type=\"container\" data-e-type=\"container\">\n\t\t\t\t\t<div class=\"e-con-inner\">\n\t\t\t\t<div class=\"elementor-element elementor-element-15ced88 elementor-widget elementor-widget-heading\" data-id=\"15ced88\" data-element_type=\"widget\" data-e-type=\"widget\" data-widget_type=\"heading.default\">\n\t\t\t\t<div class=\"elementor-widget-container\">\n\t\t\t\t\t<h1 class=\"elementor-heading-title elementor-size-default\">Polityka zwrot\u00f3w<\/h1>\t\t\t\t<\/div>\n\t\t\t\t<\/div>\n\t\t\t\t\t<\/div>\n\t\t\t\t<\/div>\n\t\t<div class=\"elementor-element elementor-element-caf6a42 e-flex e-con-boxed e-con e-parent\" data-id=\"caf6a42\" data-element_type=\"container\" data-e-type=\"container\">\n\t\t\t\t\t<div class=\"e-con-inner\">\n\t\t\t\t<div class=\"elementor-element elementor-element-4d51b4c elementor-widget elementor-widget-text-editor\" data-id=\"4d51b4c\" data-element_type=\"widget\" data-e-type=\"widget\" data-widget_type=\"text-editor.default\">\n\t\t\t\t<div class=\"elementor-widget-container\">\n\t\t\t\t\t\t\t\t\t<p>Zwroty przyjmowane s\u0105 w ci\u0105gu 14 dni od daty zakupu.<\/p><p>Zgodnie z ustaw\u0105 o <a href=\"https:\/\/zakon.rada.gov.ua\/laws\/show\/1023-12#Text\">Ochrona konsumenta<\/a>Firma mo\u017ce odm\u00f3wi\u0107 wymiany lub zwrotu towaru dobrej jako\u015bci, je\u017celi mie\u015bci si\u0119 on w kategoriach okre\u015blonych w aktualnym regulaminie.<a href=\"https:\/\/zakon.rada.gov.ua\/laws\/show\/172-94-%D0%BF#Text\"> Lista towar\u00f3w nie\u017cywno\u015bciowych<\/a> dobrej jako\u015bci, kt\u00f3rych nie mo\u017cna zwr\u00f3ci\u0107 ani wymieni\u0107.<\/p><p><strong>Nie podlegaj\u0105 zwrotowi:<\/strong><\/p><ul><li>Produkty niestandardowe, wykonywane na zam\u00f3wienie<\/li><li>Towary nosz\u0105ce \u015blady u\u017cytkowania<\/li><li>Uszkodzone w wyniku niew\u0142a\u015bciwego u\u017cytkowania<\/li><li>Uszkodzone w wyniku niew\u0142a\u015bciwego przechowywania lub transportu<\/li><\/ul><p><strong>Zasady zwrotu towar\u00f3w:<\/strong><\/p><p>Koszt dostawy zwrotnej ponosi klient. Klient mo\u017ce wybra\u0107 dogodn\u0105 dla siebie opcj\u0119 dostawy<br \/>Zwroty przyjmowane s\u0105 pod adresem: Ukraina, Chark\u00f3w, ul. Semeny Kuznets 62<br \/>Wysy\u0142aj\u0105c towar, nadawca jest zobowi\u0105zany do jego prawid\u0142owego zapakowania, aby nie uleg\u0142 uszkodzeniu w transporcie. Produkty, kt\u00f3re zosta\u0142y uszkodzone mechanicznie w transporcie, nie podlegaj\u0105 zwrotowi.<\/p><p>Zwroty za zam\u00f3wienie s\u0105 dokonywane w spos\u00f3b wybrany przez klienta do zap\u0142aty na kart\u0119 klienta. Zwroty s\u0105 dokonywane w ci\u0105gu siedmiu dni od daty dostarczenia produkt\u00f3w do firmy.<\/p>\t\t\t\t\t\t\t\t<\/div>\n\t\t\t\t<\/div>\n\t\t\t\t\t<\/div>\n\t\t\t\t<\/div>\n\t\t\t\t<\/div>","protected":false},"excerpt":{"rendered":"<p>Polityka zwrot\u00f3w Zwroty s\u0105 akceptowane w ci\u0105gu 14 dni od daty zakupu. Zgodnie z ustaw\u0105 o ochronie konsument\u00f3w firma mo\u017ce odm\u00f3wi\u0107 wymiany lub zwrotu towar\u00f3w dobrej jako\u015bci, je\u015bli mieszcz\u0105 si\u0119 one w kategoriach okre\u015blonych w aktualnej li\u015bcie towar\u00f3w nie\u017cywno\u015bciowych dobrej jako\u015bci, kt\u00f3rych nie mo\u017cna zwr\u00f3ci\u0107 ani\u2026<\/p>","protected":false},"author":4,"featured_media":0,"parent":0,"menu_order":0,"comment_status":"closed","ping_status":"closed","template":"","meta":{"_kad_post_transparent":"","_kad_post_title":"hide","_kad_post_layout":"fullwidth","_kad_post_sidebar_id":"","_kad_post_content_style":"unboxed","_kad_post_vertical_padding":"hide","_kad_post_feature":"hide","_kad_post_feature_position":"","_kad_post_header":false,"_kad_post_footer":false,"footnotes":""},"class_list":["post-6125","page","type-page","status-publish","hentry"],"acf":[],"yoast_head":"<!-- This site is optimized with the Yoast SEO plugin v23.1 - https:\/\/yoast.com\/wordpress\/plugins\/seo\/ -->\n<title>Rules for returning concrete molds<\/title>\n<meta name=\"description\" content=\"A description of the product return policy. Manufacturer of concrete molds Vivat\" \/>\n<meta name=\"robots\" content=\"index, follow, max-snippet:-1, max-image-preview:large, max-video-preview:-1\" \/>\n<link rel=\"canonical\" href=\"https:\/\/mouldsart.com\/pl\/polityka-zwrotow\/\" \/>\n<meta property=\"og:locale\" content=\"pl_PL\" \/>\n<meta property=\"og:type\" content=\"article\" \/>\n<meta property=\"og:title\" content=\"Rules for returning concrete molds\" \/>\n<meta property=\"og:description\" content=\"A description of the product return policy. Manufacturer of concrete molds Vivat\" \/>\n<meta property=\"og:url\" content=\"https:\/\/mouldsart.com\/pl\/polityka-zwrotow\/\" \/>\n<meta property=\"article:publisher\" content=\"https:\/\/www.facebook.com\/pc.vivat\" \/>\n<meta property=\"article:modified_time\" content=\"2025-04-30T14:37:26+00:00\" \/>\n<meta name=\"twitter:card\" content=\"summary_large_image\" \/>\n<meta name=\"twitter:label1\" content=\"Szacowany czas czytania\" \/>\n\t<meta name=\"twitter:data1\" content=\"1 minuta\" \/>\n<script type=\"application\/ld+json\" class=\"yoast-schema-graph\">{\"@context\":\"https:\/\/schema.org\",\"@graph\":[{\"@type\":\"WebPage\",\"@id\":\"https:\/\/mouldsart.com\/return-policy\/\",\"url\":\"https:\/\/mouldsart.com\/return-policy\/\",\"name\":\"Rules for returning concrete molds\",\"isPartOf\":{\"@id\":\"https:\/\/mouldsart.com\/#website\"},\"datePublished\":\"2024-10-08T09:59:10+00:00\",\"dateModified\":\"2025-04-30T14:37:26+00:00\",\"description\":\"A description of the product return policy. Manufacturer of concrete molds Vivat\",\"breadcrumb\":{\"@id\":\"https:\/\/mouldsart.com\/return-policy\/#breadcrumb\"},\"inLanguage\":\"pl-PL\",\"potentialAction\":[{\"@type\":\"ReadAction\",\"target\":[\"https:\/\/mouldsart.com\/return-policy\/\"]}]},{\"@type\":\"BreadcrumbList\",\"@id\":\"https:\/\/mouldsart.com\/return-policy\/#breadcrumb\",\"itemListElement\":[{\"@type\":\"ListItem\",\"position\":1,\"name\":\"\u0413\u043b\u0430\u0432\u043d\u0430\u044f \u0441\u0442\u0440\u0430\u043d\u0438\u0446\u0430\",\"item\":\"https:\/\/mouldsart.com\/\"},{\"@type\":\"ListItem\",\"position\":2,\"name\":\"Return policy\"}]},{\"@type\":\"WebSite\",\"@id\":\"https:\/\/mouldsart.com\/#website\",\"url\":\"https:\/\/mouldsart.com\/\",\"name\":\"Moulds\",\"description\":\"\",\"publisher\":{\"@id\":\"https:\/\/mouldsart.com\/#organization\"},\"potentialAction\":[{\"@type\":\"SearchAction\",\"target\":{\"@type\":\"EntryPoint\",\"urlTemplate\":\"https:\/\/mouldsart.com\/?s={search_term_string}\"},\"query-input\":\"required name=search_term_string\"}],\"inLanguage\":\"pl-PL\"},{\"@type\":\"Organization\",\"@id\":\"https:\/\/mouldsart.com\/#organization\",\"name\":\"Vivat\",\"url\":\"https:\/\/mouldsart.com\/\",\"logo\":{\"@type\":\"ImageObject\",\"inLanguage\":\"pl-PL\",\"@id\":\"https:\/\/mouldsart.com\/#\/schema\/logo\/image\/\",\"url\":\"https:\/\/i0.wp.com\/mouldsart.com\/wp-content\/uploads\/2025\/05\/cropped-logo1.png?fit=1080%2C558&ssl=1\",\"contentUrl\":\"https:\/\/i0.wp.com\/mouldsart.com\/wp-content\/uploads\/2025\/05\/cropped-logo1.png?fit=1080%2C558&ssl=1\",\"width\":1080,\"height\":558,\"caption\":\"Vivat\"},\"image\":{\"@id\":\"https:\/\/mouldsart.com\/#\/schema\/logo\/image\/\"},\"sameAs\":[\"https:\/\/www.facebook.com\/pc.vivat\",\"https:\/\/www.instagram.com\/pc_vivat\/\"]}]}<\/script>\n<!-- \/ Yoast SEO plugin. -->","yoast_head_json":{"title":"Zasady zwrotu form betonowych","description":"Opis polityki zwrotu produktu. Producent form betonowych Vivat","robots":{"index":"index","follow":"follow","max-snippet":"max-snippet:-1","max-image-preview":"max-image-preview:large","max-video-preview":"max-video-preview:-1"},"canonical":"https:\/\/mouldsart.com\/pl\/polityka-zwrotow\/","og_locale":"pl_PL","og_type":"article","og_title":"Rules for returning concrete molds","og_description":"A description of the product return policy. Manufacturer of concrete molds Vivat","og_url":"https:\/\/mouldsart.com\/pl\/polityka-zwrotow\/","article_publisher":"https:\/\/www.facebook.com\/pc.vivat","article_modified_time":"2025-04-30T14:37:26+00:00","twitter_card":"summary_large_image","twitter_misc":{"Szacowany czas czytania":"1 minuta"},"schema":{"@context":"https:\/\/schema.org","@graph":[{"@type":"WebPage","@id":"https:\/\/mouldsart.com\/return-policy\/","url":"https:\/\/mouldsart.com\/return-policy\/","name":"Zasady zwrotu form betonowych","isPartOf":{"@id":"https:\/\/mouldsart.com\/#website"},"datePublished":"2024-10-08T09:59:10+00:00","dateModified":"2025-04-30T14:37:26+00:00","description":"Opis polityki zwrotu produktu. Producent form betonowych Vivat","breadcrumb":{"@id":"https:\/\/mouldsart.com\/return-policy\/#breadcrumb"},"inLanguage":"pl-PL","potentialAction":[{"@type":"ReadAction","target":["https:\/\/mouldsart.com\/return-policy\/"]}]},{"@type":"BreadcrumbList","@id":"https:\/\/mouldsart.com\/return-policy\/#breadcrumb","itemListElement":[{"@type":"ListItem","position":1,"name":"\u0413\u043b\u0430\u0432\u043d\u0430\u044f \u0441\u0442\u0440\u0430\u043d\u0438\u0446\u0430","item":"https:\/\/mouldsart.com\/"},{"@type":"ListItem","position":2,"name":"Return policy"}]},{"@type":"WebSite","@id":"https:\/\/mouldsart.com\/#website","url":"https:\/\/mouldsart.com\/","name":"Formy","description":"","publisher":{"@id":"https:\/\/mouldsart.com\/#organization"},"potentialAction":[{"@type":"SearchAction","target":{"@type":"EntryPoint","urlTemplate":"https:\/\/mouldsart.com\/?s={search_term_string}"},"query-input":"required name=search_term_string"}],"inLanguage":"pl-PL"},{"@type":"Organization","@id":"https:\/\/mouldsart.com\/#organization","name":"\u017by\u0107","url":"https:\/\/mouldsart.com\/","logo":{"@type":"ImageObject","inLanguage":"pl-PL","@id":"https:\/\/mouldsart.com\/#\/schema\/logo\/image\/","url":"https:\/\/i0.wp.com\/mouldsart.com\/wp-content\/uploads\/2025\/05\/cropped-logo1.png?fit=1080%2C558&ssl=1","contentUrl":"https:\/\/i0.wp.com\/mouldsart.com\/wp-content\/uploads\/2025\/05\/cropped-logo1.png?fit=1080%2C558&ssl=1","width":1080,"height":558,"caption":"Vivat"},"image":{"@id":"https:\/\/mouldsart.com\/#\/schema\/logo\/image\/"},"sameAs":["https:\/\/www.facebook.com\/pc.vivat","https:\/\/www.instagram.com\/pc_vivat\/"]}]}},"jetpack_sharing_enabled":true,"_links":{"self":[{"href":"https:\/\/mouldsart.com\/pl\/wp-json\/wp\/v2\/pages\/6125","targetHints":{"allow":["GET"]}}],"collection":[{"href":"https:\/\/mouldsart.com\/pl\/wp-json\/wp\/v2\/pages"}],"about":[{"href":"https:\/\/mouldsart.com\/pl\/wp-json\/wp\/v2\/types\/page"}],"author":[{"embeddable":true,"href":"https:\/\/mouldsart.com\/pl\/wp-json\/wp\/v2\/users\/4"}],"replies":[{"embeddable":true,"href":"https:\/\/mouldsart.com\/pl\/wp-json\/wp\/v2\/comments?post=6125"}],"version-history":[{"count":4,"href":"https:\/\/mouldsart.com\/pl\/wp-json\/wp\/v2\/pages\/6125\/revisions"}],"predecessor-version":[{"id":6129,"href":"https:\/\/mouldsart.com\/pl\/wp-json\/wp\/v2\/pages\/6125\/revisions\/6129"}],"wp:attachment":[{"href":"https:\/\/mouldsart.com\/pl\/wp-json\/wp\/v2\/media?parent=6125"}],"curies":[{"name":"wp","href":"https:\/\/api.w.org\/{rel}","templated":true}]}}