{"id":492,"date":"2020-10-26T11:38:49","date_gmt":"2020-10-26T08:38:49","guid":{"rendered":"http:\/\/www.grafas.org\/demo02\/?page_id=492"},"modified":"2025-06-06T11:45:54","modified_gmt":"2025-06-06T08:45:54","slug":"about","status":"publish","type":"page","link":"https:\/\/mouldsart.com\/pl\/o\/","title":{"rendered":"O nas"},"content":{"rendered":"<div data-elementor-type=\"wp-page\" data-elementor-id=\"492\" class=\"elementor elementor-492\" data-elementor-post-type=\"page\">\n\t\t\t\t\t\t<section class=\"elementor-section elementor-top-section elementor-element elementor-element-447bb11 elementor-section-height-min-height elementor-section-items-bottom elementor-section-boxed elementor-section-height-default\" data-id=\"447bb11\" data-element_type=\"section\" data-e-type=\"section\" data-settings=\"{&quot;background_background&quot;:&quot;classic&quot;}\">\n\t\t\t\t\t\t\t<div class=\"elementor-background-overlay\"><\/div>\n\t\t\t\t\t\t\t<div class=\"elementor-container elementor-column-gap-default\">\n\t\t\t\t\t<div class=\"elementor-column elementor-col-50 elementor-top-column elementor-element elementor-element-01b2a2e\" data-id=\"01b2a2e\" data-element_type=\"column\" data-e-type=\"column\">\n\t\t\t<div class=\"elementor-widget-wrap elementor-element-populated\">\n\t\t\t\t\t\t<div class=\"elementor-element elementor-element-5cf34b4 elementor-widget elementor-widget-heading\" data-id=\"5cf34b4\" data-element_type=\"widget\" data-e-type=\"widget\" data-widget_type=\"heading.default\">\n\t\t\t\t<div class=\"elementor-widget-container\">\n\t\t\t\t\t<h1 class=\"elementor-heading-title elementor-size-default\">O nas<\/h1>\t\t\t\t<\/div>\n\t\t\t\t<\/div>\n\t\t\t\t\t<\/div>\n\t\t<\/div>\n\t\t\t\t<div class=\"elementor-column elementor-col-50 elementor-top-column elementor-element elementor-element-71f47ea elementor-hidden-tablet elementor-hidden-phone\" data-id=\"71f47ea\" data-element_type=\"column\" data-e-type=\"column\">\n\t\t\t<div class=\"elementor-widget-wrap\">\n\t\t\t\t\t\t\t<\/div>\n\t\t<\/div>\n\t\t\t\t\t<\/div>\n\t\t<\/section>\n\t\t<div class=\"elementor-element elementor-element-1ee07bb e-flex e-con-boxed e-con e-parent\" data-id=\"1ee07bb\" data-element_type=\"container\" data-e-type=\"container\">\n\t\t\t\t\t<div class=\"e-con-inner\">\n\t\t\t\t<div class=\"elementor-element elementor-element-1be0243 elementor-widget elementor-widget-text-editor\" data-id=\"1be0243\" data-element_type=\"widget\" data-e-type=\"widget\" data-widget_type=\"text-editor.default\">\n\t\t\t\t<div class=\"elementor-widget-container\">\n\t\t\t\t\t\t\t\t\t<span class=\"span-reading-time rt-reading-time\"><span class=\"rt-label rt-prefix\">Czas czytania: <\/span> <span class=\"rt-time\"> &lt; 1<\/span> <span class=\"rt-label rt-postfix\">protok\u00f3\u0142<\/span><\/span>\t\t\t\t\t\t\t\t<\/div>\n\t\t\t\t<\/div>\n\t\t\t\t\t<\/div>\n\t\t\t\t<\/div>\n\t\t\t\t<section class=\"elementor-section elementor-top-section elementor-element elementor-element-f4ff7ab elementor-section-boxed elementor-section-height-default elementor-section-height-default\" data-id=\"f4ff7ab\" data-element_type=\"section\" data-e-type=\"section\">\n\t\t\t\t\t\t<div class=\"elementor-container elementor-column-gap-default\">\n\t\t\t\t\t<div class=\"elementor-column elementor-col-50 elementor-top-column elementor-element elementor-element-44539d7\" data-id=\"44539d7\" data-element_type=\"column\" data-e-type=\"column\">\n\t\t\t<div class=\"elementor-widget-wrap elementor-element-populated\">\n\t\t\t\t\t\t<div class=\"elementor-element elementor-element-0417317 elementor-widget elementor-widget-heading\" data-id=\"0417317\" data-element_type=\"widget\" data-e-type=\"widget\" data-widget_type=\"heading.default\">\n\t\t\t\t<div class=\"elementor-widget-container\">\n\t\t\t\t\t<p class=\"elementor-heading-title elementor-size-default\">Nasza historia<\/p>\t\t\t\t<\/div>\n\t\t\t\t<\/div>\n\t\t\t\t<div class=\"elementor-element elementor-element-59203da elementor-widget elementor-widget-heading\" data-id=\"59203da\" data-element_type=\"widget\" data-e-type=\"widget\" data-widget_type=\"heading.default\">\n\t\t\t\t<div class=\"elementor-widget-container\">\n\t\t\t\t\t<h2 class=\"elementor-heading-title elementor-size-default\">Od 1998 roku<\/h2>\t\t\t\t<\/div>\n\t\t\t\t<\/div>\n\t\t\t\t<div class=\"elementor-element elementor-element-2583fa7 elementor-widget elementor-widget-text-editor\" data-id=\"2583fa7\" data-element_type=\"widget\" data-e-type=\"widget\" data-widget_type=\"text-editor.default\">\n\t\t\t\t<div class=\"elementor-widget-container\">\n\t\t\t\t\t\t\t\t\t<p><span class=\"fontstyle0\">PC VIVAT LLC ma siedzib\u0119 w Charkowie na Ukrainie od ponad 20 lat. Nasz\u0105 g\u0142\u00f3wn\u0105 dzia\u0142alno\u015bci\u0105 jest produkcja wyrob\u00f3w betonowych, takich jak p\u0142yty chodnikowe, wazony dekoracyjne, fontanny i elementy krajobrazu.<\/span><\/p><p><span class=\"fontstyle0\">Pocz\u0105tkowo kupowali\u015bmy formy do naszych donic, rze\u017ab i fontann od zewn\u0119trznych producent\u00f3w. Jednak jako\u015b\u0107 produkt\u00f3w i \u017cywotno\u015b\u0107 form sk\u0142oni\u0142y nas do rozwa\u017cenia potrzeby stworzenia w\u0142asnej produkcji form. Chcieli\u015bmy najbardziej niezawodnych form z najwy\u017csz\u0105 dba\u0142o\u015bci\u0105 o szczeg\u00f3\u0142y, kt\u00f3re by\u0142yby r\u00f3wnie\u017c wygodne w pracy, co doprowadzi\u0142o do powstania nowego kierunku naszej dzia\u0142alno\u015bci \u2013 produkcji form z w\u0142\u00f3kna szklanego i poliuretanu.<\/span><\/p>\t\t\t\t\t\t\t\t<\/div>\n\t\t\t\t<\/div>\n\t\t\t\t\t<\/div>\n\t\t<\/div>\n\t\t\t\t<div class=\"elementor-column elementor-col-50 elementor-top-column elementor-element elementor-element-d44ffd0\" data-id=\"d44ffd0\" data-element_type=\"column\" data-e-type=\"column\">\n\t\t\t<div class=\"elementor-widget-wrap elementor-element-populated\">\n\t\t\t\t\t\t<div class=\"elementor-element elementor-element-a842605 elementor-widget elementor-widget-image\" data-id=\"a842605\" data-element_type=\"widget\" data-e-type=\"widget\" data-widget_type=\"image.default\">\n\t\t\t\t<div class=\"elementor-widget-container\">\n\t\t\t\t\t\t\t\t\t\t\t\t\t\t\t<img fetchpriority=\"high\" decoding=\"async\" width=\"1024\" height=\"1024\" src=\"https:\/\/i0.wp.com\/mouldsart.com\/wp-content\/uploads\/2023\/10\/11.jpg?fit=1024%2C1024&amp;ssl=1\" class=\"attachment-large size-large wp-image-3975\" alt=\"Szlifowanie doniczki betonowej\" srcset=\"https:\/\/i0.wp.com\/mouldsart.com\/wp-content\/uploads\/2023\/10\/11.jpg?w=1080&amp;ssl=1 1080w, https:\/\/i0.wp.com\/mouldsart.com\/wp-content\/uploads\/2023\/10\/11.jpg?resize=300%2C300&amp;ssl=1 300w, https:\/\/i0.wp.com\/mouldsart.com\/wp-content\/uploads\/2023\/10\/11.jpg?resize=1024%2C1024&amp;ssl=1 1024w, https:\/\/i0.wp.com\/mouldsart.com\/wp-content\/uploads\/2023\/10\/11.jpg?resize=150%2C150&amp;ssl=1 150w, https:\/\/i0.wp.com\/mouldsart.com\/wp-content\/uploads\/2023\/10\/11.jpg?resize=768%2C768&amp;ssl=1 768w, https:\/\/i0.wp.com\/mouldsart.com\/wp-content\/uploads\/2023\/10\/11.jpg?resize=12%2C12&amp;ssl=1 12w, https:\/\/i0.wp.com\/mouldsart.com\/wp-content\/uploads\/2023\/10\/11.jpg?resize=800%2C800&amp;ssl=1 800w, https:\/\/i0.wp.com\/mouldsart.com\/wp-content\/uploads\/2023\/10\/11.jpg?resize=700%2C700&amp;ssl=1 700w, https:\/\/i0.wp.com\/mouldsart.com\/wp-content\/uploads\/2023\/10\/11.jpg?resize=100%2C100&amp;ssl=1 100w\" sizes=\"(max-width: 1024px) 100vw, 1024px\" \/>\t\t\t\t\t\t\t\t\t\t\t\t\t\t\t<\/div>\n\t\t\t\t<\/div>\n\t\t\t\t\t<\/div>\n\t\t<\/div>\n\t\t\t\t\t<\/div>\n\t\t<\/section>\n\t\t<div class=\"elementor-element elementor-element-7e2d9f2 e-flex e-con-boxed e-con e-parent\" data-id=\"7e2d9f2\" data-element_type=\"container\" data-e-type=\"container\">\n\t\t\t\t\t<div class=\"e-con-inner\">\n\t\t<div class=\"elementor-element elementor-element-31130e0 e-con-full e-flex e-con e-child\" data-id=\"31130e0\" data-element_type=\"container\" data-e-type=\"container\">\n\t\t\t\t<div class=\"elementor-element elementor-element-536047e elementor-widget elementor-widget-image\" data-id=\"536047e\" data-element_type=\"widget\" data-e-type=\"widget\" data-widget_type=\"image.default\">\n\t\t\t\t<div class=\"elementor-widget-container\">\n\t\t\t\t\t\t\t\t\t\t\t\t\t\t\t<img decoding=\"async\" width=\"774\" height=\"798\" src=\"https:\/\/i0.wp.com\/mouldsart.com\/wp-content\/uploads\/2023\/10\/222.jpg?fit=774%2C798&amp;ssl=1\" class=\"attachment-large size-large wp-image-3980\" alt=\"Formy z w\u0142\u00f3kna szklanego\" srcset=\"https:\/\/i0.wp.com\/mouldsart.com\/wp-content\/uploads\/2023\/10\/222.jpg?w=774&amp;ssl=1 774w, https:\/\/i0.wp.com\/mouldsart.com\/wp-content\/uploads\/2023\/10\/222.jpg?resize=291%2C300&amp;ssl=1 291w, https:\/\/i0.wp.com\/mouldsart.com\/wp-content\/uploads\/2023\/10\/222.jpg?resize=768%2C792&amp;ssl=1 768w, https:\/\/i0.wp.com\/mouldsart.com\/wp-content\/uploads\/2023\/10\/222.jpg?resize=12%2C12&amp;ssl=1 12w, https:\/\/i0.wp.com\/mouldsart.com\/wp-content\/uploads\/2023\/10\/222.jpg?resize=700%2C722&amp;ssl=1 700w\" sizes=\"(max-width: 774px) 100vw, 774px\" \/>\t\t\t\t\t\t\t\t\t\t\t\t\t\t\t<\/div>\n\t\t\t\t<\/div>\n\t\t\t\t<\/div>\n\t\t<div class=\"elementor-element elementor-element-9c1e899 e-con-full e-flex e-con e-child\" data-id=\"9c1e899\" data-element_type=\"container\" data-e-type=\"container\">\n\t\t\t\t<div class=\"elementor-element elementor-element-7af6555 elementor-widget elementor-widget-text-editor\" data-id=\"7af6555\" data-element_type=\"widget\" data-e-type=\"widget\" data-widget_type=\"text-editor.default\">\n\t\t\t\t<div class=\"elementor-widget-container\">\n\t\t\t\t\t\t\t\t\t<p><span class=\"fontstyle0\">Na pocz\u0105tku robili\u015bmy formy wy\u0142\u0105cznie na w\u0142asne potrzeby. Linia produkcyjna zacz\u0119\u0142a otrzymywa\u0107 formy, z kt\u00f3rymi wygodnie si\u0119 pracowa\u0142o, wykonane zgodnie z naszymi wymaganiami i \u017cyczeniami, co skutkowa\u0142o wysoce szczeg\u00f3\u0142owymi i teksturowanymi produktami ko\u0144cowymi. Z czasem obszar ten sta\u0142 si\u0119 odr\u0119bn\u0105 lini\u0105 biznesow\u0105, kt\u00f3ra by\u0142a w stanie zadowoli\u0107 nawet najbardziej wymagaj\u0105cych klient\u00f3w.<\/span><\/p><p><span class=\"fontstyle0\">Wielu naszych klient\u00f3w wsp\u00f3\u0142pracuje z nami od pierwszych dni dzia\u0142alno\u015bci, a ci, kt\u00f3rzy pr\u00f3bowali pracowa\u0107 z naszymi formami, nie szukaj\u0105 ju\u017c nowego dostawcy. Zawsze jeste\u015bmy pewni jako\u015bci naszych form, poniewa\u017c do\u015bwiadczenie naszych mistrz\u00f3w w po\u0142\u0105czeniu z odpowiedzialnym wyborem materia\u0142\u00f3w daje doskona\u0142e rezultaty! Pozwoli\u0142o nam to nawi\u0105za\u0107 sta\u0142\u0105 wsp\u00f3\u0142prac\u0119 z wiod\u0105cymi producentami wyrob\u00f3w betonowych na Ukrainie, w Izraelu i Europie Wschodniej.<\/span><\/p><p>Chcemy wnosi\u0107 pi\u0119kno do \u015bwiata, czyni\u0107 go pi\u0119kniejszym i lepszym!<br \/>Misja naszej firmy \u201eRozwijamy tera\u017aniejszo\u015b\u0107 \u2013 tworzymy przysz\u0142o\u015b\u0107\u201d to nie puste s\u0142owa, ale ch\u0119\u0107 w\u0142o\u017cenia pracy w kreowanie wsp\u00f3lnej, pi\u0119knej i \u015bwietlanej przysz\u0142o\u015bci.<\/p>\t\t\t\t\t\t\t\t<\/div>\n\t\t\t\t<\/div>\n\t\t\t\t<\/div>\n\t\t\t\t\t<\/div>\n\t\t\t\t<\/div>\n\t\t\t\t<\/div>","protected":false},"excerpt":{"rendered":"<p>O nas Nasza historia Od 1998 roku PC VIVAT LLC ma siedzib\u0119 w Charkowie na Ukrainie od ponad 20 lat. Nasz\u0105 g\u0142\u00f3wn\u0105 dzia\u0142alno\u015bci\u0105 jest produkcja wyrob\u00f3w betonowych, takich jak p\u0142yty chodnikowe, wazony dekoracyjne, fontanny i elementy krajobrazu. Pocz\u0105tkowo kupowali\u015bmy formy do naszych donic, rze\u017ab i fontann od zewn\u0119trznych producent\u00f3w. Jednak jako\u015b\u0107\u2026<\/p>","protected":false},"author":4,"featured_media":0,"parent":0,"menu_order":0,"comment_status":"closed","ping_status":"closed","template":"","meta":{"_kad_post_transparent":"","_kad_post_title":"hide","_kad_post_layout":"fullwidth","_kad_post_sidebar_id":"","_kad_post_content_style":"unboxed","_kad_post_vertical_padding":"hide","_kad_post_feature":"hide","_kad_post_feature_position":"","_kad_post_header":false,"_kad_post_footer":false,"footnotes":""},"class_list":["post-492","page","type-page","status-publish","hentry"],"acf":[],"yoast_head":"<!-- This site is optimized with the Yoast SEO plugin v23.1 - https:\/\/yoast.com\/wordpress\/plugins\/seo\/ -->\n<title>Manufacturer of concrete molds. About Vivat Company.<\/title>\n<meta name=\"description\" content=\"The company has been making molds for concrete products for over 20 years. We ship molds all over Europe. Fiberglass and polyurethane molds\" \/>\n<meta name=\"robots\" content=\"index, follow, max-snippet:-1, max-image-preview:large, max-video-preview:-1\" \/>\n<link rel=\"canonical\" href=\"https:\/\/mouldsart.com\/pl\/o\/\" \/>\n<meta property=\"og:locale\" content=\"pl_PL\" \/>\n<meta property=\"og:type\" content=\"article\" \/>\n<meta property=\"og:title\" content=\"Manufacturer of concrete molds. About Vivat Company.\" \/>\n<meta property=\"og:description\" content=\"The company has been making molds for concrete products for over 20 years. We ship molds all over Europe. Fiberglass and polyurethane molds\" \/>\n<meta property=\"og:url\" content=\"https:\/\/mouldsart.com\/pl\/o\/\" \/>\n<meta property=\"article:publisher\" content=\"https:\/\/www.facebook.com\/pc.vivat\" \/>\n<meta property=\"article:modified_time\" content=\"2025-06-06T08:45:54+00:00\" \/>\n<meta property=\"og:image\" content=\"https:\/\/mouldsart.com\/wp-content\/uploads\/2023\/10\/11-1024x1024.jpg\" \/>\n<meta name=\"twitter:card\" content=\"summary_large_image\" \/>\n<meta name=\"twitter:label1\" content=\"Szacowany czas czytania\" \/>\n\t<meta name=\"twitter:data1\" content=\"2 minuty\" \/>\n<script type=\"application\/ld+json\" class=\"yoast-schema-graph\">{\"@context\":\"https:\/\/schema.org\",\"@graph\":[{\"@type\":\"WebPage\",\"@id\":\"https:\/\/mouldsart.com\/about\/\",\"url\":\"https:\/\/mouldsart.com\/about\/\",\"name\":\"Manufacturer of concrete molds. About Vivat Company.\",\"isPartOf\":{\"@id\":\"https:\/\/mouldsart.com\/#website\"},\"primaryImageOfPage\":{\"@id\":\"https:\/\/mouldsart.com\/about\/#primaryimage\"},\"image\":{\"@id\":\"https:\/\/mouldsart.com\/about\/#primaryimage\"},\"thumbnailUrl\":\"https:\/\/mouldsart.com\/wp-content\/uploads\/2023\/10\/11-1024x1024.jpg\",\"datePublished\":\"2020-10-26T08:38:49+00:00\",\"dateModified\":\"2025-06-06T08:45:54+00:00\",\"description\":\"The company has been making molds for concrete products for over 20 years. We ship molds all over Europe. Fiberglass and polyurethane molds\",\"breadcrumb\":{\"@id\":\"https:\/\/mouldsart.com\/about\/#breadcrumb\"},\"inLanguage\":\"pl-PL\",\"potentialAction\":[{\"@type\":\"ReadAction\",\"target\":[\"https:\/\/mouldsart.com\/about\/\"]}]},{\"@type\":\"ImageObject\",\"inLanguage\":\"pl-PL\",\"@id\":\"https:\/\/mouldsart.com\/about\/#primaryimage\",\"url\":\"https:\/\/mouldsart.com\/wp-content\/uploads\/2023\/10\/11-1024x1024.jpg\",\"contentUrl\":\"https:\/\/mouldsart.com\/wp-content\/uploads\/2023\/10\/11-1024x1024.jpg\"},{\"@type\":\"BreadcrumbList\",\"@id\":\"https:\/\/mouldsart.com\/about\/#breadcrumb\",\"itemListElement\":[{\"@type\":\"ListItem\",\"position\":1,\"name\":\"\u0413\u043b\u0430\u0432\u043d\u0430\u044f \u0441\u0442\u0440\u0430\u043d\u0438\u0446\u0430\",\"item\":\"https:\/\/mouldsart.com\/\"},{\"@type\":\"ListItem\",\"position\":2,\"name\":\"About\"}]},{\"@type\":\"WebSite\",\"@id\":\"https:\/\/mouldsart.com\/#website\",\"url\":\"https:\/\/mouldsart.com\/\",\"name\":\"Moulds\",\"description\":\"\",\"publisher\":{\"@id\":\"https:\/\/mouldsart.com\/#organization\"},\"potentialAction\":[{\"@type\":\"SearchAction\",\"target\":{\"@type\":\"EntryPoint\",\"urlTemplate\":\"https:\/\/mouldsart.com\/?s={search_term_string}\"},\"query-input\":\"required name=search_term_string\"}],\"inLanguage\":\"pl-PL\"},{\"@type\":\"Organization\",\"@id\":\"https:\/\/mouldsart.com\/#organization\",\"name\":\"Vivat\",\"url\":\"https:\/\/mouldsart.com\/\",\"logo\":{\"@type\":\"ImageObject\",\"inLanguage\":\"pl-PL\",\"@id\":\"https:\/\/mouldsart.com\/#\/schema\/logo\/image\/\",\"url\":\"https:\/\/i0.wp.com\/mouldsart.com\/wp-content\/uploads\/2025\/05\/cropped-logo1.png?fit=1080%2C558&ssl=1\",\"contentUrl\":\"https:\/\/i0.wp.com\/mouldsart.com\/wp-content\/uploads\/2025\/05\/cropped-logo1.png?fit=1080%2C558&ssl=1\",\"width\":1080,\"height\":558,\"caption\":\"Vivat\"},\"image\":{\"@id\":\"https:\/\/mouldsart.com\/#\/schema\/logo\/image\/\"},\"sameAs\":[\"https:\/\/www.facebook.com\/pc.vivat\",\"https:\/\/www.instagram.com\/pc_vivat\/\"]}]}<\/script>\n<!-- \/ Yoast SEO plugin. -->","yoast_head_json":{"title":"Producent form betonowych. O firmie Vivat.","description":"Firma zajmuje si\u0119 produkcj\u0105 form do wyrob\u00f3w betonowych od ponad 20 lat. Wysy\u0142amy formy do ca\u0142ej Europy. Formy z w\u0142\u00f3kna szklanego i poliuretanu","robots":{"index":"index","follow":"follow","max-snippet":"max-snippet:-1","max-image-preview":"max-image-preview:large","max-video-preview":"max-video-preview:-1"},"canonical":"https:\/\/mouldsart.com\/pl\/o\/","og_locale":"pl_PL","og_type":"article","og_title":"Manufacturer of concrete molds. About Vivat Company.","og_description":"The company has been making molds for concrete products for over 20 years. We ship molds all over Europe. Fiberglass and polyurethane molds","og_url":"https:\/\/mouldsart.com\/pl\/o\/","article_publisher":"https:\/\/www.facebook.com\/pc.vivat","article_modified_time":"2025-06-06T08:45:54+00:00","og_image":[{"url":"https:\/\/mouldsart.com\/wp-content\/uploads\/2023\/10\/11-1024x1024.jpg"}],"twitter_card":"summary_large_image","twitter_misc":{"Szacowany czas czytania":"2 minuty"},"schema":{"@context":"https:\/\/schema.org","@graph":[{"@type":"WebPage","@id":"https:\/\/mouldsart.com\/about\/","url":"https:\/\/mouldsart.com\/about\/","name":"Producent form betonowych. O firmie Vivat.","isPartOf":{"@id":"https:\/\/mouldsart.com\/#website"},"primaryImageOfPage":{"@id":"https:\/\/mouldsart.com\/about\/#primaryimage"},"image":{"@id":"https:\/\/mouldsart.com\/about\/#primaryimage"},"thumbnailUrl":"https:\/\/mouldsart.com\/wp-content\/uploads\/2023\/10\/11-1024x1024.jpg","datePublished":"2020-10-26T08:38:49+00:00","dateModified":"2025-06-06T08:45:54+00:00","description":"Firma zajmuje si\u0119 produkcj\u0105 form do wyrob\u00f3w betonowych od ponad 20 lat. Wysy\u0142amy formy do ca\u0142ej Europy. Formy z w\u0142\u00f3kna szklanego i poliuretanu","breadcrumb":{"@id":"https:\/\/mouldsart.com\/about\/#breadcrumb"},"inLanguage":"pl-PL","potentialAction":[{"@type":"ReadAction","target":["https:\/\/mouldsart.com\/about\/"]}]},{"@type":"ImageObject","inLanguage":"pl-PL","@id":"https:\/\/mouldsart.com\/about\/#primaryimage","url":"https:\/\/mouldsart.com\/wp-content\/uploads\/2023\/10\/11-1024x1024.jpg","contentUrl":"https:\/\/mouldsart.com\/wp-content\/uploads\/2023\/10\/11-1024x1024.jpg"},{"@type":"BreadcrumbList","@id":"https:\/\/mouldsart.com\/about\/#breadcrumb","itemListElement":[{"@type":"ListItem","position":1,"name":"\u0413\u043b\u0430\u0432\u043d\u0430\u044f \u0441\u0442\u0440\u0430\u043d\u0438\u0446\u0430","item":"https:\/\/mouldsart.com\/"},{"@type":"ListItem","position":2,"name":"About"}]},{"@type":"WebSite","@id":"https:\/\/mouldsart.com\/#website","url":"https:\/\/mouldsart.com\/","name":"Formy","description":"","publisher":{"@id":"https:\/\/mouldsart.com\/#organization"},"potentialAction":[{"@type":"SearchAction","target":{"@type":"EntryPoint","urlTemplate":"https:\/\/mouldsart.com\/?s={search_term_string}"},"query-input":"required name=search_term_string"}],"inLanguage":"pl-PL"},{"@type":"Organization","@id":"https:\/\/mouldsart.com\/#organization","name":"\u017by\u0107","url":"https:\/\/mouldsart.com\/","logo":{"@type":"ImageObject","inLanguage":"pl-PL","@id":"https:\/\/mouldsart.com\/#\/schema\/logo\/image\/","url":"https:\/\/i0.wp.com\/mouldsart.com\/wp-content\/uploads\/2025\/05\/cropped-logo1.png?fit=1080%2C558&ssl=1","contentUrl":"https:\/\/i0.wp.com\/mouldsart.com\/wp-content\/uploads\/2025\/05\/cropped-logo1.png?fit=1080%2C558&ssl=1","width":1080,"height":558,"caption":"Vivat"},"image":{"@id":"https:\/\/mouldsart.com\/#\/schema\/logo\/image\/"},"sameAs":["https:\/\/www.facebook.com\/pc.vivat","https:\/\/www.instagram.com\/pc_vivat\/"]}]}},"jetpack_sharing_enabled":true,"_links":{"self":[{"href":"https:\/\/mouldsart.com\/pl\/wp-json\/wp\/v2\/pages\/492","targetHints":{"allow":["GET"]}}],"collection":[{"href":"https:\/\/mouldsart.com\/pl\/wp-json\/wp\/v2\/pages"}],"about":[{"href":"https:\/\/mouldsart.com\/pl\/wp-json\/wp\/v2\/types\/page"}],"author":[{"embeddable":true,"href":"https:\/\/mouldsart.com\/pl\/wp-json\/wp\/v2\/users\/4"}],"replies":[{"embeddable":true,"href":"https:\/\/mouldsart.com\/pl\/wp-json\/wp\/v2\/comments?post=492"}],"version-history":[{"count":140,"href":"https:\/\/mouldsart.com\/pl\/wp-json\/wp\/v2\/pages\/492\/revisions"}],"predecessor-version":[{"id":7807,"href":"https:\/\/mouldsart.com\/pl\/wp-json\/wp\/v2\/pages\/492\/revisions\/7807"}],"wp:attachment":[{"href":"https:\/\/mouldsart.com\/pl\/wp-json\/wp\/v2\/media?parent=492"}],"curies":[{"name":"wp","href":"https:\/\/api.w.org\/{rel}","templated":true}]}}