{"id":4846,"date":"2024-06-05T10:47:40","date_gmt":"2024-06-05T07:47:40","guid":{"rendered":"https:\/\/mouldsart.com\/?page_id=4846"},"modified":"2025-07-23T16:36:13","modified_gmt":"2025-07-23T13:36:13","slug":"custom-concrete-molds","status":"publish","type":"page","link":"https:\/\/mouldsart.com\/pl\/niestandardowe-formy-betonowe\/","title":{"rendered":"Formy betonowe na zam\u00f3wienie"},"content":{"rendered":"<div data-elementor-type=\"wp-page\" data-elementor-id=\"4846\" class=\"elementor elementor-4846\" data-elementor-post-type=\"page\">\n\t\t\t\t<div class=\"elementor-element elementor-element-49c847a e-flex e-con-boxed e-con e-parent\" data-id=\"49c847a\" data-element_type=\"container\" data-e-type=\"container\">\n\t\t\t\t\t<div class=\"e-con-inner\">\n\t\t\t\t<div class=\"elementor-element elementor-element-900a720 elementor-widget elementor-widget-text-editor\" data-id=\"900a720\" data-element_type=\"widget\" data-e-type=\"widget\" data-widget_type=\"text-editor.default\">\n\t\t\t\t<div class=\"elementor-widget-container\">\n\t\t\t\t\t\t\t\t\t<span class=\"span-reading-time rt-reading-time\"><span class=\"rt-label rt-prefix\">Czas czytania: <\/span> <span class=\"rt-time\"> &lt; 1<\/span> <span class=\"rt-label rt-postfix\">protok\u00f3\u0142<\/span><\/span>\t\t\t\t\t\t\t\t<\/div>\n\t\t\t\t<\/div>\n\t\t\t\t\t<\/div>\n\t\t\t\t<\/div>\n\t\t<div class=\"elementor-element elementor-element-5a5a54a e-flex e-con-boxed e-con e-parent\" data-id=\"5a5a54a\" data-element_type=\"container\" data-e-type=\"container\">\n\t\t\t\t\t<div class=\"e-con-inner\">\n\t\t\t\t<div class=\"elementor-element elementor-element-6ad92b8 elementor-widget elementor-widget-heading\" data-id=\"6ad92b8\" data-element_type=\"widget\" data-e-type=\"widget\" data-widget_type=\"heading.default\">\n\t\t\t\t<div class=\"elementor-widget-container\">\n\t\t\t\t\t<h1 class=\"elementor-heading-title elementor-size-default\">Formy betonowe na zam\u00f3wienie<\/h1>\t\t\t\t<\/div>\n\t\t\t\t<\/div>\n\t\t\t\t\t<\/div>\n\t\t\t\t<\/div>\n\t\t<div class=\"elementor-element elementor-element-d2f86d1 e-flex e-con-boxed e-con e-parent\" data-id=\"d2f86d1\" data-element_type=\"container\" data-e-type=\"container\">\n\t\t\t\t\t<div class=\"e-con-inner\">\n\t\t\t\t<div class=\"elementor-element elementor-element-ce5b2da elementor-grid-2 elementor-grid-tablet-2 elementor-grid-mobile-1 elementor-posts--thumbnail-top elementor-card-shadow-yes elementor-posts__hover-gradient elementor-widget elementor-widget-posts\" data-id=\"ce5b2da\" data-element_type=\"widget\" data-e-type=\"widget\" data-settings=\"{&quot;cards_columns&quot;:&quot;2&quot;,&quot;cards_columns_tablet&quot;:&quot;2&quot;,&quot;cards_columns_mobile&quot;:&quot;1&quot;,&quot;cards_row_gap&quot;:{&quot;unit&quot;:&quot;px&quot;,&quot;size&quot;:35,&quot;sizes&quot;:[]},&quot;cards_row_gap_tablet&quot;:{&quot;unit&quot;:&quot;px&quot;,&quot;size&quot;:&quot;&quot;,&quot;sizes&quot;:[]},&quot;cards_row_gap_mobile&quot;:{&quot;unit&quot;:&quot;px&quot;,&quot;size&quot;:&quot;&quot;,&quot;sizes&quot;:[]}}\" data-widget_type=\"posts.cards\">\n\t\t\t\t<div class=\"elementor-widget-container\">\n\t\t\t\t\t\t\t<div class=\"elementor-posts-container elementor-posts elementor-posts--skin-cards elementor-grid\" role=\"list\">\n\t\t\t\t<article class=\"elementor-post elementor-grid-item post-8103 post type-post status-publish format-standard has-post-thumbnail hentry category-custom-molds\" role=\"listitem\">\n\t\t\t<div class=\"elementor-post__card\">\n\t\t\t\t<a class=\"elementor-post__thumbnail__link\" href=\"https:\/\/mouldsart.com\/pl\/round-modular-bench-8-segments\/\" tabindex=\"-1\" ><div class=\"elementor-post__thumbnail\"><img fetchpriority=\"high\" decoding=\"async\" width=\"800\" height=\"800\" src=\"https:\/\/i0.wp.com\/mouldsart.com\/wp-content\/uploads\/2025\/07\/Lavka.jpg?resize=800%2C800&amp;ssl=1\" class=\"attachment-woocommerce_thumbnail size-woocommerce_thumbnail wp-image-8107\" alt=\"\" srcset=\"https:\/\/i0.wp.com\/mouldsart.com\/wp-content\/uploads\/2025\/07\/Lavka.jpg?w=1080&amp;ssl=1 1080w, https:\/\/i0.wp.com\/mouldsart.com\/wp-content\/uploads\/2025\/07\/Lavka.jpg?resize=300%2C300&amp;ssl=1 300w, https:\/\/i0.wp.com\/mouldsart.com\/wp-content\/uploads\/2025\/07\/Lavka.jpg?resize=1024%2C1024&amp;ssl=1 1024w, https:\/\/i0.wp.com\/mouldsart.com\/wp-content\/uploads\/2025\/07\/Lavka.jpg?resize=150%2C150&amp;ssl=1 150w, https:\/\/i0.wp.com\/mouldsart.com\/wp-content\/uploads\/2025\/07\/Lavka.jpg?resize=768%2C768&amp;ssl=1 768w, https:\/\/i0.wp.com\/mouldsart.com\/wp-content\/uploads\/2025\/07\/Lavka.jpg?resize=12%2C12&amp;ssl=1 12w, https:\/\/i0.wp.com\/mouldsart.com\/wp-content\/uploads\/2025\/07\/Lavka.jpg?resize=800%2C800&amp;ssl=1 800w, https:\/\/i0.wp.com\/mouldsart.com\/wp-content\/uploads\/2025\/07\/Lavka.jpg?resize=700%2C700&amp;ssl=1 700w, https:\/\/i0.wp.com\/mouldsart.com\/wp-content\/uploads\/2025\/07\/Lavka.jpg?resize=100%2C100&amp;ssl=1 100w\" sizes=\"(max-width: 800px) 100vw, 800px\" \/><\/div><\/a>\n\t\t\t\t<div class=\"elementor-post__badge\">Formy niestandardowe<\/div>\n\t\t\t\t<div class=\"elementor-post__text\">\n\t\t\t\t<h2 class=\"elementor-post__title\">\n\t\t\t<a href=\"https:\/\/mouldsart.com\/pl\/round-modular-bench-8-segments\/\" >\n\t\t\t\tOkr\u0105g\u0142a \u0142awka modu\u0142owa\t\t\t<\/a>\n\t\t<\/h2>\n\t\t\t\t<div class=\"elementor-post__excerpt\">\n\t\t\t<p>Okr\u0105g\u0142a \u0142awka modu\u0142owa \u2013 8 segment\u00f3w Zadanie polega\u0142o na stworzeniu formy na modu\u0142ow\u0105 \u0142awk\u0119 betonow\u0105 sk\u0142adaj\u0105c\u0105 si\u0119 z o\u015bmiu segment\u00f3w. Po z\u0142o\u017ceniu \u0142awka tworzy idealny pier\u015bcie\u0144.<\/p>\n\t\t<\/div>\n\t\t\n\t\t<a class=\"elementor-post__read-more\" href=\"https:\/\/mouldsart.com\/pl\/round-modular-bench-8-segments\/\" aria-label=\"Przeczytaj wi\u0119cej o okr\u0105g\u0142ej \u0142awce modu\u0142owej\" tabindex=\"-1\" >\n\t\t\tCzyta\u0107 &quot;\t\t<\/a>\n\n\t\t\t\t<\/div>\n\t\t\t\t<div class=\"elementor-post__meta-data\">\n\t\t\t\t\t<span class=\"elementor-post-date\">\n\t\t\t24.07.2025\t\t<\/span>\n\t\t\t\t<\/div>\n\t\t\t\t\t<\/div>\n\t\t<\/article>\n\t\t\t\t<article class=\"elementor-post elementor-grid-item post-8068 post type-post status-publish format-standard has-post-thumbnail hentry category-custom-molds\" role=\"listitem\">\n\t\t\t<div class=\"elementor-post__card\">\n\t\t\t\t<a class=\"elementor-post__thumbnail__link\" href=\"https:\/\/mouldsart.com\/pl\/rectangular-planter-mold\/\" tabindex=\"-1\" ><div class=\"elementor-post__thumbnail\"><img decoding=\"async\" width=\"800\" height=\"800\" src=\"https:\/\/i0.wp.com\/mouldsart.com\/wp-content\/uploads\/2025\/07\/rectangular-2.jpg?resize=800%2C800&amp;ssl=1\" class=\"attachment-woocommerce_thumbnail size-woocommerce_thumbnail wp-image-8084\" alt=\"\" srcset=\"https:\/\/i0.wp.com\/mouldsart.com\/wp-content\/uploads\/2025\/07\/rectangular-2.jpg?w=1080&amp;ssl=1 1080w, https:\/\/i0.wp.com\/mouldsart.com\/wp-content\/uploads\/2025\/07\/rectangular-2.jpg?resize=300%2C300&amp;ssl=1 300w, https:\/\/i0.wp.com\/mouldsart.com\/wp-content\/uploads\/2025\/07\/rectangular-2.jpg?resize=1024%2C1024&amp;ssl=1 1024w, https:\/\/i0.wp.com\/mouldsart.com\/wp-content\/uploads\/2025\/07\/rectangular-2.jpg?resize=150%2C150&amp;ssl=1 150w, https:\/\/i0.wp.com\/mouldsart.com\/wp-content\/uploads\/2025\/07\/rectangular-2.jpg?resize=768%2C768&amp;ssl=1 768w, https:\/\/i0.wp.com\/mouldsart.com\/wp-content\/uploads\/2025\/07\/rectangular-2.jpg?resize=12%2C12&amp;ssl=1 12w, https:\/\/i0.wp.com\/mouldsart.com\/wp-content\/uploads\/2025\/07\/rectangular-2.jpg?resize=800%2C800&amp;ssl=1 800w, https:\/\/i0.wp.com\/mouldsart.com\/wp-content\/uploads\/2025\/07\/rectangular-2.jpg?resize=700%2C700&amp;ssl=1 700w, https:\/\/i0.wp.com\/mouldsart.com\/wp-content\/uploads\/2025\/07\/rectangular-2.jpg?resize=100%2C100&amp;ssl=1 100w\" sizes=\"(max-width: 800px) 100vw, 800px\" \/><\/div><\/a>\n\t\t\t\t<div class=\"elementor-post__badge\">Formy niestandardowe<\/div>\n\t\t\t\t<div class=\"elementor-post__text\">\n\t\t\t\t<h2 class=\"elementor-post__title\">\n\t\t\t<a href=\"https:\/\/mouldsart.com\/pl\/rectangular-planter-mold\/\" >\n\t\t\t\tForma na doniczk\u0119 prostok\u0105tn\u0105\t\t\t<\/a>\n\t\t<\/h2>\n\t\t\t\t<div class=\"elementor-post__excerpt\">\n\t\t\t<p>Prostok\u0105tna forma do doniczki Celem by\u0142o wykonanie prostok\u0105tnej formy do doniczki z rowkiem na o\u015bwietlenie od spodu. Klient przes\u0142a\u0142 nam wst\u0119pn\u0105 wizualizacj\u0119. Przejrzeli\u015bmy j\u0105 i wykonali\u015bmy<\/p>\n\t\t<\/div>\n\t\t\n\t\t<a class=\"elementor-post__read-more\" href=\"https:\/\/mouldsart.com\/pl\/rectangular-planter-mold\/\" aria-label=\"Przeczytaj wi\u0119cej o prostok\u0105tnej formie doniczki\" tabindex=\"-1\" >\n\t\t\tCzyta\u0107 &quot;\t\t<\/a>\n\n\t\t\t\t<\/div>\n\t\t\t\t<div class=\"elementor-post__meta-data\">\n\t\t\t\t\t<span class=\"elementor-post-date\">\n\t\t\t24.07.2025\t\t<\/span>\n\t\t\t\t<\/div>\n\t\t\t\t\t<\/div>\n\t\t<\/article>\n\t\t\t\t<article class=\"elementor-post elementor-grid-item post-7996 post type-post status-publish format-standard has-post-thumbnail hentry category-custom-molds\" role=\"listitem\">\n\t\t\t<div class=\"elementor-post__card\">\n\t\t\t\t<a class=\"elementor-post__thumbnail__link\" href=\"https:\/\/mouldsart.com\/pl\/pot-mold\/\" tabindex=\"-1\" ><div class=\"elementor-post__thumbnail\"><img decoding=\"async\" width=\"800\" height=\"800\" src=\"https:\/\/i0.wp.com\/mouldsart.com\/wp-content\/uploads\/2025\/07\/pot.jpg?resize=800%2C800&amp;ssl=1\" class=\"attachment-woocommerce_thumbnail size-woocommerce_thumbnail wp-image-7998\" alt=\"\" srcset=\"https:\/\/i0.wp.com\/mouldsart.com\/wp-content\/uploads\/2025\/07\/pot.jpg?w=1080&amp;ssl=1 1080w, https:\/\/i0.wp.com\/mouldsart.com\/wp-content\/uploads\/2025\/07\/pot.jpg?resize=300%2C300&amp;ssl=1 300w, https:\/\/i0.wp.com\/mouldsart.com\/wp-content\/uploads\/2025\/07\/pot.jpg?resize=1024%2C1024&amp;ssl=1 1024w, https:\/\/i0.wp.com\/mouldsart.com\/wp-content\/uploads\/2025\/07\/pot.jpg?resize=150%2C150&amp;ssl=1 150w, https:\/\/i0.wp.com\/mouldsart.com\/wp-content\/uploads\/2025\/07\/pot.jpg?resize=768%2C768&amp;ssl=1 768w, https:\/\/i0.wp.com\/mouldsart.com\/wp-content\/uploads\/2025\/07\/pot.jpg?resize=12%2C12&amp;ssl=1 12w, https:\/\/i0.wp.com\/mouldsart.com\/wp-content\/uploads\/2025\/07\/pot.jpg?resize=800%2C800&amp;ssl=1 800w, https:\/\/i0.wp.com\/mouldsart.com\/wp-content\/uploads\/2025\/07\/pot.jpg?resize=700%2C700&amp;ssl=1 700w, https:\/\/i0.wp.com\/mouldsart.com\/wp-content\/uploads\/2025\/07\/pot.jpg?resize=100%2C100&amp;ssl=1 100w\" sizes=\"(max-width: 800px) 100vw, 800px\" \/><\/div><\/a>\n\t\t\t\t<div class=\"elementor-post__badge\">Formy niestandardowe<\/div>\n\t\t\t\t<div class=\"elementor-post__text\">\n\t\t\t\t<h2 class=\"elementor-post__title\">\n\t\t\t<a href=\"https:\/\/mouldsart.com\/pl\/pot-mold\/\" >\n\t\t\t\tDoniczka okr\u0105g\u0142a\t\t\t<\/a>\n\t\t<\/h2>\n\t\t\t\t<div class=\"elementor-post__excerpt\">\n\t\t\t<p>Okr\u0105g\u0142a donica Ta zaprojektowana na zam\u00f3wienie okr\u0105g\u0142a donica \u0142\u0105czy funkcjonalno\u015b\u0107 z estetyk\u0105. Jej kszta\u0142t pozwala na r\u00f3wnomierne roz\u0142o\u017cenie obci\u0105\u017cenia i sprawia, \u017ce nadaje si\u0119 do r\u00f3\u017cnorodnych zastosowa\u0144 w ogrodnictwie i architekturze. Takie podej\u015bcie<\/p>\n\t\t<\/div>\n\t\t\n\t\t<a class=\"elementor-post__read-more\" href=\"https:\/\/mouldsart.com\/pl\/pot-mold\/\" aria-label=\"Przeczytaj wi\u0119cej o doniczce okr\u0105g\u0142ej\" tabindex=\"-1\" >\n\t\t\tCzyta\u0107 &quot;\t\t<\/a>\n\n\t\t\t\t<\/div>\n\t\t\t\t<div class=\"elementor-post__meta-data\">\n\t\t\t\t\t<span class=\"elementor-post-date\">\n\t\t\t21.07.2025\t\t<\/span>\n\t\t\t\t<\/div>\n\t\t\t\t\t<\/div>\n\t\t<\/article>\n\t\t\t\t<\/div>\n\t\t\n\t\t\t\t\t\t<\/div>\n\t\t\t\t<\/div>\n\t\t\t\t\t<\/div>\n\t\t\t\t<\/div>\n\t\t\t\t<\/div>","protected":false},"excerpt":{"rendered":"<p>Formy betonowe na zam\u00f3wienie<\/p>","protected":false},"author":4,"featured_media":0,"parent":0,"menu_order":0,"comment_status":"closed","ping_status":"closed","template":"","meta":{"_kad_post_transparent":"","_kad_post_title":"hide","_kad_post_layout":"fullwidth","_kad_post_sidebar_id":"","_kad_post_content_style":"unboxed","_kad_post_vertical_padding":"hide","_kad_post_feature":"hide","_kad_post_feature_position":"","_kad_post_header":false,"_kad_post_footer":false,"footnotes":""},"class_list":["post-4846","page","type-page","status-publish","hentry"],"acf":[],"yoast_head":"<!-- This site is optimized with the Yoast SEO plugin v23.1 - https:\/\/yoast.com\/wordpress\/plugins\/seo\/ -->\n<title>Custom concrete molds. Moulds for casting from the manufacturer<\/title>\n<meta name=\"description\" content=\"\ud83d\udd25Mold manufacturer for concrete products. Customized molds for vases, statues, fountains. Any product from idea to realization.\" \/>\n<meta name=\"robots\" content=\"index, follow, max-snippet:-1, max-image-preview:large, max-video-preview:-1\" \/>\n<link rel=\"canonical\" href=\"https:\/\/mouldsart.com\/pl\/niestandardowe-formy-betonowe\/\" \/>\n<meta property=\"og:locale\" content=\"pl_PL\" \/>\n<meta property=\"og:type\" content=\"article\" \/>\n<meta property=\"og:title\" content=\"Custom concrete molds. Moulds for casting from the manufacturer\" \/>\n<meta property=\"og:description\" content=\"\ud83d\udd25Mold manufacturer for concrete products. Customized molds for vases, statues, fountains. Any product from idea to realization.\" \/>\n<meta property=\"og:url\" content=\"https:\/\/mouldsart.com\/pl\/niestandardowe-formy-betonowe\/\" \/>\n<meta property=\"article:publisher\" content=\"https:\/\/www.facebook.com\/pc.vivat\" \/>\n<meta property=\"article:modified_time\" content=\"2025-07-23T13:36:13+00:00\" \/>\n<meta name=\"twitter:card\" content=\"summary_large_image\" \/>\n<meta name=\"twitter:label1\" content=\"Szacowany czas czytania\" \/>\n\t<meta name=\"twitter:data1\" content=\"1 minuta\" \/>\n<script type=\"application\/ld+json\" class=\"yoast-schema-graph\">{\"@context\":\"https:\/\/schema.org\",\"@graph\":[{\"@type\":\"WebPage\",\"@id\":\"https:\/\/mouldsart.com\/custom-concrete-molds\/\",\"url\":\"https:\/\/mouldsart.com\/custom-concrete-molds\/\",\"name\":\"Custom concrete molds. Moulds for casting from the manufacturer\",\"isPartOf\":{\"@id\":\"https:\/\/mouldsart.com\/#website\"},\"datePublished\":\"2024-06-05T07:47:40+00:00\",\"dateModified\":\"2025-07-23T13:36:13+00:00\",\"description\":\"\ud83d\udd25Mold manufacturer for concrete products. Customized molds for vases, statues, fountains. Any product from idea to realization.\",\"breadcrumb\":{\"@id\":\"https:\/\/mouldsart.com\/custom-concrete-molds\/#breadcrumb\"},\"inLanguage\":\"pl-PL\",\"potentialAction\":[{\"@type\":\"ReadAction\",\"target\":[\"https:\/\/mouldsart.com\/custom-concrete-molds\/\"]}]},{\"@type\":\"BreadcrumbList\",\"@id\":\"https:\/\/mouldsart.com\/custom-concrete-molds\/#breadcrumb\",\"itemListElement\":[{\"@type\":\"ListItem\",\"position\":1,\"name\":\"\u0413\u043b\u0430\u0432\u043d\u0430\u044f \u0441\u0442\u0440\u0430\u043d\u0438\u0446\u0430\",\"item\":\"https:\/\/mouldsart.com\/\"},{\"@type\":\"ListItem\",\"position\":2,\"name\":\"Custom concrete molds\"}]},{\"@type\":\"WebSite\",\"@id\":\"https:\/\/mouldsart.com\/#website\",\"url\":\"https:\/\/mouldsart.com\/\",\"name\":\"Moulds\",\"description\":\"\",\"publisher\":{\"@id\":\"https:\/\/mouldsart.com\/#organization\"},\"potentialAction\":[{\"@type\":\"SearchAction\",\"target\":{\"@type\":\"EntryPoint\",\"urlTemplate\":\"https:\/\/mouldsart.com\/?s={search_term_string}\"},\"query-input\":\"required name=search_term_string\"}],\"inLanguage\":\"pl-PL\"},{\"@type\":\"Organization\",\"@id\":\"https:\/\/mouldsart.com\/#organization\",\"name\":\"Vivat\",\"url\":\"https:\/\/mouldsart.com\/\",\"logo\":{\"@type\":\"ImageObject\",\"inLanguage\":\"pl-PL\",\"@id\":\"https:\/\/mouldsart.com\/#\/schema\/logo\/image\/\",\"url\":\"https:\/\/i0.wp.com\/mouldsart.com\/wp-content\/uploads\/2025\/05\/cropped-logo1.png?fit=1080%2C558&ssl=1\",\"contentUrl\":\"https:\/\/i0.wp.com\/mouldsart.com\/wp-content\/uploads\/2025\/05\/cropped-logo1.png?fit=1080%2C558&ssl=1\",\"width\":1080,\"height\":558,\"caption\":\"Vivat\"},\"image\":{\"@id\":\"https:\/\/mouldsart.com\/#\/schema\/logo\/image\/\"},\"sameAs\":[\"https:\/\/www.facebook.com\/pc.vivat\",\"https:\/\/www.instagram.com\/pc_vivat\/\"]}]}<\/script>\n<!-- \/ Yoast SEO plugin. -->","yoast_head_json":{"title":"Formy do betonu na zam\u00f3wienie. Formy do odlewania od producenta","description":"\ud83d\udd25Producent form do wyrob\u00f3w betonowych. Indywidualne formy do wazon\u00f3w, pos\u0105g\u00f3w, fontann. Ka\u017cdy produkt od pomys\u0142u do realizacji.","robots":{"index":"index","follow":"follow","max-snippet":"max-snippet:-1","max-image-preview":"max-image-preview:large","max-video-preview":"max-video-preview:-1"},"canonical":"https:\/\/mouldsart.com\/pl\/niestandardowe-formy-betonowe\/","og_locale":"pl_PL","og_type":"article","og_title":"Custom concrete molds. Moulds for casting from the manufacturer","og_description":"\ud83d\udd25Mold manufacturer for concrete products. Customized molds for vases, statues, fountains. Any product from idea to realization.","og_url":"https:\/\/mouldsart.com\/pl\/niestandardowe-formy-betonowe\/","article_publisher":"https:\/\/www.facebook.com\/pc.vivat","article_modified_time":"2025-07-23T13:36:13+00:00","twitter_card":"summary_large_image","twitter_misc":{"Szacowany czas czytania":"1 minuta"},"schema":{"@context":"https:\/\/schema.org","@graph":[{"@type":"WebPage","@id":"https:\/\/mouldsart.com\/custom-concrete-molds\/","url":"https:\/\/mouldsart.com\/custom-concrete-molds\/","name":"Formy do betonu na zam\u00f3wienie. Formy do odlewania od producenta","isPartOf":{"@id":"https:\/\/mouldsart.com\/#website"},"datePublished":"2024-06-05T07:47:40+00:00","dateModified":"2025-07-23T13:36:13+00:00","description":"\ud83d\udd25Producent form do wyrob\u00f3w betonowych. Indywidualne formy do wazon\u00f3w, pos\u0105g\u00f3w, fontann. Ka\u017cdy produkt od pomys\u0142u do realizacji.","breadcrumb":{"@id":"https:\/\/mouldsart.com\/custom-concrete-molds\/#breadcrumb"},"inLanguage":"pl-PL","potentialAction":[{"@type":"ReadAction","target":["https:\/\/mouldsart.com\/custom-concrete-molds\/"]}]},{"@type":"BreadcrumbList","@id":"https:\/\/mouldsart.com\/custom-concrete-molds\/#breadcrumb","itemListElement":[{"@type":"ListItem","position":1,"name":"\u0413\u043b\u0430\u0432\u043d\u0430\u044f \u0441\u0442\u0440\u0430\u043d\u0438\u0446\u0430","item":"https:\/\/mouldsart.com\/"},{"@type":"ListItem","position":2,"name":"Custom concrete molds"}]},{"@type":"WebSite","@id":"https:\/\/mouldsart.com\/#website","url":"https:\/\/mouldsart.com\/","name":"Formy","description":"","publisher":{"@id":"https:\/\/mouldsart.com\/#organization"},"potentialAction":[{"@type":"SearchAction","target":{"@type":"EntryPoint","urlTemplate":"https:\/\/mouldsart.com\/?s={search_term_string}"},"query-input":"required name=search_term_string"}],"inLanguage":"pl-PL"},{"@type":"Organization","@id":"https:\/\/mouldsart.com\/#organization","name":"\u017by\u0107","url":"https:\/\/mouldsart.com\/","logo":{"@type":"ImageObject","inLanguage":"pl-PL","@id":"https:\/\/mouldsart.com\/#\/schema\/logo\/image\/","url":"https:\/\/i0.wp.com\/mouldsart.com\/wp-content\/uploads\/2025\/05\/cropped-logo1.png?fit=1080%2C558&ssl=1","contentUrl":"https:\/\/i0.wp.com\/mouldsart.com\/wp-content\/uploads\/2025\/05\/cropped-logo1.png?fit=1080%2C558&ssl=1","width":1080,"height":558,"caption":"Vivat"},"image":{"@id":"https:\/\/mouldsart.com\/#\/schema\/logo\/image\/"},"sameAs":["https:\/\/www.facebook.com\/pc.vivat","https:\/\/www.instagram.com\/pc_vivat\/"]}]}},"jetpack_sharing_enabled":true,"_links":{"self":[{"href":"https:\/\/mouldsart.com\/pl\/wp-json\/wp\/v2\/pages\/4846","targetHints":{"allow":["GET"]}}],"collection":[{"href":"https:\/\/mouldsart.com\/pl\/wp-json\/wp\/v2\/pages"}],"about":[{"href":"https:\/\/mouldsart.com\/pl\/wp-json\/wp\/v2\/types\/page"}],"author":[{"embeddable":true,"href":"https:\/\/mouldsart.com\/pl\/wp-json\/wp\/v2\/users\/4"}],"replies":[{"embeddable":true,"href":"https:\/\/mouldsart.com\/pl\/wp-json\/wp\/v2\/comments?post=4846"}],"version-history":[{"count":154,"href":"https:\/\/mouldsart.com\/pl\/wp-json\/wp\/v2\/pages\/4846\/revisions"}],"predecessor-version":[{"id":8066,"href":"https:\/\/mouldsart.com\/pl\/wp-json\/wp\/v2\/pages\/4846\/revisions\/8066"}],"wp:attachment":[{"href":"https:\/\/mouldsart.com\/pl\/wp-json\/wp\/v2\/media?parent=4846"}],"curies":[{"name":"wp","href":"https:\/\/api.w.org\/{rel}","templated":true}]}}