{"id":4177,"date":"2023-10-31T12:29:23","date_gmt":"2023-10-31T09:29:23","guid":{"rendered":"https:\/\/mouldsart.com\/?page_id=4177"},"modified":"2025-04-29T10:08:36","modified_gmt":"2025-04-29T07:08:36","slug":"moulds-delivery","status":"publish","type":"page","link":"https:\/\/mouldsart.com\/pl\/dostawa-form\/","title":{"rendered":"Dostawa"},"content":{"rendered":"<div data-elementor-type=\"wp-page\" data-elementor-id=\"4177\" class=\"elementor elementor-4177\" data-elementor-post-type=\"page\">\n\t\t\t\t<div class=\"elementor-element elementor-element-2e8352d e-flex e-con-boxed e-con e-parent\" data-id=\"2e8352d\" data-element_type=\"container\" data-e-type=\"container\">\n\t\t\t\t\t<div class=\"e-con-inner\">\n\t\t\t\t<div class=\"elementor-element elementor-element-d32e4e3 elementor-widget elementor-widget-heading\" data-id=\"d32e4e3\" data-element_type=\"widget\" data-e-type=\"widget\" data-widget_type=\"heading.default\">\n\t\t\t\t<div class=\"elementor-widget-container\">\n\t\t\t\t\t<h1 class=\"elementor-heading-title elementor-size-default\">Dostawa form<\/h1>\t\t\t\t<\/div>\n\t\t\t\t<\/div>\n\t\t\t\t\t<\/div>\n\t\t\t\t<\/div>\n\t\t<div class=\"elementor-element elementor-element-b26eb45 e-flex e-con-boxed e-con e-parent\" data-id=\"b26eb45\" data-element_type=\"container\" data-e-type=\"container\">\n\t\t\t\t\t<div class=\"e-con-inner\">\n\t\t\t\t<div class=\"elementor-element elementor-element-2992b76 elementor-widget elementor-widget-text-editor\" data-id=\"2992b76\" data-element_type=\"widget\" data-e-type=\"widget\" data-widget_type=\"text-editor.default\">\n\t\t\t\t<div class=\"elementor-widget-container\">\n\t\t\t\t\t\t\t\t\t<p>Szanowni Partnerzy, dostarczamy nasze produkty do wszystkich kraj\u00f3w Unii Europejskiej.<\/p><h2><strong>Formacja zam\u00f3wienia<\/strong><\/h2><ul><li>Mo\u017cesz z\u0142o\u017cy\u0107 zam\u00f3wienie, sk\u0142adaj\u0105c zam\u00f3wienie na naszej stronie internetowej za po\u015brednictwem koszyka zakup\u00f3w. Ponadto, w celu z\u0142o\u017cenia zam\u00f3wienia mo\u017cesz napisa\u0107 do nas w jednym z komunikator\u00f3w (mail, Viber, WhatsApp, Telegram).<\/li><li>Po otrzymaniu wniosku od klienta, wyliczymy koszt zam\u00f3wienia (je\u015bli jest to zam\u00f3wienie indywidualne), obliczymy koszt dostawy, uzgodnimy warunki wykonania produktu i warunki p\u0142atno\u015bci. W razie potrzeby, koordynujemy wszystkie rysunki przed podpisaniem umowy dostawy.<\/li><li>Podpisujemy umow\u0119 sprzeda\u017cy na wcze\u015bniej ustalonych warunkach.<\/li><\/ul><h2><strong>Dostawa<\/strong><\/h2><p>Dostawa odbywa si\u0119 zgodnie z zasadami Incoterms 2024 ustalonymi wcze\u015bniej z Klientem przy sk\u0142adaniu zam\u00f3wienia.<\/p><h2><strong>Warunki<\/strong><\/h2><p>Czas dostawy mo\u017ce si\u0119 r\u00f3\u017cni\u0107 w zale\u017cno\u015bci od wielko\u015bci zam\u00f3wienia. Jest on ustalany indywidualnie na etapie sk\u0142adania zam\u00f3wienia i podpisywania umowy.<\/p>\t\t\t\t\t\t\t\t<\/div>\n\t\t\t\t<\/div>\n\t\t\t\t\t<\/div>\n\t\t\t\t<\/div>\n\t\t\t\t<\/div>","protected":false},"excerpt":{"rendered":"<p>Dostawa form Szanowni partnerzy, dostarczamy produkty do wszystkich kraj\u00f3w Unii Europejskiej. Sk\u0142adanie zam\u00f3wienia Zam\u00f3wienia mo\u017cna sk\u0142ada\u0107, sk\u0142adaj\u0105c zam\u00f3wienie na naszej stronie internetowej za po\u015brednictwem koszyka. Ponadto, w celu z\u0142o\u017cenia zam\u00f3wienia, mo\u017cna napisa\u0107 do nas w jednym z komunikator\u00f3w (mail, Viber, WhatsApp, Telegram). Po otrzymaniu zapytania od klienta,\u2026<\/p>","protected":false},"author":4,"featured_media":0,"parent":0,"menu_order":0,"comment_status":"closed","ping_status":"closed","template":"","meta":{"_kad_post_transparent":"","_kad_post_title":"hide","_kad_post_layout":"fullwidth","_kad_post_sidebar_id":"","_kad_post_content_style":"unboxed","_kad_post_vertical_padding":"hide","_kad_post_feature":"hide","_kad_post_feature_position":"","_kad_post_header":false,"_kad_post_footer":false,"footnotes":""},"class_list":["post-4177","page","type-page","status-publish","hentry"],"acf":[],"yoast_head":"<!-- This site is optimized with the Yoast SEO plugin v23.1 - https:\/\/yoast.com\/wordpress\/plugins\/seo\/ -->\n<title>Rules for delivery of moulds for the production of concrete products<\/title>\n<meta name=\"description\" content=\"We ship moulds all over the world. Order concrete moulds on the website from the manufacturer Vivat\" \/>\n<meta name=\"robots\" content=\"index, follow, max-snippet:-1, max-image-preview:large, max-video-preview:-1\" \/>\n<link rel=\"canonical\" href=\"https:\/\/mouldsart.com\/pl\/dostawa-form\/\" \/>\n<meta property=\"og:locale\" content=\"pl_PL\" \/>\n<meta property=\"og:type\" content=\"article\" \/>\n<meta property=\"og:title\" content=\"Rules for delivery of moulds for the production of concrete products\" \/>\n<meta property=\"og:description\" content=\"We ship moulds all over the world. Order concrete moulds on the website from the manufacturer Vivat\" \/>\n<meta property=\"og:url\" content=\"https:\/\/mouldsart.com\/pl\/dostawa-form\/\" \/>\n<meta property=\"article:publisher\" content=\"https:\/\/www.facebook.com\/pc.vivat\" \/>\n<meta property=\"article:modified_time\" content=\"2025-04-29T07:08:36+00:00\" \/>\n<meta name=\"twitter:card\" content=\"summary_large_image\" \/>\n<meta name=\"twitter:label1\" content=\"Szacowany czas czytania\" \/>\n\t<meta name=\"twitter:data1\" content=\"1 minuta\" \/>\n<script type=\"application\/ld+json\" class=\"yoast-schema-graph\">{\"@context\":\"https:\/\/schema.org\",\"@graph\":[{\"@type\":\"WebPage\",\"@id\":\"https:\/\/mouldsart.com\/moulds-delivery\/\",\"url\":\"https:\/\/mouldsart.com\/moulds-delivery\/\",\"name\":\"Rules for delivery of moulds for the production of concrete products\",\"isPartOf\":{\"@id\":\"https:\/\/mouldsart.com\/#website\"},\"datePublished\":\"2023-10-31T09:29:23+00:00\",\"dateModified\":\"2025-04-29T07:08:36+00:00\",\"description\":\"We ship moulds all over the world. Order concrete moulds on the website from the manufacturer Vivat\",\"breadcrumb\":{\"@id\":\"https:\/\/mouldsart.com\/moulds-delivery\/#breadcrumb\"},\"inLanguage\":\"pl-PL\",\"potentialAction\":[{\"@type\":\"ReadAction\",\"target\":[\"https:\/\/mouldsart.com\/moulds-delivery\/\"]}]},{\"@type\":\"BreadcrumbList\",\"@id\":\"https:\/\/mouldsart.com\/moulds-delivery\/#breadcrumb\",\"itemListElement\":[{\"@type\":\"ListItem\",\"position\":1,\"name\":\"\u0413\u043b\u0430\u0432\u043d\u0430\u044f \u0441\u0442\u0440\u0430\u043d\u0438\u0446\u0430\",\"item\":\"https:\/\/mouldsart.com\/\"},{\"@type\":\"ListItem\",\"position\":2,\"name\":\"Delivery\"}]},{\"@type\":\"WebSite\",\"@id\":\"https:\/\/mouldsart.com\/#website\",\"url\":\"https:\/\/mouldsart.com\/\",\"name\":\"Moulds\",\"description\":\"\",\"publisher\":{\"@id\":\"https:\/\/mouldsart.com\/#organization\"},\"potentialAction\":[{\"@type\":\"SearchAction\",\"target\":{\"@type\":\"EntryPoint\",\"urlTemplate\":\"https:\/\/mouldsart.com\/?s={search_term_string}\"},\"query-input\":\"required name=search_term_string\"}],\"inLanguage\":\"pl-PL\"},{\"@type\":\"Organization\",\"@id\":\"https:\/\/mouldsart.com\/#organization\",\"name\":\"Vivat\",\"url\":\"https:\/\/mouldsart.com\/\",\"logo\":{\"@type\":\"ImageObject\",\"inLanguage\":\"pl-PL\",\"@id\":\"https:\/\/mouldsart.com\/#\/schema\/logo\/image\/\",\"url\":\"https:\/\/i0.wp.com\/mouldsart.com\/wp-content\/uploads\/2025\/05\/cropped-logo1.png?fit=1080%2C558&ssl=1\",\"contentUrl\":\"https:\/\/i0.wp.com\/mouldsart.com\/wp-content\/uploads\/2025\/05\/cropped-logo1.png?fit=1080%2C558&ssl=1\",\"width\":1080,\"height\":558,\"caption\":\"Vivat\"},\"image\":{\"@id\":\"https:\/\/mouldsart.com\/#\/schema\/logo\/image\/\"},\"sameAs\":[\"https:\/\/www.facebook.com\/pc.vivat\",\"https:\/\/www.instagram.com\/pc_vivat\/\"]}]}<\/script>\n<!-- \/ Yoast SEO plugin. -->","yoast_head_json":{"title":"Zasady dostarczania form do produkcji wyrob\u00f3w betonowych","description":"Wysy\u0142amy formy na ca\u0142y \u015bwiat. Zam\u00f3w formy betonowe na stronie internetowej od producenta Vivat","robots":{"index":"index","follow":"follow","max-snippet":"max-snippet:-1","max-image-preview":"max-image-preview:large","max-video-preview":"max-video-preview:-1"},"canonical":"https:\/\/mouldsart.com\/pl\/dostawa-form\/","og_locale":"pl_PL","og_type":"article","og_title":"Rules for delivery of moulds for the production of concrete products","og_description":"We ship moulds all over the world. Order concrete moulds on the website from the manufacturer Vivat","og_url":"https:\/\/mouldsart.com\/pl\/dostawa-form\/","article_publisher":"https:\/\/www.facebook.com\/pc.vivat","article_modified_time":"2025-04-29T07:08:36+00:00","twitter_card":"summary_large_image","twitter_misc":{"Szacowany czas czytania":"1 minuta"},"schema":{"@context":"https:\/\/schema.org","@graph":[{"@type":"WebPage","@id":"https:\/\/mouldsart.com\/moulds-delivery\/","url":"https:\/\/mouldsart.com\/moulds-delivery\/","name":"Zasady dostarczania form do produkcji wyrob\u00f3w betonowych","isPartOf":{"@id":"https:\/\/mouldsart.com\/#website"},"datePublished":"2023-10-31T09:29:23+00:00","dateModified":"2025-04-29T07:08:36+00:00","description":"Wysy\u0142amy formy na ca\u0142y \u015bwiat. Zam\u00f3w formy betonowe na stronie internetowej od producenta Vivat","breadcrumb":{"@id":"https:\/\/mouldsart.com\/moulds-delivery\/#breadcrumb"},"inLanguage":"pl-PL","potentialAction":[{"@type":"ReadAction","target":["https:\/\/mouldsart.com\/moulds-delivery\/"]}]},{"@type":"BreadcrumbList","@id":"https:\/\/mouldsart.com\/moulds-delivery\/#breadcrumb","itemListElement":[{"@type":"ListItem","position":1,"name":"\u0413\u043b\u0430\u0432\u043d\u0430\u044f \u0441\u0442\u0440\u0430\u043d\u0438\u0446\u0430","item":"https:\/\/mouldsart.com\/"},{"@type":"ListItem","position":2,"name":"Delivery"}]},{"@type":"WebSite","@id":"https:\/\/mouldsart.com\/#website","url":"https:\/\/mouldsart.com\/","name":"Formy","description":"","publisher":{"@id":"https:\/\/mouldsart.com\/#organization"},"potentialAction":[{"@type":"SearchAction","target":{"@type":"EntryPoint","urlTemplate":"https:\/\/mouldsart.com\/?s={search_term_string}"},"query-input":"required name=search_term_string"}],"inLanguage":"pl-PL"},{"@type":"Organization","@id":"https:\/\/mouldsart.com\/#organization","name":"\u017by\u0107","url":"https:\/\/mouldsart.com\/","logo":{"@type":"ImageObject","inLanguage":"pl-PL","@id":"https:\/\/mouldsart.com\/#\/schema\/logo\/image\/","url":"https:\/\/i0.wp.com\/mouldsart.com\/wp-content\/uploads\/2025\/05\/cropped-logo1.png?fit=1080%2C558&ssl=1","contentUrl":"https:\/\/i0.wp.com\/mouldsart.com\/wp-content\/uploads\/2025\/05\/cropped-logo1.png?fit=1080%2C558&ssl=1","width":1080,"height":558,"caption":"Vivat"},"image":{"@id":"https:\/\/mouldsart.com\/#\/schema\/logo\/image\/"},"sameAs":["https:\/\/www.facebook.com\/pc.vivat","https:\/\/www.instagram.com\/pc_vivat\/"]}]}},"jetpack_sharing_enabled":true,"_links":{"self":[{"href":"https:\/\/mouldsart.com\/pl\/wp-json\/wp\/v2\/pages\/4177","targetHints":{"allow":["GET"]}}],"collection":[{"href":"https:\/\/mouldsart.com\/pl\/wp-json\/wp\/v2\/pages"}],"about":[{"href":"https:\/\/mouldsart.com\/pl\/wp-json\/wp\/v2\/types\/page"}],"author":[{"embeddable":true,"href":"https:\/\/mouldsart.com\/pl\/wp-json\/wp\/v2\/users\/4"}],"replies":[{"embeddable":true,"href":"https:\/\/mouldsart.com\/pl\/wp-json\/wp\/v2\/comments?post=4177"}],"version-history":[{"count":62,"href":"https:\/\/mouldsart.com\/pl\/wp-json\/wp\/v2\/pages\/4177\/revisions"}],"predecessor-version":[{"id":7008,"href":"https:\/\/mouldsart.com\/pl\/wp-json\/wp\/v2\/pages\/4177\/revisions\/7008"}],"wp:attachment":[{"href":"https:\/\/mouldsart.com\/pl\/wp-json\/wp\/v2\/media?parent=4177"}],"curies":[{"name":"wp","href":"https:\/\/api.w.org\/{rel}","templated":true}]}}