{"id":1366,"date":"2023-09-20T14:54:08","date_gmt":"2023-09-20T11:54:08","guid":{"rendered":"https:\/\/mouldsart.com\/?page_id=1366"},"modified":"2025-07-02T11:37:34","modified_gmt":"2025-07-02T08:37:34","slug":"brochures","status":"publish","type":"page","link":"https:\/\/mouldsart.com\/pl\/broszury\/","title":{"rendered":"Broszury"},"content":{"rendered":"<div data-elementor-type=\"wp-page\" data-elementor-id=\"1366\" class=\"elementor elementor-1366\" data-elementor-post-type=\"page\">\n\t\t\t\t<div class=\"elementor-element elementor-element-ce2d297 e-flex e-con-boxed e-con e-parent\" data-id=\"ce2d297\" data-element_type=\"container\" data-e-type=\"container\">\n\t\t\t\t\t<div class=\"e-con-inner\">\n\t\t\t\t<div class=\"elementor-element elementor-element-b97b562 elementor-widget elementor-widget-heading\" data-id=\"b97b562\" data-element_type=\"widget\" data-e-type=\"widget\" data-widget_type=\"heading.default\">\n\t\t\t\t<div class=\"elementor-widget-container\">\n\t\t\t\t\t<h1 class=\"elementor-heading-title elementor-size-default\">Broszury firmy VIVAT<\/h1>\t\t\t\t<\/div>\n\t\t\t\t<\/div>\n\t\t\t\t\t<\/div>\n\t\t\t\t<\/div>\n\t\t<div class=\"elementor-element elementor-element-d54049d e-flex e-con-boxed e-con e-parent\" data-id=\"d54049d\" data-element_type=\"container\" data-e-type=\"container\">\n\t\t\t\t\t<div class=\"e-con-inner\">\n\t\t<div class=\"elementor-element elementor-element-a2d1452 e-con-full e-flex e-con e-child\" data-id=\"a2d1452\" data-element_type=\"container\" data-e-type=\"container\">\n\t\t\t\t<div class=\"elementor-element elementor-element-a114736 elementor-widget elementor-widget-image\" data-id=\"a114736\" data-element_type=\"widget\" data-e-type=\"widget\" data-widget_type=\"image.default\">\n\t\t\t\t<div class=\"elementor-widget-container\">\n\t\t\t\t\t\t\t\t\t\t\t\t\t\t\t\t<a href=\"https:\/\/mouldsart.com\/wp-content\/uploads\/2025\/05\/Price-list-2025-modern.pdf\" target=\"_blank\">\n\t\t\t\t\t\t\t<img fetchpriority=\"high\" decoding=\"async\" width=\"737\" height=\"1024\" src=\"https:\/\/i0.wp.com\/mouldsart.com\/wp-content\/uploads\/2025\/05\/price1.jpg?fit=737%2C1024&amp;ssl=1\" class=\"attachment-large size-large wp-image-7640\" alt=\"\" srcset=\"https:\/\/i0.wp.com\/mouldsart.com\/wp-content\/uploads\/2025\/05\/price1.jpg?w=1080&amp;ssl=1 1080w, https:\/\/i0.wp.com\/mouldsart.com\/wp-content\/uploads\/2025\/05\/price1.jpg?resize=216%2C300&amp;ssl=1 216w, https:\/\/i0.wp.com\/mouldsart.com\/wp-content\/uploads\/2025\/05\/price1.jpg?resize=737%2C1024&amp;ssl=1 737w, https:\/\/i0.wp.com\/mouldsart.com\/wp-content\/uploads\/2025\/05\/price1.jpg?resize=768%2C1067&amp;ssl=1 768w, https:\/\/i0.wp.com\/mouldsart.com\/wp-content\/uploads\/2025\/05\/price1.jpg?resize=9%2C12&amp;ssl=1 9w, https:\/\/i0.wp.com\/mouldsart.com\/wp-content\/uploads\/2025\/05\/price1.jpg?resize=700%2C973&amp;ssl=1 700w\" sizes=\"(max-width: 737px) 100vw, 737px\" \/>\t\t\t\t\t\t\t\t<\/a>\n\t\t\t\t\t\t\t\t\t\t\t\t\t\t\t<\/div>\n\t\t\t\t<\/div>\n\t\t\t\t<\/div>\n\t\t<div class=\"elementor-element elementor-element-6537b91 e-con-full e-flex e-con e-child\" data-id=\"6537b91\" data-element_type=\"container\" data-e-type=\"container\">\n\t\t\t\t<div class=\"elementor-element elementor-element-e2f5a15 elementor-widget elementor-widget-heading\" data-id=\"e2f5a15\" data-element_type=\"widget\" data-e-type=\"widget\" data-widget_type=\"heading.default\">\n\t\t\t\t<div class=\"elementor-widget-container\">\n\t\t\t\t\t<h2 class=\"elementor-heading-title elementor-size-default\"><a href=\"https:\/\/mouldsart.com\/wp-content\/uploads\/2025\/05\/Price-list-2025-modern.pdf\" target=\"_blank\">Cennik serii form przemys\u0142owych<\/a><\/h2>\t\t\t\t<\/div>\n\t\t\t\t<\/div>\n\t\t\t\t<div class=\"elementor-element elementor-element-21ee334 elementor-widget__width-initial elementor-widget elementor-widget-text-editor\" data-id=\"21ee334\" data-element_type=\"widget\" data-e-type=\"widget\" data-widget_type=\"text-editor.default\">\n\t\t\t\t<div class=\"elementor-widget-container\">\n\t\t\t\t\t\t\t\t\t<p>W tym katalogu znajdziesz asortyment form do doniczek, \u0142awek, fontann w nowoczesnym stylu<\/p>\t\t\t\t\t\t\t\t<\/div>\n\t\t\t\t<\/div>\n\t\t\t\t<\/div>\n\t\t\t\t\t<\/div>\n\t\t\t\t<\/div>\n\t\t<div class=\"elementor-element elementor-element-82a20a4 e-flex e-con-boxed e-con e-parent\" data-id=\"82a20a4\" data-element_type=\"container\" data-e-type=\"container\">\n\t\t\t\t\t<div class=\"e-con-inner\">\n\t\t<div class=\"elementor-element elementor-element-4f720e3 e-con-full e-flex e-con e-child\" data-id=\"4f720e3\" data-element_type=\"container\" data-e-type=\"container\">\n\t\t\t\t<div class=\"elementor-element elementor-element-06d4e09 elementor-widget elementor-widget-image\" data-id=\"06d4e09\" data-element_type=\"widget\" data-e-type=\"widget\" data-widget_type=\"image.default\">\n\t\t\t\t<div class=\"elementor-widget-container\">\n\t\t\t\t\t\t\t\t\t\t\t\t\t\t\t\t<a href=\"https:\/\/mouldsart.com\/wp-content\/uploads\/2025\/05\/Price-list-2025.pdf\" target=\"_blank\">\n\t\t\t\t\t\t\t<img decoding=\"async\" width=\"737\" height=\"1024\" src=\"https:\/\/i0.wp.com\/mouldsart.com\/wp-content\/uploads\/2025\/05\/price.jpg?fit=737%2C1024&amp;ssl=1\" class=\"attachment-large size-large wp-image-7639\" alt=\"\" srcset=\"https:\/\/i0.wp.com\/mouldsart.com\/wp-content\/uploads\/2025\/05\/price.jpg?w=1080&amp;ssl=1 1080w, https:\/\/i0.wp.com\/mouldsart.com\/wp-content\/uploads\/2025\/05\/price.jpg?resize=216%2C300&amp;ssl=1 216w, https:\/\/i0.wp.com\/mouldsart.com\/wp-content\/uploads\/2025\/05\/price.jpg?resize=737%2C1024&amp;ssl=1 737w, https:\/\/i0.wp.com\/mouldsart.com\/wp-content\/uploads\/2025\/05\/price.jpg?resize=768%2C1067&amp;ssl=1 768w, https:\/\/i0.wp.com\/mouldsart.com\/wp-content\/uploads\/2025\/05\/price.jpg?resize=9%2C12&amp;ssl=1 9w, https:\/\/i0.wp.com\/mouldsart.com\/wp-content\/uploads\/2025\/05\/price.jpg?resize=700%2C973&amp;ssl=1 700w\" sizes=\"(max-width: 737px) 100vw, 737px\" \/>\t\t\t\t\t\t\t\t<\/a>\n\t\t\t\t\t\t\t\t\t\t\t\t\t\t\t<\/div>\n\t\t\t\t<\/div>\n\t\t\t\t<\/div>\n\t\t<div class=\"elementor-element elementor-element-0cd2598 e-con-full e-flex e-con e-child\" data-id=\"0cd2598\" data-element_type=\"container\" data-e-type=\"container\">\n\t\t\t\t<div class=\"elementor-element elementor-element-3ea11cf elementor-widget elementor-widget-heading\" data-id=\"3ea11cf\" data-element_type=\"widget\" data-e-type=\"widget\" data-widget_type=\"heading.default\">\n\t\t\t\t<div class=\"elementor-widget-container\">\n\t\t\t\t\t<h2 class=\"elementor-heading-title elementor-size-default\"><a href=\"https:\/\/mouldsart.com\/wp-content\/uploads\/2025\/05\/Price-list-2025.pdf\" target=\"_blank\">Cennik form serii klasycznej<\/a><\/h2>\t\t\t\t<\/div>\n\t\t\t\t<\/div>\n\t\t\t\t<div class=\"elementor-element elementor-element-d180bdc elementor-widget__width-initial elementor-widget elementor-widget-text-editor\" data-id=\"d180bdc\" data-element_type=\"widget\" data-e-type=\"widget\" data-widget_type=\"text-editor.default\">\n\t\t\t\t<div class=\"elementor-widget-container\">\n\t\t\t\t\t\t\t\t\t<p>W katalogu znajdziesz kszta\u0142ty klasycznych donic, \u0142awek, rze\u017ab i fontann<\/p>\t\t\t\t\t\t\t\t<\/div>\n\t\t\t\t<\/div>\n\t\t\t\t<\/div>\n\t\t\t\t\t<\/div>\n\t\t\t\t<\/div>\n\t\t<div class=\"elementor-element elementor-element-fc7c018 e-flex e-con-boxed e-con e-parent\" data-id=\"fc7c018\" data-element_type=\"container\" data-e-type=\"container\">\n\t\t\t\t\t<div class=\"e-con-inner\">\n\t\t<div class=\"elementor-element elementor-element-10b0c65 e-con-full e-flex e-con e-child\" data-id=\"10b0c65\" data-element_type=\"container\" data-e-type=\"container\">\n\t\t\t\t<div class=\"elementor-element elementor-element-e5a8a0f elementor-widget elementor-widget-image\" data-id=\"e5a8a0f\" data-element_type=\"widget\" data-e-type=\"widget\" data-widget_type=\"image.default\">\n\t\t\t\t<div class=\"elementor-widget-container\">\n\t\t\t\t\t\t\t\t\t\t\t\t\t\t\t\t<a href=\"https:\/\/mouldsart.com\/wp-content\/uploads\/2025\/07\/Vivat.Catalogue.Molds_.2025.pdf\" target=\"_blank\">\n\t\t\t\t\t\t\t<img decoding=\"async\" src=\"https:\/\/i0.wp.com\/mouldsart.com\/wp-content\/uploads\/2025\/02\/katalog.jpg?fit=220%2C311&#038;ssl=1\" title=\"katalog\" alt=\"katalog\" loading=\"lazy\" \/>\t\t\t\t\t\t\t\t<\/a>\n\t\t\t\t\t\t\t\t\t\t\t\t\t\t\t<\/div>\n\t\t\t\t<\/div>\n\t\t\t\t<\/div>\n\t\t<div class=\"elementor-element elementor-element-9a41dae e-con-full e-flex e-con e-child\" data-id=\"9a41dae\" data-element_type=\"container\" data-e-type=\"container\">\n\t\t\t\t<div class=\"elementor-element elementor-element-60cb59d elementor-widget elementor-widget-heading\" data-id=\"60cb59d\" data-element_type=\"widget\" data-e-type=\"widget\" data-widget_type=\"heading.default\">\n\t\t\t\t<div class=\"elementor-widget-container\">\n\t\t\t\t\t<h2 class=\"elementor-heading-title elementor-size-default\"><a href=\"https:\/\/mouldsart.com\/wp-content\/uploads\/2025\/07\/Vivat.Catalogue.Molds_.2025.pdf\" target=\"_blank\">Formy do garnk\u00f3w, <span style=\"color: var(--global-palette3);background-color: transparent\">rze\u017aby<\/span><span style=\"color: var(--global-palette3);background-color: transparent\"><\/span><br><\/a><\/h2>\t\t\t\t<\/div>\n\t\t\t\t<\/div>\n\t\t\t\t<div class=\"elementor-element elementor-element-1134d64 elementor-widget__width-initial elementor-widget elementor-widget-text-editor\" data-id=\"1134d64\" data-element_type=\"widget\" data-e-type=\"widget\" data-widget_type=\"text-editor.default\">\n\t\t\t\t<div class=\"elementor-widget-container\">\n\t\t\t\t\t\t\t\t\t<p>Katalog oferuje szeroki wyb\u00f3r form nowoczesnych wazon\u00f3w i \u0142awek do teren\u00f3w zewn\u0119trznych i wewn\u0119trznych. R\u00f3\u017cne rozmiary i kszta\u0142ty pozwalaj\u0105 rozwi\u0105za\u0107 wszelkie problemy projektowe.<\/p>\t\t\t\t\t\t\t\t<\/div>\n\t\t\t\t<\/div>\n\t\t\t\t<\/div>\n\t\t\t\t\t<\/div>\n\t\t\t\t<\/div>\n\t\t\t\t<\/div>","protected":false},"excerpt":{"rendered":"<p>Ulotki firmy VIVAT Cennik form serii przemys\u0142owych W tym katalogu znajd\u0105 Pa\u0144stwo asortyment form do donic, \u0142awek, fontann w stylu nowoczesnym Cennik form serii klasycznych W katalogu znajd\u0105 Pa\u0144stwo kszta\u0142ty klasycznych donic, \u0142awek, rze\u017ab i fontann Formy do donic, rze\u017ab Katalog oferuje szeroki wyb\u00f3r\u2026<\/p>","protected":false},"author":4,"featured_media":0,"parent":0,"menu_order":0,"comment_status":"closed","ping_status":"closed","template":"","meta":{"_kad_post_transparent":"","_kad_post_title":"hide","_kad_post_layout":"fullwidth","_kad_post_sidebar_id":"","_kad_post_content_style":"unboxed","_kad_post_vertical_padding":"hide","_kad_post_feature":"hide","_kad_post_feature_position":"","_kad_post_header":false,"_kad_post_footer":false,"footnotes":""},"class_list":["post-1366","page","type-page","status-publish","hentry"],"acf":[],"yoast_head":"<!-- This site is optimized with the Yoast SEO plugin v23.1 - https:\/\/yoast.com\/wordpress\/plugins\/seo\/ -->\n<title>Catalog of molds for concrete products from the manufacturer<\/title>\n<meta name=\"description\" content=\"Catalogs of molds for concrete products. Vases, fountains, sculptures. Many different models, different sizes\" \/>\n<meta name=\"robots\" content=\"index, follow, max-snippet:-1, max-image-preview:large, max-video-preview:-1\" \/>\n<link rel=\"canonical\" href=\"https:\/\/mouldsart.com\/pl\/broszury\/\" \/>\n<meta property=\"og:locale\" content=\"pl_PL\" \/>\n<meta property=\"og:type\" content=\"article\" \/>\n<meta property=\"og:title\" content=\"Catalog of molds for concrete products from the manufacturer\" \/>\n<meta property=\"og:description\" content=\"Catalogs of molds for concrete products. Vases, fountains, sculptures. Many different models, different sizes\" \/>\n<meta property=\"og:url\" content=\"https:\/\/mouldsart.com\/pl\/broszury\/\" \/>\n<meta property=\"article:publisher\" content=\"https:\/\/www.facebook.com\/pc.vivat\" \/>\n<meta property=\"article:modified_time\" content=\"2025-07-02T08:37:34+00:00\" \/>\n<meta property=\"og:image\" content=\"https:\/\/mouldsart.com\/wp-content\/uploads\/2025\/05\/price1-737x1024.jpg\" \/>\n<meta name=\"twitter:card\" content=\"summary_large_image\" \/>\n<meta name=\"twitter:label1\" content=\"Szacowany czas czytania\" \/>\n\t<meta name=\"twitter:data1\" content=\"1 minuta\" \/>\n<script type=\"application\/ld+json\" class=\"yoast-schema-graph\">{\"@context\":\"https:\/\/schema.org\",\"@graph\":[{\"@type\":\"WebPage\",\"@id\":\"https:\/\/mouldsart.com\/brochures\/\",\"url\":\"https:\/\/mouldsart.com\/brochures\/\",\"name\":\"Catalog of molds for concrete products from the manufacturer\",\"isPartOf\":{\"@id\":\"https:\/\/mouldsart.com\/#website\"},\"primaryImageOfPage\":{\"@id\":\"https:\/\/mouldsart.com\/brochures\/#primaryimage\"},\"image\":{\"@id\":\"https:\/\/mouldsart.com\/brochures\/#primaryimage\"},\"thumbnailUrl\":\"https:\/\/mouldsart.com\/wp-content\/uploads\/2025\/05\/price1-737x1024.jpg\",\"datePublished\":\"2023-09-20T11:54:08+00:00\",\"dateModified\":\"2025-07-02T08:37:34+00:00\",\"description\":\"Catalogs of molds for concrete products. Vases, fountains, sculptures. Many different models, different sizes\",\"breadcrumb\":{\"@id\":\"https:\/\/mouldsart.com\/brochures\/#breadcrumb\"},\"inLanguage\":\"pl-PL\",\"potentialAction\":[{\"@type\":\"ReadAction\",\"target\":[\"https:\/\/mouldsart.com\/brochures\/\"]}]},{\"@type\":\"ImageObject\",\"inLanguage\":\"pl-PL\",\"@id\":\"https:\/\/mouldsart.com\/brochures\/#primaryimage\",\"url\":\"https:\/\/mouldsart.com\/wp-content\/uploads\/2025\/05\/price1-737x1024.jpg\",\"contentUrl\":\"https:\/\/mouldsart.com\/wp-content\/uploads\/2025\/05\/price1-737x1024.jpg\"},{\"@type\":\"BreadcrumbList\",\"@id\":\"https:\/\/mouldsart.com\/brochures\/#breadcrumb\",\"itemListElement\":[{\"@type\":\"ListItem\",\"position\":1,\"name\":\"\u0413\u043b\u0430\u0432\u043d\u0430\u044f \u0441\u0442\u0440\u0430\u043d\u0438\u0446\u0430\",\"item\":\"https:\/\/mouldsart.com\/\"},{\"@type\":\"ListItem\",\"position\":2,\"name\":\"Brochures\"}]},{\"@type\":\"WebSite\",\"@id\":\"https:\/\/mouldsart.com\/#website\",\"url\":\"https:\/\/mouldsart.com\/\",\"name\":\"Moulds\",\"description\":\"\",\"publisher\":{\"@id\":\"https:\/\/mouldsart.com\/#organization\"},\"potentialAction\":[{\"@type\":\"SearchAction\",\"target\":{\"@type\":\"EntryPoint\",\"urlTemplate\":\"https:\/\/mouldsart.com\/?s={search_term_string}\"},\"query-input\":\"required name=search_term_string\"}],\"inLanguage\":\"pl-PL\"},{\"@type\":\"Organization\",\"@id\":\"https:\/\/mouldsart.com\/#organization\",\"name\":\"Vivat\",\"url\":\"https:\/\/mouldsart.com\/\",\"logo\":{\"@type\":\"ImageObject\",\"inLanguage\":\"pl-PL\",\"@id\":\"https:\/\/mouldsart.com\/#\/schema\/logo\/image\/\",\"url\":\"https:\/\/i0.wp.com\/mouldsart.com\/wp-content\/uploads\/2025\/05\/cropped-logo1.png?fit=1080%2C558&ssl=1\",\"contentUrl\":\"https:\/\/i0.wp.com\/mouldsart.com\/wp-content\/uploads\/2025\/05\/cropped-logo1.png?fit=1080%2C558&ssl=1\",\"width\":1080,\"height\":558,\"caption\":\"Vivat\"},\"image\":{\"@id\":\"https:\/\/mouldsart.com\/#\/schema\/logo\/image\/\"},\"sameAs\":[\"https:\/\/www.facebook.com\/pc.vivat\",\"https:\/\/www.instagram.com\/pc_vivat\/\"]}]}<\/script>\n<!-- \/ Yoast SEO plugin. -->","yoast_head_json":{"title":"Katalog form do wyrob\u00f3w betonowych od producenta","description":"Katalogi form do wyrob\u00f3w betonowych. Wazony, fontanny, rze\u017aby. Wiele r\u00f3\u017cnych modeli, r\u00f3\u017cne rozmiary","robots":{"index":"index","follow":"follow","max-snippet":"max-snippet:-1","max-image-preview":"max-image-preview:large","max-video-preview":"max-video-preview:-1"},"canonical":"https:\/\/mouldsart.com\/pl\/broszury\/","og_locale":"pl_PL","og_type":"article","og_title":"Catalog of molds for concrete products from the manufacturer","og_description":"Catalogs of molds for concrete products. Vases, fountains, sculptures. Many different models, different sizes","og_url":"https:\/\/mouldsart.com\/pl\/broszury\/","article_publisher":"https:\/\/www.facebook.com\/pc.vivat","article_modified_time":"2025-07-02T08:37:34+00:00","og_image":[{"url":"https:\/\/mouldsart.com\/wp-content\/uploads\/2025\/05\/price1-737x1024.jpg"}],"twitter_card":"summary_large_image","twitter_misc":{"Szacowany czas czytania":"1 minuta"},"schema":{"@context":"https:\/\/schema.org","@graph":[{"@type":"WebPage","@id":"https:\/\/mouldsart.com\/brochures\/","url":"https:\/\/mouldsart.com\/brochures\/","name":"Katalog form do wyrob\u00f3w betonowych od producenta","isPartOf":{"@id":"https:\/\/mouldsart.com\/#website"},"primaryImageOfPage":{"@id":"https:\/\/mouldsart.com\/brochures\/#primaryimage"},"image":{"@id":"https:\/\/mouldsart.com\/brochures\/#primaryimage"},"thumbnailUrl":"https:\/\/mouldsart.com\/wp-content\/uploads\/2025\/05\/price1-737x1024.jpg","datePublished":"2023-09-20T11:54:08+00:00","dateModified":"2025-07-02T08:37:34+00:00","description":"Katalogi form do wyrob\u00f3w betonowych. Wazony, fontanny, rze\u017aby. Wiele r\u00f3\u017cnych modeli, r\u00f3\u017cne rozmiary","breadcrumb":{"@id":"https:\/\/mouldsart.com\/brochures\/#breadcrumb"},"inLanguage":"pl-PL","potentialAction":[{"@type":"ReadAction","target":["https:\/\/mouldsart.com\/brochures\/"]}]},{"@type":"ImageObject","inLanguage":"pl-PL","@id":"https:\/\/mouldsart.com\/brochures\/#primaryimage","url":"https:\/\/mouldsart.com\/wp-content\/uploads\/2025\/05\/price1-737x1024.jpg","contentUrl":"https:\/\/mouldsart.com\/wp-content\/uploads\/2025\/05\/price1-737x1024.jpg"},{"@type":"BreadcrumbList","@id":"https:\/\/mouldsart.com\/brochures\/#breadcrumb","itemListElement":[{"@type":"ListItem","position":1,"name":"\u0413\u043b\u0430\u0432\u043d\u0430\u044f \u0441\u0442\u0440\u0430\u043d\u0438\u0446\u0430","item":"https:\/\/mouldsart.com\/"},{"@type":"ListItem","position":2,"name":"Brochures"}]},{"@type":"WebSite","@id":"https:\/\/mouldsart.com\/#website","url":"https:\/\/mouldsart.com\/","name":"Formy","description":"","publisher":{"@id":"https:\/\/mouldsart.com\/#organization"},"potentialAction":[{"@type":"SearchAction","target":{"@type":"EntryPoint","urlTemplate":"https:\/\/mouldsart.com\/?s={search_term_string}"},"query-input":"required name=search_term_string"}],"inLanguage":"pl-PL"},{"@type":"Organization","@id":"https:\/\/mouldsart.com\/#organization","name":"\u017by\u0107","url":"https:\/\/mouldsart.com\/","logo":{"@type":"ImageObject","inLanguage":"pl-PL","@id":"https:\/\/mouldsart.com\/#\/schema\/logo\/image\/","url":"https:\/\/i0.wp.com\/mouldsart.com\/wp-content\/uploads\/2025\/05\/cropped-logo1.png?fit=1080%2C558&ssl=1","contentUrl":"https:\/\/i0.wp.com\/mouldsart.com\/wp-content\/uploads\/2025\/05\/cropped-logo1.png?fit=1080%2C558&ssl=1","width":1080,"height":558,"caption":"Vivat"},"image":{"@id":"https:\/\/mouldsart.com\/#\/schema\/logo\/image\/"},"sameAs":["https:\/\/www.facebook.com\/pc.vivat","https:\/\/www.instagram.com\/pc_vivat\/"]}]}},"jetpack_sharing_enabled":true,"_links":{"self":[{"href":"https:\/\/mouldsart.com\/pl\/wp-json\/wp\/v2\/pages\/1366","targetHints":{"allow":["GET"]}}],"collection":[{"href":"https:\/\/mouldsart.com\/pl\/wp-json\/wp\/v2\/pages"}],"about":[{"href":"https:\/\/mouldsart.com\/pl\/wp-json\/wp\/v2\/types\/page"}],"author":[{"embeddable":true,"href":"https:\/\/mouldsart.com\/pl\/wp-json\/wp\/v2\/users\/4"}],"replies":[{"embeddable":true,"href":"https:\/\/mouldsart.com\/pl\/wp-json\/wp\/v2\/comments?post=1366"}],"version-history":[{"count":103,"href":"https:\/\/mouldsart.com\/pl\/wp-json\/wp\/v2\/pages\/1366\/revisions"}],"predecessor-version":[{"id":7858,"href":"https:\/\/mouldsart.com\/pl\/wp-json\/wp\/v2\/pages\/1366\/revisions\/7858"}],"wp:attachment":[{"href":"https:\/\/mouldsart.com\/pl\/wp-json\/wp\/v2\/media?parent=1366"}],"curies":[{"name":"wp","href":"https:\/\/api.w.org\/{rel}","templated":true}]}}